{"id":328,"date":"2021-11-26T09:38:47","date_gmt":"2021-11-26T09:38:47","guid":{"rendered":""},"modified":"2024-01-07T21:29:36","modified_gmt":"2024-01-07T19:29:36","slug":"dostawa","status":"publish","type":"page","link":"https:\/\/nakarnisze.pl\/index.php\/dostawa\/","title":{"rendered":"Dostawa"},"content":{"rendered":"\t\t<div data-elementor-type=\"wp-page\" data-elementor-id=\"328\" class=\"elementor elementor-328\" data-elementor-post-type=\"page\">\n\t\t\t\t\t\t<section class=\"elementor-section elementor-top-section elementor-element elementor-element-94fb676 elementor-section-boxed elementor-section-gap-beside-yes elementor-section-height-default elementor-section-height-default elementor-section-column-vertical-align-stretch\" data-id=\"94fb676\" data-element_type=\"section\">\n\t\t\t\t\t\t<div class=\"elementor-container elementor-column-gap-extended\">\n\t\t\t\t\t<div class=\"elementor-column elementor-col-100 elementor-top-column elementor-element elementor-element-4c2282f\" data-id=\"4c2282f\" data-element_type=\"column\">\n\t\t\t<div class=\"elementor-widget-wrap elementor-element-populated\">\n\t\t\t\t\t\t<div class=\"elementor-element elementor-element-ee9aaa1 elementor-widget elementor-widget-text-editor\" data-id=\"ee9aaa1\" data-element_type=\"widget\" data-widget_type=\"text-editor.default\">\n\t\t\t\t<div class=\"elementor-widget-container\">\n\t\t\t\t\t\t\t\t\t<h2>Koszt i formy dostawy<\/h2><p><strong>Jaki jest koszt dostawy?<\/strong><\/p><p>W przypadku zam\u00f3wie\u0144 o warto\u015bci poni\u017cej 139 z\u0142, op\u0142aty za przesy\u0142k\u0119 przedstawiaj\u0105 si\u0119 w spos\u00f3b nast\u0119puj\u0105cy:<\/p><p><strong>9,99 z\u0142\u00a0<\/strong>&#8211; przesy\u0142ka do paczkomatu InPost (p\u0142atna z g\u00f3ry)<\/p><p><strong>12,99 z\u0142\u00a0<\/strong>&#8211; przesy\u0142ka kurierska InPost Kurier Standard (p\u0142atna z g\u00f3ry)<\/p><p><span style=\"font-weight: bold;\">12,99 z\u0142\u00a0<\/span>&#8211; przesy\u0142ka kurierska Pocztex &#8211; Poczta Polska (p\u0142atna z g\u00f3ry)<\/p><p><strong>14,99 z\u0142\u00a0<\/strong>&#8211; przesy\u0142ka kurierska InPost Kurier Pobranie (p\u0142atno\u015b\u0107 u kuriera)<\/p><p><strong>W jakim czasie otrzymam przesy\u0142k\u0119?<\/strong><\/p><p>Zazwyczaj przesy\u0142k\u0119 wysy\u0142amy w ci\u0105gu jednego dnia roboczego od momentu z\u0142o\u017cenia zam\u00f3wienia i otrzymania p\u0142atno\u015bci. Nale\u017cy jednak doda\u0107 1-2 dni robocze, kt\u00f3re przewo\u017anik potrzebuje na dostarczenie paczki. W okresach przed\u015bwi\u0105tecznych lub w przypadku specjalnych zam\u00f3wie\u0144, czas dostawy mo\u017ce si\u0119 wyd\u0142u\u017cy\u0107.<\/p><p><strong>Jaki jest czas na zwrot zakupionych produkt\u00f3w? <\/strong><\/p><p>Aby u\u0142atwi\u0107 Ci korzystanie z naszego sklepu, masz mo\u017cliwo\u015b\u0107 zwr\u00f3cenia wszystkich zakupionych produkt\u00f3w w ci\u0105gu 14 dni od daty otrzymania przesy\u0142ki, bez konieczno\u015bci podawania przyczyny. Pami\u0119taj jednak, \u017ce akceptujemy zwroty tylko i wy\u0142\u0105cznie dla produkt\u00f3w w nienaruszonym stanie (niepranych, nieprasowanych, niepomarszczonych).<\/p><p><strong>Jakie dokumenty nale\u017cy do\u0142\u0105czy\u0107 do przesy\u0142ki?<\/strong><\/p><p>Do paczki nale\u017cy do\u0142\u0105czy\u0107 formularz zwrotu, na kt\u00f3rym b\u0119d\u0105 widoczne dane kontaktowe umo\u017cliwiaj\u0105ce identyfikacj\u0119 zam\u00f3wienia, a tak\u017ce dow\u00f3d zakupu \u2013 wprawdzie nie jest on bezwzgl\u0119dnie wymagany, ale u\u0142atwi i przyspieszy ca\u0142\u0105 procedur\u0119 zwrotu. Formularz odst\u0105pienia od umowy znajd\u0105 Pa\u0144stwo tutaj:\u00a0<a href=\"https:\/\/nakarnisze.pl\/index.php\/zwroty\/\">Polityka zwrot\u00f3w &#8211; klik<\/a><\/p><p><strong>W przypadku odst\u0105pienia od umowy ( zwrotu towaru) kupuj\u0105cy pokrywa koszty odes\u0142ania towaru.<\/strong><\/p><p><strong>Adres do zwrotu znajdziesz w formularzu zwrotu na stronie:\u00a0<a href=\"https:\/\/nakarnisze.pl\/index.php\/zwroty\/\">Polityka zwrot\u00f3w &#8211; klik<\/a><\/strong><\/p>\t\t\t\t\t\t\t\t<\/div>\n\t\t\t\t<\/div>\n\t\t\t\t\t<\/div>\n\t\t<\/div>\n\t\t\t\t\t<\/div>\n\t\t<\/section>\n\t\t\t\t<\/div>\n\t\t","protected":false},"excerpt":{"rendered":"<p>Koszt i formy dostawy Jaki jest koszt dostawy? W przypadku zam\u00f3wie\u0144 o warto\u015bci poni\u017cej 139 z\u0142, op\u0142aty za przesy\u0142k\u0119 przedstawiaj\u0105 si\u0119 w spos\u00f3b nast\u0119puj\u0105cy: 9,99 z\u0142\u00a0&#8211; przesy\u0142ka do paczkomatu InPost (p\u0142atna z g\u00f3ry) 12,99 z\u0142\u00a0&#8211; przesy\u0142ka kurierska InPost Kurier Standard (p\u0142atna z g\u00f3ry) 12,99 z\u0142\u00a0&#8211; przesy\u0142ka kurierska Pocztex &#8211; Poczta Polska (p\u0142atna z g\u00f3ry) 14,99 z\u0142\u00a0&#8211; przesy\u0142ka kurierska InPost Kurier Pobranie (p\u0142atno\u015b\u0107 u kuriera) W jakim czasie otrzymam przesy\u0142k\u0119? Zazwyczaj przesy\u0142k\u0119 wysy\u0142amy w ci\u0105gu jednego dnia roboczego od momentu z\u0142o\u017cenia zam\u00f3wienia i otrzymania p\u0142atno\u015bci. Nale\u017cy jednak doda\u0107 1-2 dni robocze, kt\u00f3re przewo\u017anik potrzebuje na dostarczenie paczki. W okresach przed\u015bwi\u0105tecznych lub w przypadku specjalnych zam\u00f3wie\u0144, czas dostawy mo\u017ce si\u0119 wyd\u0142u\u017cy\u0107. Jaki jest czas na zwrot zakupionych produkt\u00f3w? Aby u\u0142atwi\u0107 Ci korzystanie z naszego sklepu, masz mo\u017cliwo\u015b\u0107 zwr\u00f3cenia wszystkich zakupionych produkt\u00f3w w ci\u0105gu 14 dni od daty otrzymania przesy\u0142ki, bez konieczno\u015bci podawania przyczyny. Pami\u0119taj jednak, \u017ce akceptujemy zwroty tylko i wy\u0142\u0105cznie dla produkt\u00f3w w nienaruszonym stanie (niepranych, nieprasowanych, niepomarszczonych). Jakie dokumenty nale\u017cy do\u0142\u0105czy\u0107 do przesy\u0142ki? Do paczki nale\u017cy do\u0142\u0105czy\u0107 formularz zwrotu, na kt\u00f3rym b\u0119d\u0105 widoczne dane kontaktowe umo\u017cliwiaj\u0105ce identyfikacj\u0119 zam\u00f3wienia, a tak\u017ce dow\u00f3d zakupu \u2013 wprawdzie nie jest on bezwzgl\u0119dnie wymagany, ale u\u0142atwi i przyspieszy ca\u0142\u0105 procedur\u0119 zwrotu. Formularz odst\u0105pienia od umowy znajd\u0105 Pa\u0144stwo tutaj:\u00a0Polityka zwrot\u00f3w &#8211; klik W przypadku odst\u0105pienia od umowy ( zwrotu towaru) kupuj\u0105cy pokrywa koszty odes\u0142ania towaru. Adres do zwrotu znajdziesz w formularzu zwrotu na stronie:\u00a0Polityka zwrot\u00f3w &#8211; klik<\/p>\n","protected":false},"author":1,"featured_media":0,"parent":0,"menu_order":0,"comment_status":"closed","ping_status":"closed","template":"","meta":{"footnotes":""},"class_list":["post-328","page","type-page","status-publish","hentry","post-no-thumbnail"],"jetpack_sharing_enabled":true,"_links":{"self":[{"href":"https:\/\/nakarnisze.pl\/index.php\/wp-json\/wp\/v2\/pages\/328","targetHints":{"allow":["GET"]}}],"collection":[{"href":"https:\/\/nakarnisze.pl\/index.php\/wp-json\/wp\/v2\/pages"}],"about":[{"href":"https:\/\/nakarnisze.pl\/index.php\/wp-json\/wp\/v2\/types\/page"}],"author":[{"embeddable":true,"href":"https:\/\/nakarnisze.pl\/index.php\/wp-json\/wp\/v2\/users\/1"}],"replies":[{"embeddable":true,"href":"https:\/\/nakarnisze.pl\/index.php\/wp-json\/wp\/v2\/comments?post=328"}],"version-history":[{"count":8,"href":"https:\/\/nakarnisze.pl\/index.php\/wp-json\/wp\/v2\/pages\/328\/revisions"}],"predecessor-version":[{"id":23201,"href":"https:\/\/nakarnisze.pl\/index.php\/wp-json\/wp\/v2\/pages\/328\/revisions\/23201"}],"wp:attachment":[{"href":"https:\/\/nakarnisze.pl\/index.php\/wp-json\/wp\/v2\/media?parent=328"}],"curies":[{"name":"wp","href":"https:\/\/api.w.org\/{rel}","templated":true}]}}