{"id":21637,"date":"2023-06-22T12:46:27","date_gmt":"2023-06-22T10:46:27","guid":{"rendered":"https:\/\/nakarnisze.pl\/?post_type=product&#038;p=21637"},"modified":"2026-05-13T12:34:09","modified_gmt":"2026-05-13T10:34:09","slug":"firana-na-przelotkach","status":"publish","type":"product","link":"https:\/\/nakarnisze.pl\/index.php\/firana-na-przelotkach\/","title":{"rendered":"\u015aNIE\u017bNOBIA\u0141A FIRANA NA PRZELOTKACH GOTOWA Z WOALU G\u0141ADKA BIA\u0141A"},"content":{"rendered":"<h1>\u015aNIE\u017bNOBIA\u0141A FIRANA NA PRZELOTKACH GOTOWA Z WOALU G\u0141ADKA BIA\u0141A<\/h1>\n<p><b>Elegancja i prostota<\/b>. Tymi dwoma s\u0142owami mo\u017cna opisa\u0107 firan\u0119 prezentowan\u0105 na naszej stronie nakarnisze.pl<b>\u00a0<\/b><\/p>\n<p><b>Idealnie \u015bnie\u017cno-bia\u0142y woal dobrze wyszyty na metalowych nierdzewnych przelotkach<\/b>\u00a0w kolorze srebrnym to \u015bwietne rozwi\u0105zanie dla ludzi ceni\u0105cych styl i wygod\u0119 jak\u0105 daj\u0105 firany na przelotkach.<\/p>\n<p>Prezentowany model mo\u017cna \u0142\u0105czy\u0107 r\u00f3wnie\u017c z zas\u0142onami na przelotkach.<\/p>\n<p>Firany dost\u0119pne s\u0105 r\u00f3wnie\u017c w wersji na ta\u015bmie. Mo\u017cna je zobaczy\u0107 klikaj\u0105c w ten link:\u00a0<a title=\"Firana na ta\u015bmie\" href=\"https:\/\/nakarnisze.pl\/index.php\/firana-na-tasmie\/\">Firana na ta\u015bmie<\/a><\/p>\n<p>\u015anie\u017cnobia\u0142e firany zosta\u0142y wykonane z <b>woalu<\/b>, kt\u00f3ry jest tkanin\u0105 <b>wysokiej jako\u015bci<\/b>. Ten materia\u0142 posiada wiele korzy\u015bci. Przede wszystkim wyr\u00f3\u017cnia si\u0119 wyj\u0105tkow\u0105 wytrzyma\u0142o\u015bci\u0105. Dodatkowo, \u0142atwo utrzyma\u0107 go w doskona\u0142ym stanie, poniewa\u017c po praniu wystarczy go powiesi\u0107 na karniszu, a tkanina sama si\u0119 wyg\u0142adzi.<\/p>\n<p><b>Woal<\/b> jest r\u00f3wnie\u017c niezwykle estetyczny, \u0142\u0105cz\u0105c minimalistyczn\u0105 form\u0119 z <b>klasyczn\u0105 biel\u0105<\/b>. Dzi\u0119ki temu firany woalowe doskonale <b>pasuj\u0105 zar\u00f3wno do eleganckich wn\u0119trz w stylu klasycznym<\/b>, jak i do <b>nowoczesnych aran\u017cacji<\/b>. Stanowi\u0105 doskona\u0142\u0105 dekoracj\u0119 okien, dodaj\u0105c uroku pomieszczeniu, przy jednoczesnym zachowaniu r\u00f3wnowagi i przestrzeni.<\/p>\n<p><img fetchpriority=\"high\" decoding=\"async\" class=\"aligncenter wp-image-22386 size-full\" src=\"https:\/\/nakarnisze.pl\/wp-content\/uploads\/2023\/06\/przelotki-detal1-sklep.jpg\" alt=\"\" width=\"800\" height=\"800\" title=\"\" srcset=\"https:\/\/nakarnisze.pl\/wp-content\/uploads\/2023\/06\/przelotki-detal1-sklep.jpg 800w, https:\/\/nakarnisze.pl\/wp-content\/uploads\/2023\/06\/przelotki-detal1-sklep-300x300.jpg 300w, https:\/\/nakarnisze.pl\/wp-content\/uploads\/2023\/06\/przelotki-detal1-sklep-150x150.jpg 150w, https:\/\/nakarnisze.pl\/wp-content\/uploads\/2023\/06\/przelotki-detal1-sklep-600x600.jpg 600w, https:\/\/nakarnisze.pl\/wp-content\/uploads\/2023\/06\/przelotki-detal1-sklep-768x768.jpg 768w, https:\/\/nakarnisze.pl\/wp-content\/uploads\/2023\/06\/przelotki-detal1-sklep-80x80.jpg 80w\" sizes=\"(max-width: 800px) 100vw, 800px\" \/><\/p>\n<p><strong>Firana na przelotkach<\/strong> to doskona\u0142y wyb\u00f3r dla Twojego domu. Nasze <strong>\u015bnie\u017cnobia\u0142e<\/strong>, <strong>g\u0142adkie firany<\/strong> zosta\u0142y wyposa\u017cone w metalowe przelotki, kt\u00f3re nie tylko nadaj\u0105 im nowoczesny i elegancki wygl\u0105d, ale tak\u017ce u\u0142atwiaj\u0105 ich zawieszenie na karniszu. Ta funkcjonalno\u015b\u0107 sprawia, \u017ce s\u0105 \u0142atwe w obs\u0142udze, co jest szczeg\u00f3lnie istotne w codziennym u\u017cytkowaniu.<\/p>\n<p>Nasze firany s\u0105 dost\u0119pne w standardowych wymiarach, kt\u00f3re pasuj\u0105 do wi\u0119kszo\u015bci okien. Ich wyj\u0105tkowa wytrzyma\u0142o\u015b\u0107 sprawia, \u017ce poradz\u0105 sobie nawet w trudnych warunkach, takich jak salon dla du\u017cej rodziny czy pok\u00f3j dzieci\u0119cy. Ich uniwersalny charakter sprawia, \u017ce mog\u0105 by\u0107 u\u017cywane w ka\u017cdym pomieszczeniu w Twoim domu, dodaj\u0105c elegancji i stylu. Wymiary firan to mi\u0119dzy innymi: <strong>200, 220, 230, 240, 250, 260 czy 270 cm d\u0142ugo\u015bci.<\/strong><\/p>\n<p><img decoding=\"async\" class=\"aligncenter wp-image-22385 \" src=\"https:\/\/nakarnisze.pl\/wp-content\/uploads\/2023\/06\/1-2-1024x1024.jpg\" alt=\"\" width=\"800\" height=\"800\" title=\"\" srcset=\"https:\/\/nakarnisze.pl\/wp-content\/uploads\/2023\/06\/1-2-1024x1024.jpg 1024w, https:\/\/nakarnisze.pl\/wp-content\/uploads\/2023\/06\/1-2-300x300.jpg 300w, https:\/\/nakarnisze.pl\/wp-content\/uploads\/2023\/06\/1-2-150x150.jpg 150w, https:\/\/nakarnisze.pl\/wp-content\/uploads\/2023\/06\/1-2-600x600.jpg 600w, https:\/\/nakarnisze.pl\/wp-content\/uploads\/2023\/06\/1-2-768x768.jpg 768w, https:\/\/nakarnisze.pl\/wp-content\/uploads\/2023\/06\/1-2-80x80.jpg 80w, https:\/\/nakarnisze.pl\/wp-content\/uploads\/2023\/06\/1-2.jpg 1500w\" sizes=\"(max-width: 800px) 100vw, 800px\" \/><\/p>\n<p>Te firany \u015bwietnie komponuj\u0105 si\u0119 zar\u00f3wno z nowoczesnymi, jak i klasycznymi wn\u0119trzami. W po\u0142\u0105czeniu z odpowiednimi zas\u0142onami stanowi\u0105 pi\u0119kn\u0105 dekoracj\u0119 w minimalistycznych lub skandynawskich aran\u017cacjach wn\u0119trz. Ponadto, ich trwa\u0142o\u015b\u0107 oznacza, \u017ce b\u0119d\u0105 Ci s\u0142u\u017cy\u0107 przez wiele lat, zachowuj\u0105c swoj\u0105 jako\u015b\u0107 i \u015bwie\u017co\u015b\u0107.<\/p>\n<p>Nie zwlekaj, wprowad\u017a do swojego domu nasze firany na przelotkach, kt\u00f3re nie tylko ochroni\u0105 Twoj\u0105 prywatno\u015b\u0107, ale tak\u017ce dodadz\u0105 elegancji i charakteru Twoim pomieszczeniom. Zainwestuj w jako\u015b\u0107 i styl z naszymi firanami na przelotkach ju\u017c dzi\u015b!<\/p>\n<p><img decoding=\"async\" class=\"aligncenter wp-image-21730\" src=\"https:\/\/nakarnisze.pl\/wp-content\/uploads\/2023\/06\/firanyboxfiranybox.jpg\" alt=\"firana gotowa na przelotkach\" width=\"800\" height=\"800\" title=\"\" srcset=\"https:\/\/nakarnisze.pl\/wp-content\/uploads\/2023\/06\/firanyboxfiranybox.jpg 810w, https:\/\/nakarnisze.pl\/wp-content\/uploads\/2023\/06\/firanyboxfiranybox-300x300.jpg 300w, https:\/\/nakarnisze.pl\/wp-content\/uploads\/2023\/06\/firanyboxfiranybox-150x150.jpg 150w, https:\/\/nakarnisze.pl\/wp-content\/uploads\/2023\/06\/firanyboxfiranybox-600x600.jpg 600w, https:\/\/nakarnisze.pl\/wp-content\/uploads\/2023\/06\/firanyboxfiranybox-768x768.jpg 768w, https:\/\/nakarnisze.pl\/wp-content\/uploads\/2023\/06\/firanyboxfiranybox-80x80.jpg 80w, https:\/\/nakarnisze.pl\/wp-content\/uploads\/2023\/06\/firanyboxfiranybox-96x96.jpg 96w\" sizes=\"(max-width: 800px) 100vw, 800px\" \/><\/p>\n<p><img loading=\"lazy\" decoding=\"async\" class=\"wp-image-21642 alignleft\" src=\"https:\/\/nakarnisze.pl\/wp-content\/uploads\/2023\/06\/5-300x300.jpg\" alt=\"\" width=\"300\" height=\"300\" title=\"\" srcset=\"https:\/\/nakarnisze.pl\/wp-content\/uploads\/2023\/06\/5-300x300.jpg 300w, https:\/\/nakarnisze.pl\/wp-content\/uploads\/2023\/06\/5-150x150.jpg 150w, https:\/\/nakarnisze.pl\/wp-content\/uploads\/2023\/06\/5-600x600.jpg 600w, https:\/\/nakarnisze.pl\/wp-content\/uploads\/2023\/06\/5-1024x1024.jpg 1024w, https:\/\/nakarnisze.pl\/wp-content\/uploads\/2023\/06\/5-768x768.jpg 768w, https:\/\/nakarnisze.pl\/wp-content\/uploads\/2023\/06\/5-1536x1536.jpg 1536w, https:\/\/nakarnisze.pl\/wp-content\/uploads\/2023\/06\/5-80x80.jpg 80w, https:\/\/nakarnisze.pl\/wp-content\/uploads\/2023\/06\/5-96x96.jpg 96w, https:\/\/nakarnisze.pl\/wp-content\/uploads\/2023\/06\/5.jpg 1600w\" sizes=\"(max-width: 300px) 100vw, 300px\" \/><\/p>\n<p><b>SPECYFIKACJA:<\/b><\/p>\n<ul>\n<li>Tolerancja: +\/-3cm<\/li>\n<li>Materia\u0142: woal<\/li>\n<li>Spos\u00f3b zawieszenia: metalowe przelotki w kolorze srebrny ze stali nierdzewnej<\/li>\n<li>Pranie: temp.\u00a030\u00b0C<\/li>\n<li>Prasowanie: temp. 110\u00b0C<\/li>\n<li>Przepuszczalno\u015b\u0107 promieni s\u0142onecznych: wysoka<\/li>\n<li><b>Po powieszeniu na mokro nie wymaga prasowania<\/b><\/li>\n<li><b>Firana panelowa idealnie \u0142\u0105czy si\u0119 w kilka sztuk i \u015bwietnie prezentuje si\u0119 w ka\u017cdym wn\u0119trzu.<\/b><\/li>\n<li><strong>Cena dotyczy jednej sztuki firany<\/strong><\/li>\n<\/ul>\n<p><strong>Najlepiej sprzedaj\u0105cy si\u0119 model firany w naszym sklepie na karnisze. Nie czekaj i kup teraz!<\/strong><\/p>\n","protected":false},"excerpt":{"rendered":"<p>\u015aNIE\u017bNOBIA\u0141A FIRANA NA PRZELOTKACH GOTOWA Z WOALU G\u0141ADKA BIA\u0141A Elegancja i prostota. Tymi dwoma s\u0142owami mo\u017cna opisa\u0107 firan\u0119 prezentowan\u0105 na naszej stronie nakarnisze.pl\u00a0 Idealnie \u015bnie\u017cno-bia\u0142y woal dobrze wyszyty na metalowych nierdzewnych przelotkach\u00a0w kolorze srebrnym to \u015bwietne rozwi\u0105zanie dla ludzi ceni\u0105cych styl i wygod\u0119 jak\u0105 daj\u0105 firany na przelotkach. Prezentowany model mo\u017cna \u0142\u0105czy\u0107 r\u00f3wnie\u017c z zas\u0142onami na przelotkach. Firany dost\u0119pne s\u0105 r\u00f3wnie\u017c w wersji na ta\u015bmie. Mo\u017cna je zobaczy\u0107 klikaj\u0105c w ten link:\u00a0Firana na ta\u015bmie \u015anie\u017cnobia\u0142e firany zosta\u0142y wykonane z woalu, kt\u00f3ry jest tkanin\u0105 wysokiej jako\u015bci. Ten materia\u0142 posiada wiele korzy\u015bci. Przede wszystkim wyr\u00f3\u017cnia si\u0119 wyj\u0105tkow\u0105 wytrzyma\u0142o\u015bci\u0105. Dodatkowo, \u0142atwo utrzyma\u0107 go w doskona\u0142ym stanie, poniewa\u017c po praniu wystarczy go powiesi\u0107 na karniszu, a tkanina sama si\u0119 wyg\u0142adzi. Woal jest r\u00f3wnie\u017c niezwykle estetyczny, \u0142\u0105cz\u0105c minimalistyczn\u0105 form\u0119 z klasyczn\u0105 biel\u0105. Dzi\u0119ki temu firany woalowe doskonale pasuj\u0105 zar\u00f3wno do eleganckich wn\u0119trz w stylu klasycznym, jak i do nowoczesnych aran\u017cacji. Stanowi\u0105 doskona\u0142\u0105 dekoracj\u0119 okien, dodaj\u0105c uroku pomieszczeniu, przy jednoczesnym zachowaniu r\u00f3wnowagi i przestrzeni. Firana na przelotkach to doskona\u0142y wyb\u00f3r dla Twojego domu. Nasze \u015bnie\u017cnobia\u0142e, g\u0142adkie firany zosta\u0142y wyposa\u017cone w metalowe przelotki, kt\u00f3re nie tylko nadaj\u0105 im nowoczesny i elegancki wygl\u0105d, ale tak\u017ce u\u0142atwiaj\u0105 ich zawieszenie na karniszu. Ta funkcjonalno\u015b\u0107 sprawia, \u017ce s\u0105 \u0142atwe w obs\u0142udze, co jest szczeg\u00f3lnie istotne w codziennym u\u017cytkowaniu. Nasze firany s\u0105 dost\u0119pne w standardowych wymiarach, kt\u00f3re pasuj\u0105 do wi\u0119kszo\u015bci okien. Ich wyj\u0105tkowa wytrzyma\u0142o\u015b\u0107 sprawia, \u017ce poradz\u0105 sobie nawet w trudnych warunkach, takich jak salon dla du\u017cej rodziny czy pok\u00f3j dzieci\u0119cy. Ich uniwersalny charakter sprawia, \u017ce mog\u0105 by\u0107 u\u017cywane w ka\u017cdym pomieszczeniu w Twoim domu, dodaj\u0105c elegancji i stylu. Wymiary firan to mi\u0119dzy innymi: 200, 220, 230, 240, 250, 260 czy 270 cm d\u0142ugo\u015bci. Te firany \u015bwietnie komponuj\u0105 si\u0119 zar\u00f3wno z nowoczesnymi, jak i klasycznymi wn\u0119trzami. W po\u0142\u0105czeniu z odpowiednimi zas\u0142onami stanowi\u0105 pi\u0119kn\u0105 dekoracj\u0119 w minimalistycznych lub skandynawskich aran\u017cacjach wn\u0119trz. Ponadto, ich trwa\u0142o\u015b\u0107 oznacza, \u017ce b\u0119d\u0105 Ci s\u0142u\u017cy\u0107 przez wiele lat, zachowuj\u0105c swoj\u0105 jako\u015b\u0107 i \u015bwie\u017co\u015b\u0107. Nie zwlekaj, wprowad\u017a do swojego domu nasze firany na przelotkach, kt\u00f3re nie tylko ochroni\u0105 Twoj\u0105 prywatno\u015b\u0107, ale tak\u017ce dodadz\u0105 elegancji i charakteru Twoim pomieszczeniom. Zainwestuj w jako\u015b\u0107 i styl z naszymi firanami na przelotkach ju\u017c dzi\u015b! SPECYFIKACJA: Tolerancja: +\/-3cm Materia\u0142: woal Spos\u00f3b zawieszenia: metalowe przelotki w kolorze srebrny ze stali nierdzewnej Pranie: temp.\u00a030\u00b0C Prasowanie: temp. 110\u00b0C Przepuszczalno\u015b\u0107 promieni s\u0142onecznych: wysoka Po powieszeniu na mokro nie wymaga prasowania Firana panelowa idealnie \u0142\u0105czy si\u0119 w kilka sztuk i \u015bwietnie prezentuje si\u0119 w ka\u017cdym wn\u0119trzu. Cena dotyczy jednej sztuki firany Najlepiej sprzedaj\u0105cy si\u0119 model firany w naszym sklepie na karnisze. Nie czekaj i kup teraz!<\/p>\n","protected":false},"featured_media":34312,"comment_status":"closed","ping_status":"closed","template":"","meta":[],"product_brand":[],"product_cat":[551,137],"product_tag":[146,147,148,149,150,197,198,200,199,151,234,235],"class_list":{"0":"post-21637","1":"product","2":"type-product","3":"status-publish","4":"has-post-thumbnail","6":"product_cat-firany-na-przelotkach","7":"product_cat-firany","8":"product_tag-140x230","9":"product_tag-140x240","10":"product_tag-140x250","11":"product_tag-140x260","12":"product_tag-140x270","13":"product_tag-firana-gotowa","14":"product_tag-firana-z-woalu","15":"product_tag-firanki","16":"product_tag-firany","17":"product_tag-firany-na-przelotkach","18":"product_tag-na-karnisze","19":"product_tag-na-karnisze-pl","20":"product_shipping_class-pl","22":"first","23":"instock","24":"taxable","25":"shipping-taxable","26":"purchasable","27":"product-type-variable","28":"has-default-attributes"},"jetpack_sharing_enabled":true,"_links":{"self":[{"href":"https:\/\/nakarnisze.pl\/index.php\/wp-json\/wp\/v2\/product\/21637","targetHints":{"allow":["GET"]}}],"collection":[{"href":"https:\/\/nakarnisze.pl\/index.php\/wp-json\/wp\/v2\/product"}],"about":[{"href":"https:\/\/nakarnisze.pl\/index.php\/wp-json\/wp\/v2\/types\/product"}],"replies":[{"embeddable":true,"href":"https:\/\/nakarnisze.pl\/index.php\/wp-json\/wp\/v2\/comments?post=21637"}],"version-history":[{"count":10,"href":"https:\/\/nakarnisze.pl\/index.php\/wp-json\/wp\/v2\/product\/21637\/revisions"}],"predecessor-version":[{"id":34569,"href":"https:\/\/nakarnisze.pl\/index.php\/wp-json\/wp\/v2\/product\/21637\/revisions\/34569"}],"wp:featuredmedia":[{"embeddable":true,"href":"https:\/\/nakarnisze.pl\/index.php\/wp-json\/wp\/v2\/media\/34312"}],"wp:attachment":[{"href":"https:\/\/nakarnisze.pl\/index.php\/wp-json\/wp\/v2\/media?parent=21637"}],"wp:term":[{"taxonomy":"product_brand","embeddable":true,"href":"https:\/\/nakarnisze.pl\/index.php\/wp-json\/wp\/v2\/product_brand?post=21637"},{"taxonomy":"product_cat","embeddable":true,"href":"https:\/\/nakarnisze.pl\/index.php\/wp-json\/wp\/v2\/product_cat?post=21637"},{"taxonomy":"product_tag","embeddable":true,"href":"https:\/\/nakarnisze.pl\/index.php\/wp-json\/wp\/v2\/product_tag?post=21637"}],"curies":[{"name":"wp","href":"https:\/\/api.w.org\/{rel}","templated":true}]}}