{"id":21756,"date":"2023-06-25T14:22:06","date_gmt":"2023-06-25T12:22:06","guid":{"rendered":"https:\/\/nakarnisze.pl\/?post_type=product&#038;p=21756"},"modified":"2026-02-21T01:42:43","modified_gmt":"2026-02-20T23:42:43","slug":"firana-na-przelotkach-z-cyrkoniami-gladka-biala-na-wymiar","status":"publish","type":"product","link":"https:\/\/nakarnisze.pl\/index.php\/firana-na-przelotkach-z-cyrkoniami-gladka-biala-na-wymiar\/","title":{"rendered":"FIRANA NA PRZELOTKACH Z CYRKONIAMI G\u0141ADKA BIA\u0141A NA WYMIAR"},"content":{"rendered":"<h1>FIRANA NA PRZELOTKACH Z CYRKONIAMI G\u0141ADKA BIA\u0141A NA WYMIAR<\/h1>\n<p>Nasza <strong>firana na przelotkach<\/strong> z <strong>cyrkoniami<\/strong> to doskona\u0142e rozwi\u0105zanie dla tych, kt\u00f3rzy pragn\u0105 doda\u0107 wn\u0119trzu <strong>elegancji<\/strong> i <strong>blasku<\/strong>. Wykonana z najwy\u017cszej jako\u015bci g\u0142adkiego bia\u0142ego materia\u0142u, firana nie tylko pi\u0119knie wygl\u0105da, ale r\u00f3wnie\u017c zapewnia trwa\u0142o\u015b\u0107 i \u0142atwo\u015b\u0107 w utrzymaniu. Dzi\u0119ki przelotkom monta\u017c jest szybki i prosty, a firana <strong>doskonale<\/strong> uk\u0142ada si\u0119 na karniszu, tworz\u0105c harmonijne fale.<\/p>\n<p><strong>Cyrkonie<\/strong> umieszczone na firanie dodaj\u0105 jej <strong>wyj\u0105tkowego<\/strong> uroku, subtelnie odbijaj\u0105c \u015bwiat\u0142o i nadaj\u0105c wn\u0119trzu wyj\u0105tkowy charakter. Ta gotowa firana na wymiar idealnie sprawdzi si\u0119 zar\u00f3wno w <strong>salonie<\/strong>, <strong>sypialni<\/strong>, jak i w <strong>jadalni<\/strong>, wprowadzaj\u0105c do pomieszczenia \u015bwie\u017co\u015b\u0107 i nowoczesny styl.<\/p>\n<p>Niezale\u017cnie od rozmiaru okna, firana na przelotkach z cyrkoniami b\u0119dzie doskonale komponowa\u0107 si\u0119 z ka\u017cdym wystrojem wn\u0119trza, staj\u0105c si\u0119 jego niezast\u0105pionym elementem dekoracyjnym. Wybieraj\u0105c nasz\u0105 firan\u0119, zyskujesz produkt, kt\u00f3ry \u0142\u0105czy w sobie <strong>estetyk\u0119<\/strong>, <strong>funkcjonalno\u015b\u0107<\/strong> i <strong>wysok\u0105 jako\u015b\u0107 wykonania<\/strong>.<\/p>\n<p><b>SPECYFIKACJA:<\/b><\/p>\n<ul>\n<li>Tolerancja: +\/-3cm<\/li>\n<li>Materia\u0142: woal<\/li>\n<li>Spos\u00f3b zawieszenia: <strong>srebrne przelotki<\/strong> lub <strong>ta\u015bma <\/strong>(<strong>\u017cabki<\/strong>, <strong>haczyki<\/strong>,<strong> tunel<\/strong>)<\/li>\n<li>Pranie: temp.\u00a030\u00b0C<\/li>\n<li>Prasowanie: temp. 110\u00b0C<\/li>\n<li>Przepuszczalno\u015b\u0107 promieni s\u0142onecznych: wysoka<\/li>\n<li><b>Po powieszeniu na mokro nie wymaga prasowania<\/b><\/li>\n<li><b>Firana panelowa idealnie \u0142\u0105czy si\u0119 w kilka sztuk i \u015bwietnie prezentuje si\u0119 w ka\u017cdym wn\u0119trzu.<\/b><\/li>\n<li><strong>Cena dotyczy jednej sztuki firany<\/strong><\/li>\n<\/ul>\n<p><strong style=\"letter-spacing: 0px\">Nie czekaj i kup teraz!<\/strong><\/p>\n<p>&nbsp;<\/p>\n","protected":false},"excerpt":{"rendered":"<p>FIRANA NA PRZELOTKACH Z CYRKONIAMI G\u0141ADKA BIA\u0141A NA WYMIAR Nasza firana na przelotkach z cyrkoniami to doskona\u0142e rozwi\u0105zanie dla tych, kt\u00f3rzy pragn\u0105 doda\u0107 wn\u0119trzu elegancji i blasku. Wykonana z najwy\u017cszej jako\u015bci g\u0142adkiego bia\u0142ego materia\u0142u, firana nie tylko pi\u0119knie wygl\u0105da, ale r\u00f3wnie\u017c zapewnia trwa\u0142o\u015b\u0107 i \u0142atwo\u015b\u0107 w utrzymaniu. Dzi\u0119ki przelotkom monta\u017c jest szybki i prosty, a firana doskonale uk\u0142ada si\u0119 na karniszu, tworz\u0105c harmonijne fale. Cyrkonie umieszczone na firanie dodaj\u0105 jej wyj\u0105tkowego uroku, subtelnie odbijaj\u0105c \u015bwiat\u0142o i nadaj\u0105c wn\u0119trzu wyj\u0105tkowy charakter. Ta gotowa firana na wymiar idealnie sprawdzi si\u0119 zar\u00f3wno w salonie, sypialni, jak i w jadalni, wprowadzaj\u0105c do pomieszczenia \u015bwie\u017co\u015b\u0107 i nowoczesny styl. Niezale\u017cnie od rozmiaru okna, firana na przelotkach z cyrkoniami b\u0119dzie doskonale komponowa\u0107 si\u0119 z ka\u017cdym wystrojem wn\u0119trza, staj\u0105c si\u0119 jego niezast\u0105pionym elementem dekoracyjnym. Wybieraj\u0105c nasz\u0105 firan\u0119, zyskujesz produkt, kt\u00f3ry \u0142\u0105czy w sobie estetyk\u0119, funkcjonalno\u015b\u0107 i wysok\u0105 jako\u015b\u0107 wykonania. SPECYFIKACJA: Tolerancja: +\/-3cm Materia\u0142: woal Spos\u00f3b zawieszenia: srebrne przelotki lub ta\u015bma (\u017cabki, haczyki, tunel) Pranie: temp.\u00a030\u00b0C Prasowanie: temp. 110\u00b0C Przepuszczalno\u015b\u0107 promieni s\u0142onecznych: wysoka Po powieszeniu na mokro nie wymaga prasowania Firana panelowa idealnie \u0142\u0105czy si\u0119 w kilka sztuk i \u015bwietnie prezentuje si\u0119 w ka\u017cdym wn\u0119trzu. Cena dotyczy jednej sztuki firany Nie czekaj i kup teraz! &nbsp;<\/p>\n","protected":false},"featured_media":34250,"comment_status":"closed","ping_status":"closed","template":"","meta":[],"product_brand":[],"product_cat":[551,137],"product_tag":[],"class_list":{"0":"post-21756","1":"product","2":"type-product","3":"status-publish","4":"has-post-thumbnail","6":"product_cat-firany-na-przelotkach","7":"product_cat-firany","8":"product_shipping_class-pl","10":"first","11":"instock","12":"taxable","13":"shipping-taxable","14":"purchasable","15":"product-type-variable","16":"has-default-attributes"},"jetpack_sharing_enabled":true,"_links":{"self":[{"href":"https:\/\/nakarnisze.pl\/index.php\/wp-json\/wp\/v2\/product\/21756","targetHints":{"allow":["GET"]}}],"collection":[{"href":"https:\/\/nakarnisze.pl\/index.php\/wp-json\/wp\/v2\/product"}],"about":[{"href":"https:\/\/nakarnisze.pl\/index.php\/wp-json\/wp\/v2\/types\/product"}],"replies":[{"embeddable":true,"href":"https:\/\/nakarnisze.pl\/index.php\/wp-json\/wp\/v2\/comments?post=21756"}],"version-history":[{"count":6,"href":"https:\/\/nakarnisze.pl\/index.php\/wp-json\/wp\/v2\/product\/21756\/revisions"}],"predecessor-version":[{"id":34257,"href":"https:\/\/nakarnisze.pl\/index.php\/wp-json\/wp\/v2\/product\/21756\/revisions\/34257"}],"wp:featuredmedia":[{"embeddable":true,"href":"https:\/\/nakarnisze.pl\/index.php\/wp-json\/wp\/v2\/media\/34250"}],"wp:attachment":[{"href":"https:\/\/nakarnisze.pl\/index.php\/wp-json\/wp\/v2\/media?parent=21756"}],"wp:term":[{"taxonomy":"product_brand","embeddable":true,"href":"https:\/\/nakarnisze.pl\/index.php\/wp-json\/wp\/v2\/product_brand?post=21756"},{"taxonomy":"product_cat","embeddable":true,"href":"https:\/\/nakarnisze.pl\/index.php\/wp-json\/wp\/v2\/product_cat?post=21756"},{"taxonomy":"product_tag","embeddable":true,"href":"https:\/\/nakarnisze.pl\/index.php\/wp-json\/wp\/v2\/product_tag?post=21756"}],"curies":[{"name":"wp","href":"https:\/\/api.w.org\/{rel}","templated":true}]}}