{"id":21998,"date":"2023-07-14T23:34:52","date_gmt":"2023-07-14T21:34:52","guid":{"rendered":"https:\/\/nakarnisze.pl\/?post_type=product&#038;p=21998"},"modified":"2023-07-14T23:41:25","modified_gmt":"2023-07-14T21:41:25","slug":"recznik-bawelniany-50x100-cm-premium-500g-dwupetelkowy-ciemny-szary","status":"publish","type":"product","link":"https:\/\/nakarnisze.pl\/index.php\/recznik-bawelniany-50x100-cm-premium-500g-dwupetelkowy-ciemny-szary\/","title":{"rendered":"R\u0118CZNIK BAWE\u0141NIANY 50&#215;100 CM PREMIUM 500G DWUP\u0118TELKOWY CIEMNY SZARY"},"content":{"rendered":"<p><strong>R\u0118CZNIK BAWE\u0141NIANY PREMIUM 500G DWUP\u0118TELKOWY CIEMNY SZARY<\/strong><\/p>\n<p>R\u0119czniki oferowane przez nas s\u0105 wykonane z wysokiej jako\u015bci bawe\u0142ny. Materia\u0142 ten jest przewiewny, zapewniaj\u0105cy doskona\u0142\u0105 absorpcj\u0119 wilgoci oraz gwarantuj\u0105cy higien\u0119 i mi\u0119kko\u015b\u0107. Nasze r\u0119czniki przeznaczone dla hoteli zosta\u0142y stworzone w systemie podw\u00f3jnej p\u0119telki, co sprawia, \u017ce s\u0105 g\u0119sto tkane i bardziej trwa\u0142e ni\u017c r\u0119czniki przeznaczone do u\u017cytku domowego.<\/p>\n<p>R\u0119czniki nie trac\u0105 swoich walor\u00f3w nawet przy d\u0142ugim i intensywnym u\u017cytkowaniu.<\/p>\n<p><b>\u2705 ZALETY:<\/b><\/p>\n<ul>\n<li>Przyjemne w dotyku;<\/li>\n<li>Ch\u0142onne;<\/li>\n<li>Wytrzyma\u0142e;<\/li>\n<li>Stylowe.<\/li>\n<\/ul>\n<p>Specyfikacja:<\/p>\n<ul>\n<li><b>R\u0119cznik 50&#215;100 cm<\/b><\/li>\n<li><b>Kolor:\u00a0<\/b>ciemny szary<\/li>\n<li><b>Materia\u0142:\u00a0<\/b>100% bawe\u0142na<\/li>\n<li><b>Gramatura:\u00a0<\/b>510gsm<\/li>\n<li><b>Jako\u015b\u0107:\u00a0<\/b>pierwsza<\/li>\n<\/ul>\n","protected":false},"excerpt":{"rendered":"<p>R\u0118CZNIK BAWE\u0141NIANY PREMIUM 500G DWUP\u0118TELKOWY CIEMNY SZARY R\u0119czniki oferowane przez nas s\u0105 wykonane z wysokiej jako\u015bci bawe\u0142ny. Materia\u0142 ten jest przewiewny, zapewniaj\u0105cy doskona\u0142\u0105 absorpcj\u0119 wilgoci oraz gwarantuj\u0105cy higien\u0119 i mi\u0119kko\u015b\u0107. Nasze r\u0119czniki przeznaczone dla hoteli zosta\u0142y stworzone w systemie podw\u00f3jnej p\u0119telki, co sprawia, \u017ce s\u0105 g\u0119sto tkane i bardziej trwa\u0142e ni\u017c r\u0119czniki przeznaczone do u\u017cytku domowego. R\u0119czniki nie trac\u0105 swoich walor\u00f3w nawet przy d\u0142ugim i intensywnym u\u017cytkowaniu. \u2705 ZALETY: Przyjemne w dotyku; Ch\u0142onne; Wytrzyma\u0142e; Stylowe. Specyfikacja: R\u0119cznik 50&#215;100 cm Kolor:\u00a0ciemny szary Materia\u0142:\u00a0100% bawe\u0142na Gramatura:\u00a0510gsm Jako\u015b\u0107:\u00a0pierwsza<\/p>\n","protected":false},"featured_media":21943,"comment_status":"open","ping_status":"closed","template":"","meta":[],"product_brand":[],"product_cat":[145],"product_tag":[186,187,185,188],"class_list":{"0":"post-21998","1":"product","2":"type-product","3":"status-publish","4":"has-post-thumbnail","6":"product_cat-reczniki","7":"product_tag-bawelniany","8":"product_tag-premium","9":"product_tag-recznik","10":"product_tag-recznik-bawelniany-premium","11":"product_shipping_class-pl","13":"first","14":"instock","15":"taxable","16":"shipping-taxable","17":"purchasable","18":"product-type-simple"},"jetpack_sharing_enabled":true,"_links":{"self":[{"href":"https:\/\/nakarnisze.pl\/index.php\/wp-json\/wp\/v2\/product\/21998","targetHints":{"allow":["GET"]}}],"collection":[{"href":"https:\/\/nakarnisze.pl\/index.php\/wp-json\/wp\/v2\/product"}],"about":[{"href":"https:\/\/nakarnisze.pl\/index.php\/wp-json\/wp\/v2\/types\/product"}],"replies":[{"embeddable":true,"href":"https:\/\/nakarnisze.pl\/index.php\/wp-json\/wp\/v2\/comments?post=21998"}],"version-history":[{"count":0,"href":"https:\/\/nakarnisze.pl\/index.php\/wp-json\/wp\/v2\/product\/21998\/revisions"}],"wp:featuredmedia":[{"embeddable":true,"href":"https:\/\/nakarnisze.pl\/index.php\/wp-json\/wp\/v2\/media\/21943"}],"wp:attachment":[{"href":"https:\/\/nakarnisze.pl\/index.php\/wp-json\/wp\/v2\/media?parent=21998"}],"wp:term":[{"taxonomy":"product_brand","embeddable":true,"href":"https:\/\/nakarnisze.pl\/index.php\/wp-json\/wp\/v2\/product_brand?post=21998"},{"taxonomy":"product_cat","embeddable":true,"href":"https:\/\/nakarnisze.pl\/index.php\/wp-json\/wp\/v2\/product_cat?post=21998"},{"taxonomy":"product_tag","embeddable":true,"href":"https:\/\/nakarnisze.pl\/index.php\/wp-json\/wp\/v2\/product_tag?post=21998"}],"curies":[{"name":"wp","href":"https:\/\/api.w.org\/{rel}","templated":true}]}}