{"id":22035,"date":"2023-07-27T13:22:47","date_gmt":"2023-07-27T11:22:47","guid":{"rendered":"https:\/\/nakarnisze.pl\/?post_type=product&#038;p=22035"},"modified":"2025-10-12T00:00:01","modified_gmt":"2025-10-11T22:00:01","slug":"snieznobiala-elegancka-firana-z-gipiura","status":"publish","type":"product","link":"https:\/\/nakarnisze.pl\/index.php\/snieznobiala-elegancka-firana-z-gipiura\/","title":{"rendered":"\u015aNIE\u017bNOBIA\u0141A ELEGANCKA FIRANA Z GIPIUR\u0104 400X250 CM"},"content":{"rendered":"<p><strong>\u015aNIE\u017bNOBIA\u0141A ELEGANCKA FIRANA Z GIPIUR\u0104 400X250 CM<\/strong><\/p>\n<p>Ta urocza firana zosta\u0142a wykonana z doskona\u0142ej jako\u015bci woalu w \u015bnie\u017cnobia\u0142ym odcieniu, co sprawia, \u017ce doskonale pasuje do ka\u017cdego wn\u0119trza. Zosta\u0142a ozdobiona pi\u0119kn\u0105 gipiur\u0105, kt\u00f3ra doda elegancji i subtelno\u015bci ca\u0142emu pomieszczeniu. Jej starannie wykonane detale sprawiaj\u0105, \u017ce ta firana staje si\u0119 prawdziwym elementem dekoracyjnym, przyci\u0105gaj\u0105cym uwag\u0119 i dodaj\u0105cym wyrafinowanego charakteru ka\u017cdemu wn\u0119trzu. Najwi\u0119ksz\u0105 zalet\u0105 tego modelu jest przepi\u0119kna gipiura o szeroko\u015bci <strong>8 centymetr\u00f3w<\/strong>.<\/p>\n<p><b>ZALETY:<\/b><\/p>\n<ul>\n<li>Wysoka jako\u015b\u0107: Zastosowane materia\u0142y i staranne wyko\u0144czenie \u015bwiadcz\u0105 o wysokiej jako\u015bci tej firany, kt\u00f3ra z pewno\u015bci\u0105 spe\u0142ni Twoje oczekiwania.<\/li>\n<li>\u0141atwo\u015b\u0107 za\u0142o\u017cenia: Dzi\u0119ki prostemu w obs\u0142udze systemowi marszczenia, zawieszenie firany jest szybkie i bezproblemowe.<\/li>\n<li><strong>Pi\u0119kna gipiura o szeroko\u015bci 8cm<\/strong>: Ta elegancka firana zosta\u0142a ozdobiona pi\u0119kn\u0105 gipiur\u0105, kt\u00f3ra dodaje jej wyj\u0105tkowego uroku i klasy.<\/li>\n<li>Elegancki i ponadczasowy \u015bnie\u017cnobia\u0142y kolor: \u015anie\u017cnobia\u0142a kolorystyka tej firany nadaje jej elegancji i ponadczasowego charakteru, idealnie komponuj\u0105c si\u0119 z r\u00f3\u017cnymi stylami wn\u0119trz.<\/li>\n<li>Dodatkowo, piel\u0119gnacja tej firany jest niezwykle prosta. Mo\u017cna j\u0105 pra\u0107 w temperaturze <strong>40 stopni i prasowa\u0107 maksymalnie w 110<\/strong>, a po praniu warto pozwoli\u0107 jej na samodzielne wyschni\u0119cie.<\/li>\n<\/ul>\n","protected":false},"excerpt":{"rendered":"<p>\u015aNIE\u017bNOBIA\u0141A ELEGANCKA FIRANA Z GIPIUR\u0104 400X250 CM Ta urocza firana zosta\u0142a wykonana z doskona\u0142ej jako\u015bci woalu w \u015bnie\u017cnobia\u0142ym odcieniu, co sprawia, \u017ce doskonale pasuje do ka\u017cdego wn\u0119trza. Zosta\u0142a ozdobiona pi\u0119kn\u0105 gipiur\u0105, kt\u00f3ra doda elegancji i subtelno\u015bci ca\u0142emu pomieszczeniu. Jej starannie wykonane detale sprawiaj\u0105, \u017ce ta firana staje si\u0119 prawdziwym elementem dekoracyjnym, przyci\u0105gaj\u0105cym uwag\u0119 i dodaj\u0105cym wyrafinowanego charakteru ka\u017cdemu wn\u0119trzu. Najwi\u0119ksz\u0105 zalet\u0105 tego modelu jest przepi\u0119kna gipiura o szeroko\u015bci 8 centymetr\u00f3w. ZALETY: Wysoka jako\u015b\u0107: Zastosowane materia\u0142y i staranne wyko\u0144czenie \u015bwiadcz\u0105 o wysokiej jako\u015bci tej firany, kt\u00f3ra z pewno\u015bci\u0105 spe\u0142ni Twoje oczekiwania. \u0141atwo\u015b\u0107 za\u0142o\u017cenia: Dzi\u0119ki prostemu w obs\u0142udze systemowi marszczenia, zawieszenie firany jest szybkie i bezproblemowe. Pi\u0119kna gipiura o szeroko\u015bci 8cm: Ta elegancka firana zosta\u0142a ozdobiona pi\u0119kn\u0105 gipiur\u0105, kt\u00f3ra dodaje jej wyj\u0105tkowego uroku i klasy. Elegancki i ponadczasowy \u015bnie\u017cnobia\u0142y kolor: \u015anie\u017cnobia\u0142a kolorystyka tej firany nadaje jej elegancji i ponadczasowego charakteru, idealnie komponuj\u0105c si\u0119 z r\u00f3\u017cnymi stylami wn\u0119trz. Dodatkowo, piel\u0119gnacja tej firany jest niezwykle prosta. Mo\u017cna j\u0105 pra\u0107 w temperaturze 40 stopni i prasowa\u0107 maksymalnie w 110, a po praniu warto pozwoli\u0107 jej na samodzielne wyschni\u0119cie.<\/p>\n","protected":false},"featured_media":22048,"comment_status":"open","ping_status":"closed","template":"","meta":[],"product_brand":[],"product_cat":[552,137],"product_tag":[192,193],"class_list":{"0":"post-22035","1":"product","2":"type-product","3":"status-publish","4":"has-post-thumbnail","6":"product_cat-firany-na-tasmie","7":"product_cat-firany","8":"product_tag-firana-z-gipiura","9":"product_tag-lambrekin","10":"product_shipping_class-pl","12":"first","13":"instock","14":"taxable","15":"shipping-taxable","16":"purchasable","17":"product-type-variable","18":"has-default-attributes"},"jetpack_sharing_enabled":true,"_links":{"self":[{"href":"https:\/\/nakarnisze.pl\/index.php\/wp-json\/wp\/v2\/product\/22035","targetHints":{"allow":["GET"]}}],"collection":[{"href":"https:\/\/nakarnisze.pl\/index.php\/wp-json\/wp\/v2\/product"}],"about":[{"href":"https:\/\/nakarnisze.pl\/index.php\/wp-json\/wp\/v2\/types\/product"}],"replies":[{"embeddable":true,"href":"https:\/\/nakarnisze.pl\/index.php\/wp-json\/wp\/v2\/comments?post=22035"}],"version-history":[{"count":1,"href":"https:\/\/nakarnisze.pl\/index.php\/wp-json\/wp\/v2\/product\/22035\/revisions"}],"predecessor-version":[{"id":28926,"href":"https:\/\/nakarnisze.pl\/index.php\/wp-json\/wp\/v2\/product\/22035\/revisions\/28926"}],"wp:featuredmedia":[{"embeddable":true,"href":"https:\/\/nakarnisze.pl\/index.php\/wp-json\/wp\/v2\/media\/22048"}],"wp:attachment":[{"href":"https:\/\/nakarnisze.pl\/index.php\/wp-json\/wp\/v2\/media?parent=22035"}],"wp:term":[{"taxonomy":"product_brand","embeddable":true,"href":"https:\/\/nakarnisze.pl\/index.php\/wp-json\/wp\/v2\/product_brand?post=22035"},{"taxonomy":"product_cat","embeddable":true,"href":"https:\/\/nakarnisze.pl\/index.php\/wp-json\/wp\/v2\/product_cat?post=22035"},{"taxonomy":"product_tag","embeddable":true,"href":"https:\/\/nakarnisze.pl\/index.php\/wp-json\/wp\/v2\/product_tag?post=22035"}],"curies":[{"name":"wp","href":"https:\/\/api.w.org\/{rel}","templated":true}]}}