{"id":22624,"date":"2023-10-22T17:07:21","date_gmt":"2023-10-22T15:07:21","guid":{"rendered":"https:\/\/nakarnisze.pl\/?post_type=product&#038;p=22624"},"modified":"2024-10-14T17:47:05","modified_gmt":"2024-10-14T15:47:05","slug":"firana-ombre-145x250-na-przelotkach","status":"publish","type":"product","link":"https:\/\/nakarnisze.pl\/index.php\/firana-ombre-145x250-na-przelotkach\/","title":{"rendered":"Firana ombre na przelotkach r\u00f3\u017cne kolory cieniowana"},"content":{"rendered":"<h1>Firana ombre 145&#215;250 lub 145&#215;240 na przelotkach r\u00f3\u017cne kolory<\/h1>\n<p><span class=\"jCAhz ChMk0b\"><span class=\"ryNqvb\">Firany <a href=\"https:\/\/nakarnisze.pl\/index.php\/firana-ombre-145x250-na-przelotkach\">ombre<\/a> to popularny rodzaj dekoracji okiennych, kt\u00f3ry zyska\u0142 na popularno\u015bci w ostatnich latach.<\/span><\/span> <span class=\"jCAhz ChMk0b\"><span class=\"ryNqvb\">Zas\u0142ony te charakteryzuj\u0105 si\u0119 stopniowym przej\u015bciem koloru, tworz\u0105c subtelny i stylowy efekt ombre.<\/span><\/span> <span class=\"jCAhz ChMk0b\"><span class=\"ryNqvb\">Firany ombre dost\u0119pne s\u0105 w szerokiej gamie kolorystycznej, co czyni je uniwersalnym wyborem do ka\u017cdego pomieszczenia w domu.<\/span><\/span><\/p>\n<p><span class=\"jCAhz ChMk0b\"><span class=\"ryNqvb\">Kupuj\u0105c firany ombre, warto zwr\u00f3ci\u0107 uwag\u0119 na rodzaj u\u017cytego materia\u0142u.<\/span><\/span> <span class=\"jCAhz ChMk0b\"><span class=\"ryNqvb\">Tkanina powinna by\u0107 wysokiej jako\u015bci i trwa\u0142a, aby zas\u0142ony s\u0142u\u017cy\u0142y przez wiele lat.<\/span><\/span> <span class=\"jCAhz ChMk0b\"><span class=\"ryNqvb\">Dodatkowo rozmiar zas\u0142on powinien by\u0107 dostosowany do okna, kt\u00f3re b\u0119d\u0105 zas\u0142ania\u0107.<\/span><\/span> <span class=\"jCAhz ChMk0b\"><span class=\"ryNqvb\">Bardzo wa\u017cne jest dok\u0142adne zmierzenie okna, aby unikn\u0105\u0107 zakupu zbyt ma\u0142ych lub zbyt du\u017cych zas\u0142on.<\/span><\/span><\/p>\n<p><strong>Zalety firany ombre:<\/strong><\/p>\n<ul>\n<li>Pi\u0119kne efekt cieniowania<\/li>\n<li>Wysoka jako\u015b\u0107 materia\u0142\u00f3w<\/li>\n<li>\u0141atwe w utrzymaniu czysto\u015bci<\/li>\n<li>\u0141atwy monta\u017c na srebrnych przelotkach<\/li>\n<\/ul>\n<p><img fetchpriority=\"high\" decoding=\"async\" class=\"size-large wp-image-22622 aligncenter\" src=\"https:\/\/nakarnisze.pl\/wp-content\/uploads\/2023\/10\/Ogloszenie-nr-1-4-1024x1024.jpg\" alt=\"Firana ombre\" width=\"640\" height=\"640\" title=\"\" srcset=\"https:\/\/nakarnisze.pl\/wp-content\/uploads\/2023\/10\/Ogloszenie-nr-1-4-1024x1024.jpg 1024w, https:\/\/nakarnisze.pl\/wp-content\/uploads\/2023\/10\/Ogloszenie-nr-1-4-300x300.jpg 300w, https:\/\/nakarnisze.pl\/wp-content\/uploads\/2023\/10\/Ogloszenie-nr-1-4-150x150.jpg 150w, https:\/\/nakarnisze.pl\/wp-content\/uploads\/2023\/10\/Ogloszenie-nr-1-4-600x600.jpg 600w, https:\/\/nakarnisze.pl\/wp-content\/uploads\/2023\/10\/Ogloszenie-nr-1-4-768x768.jpg 768w, https:\/\/nakarnisze.pl\/wp-content\/uploads\/2023\/10\/Ogloszenie-nr-1-4-1536x1536.jpg 1536w, https:\/\/nakarnisze.pl\/wp-content\/uploads\/2023\/10\/Ogloszenie-nr-1-4-80x80.jpg 80w, https:\/\/nakarnisze.pl\/wp-content\/uploads\/2023\/10\/Ogloszenie-nr-1-4.jpg 1600w\" sizes=\"(max-width: 640px) 100vw, 640px\" \/><\/p>\n<p><img decoding=\"async\" class=\"size-large wp-image-22621 aligncenter\" src=\"https:\/\/nakarnisze.pl\/wp-content\/uploads\/2023\/10\/Ogloszenie-nr-1-3-1024x1024.jpg\" alt=\"firana cieniowana ombre detale\" width=\"640\" height=\"640\" title=\"\" srcset=\"https:\/\/nakarnisze.pl\/wp-content\/uploads\/2023\/10\/Ogloszenie-nr-1-3-1024x1024.jpg 1024w, https:\/\/nakarnisze.pl\/wp-content\/uploads\/2023\/10\/Ogloszenie-nr-1-3-300x300.jpg 300w, https:\/\/nakarnisze.pl\/wp-content\/uploads\/2023\/10\/Ogloszenie-nr-1-3-150x150.jpg 150w, https:\/\/nakarnisze.pl\/wp-content\/uploads\/2023\/10\/Ogloszenie-nr-1-3-600x600.jpg 600w, https:\/\/nakarnisze.pl\/wp-content\/uploads\/2023\/10\/Ogloszenie-nr-1-3-768x768.jpg 768w, https:\/\/nakarnisze.pl\/wp-content\/uploads\/2023\/10\/Ogloszenie-nr-1-3-1536x1536.jpg 1536w, https:\/\/nakarnisze.pl\/wp-content\/uploads\/2023\/10\/Ogloszenie-nr-1-3-80x80.jpg 80w, https:\/\/nakarnisze.pl\/wp-content\/uploads\/2023\/10\/Ogloszenie-nr-1-3.jpg 1600w\" sizes=\"(max-width: 640px) 100vw, 640px\" \/><\/p>\n<p>Je\u015bli szukasz pi\u0119knych i wysokiej jako\u015bci firan z efektem ombre, to te firany b\u0119d\u0105 doskona\u0142ym wyborem. Firany ombre to idealne rozwi\u0105zanie dla os\u00f3b, kt\u00f3re chc\u0105 doda\u0107 swojemu domowi stylu i elegancji. Ich wygl\u0105d jest niepowtarzalny i przyci\u0105ga uwag\u0119<\/p>\n<h2>Specyfikacja:<\/h2>\n<ul>\n<li>Rozmiar:\u00a0<b>145&#215;250, 145&#215;240<\/b><\/li>\n<li><b>tolerancja wymiar\u00f3w +\/-5 cm<\/b><\/li>\n<li>tkanina:\u00a0<b>woal<\/b><\/li>\n<li>sk\u0142ad:\u00a0<b>100% poliester<\/b><\/li>\n<li>monta\u017c:\u00a0<b>na metalowych przelotkach<\/b><\/li>\n<li>cena 1 szt.<\/li>\n<li>temperatura prania: 40\u00b0C<\/li>\n<li>temperatura prasowania: 110\u00b0C<\/li>\n<\/ul>\n<p>Sam wz\u00f3r ombre jest niezwykle delikatn\u0105 ozdob\u0105, ale wprowadza kolor do mieszkania. Je\u015bli marzy nam si\u0119 akcent kolorystyczny, firany cieniowane b\u0119d\u0105 idealnym wyborem.<\/p>\n","protected":false},"excerpt":{"rendered":"<h1>Firana ombre 145&#215;250 na przelotkach r\u00f3\u017cne kolory<\/h1>\n<p id=\"tw-target-text\" class=\"tw-data-text tw-text-large tw-ta\" dir=\"ltr\" data-placeholder=\"T\u0142umaczenie\" data-ved=\"2ahUKEwiO1sDw8YmCAxW4GxAIHcJjDX8Q3ewLegQIBhAQ\"><span class=\"Y2IQFc\" lang=\"pl\">Firany ombre to rodzaj dekoracji okiennych, kt\u00f3ry w ostatnich latach cieszy si\u0119 coraz wi\u0119ksz\u0105 popularno\u015bci\u0105. Ombre to francuskie okre\u015blenie, kt\u00f3re odnosi si\u0119 do stopniowego przej\u015bcia koloru od jasnego do ciemnego. W przypadku firany ombre przej\u015bcie to zazwyczaj nast\u0119puje od ja\u015bniejszego koloru u g\u00f3ry zas\u0142ony do ciemniejszego koloru u do\u0142u.<\/span><\/p>\n<p id=\"tw-target-text\" class=\"tw-data-text tw-text-large tw-ta\" dir=\"ltr\" data-placeholder=\"T\u0142umaczenie\" data-ved=\"2ahUKEwiO1sDw8YmCAxW4GxAIHcJjDX8Q3ewLegQIBhAQ\"><span class=\"Y2IQFc\" lang=\"pl\">Firany ombre to stylowy i nowoczesny dodatek do ka\u017cdego pomieszczenia. Mog\u0105 doda\u0107 g\u0142\u0119bi i wymiaru przestrzeni, zapewniaj\u0105c jednocze\u015bnie prywatno\u015b\u0107 i kontrol\u0119 \u015bwiat\u0142a. Stopniowe przej\u015bcie koloru mo\u017ce wywo\u0142a\u0107 efekt uspokajaj\u0105cy i koj\u0105cy, co czyni je popularnym wyborem do sypialni i salon\u00f3w.<\/span><\/p>\n<p id=\"tw-target-text\" class=\"tw-data-text tw-text-large tw-ta\" dir=\"ltr\" data-placeholder=\"T\u0142umaczenie\" data-ved=\"2ahUKEwiO1sDw8YmCAxW4GxAIHcJjDX8Q3ewLegQIBhAQ\"><span class=\"Y2IQFc\" lang=\"pl\">Kupuj\u0105c firany ombre, warto zwr\u00f3ci\u0107 uwag\u0119 na jako\u015b\u0107 materia\u0142u. Tkanina powinna by\u0107 trwa\u0142a i odporna na cz\u0119ste u\u017cytkowanie i pranie. Wa\u017cne jest r\u00f3wnie\u017c, aby wzi\u0105\u0107 pod uwag\u0119 rozmiar zas\u0142on i upewni\u0107 si\u0119, \u017ce pasuj\u0105 one do okna. Ich unikalny design sprawia, \u017ce s\u0105 one bardzo popularne w\u015br\u00f3d os\u00f3b, kt\u00f3re ceni\u0105 sobie elegancj\u0119 i oryginalno\u015b\u0107. W naszej ofercie znajdziesz kolory, kt\u00f3re z pewno\u015bci\u0105 spe\u0142ni\u0105 Twoje wymagania.<\/span><\/p>\n<h4><strong>Zalety naszej firany ombre:<\/strong><\/h4>\n<ul>\n<li>Bogata kolorystyka(dost\u0119pna w kilku wariantach)<\/li>\n<li>Wysoka jako\u015b\u0107 wykonania<\/li>\n<li>\u0141atwo\u015b\u0107 w praniu<\/li>\n<\/ul>\n","protected":false},"featured_media":22619,"comment_status":"open","ping_status":"closed","template":"","meta":[],"product_brand":[],"product_cat":[137,551],"product_tag":[],"class_list":{"0":"post-22624","1":"product","2":"type-product","3":"status-publish","4":"has-post-thumbnail","6":"product_cat-firany","7":"product_cat-firany-na-przelotkach","8":"product_shipping_class-pl","10":"first","11":"instock","12":"taxable","13":"shipping-taxable","14":"purchasable","15":"product-type-variable","16":"has-default-attributes"},"jetpack_sharing_enabled":true,"_links":{"self":[{"href":"https:\/\/nakarnisze.pl\/index.php\/wp-json\/wp\/v2\/product\/22624","targetHints":{"allow":["GET"]}}],"collection":[{"href":"https:\/\/nakarnisze.pl\/index.php\/wp-json\/wp\/v2\/product"}],"about":[{"href":"https:\/\/nakarnisze.pl\/index.php\/wp-json\/wp\/v2\/types\/product"}],"replies":[{"embeddable":true,"href":"https:\/\/nakarnisze.pl\/index.php\/wp-json\/wp\/v2\/comments?post=22624"}],"version-history":[{"count":6,"href":"https:\/\/nakarnisze.pl\/index.php\/wp-json\/wp\/v2\/product\/22624\/revisions"}],"predecessor-version":[{"id":22671,"href":"https:\/\/nakarnisze.pl\/index.php\/wp-json\/wp\/v2\/product\/22624\/revisions\/22671"}],"wp:featuredmedia":[{"embeddable":true,"href":"https:\/\/nakarnisze.pl\/index.php\/wp-json\/wp\/v2\/media\/22619"}],"wp:attachment":[{"href":"https:\/\/nakarnisze.pl\/index.php\/wp-json\/wp\/v2\/media?parent=22624"}],"wp:term":[{"taxonomy":"product_brand","embeddable":true,"href":"https:\/\/nakarnisze.pl\/index.php\/wp-json\/wp\/v2\/product_brand?post=22624"},{"taxonomy":"product_cat","embeddable":true,"href":"https:\/\/nakarnisze.pl\/index.php\/wp-json\/wp\/v2\/product_cat?post=22624"},{"taxonomy":"product_tag","embeddable":true,"href":"https:\/\/nakarnisze.pl\/index.php\/wp-json\/wp\/v2\/product_tag?post=22624"}],"curies":[{"name":"wp","href":"https:\/\/api.w.org\/{rel}","templated":true}]}}