{"id":24395,"date":"2024-02-29T00:25:13","date_gmt":"2024-02-28T22:25:13","guid":{"rendered":"https:\/\/nakarnisze.pl\/?post_type=product&#038;p=24395"},"modified":"2024-03-01T22:07:38","modified_gmt":"2024-03-01T20:07:38","slug":"elegancki-snieznobialy-obrus-plamoodporny","status":"publish","type":"product","link":"https:\/\/nakarnisze.pl\/index.php\/elegancki-snieznobialy-obrus-plamoodporny\/","title":{"rendered":"ELEGANCKI \u015aNIE\u017bNOBIA\u0141Y OBRUS PLAMOODPORNY"},"content":{"rendered":"<h1><strong>ELEGANCKI \u015aNIE\u017bNOBIA\u0141Y OBRUS PLAMOODPORNY<\/strong><\/h1>\n<p>Dodaj elegancji i stylu swojemu sto\u0142owi dzi\u0119ki naszemu eleganckiemu obrusowi w kolorze bia\u0142ym. Wykonany z wysokiej jako\u015bci materia\u0142u stretch Panama, ten obrus zapewni nie tylko wyrafinowany wygl\u0105d, ale tak\u017ce trwa\u0142o\u015b\u0107 i \u0142atwo\u015b\u0107 u\u017cytkowania.<\/p>\n<p>Boki obrusu zosta\u0142y wycinane laserowo z ozdobnym zygzakiem, nadaj\u0105c mu wyj\u0105tkowy charakter i estetyczny detal.<\/p>\n<p>Uniwersalna tkanina sprawia, \u017ce ten obrus doskonale prezentuje si\u0119 jako dekoracja sto\u0142owa zar\u00f3wno w pokoju dziennym, jak i kuchni. Jego klasyczny bia\u0142y kolor doskonale pasuje do wn\u0119trz w stylu nowoczesnym oraz glamour.<\/p>\n<p>Specyfikacja:<\/p>\n<p>Kolor: Bia\u0142y<br \/>\nMateria\u0142: Impregnowana tkanina stretch Panama<br \/>\nSk\u0142ad: 100% poliester<br \/>\nPodkre\u015bl wyj\u0105tkowo\u015b\u0107 swoich posi\u0142k\u00f3w i dodaj elegancji do swojego wn\u0119trza dzi\u0119ki temu ekskluzywnemu obrusowi na st\u00f3\u0142!<\/p>\n","protected":false},"excerpt":{"rendered":"<p>ELEGANCKI \u015aNIE\u017bNOBIA\u0141Y OBRUS PLAMOODPORNY Dodaj elegancji i stylu swojemu sto\u0142owi dzi\u0119ki naszemu eleganckiemu obrusowi w kolorze bia\u0142ym. Wykonany z wysokiej jako\u015bci materia\u0142u stretch Panama, ten obrus zapewni nie tylko wyrafinowany wygl\u0105d, ale tak\u017ce trwa\u0142o\u015b\u0107 i \u0142atwo\u015b\u0107 u\u017cytkowania. Boki obrusu zosta\u0142y wycinane laserowo z ozdobnym zygzakiem, nadaj\u0105c mu wyj\u0105tkowy charakter i estetyczny detal. Uniwersalna tkanina sprawia, \u017ce ten obrus doskonale prezentuje si\u0119 jako dekoracja sto\u0142owa zar\u00f3wno w pokoju dziennym, jak i kuchni. Jego klasyczny bia\u0142y kolor doskonale pasuje do wn\u0119trz w stylu nowoczesnym oraz glamour. Specyfikacja: Kolor: Bia\u0142y Materia\u0142: Impregnowana tkanina stretch Panama Sk\u0142ad: 100% poliester Podkre\u015bl wyj\u0105tkowo\u015b\u0107 swoich posi\u0142k\u00f3w i dodaj elegancji do swojego wn\u0119trza dzi\u0119ki temu ekskluzywnemu obrusowi na st\u00f3\u0142!<\/p>\n","protected":false},"featured_media":24417,"comment_status":"closed","ping_status":"closed","template":"","meta":[],"product_brand":[],"product_cat":[327],"product_tag":[],"class_list":{"0":"post-24395","1":"product","2":"type-product","3":"status-publish","4":"has-post-thumbnail","6":"product_cat-obrusy","7":"product_shipping_class-pl","9":"first","10":"instock","11":"taxable","12":"shipping-taxable","13":"purchasable","14":"product-type-variable"},"jetpack_sharing_enabled":true,"_links":{"self":[{"href":"https:\/\/nakarnisze.pl\/index.php\/wp-json\/wp\/v2\/product\/24395","targetHints":{"allow":["GET"]}}],"collection":[{"href":"https:\/\/nakarnisze.pl\/index.php\/wp-json\/wp\/v2\/product"}],"about":[{"href":"https:\/\/nakarnisze.pl\/index.php\/wp-json\/wp\/v2\/types\/product"}],"replies":[{"embeddable":true,"href":"https:\/\/nakarnisze.pl\/index.php\/wp-json\/wp\/v2\/comments?post=24395"}],"version-history":[{"count":1,"href":"https:\/\/nakarnisze.pl\/index.php\/wp-json\/wp\/v2\/product\/24395\/revisions"}],"predecessor-version":[{"id":24404,"href":"https:\/\/nakarnisze.pl\/index.php\/wp-json\/wp\/v2\/product\/24395\/revisions\/24404"}],"wp:featuredmedia":[{"embeddable":true,"href":"https:\/\/nakarnisze.pl\/index.php\/wp-json\/wp\/v2\/media\/24417"}],"wp:attachment":[{"href":"https:\/\/nakarnisze.pl\/index.php\/wp-json\/wp\/v2\/media?parent=24395"}],"wp:term":[{"taxonomy":"product_brand","embeddable":true,"href":"https:\/\/nakarnisze.pl\/index.php\/wp-json\/wp\/v2\/product_brand?post=24395"},{"taxonomy":"product_cat","embeddable":true,"href":"https:\/\/nakarnisze.pl\/index.php\/wp-json\/wp\/v2\/product_cat?post=24395"},{"taxonomy":"product_tag","embeddable":true,"href":"https:\/\/nakarnisze.pl\/index.php\/wp-json\/wp\/v2\/product_tag?post=24395"}],"curies":[{"name":"wp","href":"https:\/\/api.w.org\/{rel}","templated":true}]}}