{"id":24425,"date":"2024-03-01T19:26:06","date_gmt":"2024-03-01T17:26:06","guid":{"rendered":"https:\/\/nakarnisze.pl\/?post_type=product&#038;p=24425"},"modified":"2024-03-01T23:29:06","modified_gmt":"2024-03-01T21:29:06","slug":"posciel-adamaszek-bawelniana-100-wymiary","status":"publish","type":"product","link":"https:\/\/nakarnisze.pl\/index.php\/posciel-adamaszek-bawelniana-100-wymiary\/","title":{"rendered":"PO\u015aCIEL ADAMASZEK BAWE\u0141NIANA 100% WYMIARY"},"content":{"rendered":"<h1>PO\u015aCIEL ADAMASZEK BAWE\u0141NIANA 100% WYMIARY<\/h1>\n<p>Dobry i spokojny sen to remedium na wszelkie zmartwienia, najwy\u017cszej jako\u015bci wypoczynek i naturalna potrzeba organizmu ludzkiego. Aby go osi\u0105gn\u0105\u0107, niezb\u0119dne jest nie tylko wygodne \u0142\u00f3\u017cko, ale r\u00f3wnie\u017c w\u0142a\u015bciwie dobrana po\u015bciel, kt\u00f3ra nie powoduje podra\u017cnie\u0144 sk\u00f3ry.<\/p>\n<p>Po\u015bciel adamaszek wyposa\u017cona w innowacyjne zak\u0142adki u\u0142atwiaj\u0105ce szybk\u0105 i \u0142atw\u0105 wymian\u0119 zestaw\u00f3w. Po\u015bciel tkana w pasy o szeroko\u015bci 1 cm.<\/p>\n<p>Tkanina merceryzowana cechuje si\u0119 <strong>g\u0142adko\u015bci\u0105<\/strong>, <strong>wytrzyma\u0142o\u015bci\u0105<\/strong> i <strong>elastyczno\u015bci\u0105<\/strong>, charakteryzuj\u0105c si\u0119 unikalnym blaskiem.<\/p>\n<p><strong>W\u0142a\u015bciwo\u015bci:<\/strong><\/p>\n<ul>\n<li>Ekonomiczne pranie i suszenie<\/li>\n<li>D\u0142uga \u017cywotno\u015b\u0107<\/li>\n<li>Zachowanie koloru nawet po wielu praniach<\/li>\n<li>Sta\u0142y rozmiar<\/li>\n<li>Odpowiednie dla zdrowia i jako\u015bci<\/li>\n<li>Mo\u017cliwo\u015b\u0107 prasowania, krochmalenia i wybielania po\u015bcieli<\/li>\n<li><strong>Zakres temperatur prania:<\/strong> od 20\u00b0C do 95\u00b0C<\/li>\n<\/ul>\n<p><strong>Specyfikacja:<\/strong><\/p>\n<ul>\n<li><b>Materia\u0142:\u00a0<\/b>100% bawe\u0142na<\/li>\n<li><b>Gramatura:<\/b>\u00a0150 g\/m\u00b2<\/li>\n<li><b>Wymiar zak\u0142adki w poszewce na poduszk\u0119:<\/b>\u00a015 cm<\/li>\n<li><b>Wymiar zak\u0142adki w poszewce na ko\u0142dr\u0119:<\/b>\u00a030 cm<\/li>\n<li><b>Faktura:<\/b>\u00a0adamaszek<\/li>\n<li><b>Kolor:<\/b>\u00a0bia\u0142y<\/li>\n<\/ul>\n","protected":false},"excerpt":{"rendered":"<p>PO\u015aCIEL ADAMASZEK BAWE\u0141NIANA 100% WYMIARY Dobry i spokojny sen to remedium na wszelkie zmartwienia, najwy\u017cszej jako\u015bci wypoczynek i naturalna potrzeba organizmu ludzkiego. Aby go osi\u0105gn\u0105\u0107, niezb\u0119dne jest nie tylko wygodne \u0142\u00f3\u017cko, ale r\u00f3wnie\u017c w\u0142a\u015bciwie dobrana po\u015bciel, kt\u00f3ra nie powoduje podra\u017cnie\u0144 sk\u00f3ry. Po\u015bciel adamaszek wyposa\u017cona w innowacyjne zak\u0142adki u\u0142atwiaj\u0105ce szybk\u0105 i \u0142atw\u0105 wymian\u0119 zestaw\u00f3w. Po\u015bciel tkana w pasy o szeroko\u015bci 1 cm. Tkanina merceryzowana cechuje si\u0119 g\u0142adko\u015bci\u0105, wytrzyma\u0142o\u015bci\u0105 i elastyczno\u015bci\u0105, charakteryzuj\u0105c si\u0119 unikalnym blaskiem. W\u0142a\u015bciwo\u015bci: Ekonomiczne pranie i suszenie D\u0142uga \u017cywotno\u015b\u0107 Zachowanie koloru nawet po wielu praniach Sta\u0142y rozmiar Odpowiednie dla zdrowia i jako\u015bci Mo\u017cliwo\u015b\u0107 prasowania, krochmalenia i wybielania po\u015bcieli Zakres temperatur prania: od 20\u00b0C do 95\u00b0C Specyfikacja: Materia\u0142:\u00a0100% bawe\u0142na Gramatura:\u00a0150 g\/m\u00b2 Wymiar zak\u0142adki w poszewce na poduszk\u0119:\u00a015 cm Wymiar zak\u0142adki w poszewce na ko\u0142dr\u0119:\u00a030 cm Faktura:\u00a0adamaszek Kolor:\u00a0bia\u0142y<\/p>\n","protected":false},"featured_media":24430,"comment_status":"closed","ping_status":"closed","template":"","meta":[],"product_brand":[],"product_cat":[144],"product_tag":[],"class_list":{"0":"post-24425","1":"product","2":"type-product","3":"status-publish","4":"has-post-thumbnail","6":"product_cat-sypialnia","7":"product_shipping_class-pl","9":"first","10":"instock","11":"taxable","12":"shipping-taxable","13":"purchasable","14":"product-type-variable","15":"has-default-attributes"},"jetpack_sharing_enabled":true,"_links":{"self":[{"href":"https:\/\/nakarnisze.pl\/index.php\/wp-json\/wp\/v2\/product\/24425","targetHints":{"allow":["GET"]}}],"collection":[{"href":"https:\/\/nakarnisze.pl\/index.php\/wp-json\/wp\/v2\/product"}],"about":[{"href":"https:\/\/nakarnisze.pl\/index.php\/wp-json\/wp\/v2\/types\/product"}],"replies":[{"embeddable":true,"href":"https:\/\/nakarnisze.pl\/index.php\/wp-json\/wp\/v2\/comments?post=24425"}],"version-history":[{"count":4,"href":"https:\/\/nakarnisze.pl\/index.php\/wp-json\/wp\/v2\/product\/24425\/revisions"}],"predecessor-version":[{"id":24443,"href":"https:\/\/nakarnisze.pl\/index.php\/wp-json\/wp\/v2\/product\/24425\/revisions\/24443"}],"wp:featuredmedia":[{"embeddable":true,"href":"https:\/\/nakarnisze.pl\/index.php\/wp-json\/wp\/v2\/media\/24430"}],"wp:attachment":[{"href":"https:\/\/nakarnisze.pl\/index.php\/wp-json\/wp\/v2\/media?parent=24425"}],"wp:term":[{"taxonomy":"product_brand","embeddable":true,"href":"https:\/\/nakarnisze.pl\/index.php\/wp-json\/wp\/v2\/product_brand?post=24425"},{"taxonomy":"product_cat","embeddable":true,"href":"https:\/\/nakarnisze.pl\/index.php\/wp-json\/wp\/v2\/product_cat?post=24425"},{"taxonomy":"product_tag","embeddable":true,"href":"https:\/\/nakarnisze.pl\/index.php\/wp-json\/wp\/v2\/product_tag?post=24425"}],"curies":[{"name":"wp","href":"https:\/\/api.w.org\/{rel}","templated":true}]}}