{"id":24448,"date":"2024-03-01T23:19:20","date_gmt":"2024-03-01T21:19:20","guid":{"rendered":"https:\/\/nakarnisze.pl\/?post_type=product&#038;p=24448"},"modified":"2024-08-23T10:24:21","modified_gmt":"2024-08-23T08:24:21","slug":"antyalergiczna-bawelniana-koldra-caloroczna-wymiary","status":"publish","type":"product","link":"https:\/\/nakarnisze.pl\/index.php\/antyalergiczna-bawelniana-koldra-caloroczna-wymiary\/","title":{"rendered":"ANTYALERGICZNA BAWE\u0141NIANA KO\u0141DRA CA\u0141OROCZNA WYMIARY"},"content":{"rendered":"<h1>ANTYALERGICZNA BAWE\u0141NIANA KO\u0141DRA CA\u0141OROCZNA WYMIARY<\/h1>\n<p>Ko\u0142dra wykonana z najwy\u017cszej jako\u015bci bawe\u0142ny o w\u0142a\u015bciwo\u015bciach antyalergicznych.<\/p>\n<p>Jest niezwykle delikatna i przyjemna w dotyku. Dzi\u0119ki swoim w\u0142a\u015bciwo\u015bciom oddychaj\u0105cym i termoregulacyjnym zapewnia komfortowy sen, uniemo\u017cliwiaj\u0105c sk\u00f3rze pocenie si\u0119. Ko\u0142dra zachowuje swoj\u0105 pierwotn\u0105 form\u0119 i elastyczno\u015b\u0107 przez ca\u0142y okres u\u017cytkowania.<\/p>\n<p><strong>Najwy\u017csza Jako\u015b\u0107<\/strong><\/p>\n<p>Wype\u0142niona termicznie skr\u0119conymi w\u0142\u00f3knami silikonu HOLLOW, kt\u00f3re zapewniaj\u0105 jej niezr\u00f3wnan\u0105 spr\u0119\u017cysto\u015b\u0107.<\/p>\n<p>Zapewniaj\u0105c odpowiedni\u0105 cyrkulacj\u0119 powietrza, ko\u0142dra \u0142agodzi b\u00f3l, przyspiesza proces metaboliczny, wspomaga regeneracj\u0119, poprawia ukrwienie i rozlu\u017ania mi\u0119\u015bnie, zmniejszaj\u0105c ryzyko odle\u017cyn oraz nie wywo\u0142uj\u0105c reakcji alergicznych.<\/p>\n<ul>\n<li><b>Poszycie:\u00a0<\/b>100% bawe\u0142na<\/li>\n<li><b>Wype\u0142nienia:<\/b>\u00a0w\u0142\u00f3kna silikonowe<\/li>\n<li><b>Typ:<\/b>\u00a0antyalergiczna<\/li>\n<\/ul>\n<p><strong>ZALETY<\/strong>:<\/p>\n<ul>\n<li>Wysoki komfort podczas snu;<\/li>\n<li>Doskona\u0142a na ka\u017cd\u0105 por\u0119 roku;<\/li>\n<li>Trwa\u0142o\u015b\u0107 spr\u0119\u017cysto\u015bci;<\/li>\n<li>Optymalna cyrkulacja powietrza;<\/li>\n<li>Zapewniaj\u0105cy zdrowy sen.<\/li>\n<\/ul>\n","protected":false},"excerpt":{"rendered":"<p>ANTYALERGICZNA BAWE\u0141NIANA KO\u0141DRA CA\u0141OROCZNA WYMIARY Ko\u0142dra wykonana z najwy\u017cszej jako\u015bci bawe\u0142ny o w\u0142a\u015bciwo\u015bciach antyalergicznych. Jest niezwykle delikatna i przyjemna w dotyku. Dzi\u0119ki swoim w\u0142a\u015bciwo\u015bciom oddychaj\u0105cym i termoregulacyjnym zapewnia komfortowy sen, uniemo\u017cliwiaj\u0105c sk\u00f3rze pocenie si\u0119. Ko\u0142dra zachowuje swoj\u0105 pierwotn\u0105 form\u0119 i elastyczno\u015b\u0107 przez ca\u0142y okres u\u017cytkowania. Najwy\u017csza Jako\u015b\u0107 Wype\u0142niona termicznie skr\u0119conymi w\u0142\u00f3knami silikonu HOLLOW, kt\u00f3re zapewniaj\u0105 jej niezr\u00f3wnan\u0105 spr\u0119\u017cysto\u015b\u0107. Zapewniaj\u0105c odpowiedni\u0105 cyrkulacj\u0119 powietrza, ko\u0142dra \u0142agodzi b\u00f3l, przyspiesza proces metaboliczny, wspomaga regeneracj\u0119, poprawia ukrwienie i rozlu\u017ania mi\u0119\u015bnie, zmniejszaj\u0105c ryzyko odle\u017cyn oraz nie wywo\u0142uj\u0105c reakcji alergicznych. Poszycie:\u00a0100% bawe\u0142na Wype\u0142nienia:\u00a0w\u0142\u00f3kna silikonowe Typ:\u00a0antyalergiczna ZALETY: Wysoki komfort podczas snu; Doskona\u0142a na ka\u017cd\u0105 por\u0119 roku; Trwa\u0142o\u015b\u0107 spr\u0119\u017cysto\u015bci; Optymalna cyrkulacja powietrza; Zapewniaj\u0105cy zdrowy sen.<\/p>\n","protected":false},"featured_media":24453,"comment_status":"closed","ping_status":"closed","template":"","meta":[],"product_brand":[],"product_cat":[144],"product_tag":[],"class_list":{"0":"post-24448","1":"product","2":"type-product","3":"status-publish","4":"has-post-thumbnail","6":"product_cat-sypialnia","7":"product_shipping_class-pl","9":"first","10":"instock","11":"taxable","12":"shipping-taxable","13":"purchasable","14":"product-type-variable","15":"has-default-attributes"},"jetpack_sharing_enabled":true,"_links":{"self":[{"href":"https:\/\/nakarnisze.pl\/index.php\/wp-json\/wp\/v2\/product\/24448","targetHints":{"allow":["GET"]}}],"collection":[{"href":"https:\/\/nakarnisze.pl\/index.php\/wp-json\/wp\/v2\/product"}],"about":[{"href":"https:\/\/nakarnisze.pl\/index.php\/wp-json\/wp\/v2\/types\/product"}],"replies":[{"embeddable":true,"href":"https:\/\/nakarnisze.pl\/index.php\/wp-json\/wp\/v2\/comments?post=24448"}],"version-history":[{"count":2,"href":"https:\/\/nakarnisze.pl\/index.php\/wp-json\/wp\/v2\/product\/24448\/revisions"}],"predecessor-version":[{"id":24455,"href":"https:\/\/nakarnisze.pl\/index.php\/wp-json\/wp\/v2\/product\/24448\/revisions\/24455"}],"wp:featuredmedia":[{"embeddable":true,"href":"https:\/\/nakarnisze.pl\/index.php\/wp-json\/wp\/v2\/media\/24453"}],"wp:attachment":[{"href":"https:\/\/nakarnisze.pl\/index.php\/wp-json\/wp\/v2\/media?parent=24448"}],"wp:term":[{"taxonomy":"product_brand","embeddable":true,"href":"https:\/\/nakarnisze.pl\/index.php\/wp-json\/wp\/v2\/product_brand?post=24448"},{"taxonomy":"product_cat","embeddable":true,"href":"https:\/\/nakarnisze.pl\/index.php\/wp-json\/wp\/v2\/product_cat?post=24448"},{"taxonomy":"product_tag","embeddable":true,"href":"https:\/\/nakarnisze.pl\/index.php\/wp-json\/wp\/v2\/product_tag?post=24448"}],"curies":[{"name":"wp","href":"https:\/\/api.w.org\/{rel}","templated":true}]}}