{"id":24464,"date":"2024-03-02T12:48:41","date_gmt":"2024-03-02T10:48:41","guid":{"rendered":"https:\/\/nakarnisze.pl\/?post_type=product&#038;p=24464"},"modified":"2024-03-04T11:23:08","modified_gmt":"2024-03-04T09:23:08","slug":"komplet-poscieli-z-bawelny-satynowej-udekorowany-falbana","status":"publish","type":"product","link":"https:\/\/nakarnisze.pl\/index.php\/komplet-poscieli-z-bawelny-satynowej-udekorowany-falbana\/","title":{"rendered":"KOMPLET PO\u015aCIELI Z BAWE\u0141NY SATYNOWEJ UDEKOROWANY FALBAN\u0104"},"content":{"rendered":"<h1>KOMPLET PO\u015aCIELI Z BAWE\u0141NY SATYNOWEJ UDEKOROWANY FALBAN\u0104<\/h1>\n<p>Komplet po\u015bcieli z bawe\u0142ny satynowej udekorowany falban\u0105 to niezb\u0119dny element ka\u017cdej stylowej sypialni. Po\u015bciel wykonana z wysokiej jako\u015bci materia\u0142u zapewnia nie tylko komfortowy sen, ale tak\u017ce <strong>dodaje wn\u0119trzu elegancji i luksusu<\/strong>. Satynowa bawe\u0142na jest <strong>mi\u0119kka w dotyku i przyjemna dla sk\u00f3ry<\/strong>, co sprawia, \u017ce sen staje si\u0119 jeszcze bardziej relaksuj\u0105cy. Dekoracyjna falbana dodaje kompletowi po\u015bcieli subtelnego uroku i sprawia, \u017ce wygl\u0105da on jeszcze bardziej wyj\u0105tkowo. <strong>Komplet sk\u0142ada si\u0119 z poszwy na ko\u0142dr\u0119 oraz poszewek na poduszki<\/strong>, dzi\u0119ki czemu \u0142atwo mo\u017cna stworzy\u0107 sp\u00f3jn\u0105 i przepi\u0119kn\u0105 kompozycj\u0119 na \u0142\u00f3\u017cku. Pozw\u00f3l sobie na chwil\u0119 luksusu i wybierz ten elegancki zestaw po\u015bcieli, kt\u00f3ry sprawi, \u017ce ka\u017cdy sen b\u0119dzie jeszcze bardziej magiczny.<\/p>\n<p><strong>Specyfikacja:<\/strong><\/p>\n<p><strong>W sk\u0142ad kompletu wchodzi:<\/strong><\/p>\n<ul>\n<li>Poszwa na ko\u0142dr\u0119<\/li>\n<li>2 x poszewka na poduszki 70 x 80 cm<\/li>\n<li>Zapi\u0119cie: zamek b\u0142yskawiczny<\/li>\n<li>Sk\u0142ad: 100% satyna bawe\u0142niana<\/li>\n<\/ul>\n<p>&nbsp;<\/p>\n","protected":false},"excerpt":{"rendered":"<p>KOMPLET PO\u015aCIELI Z BAWE\u0141NY SATYNOWEJ UDEKOROWANY FALBAN\u0104 Komplet po\u015bcieli z bawe\u0142ny satynowej udekorowany falban\u0105 to niezb\u0119dny element ka\u017cdej stylowej sypialni. Po\u015bciel wykonana z wysokiej jako\u015bci materia\u0142u zapewnia nie tylko komfortowy sen, ale tak\u017ce dodaje wn\u0119trzu elegancji i luksusu. Satynowa bawe\u0142na jest mi\u0119kka w dotyku i przyjemna dla sk\u00f3ry, co sprawia, \u017ce sen staje si\u0119 jeszcze bardziej relaksuj\u0105cy. Dekoracyjna falbana dodaje kompletowi po\u015bcieli subtelnego uroku i sprawia, \u017ce wygl\u0105da on jeszcze bardziej wyj\u0105tkowo. Komplet sk\u0142ada si\u0119 z poszwy na ko\u0142dr\u0119 oraz poszewek na poduszki, dzi\u0119ki czemu \u0142atwo mo\u017cna stworzy\u0107 sp\u00f3jn\u0105 i przepi\u0119kn\u0105 kompozycj\u0119 na \u0142\u00f3\u017cku. Pozw\u00f3l sobie na chwil\u0119 luksusu i wybierz ten elegancki zestaw po\u015bcieli, kt\u00f3ry sprawi, \u017ce ka\u017cdy sen b\u0119dzie jeszcze bardziej magiczny. Specyfikacja: W sk\u0142ad kompletu wchodzi: Poszwa na ko\u0142dr\u0119 2 x poszewka na poduszki 70 x 80 cm Zapi\u0119cie: zamek b\u0142yskawiczny Sk\u0142ad: 100% satyna bawe\u0142niana &nbsp;<\/p>\n","protected":false},"featured_media":24468,"comment_status":"closed","ping_status":"closed","template":"","meta":[],"product_brand":[],"product_cat":[144],"product_tag":[],"class_list":{"0":"post-24464","1":"product","2":"type-product","3":"status-publish","4":"has-post-thumbnail","6":"product_cat-sypialnia","7":"product_shipping_class-pl","9":"first","10":"instock","11":"taxable","12":"shipping-taxable","13":"purchasable","14":"product-type-variable","15":"has-default-attributes"},"jetpack_sharing_enabled":true,"_links":{"self":[{"href":"https:\/\/nakarnisze.pl\/index.php\/wp-json\/wp\/v2\/product\/24464","targetHints":{"allow":["GET"]}}],"collection":[{"href":"https:\/\/nakarnisze.pl\/index.php\/wp-json\/wp\/v2\/product"}],"about":[{"href":"https:\/\/nakarnisze.pl\/index.php\/wp-json\/wp\/v2\/types\/product"}],"replies":[{"embeddable":true,"href":"https:\/\/nakarnisze.pl\/index.php\/wp-json\/wp\/v2\/comments?post=24464"}],"version-history":[{"count":2,"href":"https:\/\/nakarnisze.pl\/index.php\/wp-json\/wp\/v2\/product\/24464\/revisions"}],"predecessor-version":[{"id":24483,"href":"https:\/\/nakarnisze.pl\/index.php\/wp-json\/wp\/v2\/product\/24464\/revisions\/24483"}],"wp:featuredmedia":[{"embeddable":true,"href":"https:\/\/nakarnisze.pl\/index.php\/wp-json\/wp\/v2\/media\/24468"}],"wp:attachment":[{"href":"https:\/\/nakarnisze.pl\/index.php\/wp-json\/wp\/v2\/media?parent=24464"}],"wp:term":[{"taxonomy":"product_brand","embeddable":true,"href":"https:\/\/nakarnisze.pl\/index.php\/wp-json\/wp\/v2\/product_brand?post=24464"},{"taxonomy":"product_cat","embeddable":true,"href":"https:\/\/nakarnisze.pl\/index.php\/wp-json\/wp\/v2\/product_cat?post=24464"},{"taxonomy":"product_tag","embeddable":true,"href":"https:\/\/nakarnisze.pl\/index.php\/wp-json\/wp\/v2\/product_tag?post=24464"}],"curies":[{"name":"wp","href":"https:\/\/api.w.org\/{rel}","templated":true}]}}