{"id":24712,"date":"2024-03-11T21:40:43","date_gmt":"2024-03-11T19:40:43","guid":{"rendered":"https:\/\/nakarnisze.pl\/?post_type=product&#038;p=24712"},"modified":"2025-12-12T00:28:02","modified_gmt":"2025-12-11T22:28:02","slug":"firana-gotowa-z-haftem-wykonczona-koronka-gipiurowa-400x160-cm","status":"publish","type":"product","link":"https:\/\/nakarnisze.pl\/index.php\/firana-gotowa-z-haftem-wykonczona-koronka-gipiurowa-400x160-cm\/","title":{"rendered":"FIRANA GOTOWA Z HAFTEM WYKO\u0143CZONA KORONK\u0104 GIPIUROW\u0104 400\u00d7160 CM"},"content":{"rendered":"<h2>FIRANA GOTOWA Z HAFTEM WYKO\u0143CZONA KORONK\u0104 GIPIUROW\u0104 400\u00d7160 CM<\/h2>\n<p>&nbsp;<\/p>\n<p>Firana z haftem wyko\u0144czon\u0105 koronk\u0105 gipiur\u0105 to elegancki dodatek do ka\u017cdego wn\u0119trza. Wykonana z <strong>wysokiej jako\u015bci materia\u0142\u00f3w<\/strong>, jest nie tylko <strong>praktyczna<\/strong>, ale r\u00f3wnie\u017c <strong>stylowa<\/strong>. Haftowane wzory dodaj\u0105 wn\u0119trzu <strong>subtelno\u015bci i uroku<\/strong>, a koronkowa gipiura nadaje jej <strong>delikatno\u015bci i lekko\u015bci<\/strong>. Doskonale sprawdzi si\u0119 w <strong>salonie, sypialni czy jadalni,<\/strong> tworz\u0105c przyjemn\u0105 atmosfer\u0119 i <strong>dodaj\u0105c elegancji<\/strong>. Firana ta doskonale komponuje si\u0119 zar\u00f3wno z <strong>nowoczesnymi<\/strong>, jak i <strong>klasycznymi<\/strong> aran\u017cacjami. Dzi\u0119ki starannemu wykonaniu jest trwa\u0142a i odporna na zniszczenia. Dodatkowo, <strong>\u0142atwo mo\u017cna j\u0105 utrzyma\u0107 w czysto\u015bci<\/strong>, co sprawia, \u017ce b\u0119dzie cieszy\u0107 oko przez wiele lat. Postaw na elegancj\u0119 i klasyk\u0119 w swoim wn\u0119trzu.<\/p>\n<p>&nbsp;<\/p>\n<p><b>Specyfikacja:<\/b><\/p>\n<ul>\n<li>Rozmiar: <b>\u00a0400\u00d7160 cm<\/b><\/li>\n<li>Szeroko\u015b\u0107 <strong>koronki gipiurowej<\/strong>: 15 cm<\/li>\n<li>Tkanina: sable<\/li>\n<li>Kolor: bia\u0142y<\/li>\n<li>Temperatura prania: 30\u00b0C<\/li>\n<li>Temperatura prasowania: 110\u00b0C<\/li>\n<li>Tolerancja +\/-5 cm<\/li>\n<\/ul>\n<p>&nbsp;<\/p>\n<p><b>Spos\u00f3b zawieszenia firany:<\/b><\/p>\n<p>Firana jest wyposa\u017cona we wbudowan\u0105\u00a0<b>ta\u015bm\u0119 marszcz\u0105c\u0105<\/b>\u00a0i\u00a0<b>tunel<\/b>\u00a0na karnisz. Mo\u017cesz j\u0105 \u0142atwo zawiesi\u0107 na\u00a0<b>karniszu<\/b>\u00a0lub za pomoc\u0105\u00a0<b>\u017cabek<\/b>.<\/p>\n","protected":false},"excerpt":{"rendered":"<p>FIRANA GOTOWA Z HAFTEM WYKO\u0143CZONA KORONK\u0104 GIPIUROW\u0104 400\u00d7160 CM &nbsp; Firana z haftem wyko\u0144czon\u0105 koronk\u0105 gipiur\u0105 to elegancki dodatek do ka\u017cdego wn\u0119trza. Wykonana z wysokiej jako\u015bci materia\u0142\u00f3w, jest nie tylko praktyczna, ale r\u00f3wnie\u017c stylowa. Haftowane wzory dodaj\u0105 wn\u0119trzu subtelno\u015bci i uroku, a koronkowa gipiura nadaje jej delikatno\u015bci i lekko\u015bci. Doskonale sprawdzi si\u0119 w salonie, sypialni czy jadalni, tworz\u0105c przyjemn\u0105 atmosfer\u0119 i dodaj\u0105c elegancji. Firana ta doskonale komponuje si\u0119 zar\u00f3wno z nowoczesnymi, jak i klasycznymi aran\u017cacjami. Dzi\u0119ki starannemu wykonaniu jest trwa\u0142a i odporna na zniszczenia. Dodatkowo, \u0142atwo mo\u017cna j\u0105 utrzyma\u0107 w czysto\u015bci, co sprawia, \u017ce b\u0119dzie cieszy\u0107 oko przez wiele lat. Postaw na elegancj\u0119 i klasyk\u0119 w swoim wn\u0119trzu. &nbsp; Specyfikacja: Rozmiar: \u00a0400\u00d7160 cm Szeroko\u015b\u0107 koronki gipiurowej: 15 cm Tkanina: sable Kolor: bia\u0142y Temperatura prania: 30\u00b0C Temperatura prasowania: 110\u00b0C Tolerancja +\/-5 cm &nbsp; Spos\u00f3b zawieszenia firany: Firana jest wyposa\u017cona we wbudowan\u0105\u00a0ta\u015bm\u0119 marszcz\u0105c\u0105\u00a0i\u00a0tunel\u00a0na karnisz. Mo\u017cesz j\u0105 \u0142atwo zawiesi\u0107 na\u00a0karniszu\u00a0lub za pomoc\u0105\u00a0\u017cabek.<\/p>\n","protected":false},"featured_media":34175,"comment_status":"closed","ping_status":"closed","template":"","meta":[],"product_brand":[],"product_cat":[552,137],"product_tag":[],"class_list":{"0":"post-24712","1":"product","2":"type-product","3":"status-publish","4":"has-post-thumbnail","6":"product_cat-firany-na-tasmie","7":"product_cat-firany","8":"product_shipping_class-pl","10":"first","11":"outofstock","12":"taxable","13":"shipping-taxable","14":"purchasable","15":"product-type-variable","16":"has-default-attributes"},"jetpack_sharing_enabled":true,"_links":{"self":[{"href":"https:\/\/nakarnisze.pl\/index.php\/wp-json\/wp\/v2\/product\/24712","targetHints":{"allow":["GET"]}}],"collection":[{"href":"https:\/\/nakarnisze.pl\/index.php\/wp-json\/wp\/v2\/product"}],"about":[{"href":"https:\/\/nakarnisze.pl\/index.php\/wp-json\/wp\/v2\/types\/product"}],"replies":[{"embeddable":true,"href":"https:\/\/nakarnisze.pl\/index.php\/wp-json\/wp\/v2\/comments?post=24712"}],"version-history":[{"count":6,"href":"https:\/\/nakarnisze.pl\/index.php\/wp-json\/wp\/v2\/product\/24712\/revisions"}],"predecessor-version":[{"id":34178,"href":"https:\/\/nakarnisze.pl\/index.php\/wp-json\/wp\/v2\/product\/24712\/revisions\/34178"}],"wp:featuredmedia":[{"embeddable":true,"href":"https:\/\/nakarnisze.pl\/index.php\/wp-json\/wp\/v2\/media\/34175"}],"wp:attachment":[{"href":"https:\/\/nakarnisze.pl\/index.php\/wp-json\/wp\/v2\/media?parent=24712"}],"wp:term":[{"taxonomy":"product_brand","embeddable":true,"href":"https:\/\/nakarnisze.pl\/index.php\/wp-json\/wp\/v2\/product_brand?post=24712"},{"taxonomy":"product_cat","embeddable":true,"href":"https:\/\/nakarnisze.pl\/index.php\/wp-json\/wp\/v2\/product_cat?post=24712"},{"taxonomy":"product_tag","embeddable":true,"href":"https:\/\/nakarnisze.pl\/index.php\/wp-json\/wp\/v2\/product_tag?post=24712"}],"curies":[{"name":"wp","href":"https:\/\/api.w.org\/{rel}","templated":true}]}}