{"id":24745,"date":"2024-03-12T20:08:02","date_gmt":"2024-03-12T18:08:02","guid":{"rendered":"https:\/\/nakarnisze.pl\/?post_type=product&#038;p=24745"},"modified":"2025-03-31T15:05:20","modified_gmt":"2025-03-31T13:05:20","slug":"firana-gotowa-batyst-czarny-ze-srebrnymi-drobinkami","status":"publish","type":"product","link":"https:\/\/nakarnisze.pl\/index.php\/firana-gotowa-batyst-czarny-ze-srebrnymi-drobinkami\/","title":{"rendered":"FIRANA GOTOWA BATYST CZARNY ZE SREBRNYMI DROBINKAMI"},"content":{"rendered":"<h2>FIRANA GOTOWA BATYST CZARNY ZE SREBRNYMI DROBINKAMI<\/h2>\n<p>&nbsp;<\/p>\n<p>Wyj\u0105tkowa firana wykonana z <strong>delikatnego materia\u0142u batyst<\/strong> w kolorze czarnym, ozdobiona srebrnymi drobinkami. Ta <strong>elegancka i stylowa <\/strong>firana\u00a0doskonale uzupe\u0142ni wystr\u00f3j Twojego wn\u0119trza, nadaj\u0105c mu <strong>luksusowego charakteru<\/strong>. Dzi\u0119ki swojej <strong>uniwersalnej<\/strong> kolorystyce i wyj\u0105tkowemu wzorowi, idealnie pasuje zar\u00f3wno do<strong> nowoczesnych<\/strong>, jak i <strong>klasycznych<\/strong> aran\u017cacji. <strong>Wysoka jako\u015b\u0107 materia\u0142u<\/strong> gwarantuje trwa\u0142o\u015b\u0107 i odporno\u015b\u0107 na uszkodzenia, co sprawia, \u017ce firana b\u0119dzie pi\u0119knie prezentowa\u0107 si\u0119 przez wiele lat. Dodatkowo, <strong>srebrne drobinki<\/strong> dodaj\u0105 jej wyj\u0105tkowego blasku i subtelnie o\u017cywiaj\u0105 ca\u0142\u0105 przestrze\u0144. Firana ze srebrnymi drobinkami to doskona\u0142y wyb\u00f3r dla os\u00f3b ceni\u0105cych sobie <strong>elegancj\u0119<\/strong> i nowoczesny styl we wn\u0119trzu.<\/p>\n<p>&nbsp;<\/p>\n<div class=\"mpof_ki myre_zn myre_8v_l m389_6m_l\">\n<div class=\"mp4t_16_s mryx_16_s mr3m_1 mli2_1 mh85_56 mh85_0_l\">\n<div class=\"mgn2_16 _0d3bd_am0a-\">\n<div class=\"mpof_ki myre_zn myre_8v_l m389_6m_l\">\n<div class=\"mp4t_16_s mryx_16_s mr3m_1 mli2_1 mh85_56 mh85_0_l\">\n<div class=\"mgn2_16 _0d3bd_am0a-\">\n<p><b>SPECYFIKACJA:<\/b><\/p>\n<ul>\n<li>Szeroko\u015b\u0107: <strong>300<\/strong><b>\u00a0cm \u2013 szeroko\u015b\u0107 ca\u0142kowita zas\u0142ony<\/b><\/li>\n<li>D\u0142ugo\u015b\u0107:\u00a0 <strong>180, 185, 190, 195, 200, 205, 210, 215, 220, 225, 230, 235, 240, 245, 250, 255, 260, 265, 270, 275, 280\u00a0cm<\/strong><b>\u00a0\u2013 d\u0142ugo\u015b\u0107 ca\u0142kowita zas\u0142ony<\/b><\/li>\n<li>Kolor: czarny ze srebrnymi drobinkami<\/li>\n<li>Materia\u0142:\u00a0batyst, lu\u017ano tkana przypominaj\u0105ca LEN &#8211; P\u0141\u00d3TNO<\/li>\n<li>Tkanina: poliester 100%<\/li>\n<li>Spos\u00f3b zawieszenia: przezroczysta ta\u015bma marszcz\u0105ca na \u017cabki, haczyki lub tunel na cienk\u0105 rurk\u0119 karnisza<\/li>\n<li>Wysoko\u015b\u0107 ta\u015bmy marszcz\u0105cej: <strong>6\u00a0cm<\/strong><\/li>\n<li>Pranie: temp. max 30\u00b0C<\/li>\n<li>Prasowanie: temp. max 200\u00b0C<\/li>\n<li>Przepuszczalno\u015b\u0107 promieni s\u0142onecznych: niska-zerowa<\/li>\n<li><b>Po powieszeniu na mokro nie wymaga prasowania<\/b><\/li>\n<\/ul>\n<\/div>\n<\/div>\n<\/div>\n<div class=\"mpof_ki myre_zn myre_8v_l m389_6m_l\">\n<div class=\"mp4t_16_s mryx_16_s mr3m_1 mli2_1 mh85_56 mh85_0_l\">\n<div class=\"mgn2_16 _0d3bd_am0a-\">\n<p>&nbsp;<\/p>\n<\/div>\n<\/div>\n<\/div>\n<\/div>\n<\/div>\n<\/div>\n","protected":false},"excerpt":{"rendered":"<p>FIRANA GOTOWA BATYST CZARNY ZE SREBRNYMI DROBINKAMI &nbsp; Wyj\u0105tkowa firana wykonana z delikatnego materia\u0142u batyst w kolorze czarnym, ozdobiona srebrnymi drobinkami. Ta elegancka i stylowa firana\u00a0doskonale uzupe\u0142ni wystr\u00f3j Twojego wn\u0119trza, nadaj\u0105c mu luksusowego charakteru. Dzi\u0119ki swojej uniwersalnej kolorystyce i wyj\u0105tkowemu wzorowi, idealnie pasuje zar\u00f3wno do nowoczesnych, jak i klasycznych aran\u017cacji. Wysoka jako\u015b\u0107 materia\u0142u gwarantuje trwa\u0142o\u015b\u0107 i odporno\u015b\u0107 na uszkodzenia, co sprawia, \u017ce firana b\u0119dzie pi\u0119knie prezentowa\u0107 si\u0119 przez wiele lat. Dodatkowo, srebrne drobinki dodaj\u0105 jej wyj\u0105tkowego blasku i subtelnie o\u017cywiaj\u0105 ca\u0142\u0105 przestrze\u0144. Firana ze srebrnymi drobinkami to doskona\u0142y wyb\u00f3r dla os\u00f3b ceni\u0105cych sobie elegancj\u0119 i nowoczesny styl we wn\u0119trzu. &nbsp; SPECYFIKACJA: Szeroko\u015b\u0107: 300\u00a0cm \u2013 szeroko\u015b\u0107 ca\u0142kowita zas\u0142ony D\u0142ugo\u015b\u0107:\u00a0 180, 185, 190, 195, 200, 205, 210, 215, 220, 225, 230, 235, 240, 245, 250, 255, 260, 265, 270, 275, 280\u00a0cm\u00a0\u2013 d\u0142ugo\u015b\u0107 ca\u0142kowita zas\u0142ony Kolor: czarny ze srebrnymi drobinkami Materia\u0142:\u00a0batyst, lu\u017ano tkana przypominaj\u0105ca LEN &#8211; P\u0141\u00d3TNO Tkanina: poliester 100% Spos\u00f3b zawieszenia: przezroczysta ta\u015bma marszcz\u0105ca na \u017cabki, haczyki lub tunel na cienk\u0105 rurk\u0119 karnisza Wysoko\u015b\u0107 ta\u015bmy marszcz\u0105cej: 6\u00a0cm Pranie: temp. max 30\u00b0C Prasowanie: temp. max 200\u00b0C Przepuszczalno\u015b\u0107 promieni s\u0142onecznych: niska-zerowa Po powieszeniu na mokro nie wymaga prasowania &nbsp;<\/p>\n","protected":false},"featured_media":24746,"comment_status":"closed","ping_status":"closed","template":"","meta":[],"product_brand":[],"product_cat":[552,137],"product_tag":[],"class_list":{"0":"post-24745","1":"product","2":"type-product","3":"status-publish","4":"has-post-thumbnail","6":"product_cat-firany-na-tasmie","7":"product_cat-firany","8":"product_shipping_class-pl","10":"first","11":"outofstock","12":"taxable","13":"shipping-taxable","14":"purchasable","15":"product-type-variable"},"jetpack_sharing_enabled":true,"_links":{"self":[{"href":"https:\/\/nakarnisze.pl\/index.php\/wp-json\/wp\/v2\/product\/24745","targetHints":{"allow":["GET"]}}],"collection":[{"href":"https:\/\/nakarnisze.pl\/index.php\/wp-json\/wp\/v2\/product"}],"about":[{"href":"https:\/\/nakarnisze.pl\/index.php\/wp-json\/wp\/v2\/types\/product"}],"replies":[{"embeddable":true,"href":"https:\/\/nakarnisze.pl\/index.php\/wp-json\/wp\/v2\/comments?post=24745"}],"version-history":[{"count":8,"href":"https:\/\/nakarnisze.pl\/index.php\/wp-json\/wp\/v2\/product\/24745\/revisions"}],"predecessor-version":[{"id":24921,"href":"https:\/\/nakarnisze.pl\/index.php\/wp-json\/wp\/v2\/product\/24745\/revisions\/24921"}],"wp:featuredmedia":[{"embeddable":true,"href":"https:\/\/nakarnisze.pl\/index.php\/wp-json\/wp\/v2\/media\/24746"}],"wp:attachment":[{"href":"https:\/\/nakarnisze.pl\/index.php\/wp-json\/wp\/v2\/media?parent=24745"}],"wp:term":[{"taxonomy":"product_brand","embeddable":true,"href":"https:\/\/nakarnisze.pl\/index.php\/wp-json\/wp\/v2\/product_brand?post=24745"},{"taxonomy":"product_cat","embeddable":true,"href":"https:\/\/nakarnisze.pl\/index.php\/wp-json\/wp\/v2\/product_cat?post=24745"},{"taxonomy":"product_tag","embeddable":true,"href":"https:\/\/nakarnisze.pl\/index.php\/wp-json\/wp\/v2\/product_tag?post=24745"}],"curies":[{"name":"wp","href":"https:\/\/api.w.org\/{rel}","templated":true}]}}