{"id":25060,"date":"2024-03-15T09:22:00","date_gmt":"2024-03-15T07:22:00","guid":{"rendered":"https:\/\/nakarnisze.pl\/?post_type=product&#038;p=25060"},"modified":"2025-10-12T00:00:02","modified_gmt":"2025-10-11T22:00:02","slug":"firana-gotowa-grecki-tiul-siatka-plaster-miodu-snieznobiala","status":"publish","type":"product","link":"https:\/\/nakarnisze.pl\/index.php\/firana-gotowa-grecki-tiul-siatka-plaster-miodu-snieznobiala\/","title":{"rendered":"FIRANA GOTOWA GRECKI TIUL SIATKA PLASTER MIODU \u015aNIE\u017bNOBIA\u0141A"},"content":{"rendered":"<h2>FIRANA GOTOWA GRECKI TIUL SIATKA PLASTER MIODU \u015aNIE\u017bNOBIA\u0141A<\/h2>\n<p>Firana gotowa wykonana z tiulu w delikatnym wzorze <strong>siatki<\/strong> przypominaj\u0105cym <strong>plaster miodu<\/strong> to efektowna, <strong>\u015bnie\u017cnobia\u0142a<\/strong> firanka idealna do ka\u017cdego wn\u0119trza, dodaj\u0105ca mu <strong>elegancji i lekko\u015bci<\/strong>. Dzi\u0119ki <strong>uniwersalnemu<\/strong> designowi pasuje zar\u00f3wno do nowoczesnych, jak i klasycznych aran\u017cacji. Mi\u0119kki materia\u0142 gwarantuje <strong>subtelne<\/strong>, lekkie opadanie firany, tworz\u0105c przytuln\u0105 <strong>atmosfer\u0119<\/strong> we wn\u0119trzu. Firana jest <strong>gotowa<\/strong> do zawieszenia, co sprawia, \u017ce jej monta\u017c jest <strong>szybki i prosty<\/strong>. Doskona\u0142a do sypialni, salonu, czy jadalni, nadaj\u0105c pomieszczeniu <strong>subtelny<\/strong> charakter. Zachwy\u0107 si\u0119 niezwyk\u0142\u0105<strong> lekko\u015bci\u0105 i delikatno\u015bci\u0105<\/strong> firany, kt\u00f3ra sprawi, \u017ce Twoje wn\u0119trze nabierze nowego uroku i elegancji.<\/p>\n<p><b>SPECYFIKACJA:<\/b><\/p>\n<ul>\n<li>Szeroko\u015b\u0107: <strong>300<\/strong><b>\u00a0cm \u2013 szeroko\u015b\u0107 ca\u0142kowita zas\u0142ony<\/b><\/li>\n<li>D\u0142ugo\u015b\u0107:\u00a0 <strong>150, 155, 160, 165, 170, 175, 180, 185, 190, 195, 200, 205, 210, 215, 220, 225, 230, 235, 240, 245, 250, \u00a0255, 260, 265, 270, 275, 280 cm<\/strong><b>\u00a0\u2013 d\u0142ugo\u015b\u0107 ca\u0142kowita zas\u0142ony<\/b><\/li>\n<li>Kolor: \u015bnie\u017cnobia\u0142y<\/li>\n<li>Materia\u0142: tiul grecki, siatka o strukturze plastra miodu<\/li>\n<li>Tkanina: poliester 100%<\/li>\n<li>Spos\u00f3b zawieszenia: tunel<\/li>\n<li>Pranie: temp. max 30\u00b0C<\/li>\n<li>Prasowanie: temp. max 200\u00b0C<\/li>\n<li>Przepuszczalno\u015b\u0107 promieni s\u0142onecznych: niska-zerowa<\/li>\n<\/ul>\n<p><b>CENA DOTYCZY 1 SZT<\/b><\/p>\n<p><strong>Firana na zam\u00f3wienie &#8211; brak mo\u017cliwo\u015bci zwrotu innych d\u0142ugo\u015bci opr\u00f3cz 280 cm<\/strong><\/p>\n","protected":false},"excerpt":{"rendered":"<p>FIRANA GOTOWA GRECKI TIUL SIATKA PLASTER MIODU \u015aNIE\u017bNOBIA\u0141A Firana gotowa wykonana z tiulu w delikatnym wzorze siatki przypominaj\u0105cym plaster miodu to efektowna, \u015bnie\u017cnobia\u0142a firanka idealna do ka\u017cdego wn\u0119trza, dodaj\u0105ca mu elegancji i lekko\u015bci. Dzi\u0119ki uniwersalnemu designowi pasuje zar\u00f3wno do nowoczesnych, jak i klasycznych aran\u017cacji. Mi\u0119kki materia\u0142 gwarantuje subtelne, lekkie opadanie firany, tworz\u0105c przytuln\u0105 atmosfer\u0119 we wn\u0119trzu. Firana jest gotowa do zawieszenia, co sprawia, \u017ce jej monta\u017c jest szybki i prosty. Doskona\u0142a do sypialni, salonu, czy jadalni, nadaj\u0105c pomieszczeniu subtelny charakter. Zachwy\u0107 si\u0119 niezwyk\u0142\u0105 lekko\u015bci\u0105 i delikatno\u015bci\u0105 firany, kt\u00f3ra sprawi, \u017ce Twoje wn\u0119trze nabierze nowego uroku i elegancji. SPECYFIKACJA: Szeroko\u015b\u0107: 300\u00a0cm \u2013 szeroko\u015b\u0107 ca\u0142kowita zas\u0142ony D\u0142ugo\u015b\u0107:\u00a0 150, 155, 160, 165, 170, 175, 180, 185, 190, 195, 200, 205, 210, 215, 220, 225, 230, 235, 240, 245, 250, \u00a0255, 260, 265, 270, 275, 280 cm\u00a0\u2013 d\u0142ugo\u015b\u0107 ca\u0142kowita zas\u0142ony Kolor: \u015bnie\u017cnobia\u0142y Materia\u0142: tiul grecki, siatka o strukturze plastra miodu Tkanina: poliester 100% Spos\u00f3b zawieszenia: tunel Pranie: temp. max 30\u00b0C Prasowanie: temp. max 200\u00b0C Przepuszczalno\u015b\u0107 promieni s\u0142onecznych: niska-zerowa CENA DOTYCZY 1 SZT Firana na zam\u00f3wienie &#8211; brak mo\u017cliwo\u015bci zwrotu innych d\u0142ugo\u015bci opr\u00f3cz 280 cm<\/p>\n","protected":false},"featured_media":25061,"comment_status":"closed","ping_status":"closed","template":"","meta":[],"product_brand":[],"product_cat":[552,137],"product_tag":[],"class_list":{"0":"post-25060","1":"product","2":"type-product","3":"status-publish","4":"has-post-thumbnail","6":"product_cat-firany-na-tasmie","7":"product_cat-firany","8":"product_shipping_class-pl","10":"first","11":"instock","12":"taxable","13":"shipping-taxable","14":"purchasable","15":"product-type-variable","16":"has-default-attributes"},"jetpack_sharing_enabled":true,"_links":{"self":[{"href":"https:\/\/nakarnisze.pl\/index.php\/wp-json\/wp\/v2\/product\/25060","targetHints":{"allow":["GET"]}}],"collection":[{"href":"https:\/\/nakarnisze.pl\/index.php\/wp-json\/wp\/v2\/product"}],"about":[{"href":"https:\/\/nakarnisze.pl\/index.php\/wp-json\/wp\/v2\/types\/product"}],"replies":[{"embeddable":true,"href":"https:\/\/nakarnisze.pl\/index.php\/wp-json\/wp\/v2\/comments?post=25060"}],"version-history":[{"count":3,"href":"https:\/\/nakarnisze.pl\/index.php\/wp-json\/wp\/v2\/product\/25060\/revisions"}],"predecessor-version":[{"id":25549,"href":"https:\/\/nakarnisze.pl\/index.php\/wp-json\/wp\/v2\/product\/25060\/revisions\/25549"}],"wp:featuredmedia":[{"embeddable":true,"href":"https:\/\/nakarnisze.pl\/index.php\/wp-json\/wp\/v2\/media\/25061"}],"wp:attachment":[{"href":"https:\/\/nakarnisze.pl\/index.php\/wp-json\/wp\/v2\/media?parent=25060"}],"wp:term":[{"taxonomy":"product_brand","embeddable":true,"href":"https:\/\/nakarnisze.pl\/index.php\/wp-json\/wp\/v2\/product_brand?post=25060"},{"taxonomy":"product_cat","embeddable":true,"href":"https:\/\/nakarnisze.pl\/index.php\/wp-json\/wp\/v2\/product_cat?post=25060"},{"taxonomy":"product_tag","embeddable":true,"href":"https:\/\/nakarnisze.pl\/index.php\/wp-json\/wp\/v2\/product_tag?post=25060"}],"curies":[{"name":"wp","href":"https:\/\/api.w.org\/{rel}","templated":true}]}}