{"id":26025,"date":"2024-06-16T09:59:52","date_gmt":"2024-06-16T07:59:52","guid":{"rendered":"https:\/\/nakarnisze.pl\/?post_type=product&#038;p=26025"},"modified":"2025-06-17T17:32:01","modified_gmt":"2025-06-17T15:32:01","slug":"firana-gotowa-z-haftem-zdobiona-gipiura-w-kwiaty-300x100-cm","status":"publish","type":"product","link":"https:\/\/nakarnisze.pl\/index.php\/firana-gotowa-z-haftem-zdobiona-gipiura-w-kwiaty-300x100-cm\/","title":{"rendered":"FIRANA GOTOWA Z HAFTEM ZDOBIONA GIPIUR\u0104 W KWIATY 300X100 CM"},"content":{"rendered":"<h1>FIRANA GOTOWA Z HAFTEM ZDOBIONA GIPIUR\u0104 W KWIATY 300X100 CM<\/h1>\n<div class=\"content user-select-text\" tabindex=\"0\" role=\"heading\" aria-level=\"6\" aria-description=\"\" aria-label=\"Wys\u0142ane przez Copilot: Odkryj elegancj\u0119 i subtelno\u015b\u0107, jak\u0105 wnosi do wn\u0119trza Firana Haftowana Zdobiona Gipiur\u0105 w Kwiaty. Ta wyj\u0105tkowa firana, wykonana z wysokiej jako\u015bci markizety, zapewnia delikatne rozproszenie \u015bwiat\u0142a, tworz\u0105c przytuln\u0105 atmosfer\u0119 w ka\u017cdym pomieszczeniu. Wymiary 300x100 cm idealnie pasuj\u0105 do wi\u0119kszo\u015bci okien, a haftowane kwiaty dodaj\u0105 unikalnego charakteru i uroku. Gipiura, zdobi\u0105ca doln\u0105 cz\u0119\u015b\u0107 firany, wprowadza element luksusu i wyrafinowania. Firana jest \u0142atwa w monta\u017cu dzi\u0119ki praktycznej ta\u015bmie marszcz\u0105cej, kt\u00f3ra pozwala na r\u00f3wnomierne u\u0142o\u017cenie materia\u0142u. Jest to produkt, kt\u00f3ry \u0142\u0105czy w sobie funkcjonalno\u015b\u0107 z estetyk\u0105, idealny dla tych, kt\u00f3rzy ceni\u0105 sobie detale i jako\u015b\u0107 wykonania. Zapewnij sobie i swoim bliskim poczucie prywatno\u015bci bez rezygnacji z naturalnego \u015bwiat\u0142a dzi\u0119ki tej pi\u0119knej firanie haftowanej zdobionej gipiur\u0105 w kwiaty.\">\n<div class=\"ac-container ac-adaptiveCard has-image\">\n<div class=\"ac-textBlock\">\n<p>Odkryj elegancj\u0119 i subtelno\u015b\u0107, jak\u0105 wnosi do wn\u0119trza nasza firana <strong>gotowa<\/strong> z <strong>haftem<\/strong>. Ta wyj\u0105tkowa firana, wykonana z wysokiej jako\u015bci <strong>markizety<\/strong>, zapewnia <strong>delikatne rozproszenie \u015bwiat\u0142a<\/strong>, tworz\u0105c <strong>przytuln\u0105<\/strong> atmosfer\u0119 w ka\u017cdym pomieszczeniu.<\/p>\n<p>Wymiary 300&#215;100 cm idealnie pasuj\u0105 do wi\u0119kszo\u015bci okien, a <strong>haftowane kwiaty<\/strong> dodaj\u0105 unikalnego charakteru i uroku. <strong>Gipiura<\/strong>, zdobi\u0105ca doln\u0105 cz\u0119\u015b\u0107 firany, wprowadza element <strong>luksusu i wyrafinowania<\/strong>.<\/p>\n<p>Firana jest <strong>\u0142atwa w monta\u017cu<\/strong> dzi\u0119ki praktycznej <strong>ta\u015bmie marszcz\u0105cej<\/strong>, kt\u00f3ra pozwala na r\u00f3wnomierne u\u0142o\u017cenie materia\u0142u. Jest to produkt, kt\u00f3ry \u0142\u0105czy w sobie <strong>funkcjonalno\u015b\u0107<\/strong> z <strong>estetyk\u0105<\/strong>, idealny dla tych, kt\u00f3rzy ceni\u0105 sobie detale i <strong>jako\u015b\u0107<\/strong> <strong>wykonania<\/strong>.<\/p>\n<p>Zapewnij sobie i swoim bliskim <strong>poczucie prywatno\u015bci<\/strong> bez rezygnacji z naturalnego \u015bwiat\u0142a dzi\u0119ki tej pi\u0119knej firanie haftowanej zdobionej gipiur\u0105 w kwiaty.<\/p>\n<p><b>Specyfikacja:<\/b><\/p>\n<ul>\n<li>Rozmiar:\u00a0<b> 300&#215;100 cm<\/b><\/li>\n<li>Tkanina: <b>markizeta<\/b><\/li>\n<li>Spos\u00f3b monta\u017cu: <b>\u017cabki, haczyki, karnisz rurkowy<\/b><\/li>\n<li>Polecana na karnisz: od 180 do 350 cm<\/li>\n<li>Temp. prania: 30\u00b0C<\/li>\n<li>Temp. prasowania: 110\u00b0C<\/li>\n<\/ul>\n<\/div>\n<\/div>\n<\/div>\n<p>&nbsp;<\/p>\n","protected":false},"excerpt":{"rendered":"<p>FIRANA GOTOWA Z HAFTEM ZDOBIONA GIPIUR\u0104 W KWIATY 300X100 CM Odkryj elegancj\u0119 i subtelno\u015b\u0107, jak\u0105 wnosi do wn\u0119trza nasza firana gotowa z haftem. Ta wyj\u0105tkowa firana, wykonana z wysokiej jako\u015bci markizety, zapewnia delikatne rozproszenie \u015bwiat\u0142a, tworz\u0105c przytuln\u0105 atmosfer\u0119 w ka\u017cdym pomieszczeniu. Wymiary 300&#215;100 cm idealnie pasuj\u0105 do wi\u0119kszo\u015bci okien, a haftowane kwiaty dodaj\u0105 unikalnego charakteru i uroku. Gipiura, zdobi\u0105ca doln\u0105 cz\u0119\u015b\u0107 firany, wprowadza element luksusu i wyrafinowania. Firana jest \u0142atwa w monta\u017cu dzi\u0119ki praktycznej ta\u015bmie marszcz\u0105cej, kt\u00f3ra pozwala na r\u00f3wnomierne u\u0142o\u017cenie materia\u0142u. Jest to produkt, kt\u00f3ry \u0142\u0105czy w sobie funkcjonalno\u015b\u0107 z estetyk\u0105, idealny dla tych, kt\u00f3rzy ceni\u0105 sobie detale i jako\u015b\u0107 wykonania. Zapewnij sobie i swoim bliskim poczucie prywatno\u015bci bez rezygnacji z naturalnego \u015bwiat\u0142a dzi\u0119ki tej pi\u0119knej firanie haftowanej zdobionej gipiur\u0105 w kwiaty. Specyfikacja: Rozmiar:\u00a0 300&#215;100 cm Tkanina: markizeta Spos\u00f3b monta\u017cu: \u017cabki, haczyki, karnisz rurkowy Polecana na karnisz: od 180 do 350 cm Temp. prania: 30\u00b0C Temp. prasowania: 110\u00b0C &nbsp;<\/p>\n","protected":false},"featured_media":27612,"comment_status":"closed","ping_status":"closed","template":"","meta":[],"product_brand":[],"product_cat":[137,552],"product_tag":[],"class_list":{"0":"post-26025","1":"product","2":"type-product","3":"status-publish","4":"has-post-thumbnail","6":"product_cat-firany","7":"product_cat-firany-na-tasmie","8":"product_shipping_class-pl","10":"first","11":"outofstock","12":"taxable","13":"shipping-taxable","14":"purchasable","15":"product-type-simple"},"jetpack_sharing_enabled":true,"_links":{"self":[{"href":"https:\/\/nakarnisze.pl\/index.php\/wp-json\/wp\/v2\/product\/26025","targetHints":{"allow":["GET"]}}],"collection":[{"href":"https:\/\/nakarnisze.pl\/index.php\/wp-json\/wp\/v2\/product"}],"about":[{"href":"https:\/\/nakarnisze.pl\/index.php\/wp-json\/wp\/v2\/types\/product"}],"replies":[{"embeddable":true,"href":"https:\/\/nakarnisze.pl\/index.php\/wp-json\/wp\/v2\/comments?post=26025"}],"version-history":[{"count":3,"href":"https:\/\/nakarnisze.pl\/index.php\/wp-json\/wp\/v2\/product\/26025\/revisions"}],"predecessor-version":[{"id":27611,"href":"https:\/\/nakarnisze.pl\/index.php\/wp-json\/wp\/v2\/product\/26025\/revisions\/27611"}],"wp:featuredmedia":[{"embeddable":true,"href":"https:\/\/nakarnisze.pl\/index.php\/wp-json\/wp\/v2\/media\/27612"}],"wp:attachment":[{"href":"https:\/\/nakarnisze.pl\/index.php\/wp-json\/wp\/v2\/media?parent=26025"}],"wp:term":[{"taxonomy":"product_brand","embeddable":true,"href":"https:\/\/nakarnisze.pl\/index.php\/wp-json\/wp\/v2\/product_brand?post=26025"},{"taxonomy":"product_cat","embeddable":true,"href":"https:\/\/nakarnisze.pl\/index.php\/wp-json\/wp\/v2\/product_cat?post=26025"},{"taxonomy":"product_tag","embeddable":true,"href":"https:\/\/nakarnisze.pl\/index.php\/wp-json\/wp\/v2\/product_tag?post=26025"}],"curies":[{"name":"wp","href":"https:\/\/api.w.org\/{rel}","templated":true}]}}