{"id":26085,"date":"2024-06-23T11:40:48","date_gmt":"2024-06-23T09:40:48","guid":{"rendered":"https:\/\/nakarnisze.pl\/?post_type=product&#038;p=26085"},"modified":"2025-03-25T16:23:37","modified_gmt":"2025-03-25T14:23:37","slug":"zestaw-dekoracyjny-z-cyrkoniami-i-koralikami-200x150","status":"publish","type":"product","link":"https:\/\/nakarnisze.pl\/index.php\/zestaw-dekoracyjny-z-cyrkoniami-i-koralikami-200x150\/","title":{"rendered":"ZESTAW DEKORACYJNY Z CYRKONIAMI I KORALIKAMI 200X150"},"content":{"rendered":"<h1>ZESTAW DEKORACYJNY Z CYRKONIAMI I KORALIKAMI 200X150<\/h1>\n<div class=\"content user-select-text\" tabindex=\"0\" role=\"heading\" aria-level=\"6\" aria-description=\"\" aria-label=\"Wys\u0142ane przez Copilot: Zestaw dekoracyjny o wymiarach 200x150 cm to po\u0142\u0105czenie elegancji i wyrafinowania. G\u00f3ra firany wykonana jest z materia\u0142u stretch panama, ozdobiona kwiatowym wzorem, natomiast dolna cz\u0119\u015b\u0107 z bia\u0142ego, g\u0142adkiego woalu. \u0141\u0105czenie materia\u0142\u00f3w ozdobione jest ta\u015bm\u0105 z cyrkoniami, a boki i d\u00f3\u0142 firany wyko\u0144czone s\u0105 bia\u0142\u0105 lam\u00f3wk\u0105. Firana jest uszyta na ta\u015bmie marszcz\u0105cej i posiada tunel na karnisz rurkowy. W zestawie znajdziesz r\u00f3wnie\u017c odpinane koraliki, kt\u00f3re mo\u017cna zdj\u0105\u0107 przed praniem. Produkt jest \u0142atwy w utrzymaniu i piel\u0119gnacji \u2013 pra\u0107 w pralce w temperaturze 30\u00b0C, nie wybiela\u0107, nie suszy\u0107 w pralko-suszarce, nie pra\u0107 chemicznie. To doskona\u0142y wyb\u00f3r dla tych, kt\u00f3rzy ceni\u0105 sobie detale i jako\u015b\u0107 wykonania[^1^] [^2^].\">\n<div class=\"ac-container ac-adaptiveCard has-image\">\n<div class=\"ac-textBlock\">\n<p>Zestaw dekoracyjny o wymiarach <strong>200&#215;150 cm<\/strong> to po\u0142\u0105czenie <strong>elegancji i wyrafinowania<\/strong>. G\u00f3ra firany wykonana jest z materia\u0142u <strong>stretch<\/strong> <strong>panama<\/strong>, ozdobiona <strong>wzorem w listki<\/strong>, natomiast dolna cz\u0119\u015b\u0107 z <strong>bia\u0142ego, g\u0142adkiego woalu<\/strong>. \u0141\u0105czenie materia\u0142\u00f3w ozdobione jest <strong>ta\u015bm\u0105 z cyrkoniami<\/strong>, a boki i d\u00f3\u0142 firany wyko\u0144czone s\u0105 <strong>bia\u0142\u0105 lam\u00f3wk\u0105<\/strong>. Firana jest uszyta na <strong>ta\u015bmie marszcz\u0105cej<\/strong> i posiada tunel na karnisz rurkowy. W zestawie znajdziesz r\u00f3wnie\u017c <strong>odpinane koraliki<\/strong>, kt\u00f3re mo\u017cna zdj\u0105\u0107 przed praniem. Produkt jest <strong>\u0142atwy w utrzymaniu<\/strong> <strong>i piel\u0119gnacji<\/strong>. To doskona\u0142y wyb\u00f3r dla tych, kt\u00f3rzy ceni\u0105 sobie <strong>detale i jako\u015b\u0107 wykonania.<\/strong><\/p>\n<p><b>Specyfikacja:<\/b><\/p>\n<ul>\n<li><b>wymiary firany (1 szt.):<\/b><\/li>\n<li>Szeroko\u015b\u0107: <strong>200 cm<\/strong> &#8211; firana nie wymaga marszczenia<\/li>\n<li>Wysoko\u015b\u0107: <strong>150 cm<\/strong><\/li>\n<li>Materia\u0142: <strong>woal, panama stretch<\/strong><\/li>\n<li>Kolor: bia\u0142y, zielony<\/li>\n<li>Sk\u0142ad: 100% poliester<\/li>\n<li>Spos\u00f3b zawieszenia: ta\u015bma marszcz\u0105ca, tunel, \u017cabki<\/li>\n<li>W zestawie: odpinane koraliki (nale\u017cy zdejmowa\u0107 do prania)<\/li>\n<\/ul>\n<p>&nbsp;<\/p>\n<\/div>\n<\/div>\n<\/div>\n","protected":false},"excerpt":{"rendered":"<p>ZESTAW DEKORACYJNY Z CYRKONIAMI I KORALIKAMI 200X150 Zestaw dekoracyjny o wymiarach 200&#215;150 cm to po\u0142\u0105czenie elegancji i wyrafinowania. G\u00f3ra firany wykonana jest z materia\u0142u stretch panama, ozdobiona wzorem w listki, natomiast dolna cz\u0119\u015b\u0107 z bia\u0142ego, g\u0142adkiego woalu. \u0141\u0105czenie materia\u0142\u00f3w ozdobione jest ta\u015bm\u0105 z cyrkoniami, a boki i d\u00f3\u0142 firany wyko\u0144czone s\u0105 bia\u0142\u0105 lam\u00f3wk\u0105. Firana jest uszyta na ta\u015bmie marszcz\u0105cej i posiada tunel na karnisz rurkowy. W zestawie znajdziesz r\u00f3wnie\u017c odpinane koraliki, kt\u00f3re mo\u017cna zdj\u0105\u0107 przed praniem. Produkt jest \u0142atwy w utrzymaniu i piel\u0119gnacji. To doskona\u0142y wyb\u00f3r dla tych, kt\u00f3rzy ceni\u0105 sobie detale i jako\u015b\u0107 wykonania. Specyfikacja: wymiary firany (1 szt.): Szeroko\u015b\u0107: 200 cm &#8211; firana nie wymaga marszczenia Wysoko\u015b\u0107: 150 cm Materia\u0142: woal, panama stretch Kolor: bia\u0142y, zielony Sk\u0142ad: 100% poliester Spos\u00f3b zawieszenia: ta\u015bma marszcz\u0105ca, tunel, \u017cabki W zestawie: odpinane koraliki (nale\u017cy zdejmowa\u0107 do prania) &nbsp;<\/p>\n","protected":false},"featured_media":26092,"comment_status":"closed","ping_status":"closed","template":"","meta":[],"product_brand":[],"product_cat":[137],"product_tag":[],"class_list":{"0":"post-26085","1":"product","2":"type-product","3":"status-publish","4":"has-post-thumbnail","6":"product_cat-firany","7":"product_shipping_class-pl","9":"first","10":"outofstock","11":"taxable","12":"shipping-taxable","13":"purchasable","14":"product-type-variable","15":"has-default-attributes"},"jetpack_sharing_enabled":true,"_links":{"self":[{"href":"https:\/\/nakarnisze.pl\/index.php\/wp-json\/wp\/v2\/product\/26085","targetHints":{"allow":["GET"]}}],"collection":[{"href":"https:\/\/nakarnisze.pl\/index.php\/wp-json\/wp\/v2\/product"}],"about":[{"href":"https:\/\/nakarnisze.pl\/index.php\/wp-json\/wp\/v2\/types\/product"}],"replies":[{"embeddable":true,"href":"https:\/\/nakarnisze.pl\/index.php\/wp-json\/wp\/v2\/comments?post=26085"}],"version-history":[{"count":3,"href":"https:\/\/nakarnisze.pl\/index.php\/wp-json\/wp\/v2\/product\/26085\/revisions"}],"predecessor-version":[{"id":26230,"href":"https:\/\/nakarnisze.pl\/index.php\/wp-json\/wp\/v2\/product\/26085\/revisions\/26230"}],"wp:featuredmedia":[{"embeddable":true,"href":"https:\/\/nakarnisze.pl\/index.php\/wp-json\/wp\/v2\/media\/26092"}],"wp:attachment":[{"href":"https:\/\/nakarnisze.pl\/index.php\/wp-json\/wp\/v2\/media?parent=26085"}],"wp:term":[{"taxonomy":"product_brand","embeddable":true,"href":"https:\/\/nakarnisze.pl\/index.php\/wp-json\/wp\/v2\/product_brand?post=26085"},{"taxonomy":"product_cat","embeddable":true,"href":"https:\/\/nakarnisze.pl\/index.php\/wp-json\/wp\/v2\/product_cat?post=26085"},{"taxonomy":"product_tag","embeddable":true,"href":"https:\/\/nakarnisze.pl\/index.php\/wp-json\/wp\/v2\/product_tag?post=26085"}],"curies":[{"name":"wp","href":"https:\/\/api.w.org\/{rel}","templated":true}]}}