{"id":26104,"date":"2024-06-23T22:26:14","date_gmt":"2024-06-23T20:26:14","guid":{"rendered":"https:\/\/nakarnisze.pl\/?post_type=product&#038;p=26104"},"modified":"2024-12-04T22:22:05","modified_gmt":"2024-12-04T20:22:05","slug":"firana-woalowa-z-gipiura-400x180-cm","status":"publish","type":"product","link":"https:\/\/nakarnisze.pl\/index.php\/firana-woalowa-z-gipiura-400x180-cm\/","title":{"rendered":"FIRANA WOALOWA Z GIPIUR\u0104 400X180 CM"},"content":{"rendered":"<h1>FIRANA WOALOWA Z GIPIUR\u0104 400X180 CM<\/h1>\n<div class=\"content user-select-text\" tabindex=\"0\" role=\"heading\" aria-level=\"6\" aria-description=\"\" aria-label=\"Wys\u0142ane przez Copilot: **Firana Woalowa z Gipiur\u0105 400x180 cm** to po\u0142\u0105czenie elegancji i lekko\u015bci. Wykonana z bia\u0142ego woalu, kt\u00f3ry przepuszcza naturalne \u015bwiat\u0142o, a ozdobiona gipiur\u0105 dodaje jej wyj\u0105tkowego charakteru. G\u00f3ra firany ma **ta\u015bm\u0119 marszcz\u0105c\u0105 smok** o szeroko\u015bci 6 cm, zamaskowan\u0105 dodatkowo przezroczystym tunelem z organtyny[^2^]. To doskona\u0142y wyb\u00f3r dla tych, kt\u00f3rzy ceni\u0105 harmoni\u0119 mi\u0119dzy lekko\u015bci\u0105 a elegancj\u0105 w swoim wn\u0119trzu. \ud83d\ude0a\ud83e\ude9f\">\n<div class=\"ac-container ac-adaptiveCard has-image\">\n<div class=\"ac-textBlock\">\n<p>Firana <strong>woalowa z gipiur\u0105<\/strong>\u00a0 o wymiarach <strong>400&#215;180 cm<\/strong> to po\u0142\u0105czenie <strong>elegancji i lekko\u015bci<\/strong>. Wykonana z bia\u0142ego woalu, kt\u00f3ry przepuszcza naturalne \u015bwiat\u0142o, a <strong>ozdobiona gipiur\u0105<\/strong> dodaje jej wyj\u0105tkowego charakteru. G\u00f3ra firany ma ta\u015bm\u0119 marszcz\u0105c\u0105, kt\u00f3ra zapewnia pi\u0119kne, <strong>naturalne<\/strong> <strong>fa\u0142dy<\/strong> oraz <strong>tunel<\/strong> na karnisz rurkowy. Mo\u017cna j\u0105 zawiesi\u0107 bezpo\u015brednio na <strong>karniszu rurkowym<\/strong> lub na <strong>\u017cabkach<\/strong>. \u00a0To doskona\u0142y wyb\u00f3r dla tych, kt\u00f3rzy ceni\u0105 <strong>harmoni\u0119<\/strong> mi\u0119dzy<strong> lekko\u015bci\u0105 a elegancj\u0105<\/strong> w swoim wn\u0119trzu.<\/p>\n<p><strong>Specyfikacja:<\/strong><\/p>\n<ul>\n<li>Szeroko\u015b\u0107: 400 cm<\/li>\n<li>Wysoko\u015b\u0107:\u00a0 180 cm<\/li>\n<li>Tkanina: woal + gipiura<\/li>\n<li>Kolor: bia\u0142y<\/li>\n<li>Sk\u0142ad: 100% poliester<\/li>\n<\/ul>\n<\/div>\n<div class=\"ac-horizontal-separator\" aria-hidden=\"true\"><\/div>\n<\/div>\n<div class=\"ad-container\"><\/div>\n<\/div>\n<p>&nbsp;<\/p>\n","protected":false},"excerpt":{"rendered":"<p>FIRANA WOALOWA Z GIPIUR\u0104 400X180 CM Firana woalowa z gipiur\u0105\u00a0 o wymiarach 400&#215;180 cm to po\u0142\u0105czenie elegancji i lekko\u015bci. Wykonana z bia\u0142ego woalu, kt\u00f3ry przepuszcza naturalne \u015bwiat\u0142o, a ozdobiona gipiur\u0105 dodaje jej wyj\u0105tkowego charakteru. G\u00f3ra firany ma ta\u015bm\u0119 marszcz\u0105c\u0105, kt\u00f3ra zapewnia pi\u0119kne, naturalne fa\u0142dy oraz tunel na karnisz rurkowy. Mo\u017cna j\u0105 zawiesi\u0107 bezpo\u015brednio na karniszu rurkowym lub na \u017cabkach. \u00a0To doskona\u0142y wyb\u00f3r dla tych, kt\u00f3rzy ceni\u0105 harmoni\u0119 mi\u0119dzy lekko\u015bci\u0105 a elegancj\u0105 w swoim wn\u0119trzu. Specyfikacja: Szeroko\u015b\u0107: 400 cm Wysoko\u015b\u0107:\u00a0 180 cm Tkanina: woal + gipiura Kolor: bia\u0142y Sk\u0142ad: 100% poliester &nbsp;<\/p>\n","protected":false},"featured_media":26106,"comment_status":"closed","ping_status":"closed","template":"","meta":[],"product_brand":[],"product_cat":[137,552],"product_tag":[],"class_list":{"0":"post-26104","1":"product","2":"type-product","3":"status-publish","4":"has-post-thumbnail","6":"product_cat-firany","7":"product_cat-firany-na-tasmie","8":"product_shipping_class-pl","10":"first","11":"onbackorder","12":"taxable","13":"shipping-taxable","14":"purchasable","15":"product-type-simple"},"jetpack_sharing_enabled":true,"_links":{"self":[{"href":"https:\/\/nakarnisze.pl\/index.php\/wp-json\/wp\/v2\/product\/26104","targetHints":{"allow":["GET"]}}],"collection":[{"href":"https:\/\/nakarnisze.pl\/index.php\/wp-json\/wp\/v2\/product"}],"about":[{"href":"https:\/\/nakarnisze.pl\/index.php\/wp-json\/wp\/v2\/types\/product"}],"replies":[{"embeddable":true,"href":"https:\/\/nakarnisze.pl\/index.php\/wp-json\/wp\/v2\/comments?post=26104"}],"version-history":[{"count":2,"href":"https:\/\/nakarnisze.pl\/index.php\/wp-json\/wp\/v2\/product\/26104\/revisions"}],"predecessor-version":[{"id":26223,"href":"https:\/\/nakarnisze.pl\/index.php\/wp-json\/wp\/v2\/product\/26104\/revisions\/26223"}],"wp:featuredmedia":[{"embeddable":true,"href":"https:\/\/nakarnisze.pl\/index.php\/wp-json\/wp\/v2\/media\/26106"}],"wp:attachment":[{"href":"https:\/\/nakarnisze.pl\/index.php\/wp-json\/wp\/v2\/media?parent=26104"}],"wp:term":[{"taxonomy":"product_brand","embeddable":true,"href":"https:\/\/nakarnisze.pl\/index.php\/wp-json\/wp\/v2\/product_brand?post=26104"},{"taxonomy":"product_cat","embeddable":true,"href":"https:\/\/nakarnisze.pl\/index.php\/wp-json\/wp\/v2\/product_cat?post=26104"},{"taxonomy":"product_tag","embeddable":true,"href":"https:\/\/nakarnisze.pl\/index.php\/wp-json\/wp\/v2\/product_tag?post=26104"}],"curies":[{"name":"wp","href":"https:\/\/api.w.org\/{rel}","templated":true}]}}