{"id":26126,"date":"2024-06-24T21:02:47","date_gmt":"2024-06-24T19:02:47","guid":{"rendered":"https:\/\/nakarnisze.pl\/?post_type=product&#038;p=26126"},"modified":"2026-03-30T23:04:45","modified_gmt":"2026-03-30T21:04:45","slug":"krotka-firana-z-falbanami-na-przelotkach-400x130-cm","status":"publish","type":"product","link":"https:\/\/nakarnisze.pl\/index.php\/krotka-firana-z-falbanami-na-przelotkach-400x130-cm\/","title":{"rendered":"KR\u00d3TKA FIRANA Z FALBANAMI NA PRZELOTKACH 400X130 CM"},"content":{"rendered":"<h1>KR\u00d3TKA FIRANA Z FALBANAMI NA PRZELOTKACH 400X130 CM<\/h1>\n<div class=\"content user-select-text\" role=\"heading\" aria-label=\"Wys\u0142ane przez Copilot: Oczywi\u015bcie! **Firana zdobiona falbanami** to obecny hit w dekoracji wn\u0119trz. Wykonana z wysokiej jako\u015bci bia\u0142ego woalu w stylu hiszpa\u0144skim, ta firana zachwyca swoim wyrafinowanym wzornictwem. Ozdobiona u do\u0142u czterema rz\u0119dami falban, nie przyt\u0142acza aran\u017cacji pomieszczenia, a jednocze\u015bnie nadaje mu charakteru. Mo\u017cna j\u0105 zestawi\u0107 z dowolnymi zas\u0142onami, tworz\u0105c sp\u00f3jny wystr\u00f3j. Jej d\u0142ugo\u015b\u0107 wynosi 400 cm, a wysoko\u015b\u0107 130 cm. Idealnie sprawdzi si\u0119 zawieszona na karniszu nad oknem. Lekki kr\u00f3j pasuje do r\u00f3\u017cnych pomieszcze\u0144. Firana zosta\u0142a uszyta na metalowych przelotkach, co u\u0142atwia jej monta\u017c na karniszu. To doskona\u0142y wyb\u00f3r dla tych, kt\u00f3rzy ceni\u0105 estetyk\u0119 i wygod\u0119. ?? .\">\n<div class=\"ac-container ac-adaptiveCard has-image\">\n<div class=\"ac-textBlock\">\n<p>Firana<strong> zdobiona falbanami<\/strong> to obecny <strong>hit<\/strong> w dekoracji wn\u0119trz. Wykonana z <strong>wysokiej jako\u015bci bia\u0142ego woalu<\/strong> w stylu hiszpa\u0144skim, zachwyca swoim <strong>wyrafinowanym wzornictwem<\/strong>. Ozdobiona u do\u0142u <strong>czterema rz\u0119dami falban<\/strong>, nie przyt\u0142acza aran\u017cacji pomieszczenia, a jednocze\u015bnie nadaje mu <strong>charakteru<\/strong>. Mo\u017cna j\u0105 zestawi\u0107 z dowolnymi zas\u0142onami, tworz\u0105c sp\u00f3jny wystr\u00f3j. Jej rozmiar to <strong>400&#215;130 cm<\/strong>. Posiada <strong>22 przelotki<\/strong>, dzi\u0119ki kt\u00f3rym mo\u017cna j\u0105 zawiesi\u0107 bezpo\u015brednio na <strong>karniszu rurkowym<\/strong>. To doskona\u0142y wyb\u00f3r dla tych, kt\u00f3rzy ceni\u0105 <strong>estetyk\u0119 i wygod\u0119<\/strong>.<\/p>\n<p><strong>Specyfikacja:<\/strong><\/p>\n<ul>\n<li>Szeroko\u015b\u0107:<strong> 400 cm<\/strong><\/li>\n<li>Wysoko\u015b\u0107: <strong>130 cm<\/strong><\/li>\n<li>Tkanina: <b>woal<\/b><\/li>\n<li>Sk\u0142ad: 100% poliester<\/li>\n<li>Kolor: bia\u0142y<\/li>\n<li>Spos\u00f3b zawieszenia: <b>przelotki<\/b><\/li>\n<li>Temp. prania: 30\u00b0C<\/li>\n<li>Temp. prasowania: 110\u00b0C<\/li>\n<\/ul>\n<\/div>\n<\/div>\n<\/div>\n","protected":false},"excerpt":{"rendered":"<p>KR\u00d3TKA FIRANA Z FALBANAMI NA PRZELOTKACH 400X130 CM Firana zdobiona falbanami to obecny hit w dekoracji wn\u0119trz. Wykonana z wysokiej jako\u015bci bia\u0142ego woalu w stylu hiszpa\u0144skim, zachwyca swoim wyrafinowanym wzornictwem. Ozdobiona u do\u0142u czterema rz\u0119dami falban, nie przyt\u0142acza aran\u017cacji pomieszczenia, a jednocze\u015bnie nadaje mu charakteru. Mo\u017cna j\u0105 zestawi\u0107 z dowolnymi zas\u0142onami, tworz\u0105c sp\u00f3jny wystr\u00f3j. Jej rozmiar to 400&#215;130 cm. Posiada 22 przelotki, dzi\u0119ki kt\u00f3rym mo\u017cna j\u0105 zawiesi\u0107 bezpo\u015brednio na karniszu rurkowym. To doskona\u0142y wyb\u00f3r dla tych, kt\u00f3rzy ceni\u0105 estetyk\u0119 i wygod\u0119. Specyfikacja: Szeroko\u015b\u0107: 400 cm Wysoko\u015b\u0107: 130 cm Tkanina: woal Sk\u0142ad: 100% poliester Kolor: bia\u0142y Spos\u00f3b zawieszenia: przelotki Temp. prania: 30\u00b0C Temp. prasowania: 110\u00b0C<\/p>\n","protected":false},"featured_media":34245,"comment_status":"closed","ping_status":"closed","template":"","meta":[],"product_brand":[],"product_cat":[137,551],"product_tag":[],"class_list":{"0":"post-26126","1":"product","2":"type-product","3":"status-publish","4":"has-post-thumbnail","6":"product_cat-firany","7":"product_cat-firany-na-przelotkach","8":"product_shipping_class-pl","10":"first","11":"instock","12":"taxable","13":"shipping-taxable","14":"purchasable","15":"product-type-simple"},"jetpack_sharing_enabled":true,"_links":{"self":[{"href":"https:\/\/nakarnisze.pl\/index.php\/wp-json\/wp\/v2\/product\/26126","targetHints":{"allow":["GET"]}}],"collection":[{"href":"https:\/\/nakarnisze.pl\/index.php\/wp-json\/wp\/v2\/product"}],"about":[{"href":"https:\/\/nakarnisze.pl\/index.php\/wp-json\/wp\/v2\/types\/product"}],"replies":[{"embeddable":true,"href":"https:\/\/nakarnisze.pl\/index.php\/wp-json\/wp\/v2\/comments?post=26126"}],"version-history":[{"count":6,"href":"https:\/\/nakarnisze.pl\/index.php\/wp-json\/wp\/v2\/product\/26126\/revisions"}],"predecessor-version":[{"id":34249,"href":"https:\/\/nakarnisze.pl\/index.php\/wp-json\/wp\/v2\/product\/26126\/revisions\/34249"}],"wp:featuredmedia":[{"embeddable":true,"href":"https:\/\/nakarnisze.pl\/index.php\/wp-json\/wp\/v2\/media\/34245"}],"wp:attachment":[{"href":"https:\/\/nakarnisze.pl\/index.php\/wp-json\/wp\/v2\/media?parent=26126"}],"wp:term":[{"taxonomy":"product_brand","embeddable":true,"href":"https:\/\/nakarnisze.pl\/index.php\/wp-json\/wp\/v2\/product_brand?post=26126"},{"taxonomy":"product_cat","embeddable":true,"href":"https:\/\/nakarnisze.pl\/index.php\/wp-json\/wp\/v2\/product_cat?post=26126"},{"taxonomy":"product_tag","embeddable":true,"href":"https:\/\/nakarnisze.pl\/index.php\/wp-json\/wp\/v2\/product_tag?post=26126"}],"curies":[{"name":"wp","href":"https:\/\/api.w.org\/{rel}","templated":true}]}}