{"id":26141,"date":"2024-06-25T21:18:48","date_gmt":"2024-06-25T19:18:48","guid":{"rendered":"https:\/\/nakarnisze.pl\/?post_type=product&#038;p=26141"},"modified":"2026-04-01T15:32:18","modified_gmt":"2026-04-01T13:32:18","slug":"woalowa-firana-obszyta-gipiura-spinana-w-kokony-400x155-cm","status":"publish","type":"product","link":"https:\/\/nakarnisze.pl\/index.php\/woalowa-firana-obszyta-gipiura-spinana-w-kokony-400x155-cm\/","title":{"rendered":"WOALOWA FIRANA OBSZYTA GIPIUR\u0104 SPINANA W KOKONY 400X155 CM"},"content":{"rendered":"<h1>WOALOWA FIRANA OBSZYTA GIPIUR\u0104 SPINANA W KOKONY 400X155 CM<\/h1>\n<div class=\"content user-select-text\" role=\"heading\" aria-label=\"Wys\u0142ane przez Copilot: Przepraszam za powtarzanie. Oto skr\u00f3cona wersja: Bia\u0142a firana woalowa z wstawk\u0105 z gipiury to subtelny i elegancki element dekoracyjny, kt\u00f3ry wnosi do Twojej przestrzeni jasno\u015b\u0107 i wyj\u0105tkow\u0105 finezj\u0119. To po\u0142\u0105czenie lekkiego woalu z misternie wykonan\u0105 wstawk\u0105 z gipiury tworzy kompozycj\u0119 idealn\u0105 do stworzenia przyjemnej i stylowej atmosfery w pomieszczeniu. Monta\u017c firany jest prosty, a efekt ko\u0144cowy niezwykle efektowny. Dodaj\u0105c t\u0119 bia\u0142\u0105 firan\u0119 woalow\u0105 z gipiur\u0105 do swojego wn\u0119trza, tworzysz atmosfer\u0119, kt\u00f3ra \u0142\u0105czy nowoczesno\u015b\u0107 z tradycyjn\u0105 estetyk\u0105. To nie tylko funkcjonalne okno ozdobione firan\u0105, ale r\u00f3wnie\u017c wyraz Twojego gustu i dba\u0142o\u015bci o detale, nadaj\u0105ce pomieszczeniu wyj\u0105tkowy, przyjemny charakter. ?\">\n<div class=\"ac-container ac-adaptiveCard has-image\">\n<div class=\"ac-textBlock\">\n<p>Bia\u0142a firana woalowa <strong>400&#215;155 cm<\/strong> to <strong>subtelny i elegancki<\/strong> element dekoracyjny, kt\u00f3ry wnosi do Twojej przestrzeni <strong>jasno\u015b\u0107 i wyj\u0105tkow\u0105<\/strong> finezj\u0119. To po\u0142\u0105czenie<strong> lekkiego woalu<\/strong> z dok\u0142adnie wykonan\u0105 <strong>wstawk\u0105 z gipiury<\/strong> tworzy kompozycj\u0119 idealn\u0105 w pomieszczeniu. Monta\u017c jest prosty, a efekt ko\u0144cowy<strong> niezwykle efektowny<\/strong>. Dodaj\u0105c t\u0119 firan\u0119 do swojego wn\u0119trza, tworzysz atmosfer\u0119, kt\u00f3ra \u0142\u0105czy <strong>nowoczesno\u015b\u0107 z tradycyjn\u0105 estetyk\u0105<\/strong>. To nie tylko funkcjonalne okno ozdobione firan\u0105, ale r\u00f3wnie\u017c wyraz Twojego gustu i dba\u0142o\u015bci o detale.<\/p>\n<p><strong>SPECYFIKACJA:<\/strong><\/p>\n<ul>\n<li>Szeroko\u015b\u0107: <strong>400 cm<\/strong><\/li>\n<li>Wysoko\u015b\u0107: <strong>155 cm<\/strong><\/li>\n<li>Tkanina:<b>\u00a0woal<\/b><\/li>\n<li>Kolor: <b>bia\u0142y<\/b><\/li>\n<li>Spos\u00f3b monta\u017cu: <b>\u017cabki, haczyki, karnisz rurkowy<\/b><\/li>\n<li>Temp. prania: 30\u00b0C<\/li>\n<li>Temp. prasowania: 110\u00b0C<\/li>\n<\/ul>\n<\/div>\n<\/div>\n<\/div>\n","protected":false},"excerpt":{"rendered":"<p>WOALOWA FIRANA OBSZYTA GIPIUR\u0104 SPINANA W KOKONY 400X155 CM Bia\u0142a firana woalowa 400&#215;155 cm to subtelny i elegancki element dekoracyjny, kt\u00f3ry wnosi do Twojej przestrzeni jasno\u015b\u0107 i wyj\u0105tkow\u0105 finezj\u0119. To po\u0142\u0105czenie lekkiego woalu z dok\u0142adnie wykonan\u0105 wstawk\u0105 z gipiury tworzy kompozycj\u0119 idealn\u0105 w pomieszczeniu. Monta\u017c jest prosty, a efekt ko\u0144cowy niezwykle efektowny. Dodaj\u0105c t\u0119 firan\u0119 do swojego wn\u0119trza, tworzysz atmosfer\u0119, kt\u00f3ra \u0142\u0105czy nowoczesno\u015b\u0107 z tradycyjn\u0105 estetyk\u0105. To nie tylko funkcjonalne okno ozdobione firan\u0105, ale r\u00f3wnie\u017c wyraz Twojego gustu i dba\u0142o\u015bci o detale. SPECYFIKACJA: Szeroko\u015b\u0107: 400 cm Wysoko\u015b\u0107: 155 cm Tkanina:\u00a0woal Kolor: bia\u0142y Spos\u00f3b monta\u017cu: \u017cabki, haczyki, karnisz rurkowy Temp. prania: 30\u00b0C Temp. prasowania: 110\u00b0C<\/p>\n","protected":false},"featured_media":34155,"comment_status":"closed","ping_status":"closed","template":"","meta":[],"product_brand":[],"product_cat":[137,552],"product_tag":[],"class_list":{"0":"post-26141","1":"product","2":"type-product","3":"status-publish","4":"has-post-thumbnail","6":"product_cat-firany","7":"product_cat-firany-na-tasmie","8":"product_shipping_class-pl","10":"first","11":"onbackorder","12":"taxable","13":"shipping-taxable","14":"purchasable","15":"product-type-simple"},"jetpack_sharing_enabled":true,"_links":{"self":[{"href":"https:\/\/nakarnisze.pl\/index.php\/wp-json\/wp\/v2\/product\/26141","targetHints":{"allow":["GET"]}}],"collection":[{"href":"https:\/\/nakarnisze.pl\/index.php\/wp-json\/wp\/v2\/product"}],"about":[{"href":"https:\/\/nakarnisze.pl\/index.php\/wp-json\/wp\/v2\/types\/product"}],"replies":[{"embeddable":true,"href":"https:\/\/nakarnisze.pl\/index.php\/wp-json\/wp\/v2\/comments?post=26141"}],"version-history":[{"count":4,"href":"https:\/\/nakarnisze.pl\/index.php\/wp-json\/wp\/v2\/product\/26141\/revisions"}],"predecessor-version":[{"id":34165,"href":"https:\/\/nakarnisze.pl\/index.php\/wp-json\/wp\/v2\/product\/26141\/revisions\/34165"}],"wp:featuredmedia":[{"embeddable":true,"href":"https:\/\/nakarnisze.pl\/index.php\/wp-json\/wp\/v2\/media\/34155"}],"wp:attachment":[{"href":"https:\/\/nakarnisze.pl\/index.php\/wp-json\/wp\/v2\/media?parent=26141"}],"wp:term":[{"taxonomy":"product_brand","embeddable":true,"href":"https:\/\/nakarnisze.pl\/index.php\/wp-json\/wp\/v2\/product_brand?post=26141"},{"taxonomy":"product_cat","embeddable":true,"href":"https:\/\/nakarnisze.pl\/index.php\/wp-json\/wp\/v2\/product_cat?post=26141"},{"taxonomy":"product_tag","embeddable":true,"href":"https:\/\/nakarnisze.pl\/index.php\/wp-json\/wp\/v2\/product_tag?post=26141"}],"curies":[{"name":"wp","href":"https:\/\/api.w.org\/{rel}","templated":true}]}}