{"id":26211,"date":"2024-07-01T20:38:17","date_gmt":"2024-07-01T18:38:17","guid":{"rendered":"https:\/\/nakarnisze.pl\/?post_type=product&#038;p=26211"},"modified":"2025-12-12T00:27:38","modified_gmt":"2025-12-11T22:27:38","slug":"firana-na-tasmie-marszczacej-z-gipiura-i-cyrkoniami-400x180-cm","status":"publish","type":"product","link":"https:\/\/nakarnisze.pl\/index.php\/firana-na-tasmie-marszczacej-z-gipiura-i-cyrkoniami-400x180-cm\/","title":{"rendered":"FIRANA NA TA\u015aMIE MARSZCZ\u0104CEJ Z GIPIUR\u0104 I CYRKONIAMI 400X180 CM"},"content":{"rendered":"<h1>FIRANA NA TA\u015aMIE MARSZCZ\u0104CEJ Z GIPIUR\u0104 I CYRKONIAMI 400X180 CM<\/h1>\n<div class=\"content user-select-text\" role=\"heading\" aria-label=\"Wys\u0142ane przez Copilot: **Firana na Ta\u015bmie Marszcz\u0105cej z Gipiur\u0105 i Cyrkoniami 400x180 cm** to po\u0142\u0105czenie delikatno\u015bci, elegancji i funkcjonalno\u015bci. Wykonana z g\u0142adkiego woalu, ta gotowa firana zachwyca pi\u0119kn\u0105 gipiur\u0105 na dole. Ta\u015bma marszcz\u0105ca na g\u00f3rze u\u0142atwia monta\u017c na karniszu. Cyrkoniowe detale dodaj\u0105 jej wyj\u0105tkowego blasku. To doskona\u0142y wyb\u00f3r dla tych, kt\u00f3rzy pragn\u0105 stworzy\u0107 wn\u0119trze pe\u0142ne uroku. ?? [^1^] [^2^].\">\n<div class=\"ac-container ac-adaptiveCard has-image\">\n<div class=\"ac-textBlock\">\n<p>Firana na<strong> ta\u015bmie marszcz\u0105cej z gipiur\u0105 i <span style=\"letter-spacing: 0px\">cyrkoni<\/span><\/strong><span style=\"letter-spacing: 0px\"><strong>ami<\/strong> <\/span><strong style=\"letter-spacing: 0px\">400&#215;180 cm<\/strong><span style=\"letter-spacing: 0px\"> to po\u0142\u0105czenie elegancji i funkcjonalno\u015bci. Wykonana z delikatnie przezroczystego <strong>woalowego<\/strong> materia\u0142u <strong>uszyta w \u0142uk<\/strong>. Zosta\u0142a wyko\u0144czona 30 centymetrow\u0105 gipiur\u0105 i zdobiona cyrkoniami,\u00a0kt\u00f3re subtelnie <strong>mieni\u0105 si\u0119<\/strong> w \u015bwietle. Firana <strong>przepuszcza \u015bwiat\u0142o<\/strong> i chroni prywatno\u015b\u0107 mieszka\u0144c\u00f3w. <strong>Ta\u015bma marszcz\u0105ca<\/strong> na g\u00f3rze u\u0142atwia monta\u017c na karniszu. Cyrkoniowe detale dodaj\u0105 jej <strong>wyj\u0105tkowego blasku<\/strong>. To doskona\u0142y wyb\u00f3r dla tych, kt\u00f3rzy pragn\u0105 stworzy\u0107 wn\u0119trze pe\u0142ne uroku.<\/span><\/p>\n<p><strong>Specyfikacja:<\/strong><\/p>\n<ul>\n<li>Szeroko\u015b\u0107: <strong>400 cm<\/strong><\/li>\n<li>Wysoko\u015b\u0107:<strong> 180 cm<\/strong><\/li>\n<li>Kolor: bia\u0142y<\/li>\n<li>Materia\u0142: <strong>woal, gipiura<\/strong><\/li>\n<li>Wysoko\u015b\u0107 gipiury: 30 cm<\/li>\n<li>Sk\u0142ad: 100% poliester<\/li>\n<li>Spos\u00f3b monta\u017cu: <strong>ta\u015bma marszcz\u0105ca- \u017cabki, karnisz rurkowy<\/strong><\/li>\n<\/ul>\n<p>&nbsp;<\/p>\n<\/div>\n<div class=\"ac-horizontal-separator\" aria-hidden=\"true\"><\/div>\n<\/div>\n<div class=\"ad-container\"><\/div>\n<\/div>\n","protected":false},"excerpt":{"rendered":"<p>FIRANA NA TA\u015aMIE MARSZCZ\u0104CEJ Z GIPIUR\u0104 I CYRKONIAMI 400X180 CM Firana na ta\u015bmie marszcz\u0105cej z gipiur\u0105 i cyrkoniami 400&#215;180 cm to po\u0142\u0105czenie elegancji i funkcjonalno\u015bci. Wykonana z delikatnie przezroczystego woalowego materia\u0142u uszyta w \u0142uk. Zosta\u0142a wyko\u0144czona 30 centymetrow\u0105 gipiur\u0105 i zdobiona cyrkoniami,\u00a0kt\u00f3re subtelnie mieni\u0105 si\u0119 w \u015bwietle. Firana przepuszcza \u015bwiat\u0142o i chroni prywatno\u015b\u0107 mieszka\u0144c\u00f3w. Ta\u015bma marszcz\u0105ca na g\u00f3rze u\u0142atwia monta\u017c na karniszu. Cyrkoniowe detale dodaj\u0105 jej wyj\u0105tkowego blasku. To doskona\u0142y wyb\u00f3r dla tych, kt\u00f3rzy pragn\u0105 stworzy\u0107 wn\u0119trze pe\u0142ne uroku. Specyfikacja: Szeroko\u015b\u0107: 400 cm Wysoko\u015b\u0107: 180 cm Kolor: bia\u0142y Materia\u0142: woal, gipiura Wysoko\u015b\u0107 gipiury: 30 cm Sk\u0142ad: 100% poliester Spos\u00f3b monta\u017cu: ta\u015bma marszcz\u0105ca- \u017cabki, karnisz rurkowy &nbsp;<\/p>\n","protected":false},"featured_media":34145,"comment_status":"closed","ping_status":"closed","template":"","meta":[],"product_brand":[],"product_cat":[137,552],"product_tag":[],"class_list":{"0":"post-26211","1":"product","2":"type-product","3":"status-publish","4":"has-post-thumbnail","6":"product_cat-firany","7":"product_cat-firany-na-tasmie","8":"product_shipping_class-pl","10":"first","11":"onbackorder","12":"taxable","13":"shipping-taxable","14":"purchasable","15":"product-type-simple"},"jetpack_sharing_enabled":true,"_links":{"self":[{"href":"https:\/\/nakarnisze.pl\/index.php\/wp-json\/wp\/v2\/product\/26211","targetHints":{"allow":["GET"]}}],"collection":[{"href":"https:\/\/nakarnisze.pl\/index.php\/wp-json\/wp\/v2\/product"}],"about":[{"href":"https:\/\/nakarnisze.pl\/index.php\/wp-json\/wp\/v2\/types\/product"}],"replies":[{"embeddable":true,"href":"https:\/\/nakarnisze.pl\/index.php\/wp-json\/wp\/v2\/comments?post=26211"}],"version-history":[{"count":5,"href":"https:\/\/nakarnisze.pl\/index.php\/wp-json\/wp\/v2\/product\/26211\/revisions"}],"predecessor-version":[{"id":34150,"href":"https:\/\/nakarnisze.pl\/index.php\/wp-json\/wp\/v2\/product\/26211\/revisions\/34150"}],"wp:featuredmedia":[{"embeddable":true,"href":"https:\/\/nakarnisze.pl\/index.php\/wp-json\/wp\/v2\/media\/34145"}],"wp:attachment":[{"href":"https:\/\/nakarnisze.pl\/index.php\/wp-json\/wp\/v2\/media?parent=26211"}],"wp:term":[{"taxonomy":"product_brand","embeddable":true,"href":"https:\/\/nakarnisze.pl\/index.php\/wp-json\/wp\/v2\/product_brand?post=26211"},{"taxonomy":"product_cat","embeddable":true,"href":"https:\/\/nakarnisze.pl\/index.php\/wp-json\/wp\/v2\/product_cat?post=26211"},{"taxonomy":"product_tag","embeddable":true,"href":"https:\/\/nakarnisze.pl\/index.php\/wp-json\/wp\/v2\/product_tag?post=26211"}],"curies":[{"name":"wp","href":"https:\/\/api.w.org\/{rel}","templated":true}]}}