{"id":26296,"date":"2024-07-05T21:23:44","date_gmt":"2024-07-05T19:23:44","guid":{"rendered":"https:\/\/nakarnisze.pl\/?post_type=product&#038;p=26296"},"modified":"2026-04-22T19:49:23","modified_gmt":"2026-04-22T17:49:23","slug":"firana-w-luk-z-markizeta-i-gipiura-400x180-cm","status":"publish","type":"product","link":"https:\/\/nakarnisze.pl\/index.php\/firana-w-luk-z-markizeta-i-gipiura-400x180-cm\/","title":{"rendered":"FIRANA W \u0141UK Z MARKIZET\u0104 I GIPIUR\u0104 400X180 CM"},"content":{"rendered":"<h1>FIRANA W \u0141UK Z MARKIZET\u0104 I GIPIUR\u0104 400X180 CM<\/h1>\n<p><strong>Firana w \u0142uk z markizet\u0105 i gipiur\u0105 400&#215;180 cm<\/strong> to elegancki dodatek do Twojego wn\u0119trza. Zosta\u0142a wykonana <strong>z markizety<\/strong> i zdobiona <strong>kwiatowym haftem<\/strong> z mieni\u0105cymi si\u0119 ni\u0107mi, natomiast dolna cz\u0119\u015b\u0107 udekorowana <strong>30 centymetrow\u0105 gipiur\u0105<\/strong>. Dzi\u0119ki delikatnej kompozycji nie zabierze \u015bwiat\u0142a s\u0142onecznego i sprawi, \u017ce pok\u00f3j lub kuchnia stan\u0105 si\u0119 przytulne. Ca\u0142o\u015b\u0107 wygl\u0105da bardzo subtelnie i stanowi wspania\u0142\u0105 aran\u017cacj\u0119 okna. Firanka posiada wszyt\u0105 od wewn\u0105trz <strong>ta\u015bm\u0119 marszcz\u0105c\u0105<\/strong>, kt\u00f3ra zapewnia pi\u0119kne, <strong>naturalne fa\u0142dy<\/strong>. Mo\u017cna j\u0105 bezpo\u015brednio zawiesi\u0107 na <strong>karniszu rurkowym lub na \u017cabkach<\/strong>. Pasuje na karnisz o szeroko\u015bci <strong>200 &#8211; 250 cm<\/strong>.<\/p>\n<p><strong>Specyfikacja:<\/strong><\/p>\n<ul>\n<li>Szeroko\u015b\u0107: <strong>400 cm<\/strong><\/li>\n<li>Wysoko\u015b\u0107: <strong>180 cm<\/strong><\/li>\n<li>Tkanina: <strong>markizeta<\/strong><\/li>\n<li>Kolor: bia\u0142y<\/li>\n<li>Sk\u0142ad: 100% poliester<\/li>\n<li>D\u0142ugo\u015b\u0107 gipiury: 30 cm<\/li>\n<li>Spos\u00f3b monta\u017cu: <strong>ta\u015bma marszcz\u0105ca &#8211; \u017cabki, karnisz rurkowy<\/strong><\/li>\n<\/ul>\n","protected":false},"excerpt":{"rendered":"<p>FIRANA W \u0141UK Z MARKIZET\u0104 I GIPIUR\u0104 400X180 CM Firana w \u0142uk z markizet\u0105 i gipiur\u0105 400&#215;180 cm to elegancki dodatek do Twojego wn\u0119trza. Zosta\u0142a wykonana z markizety i zdobiona kwiatowym haftem z mieni\u0105cymi si\u0119 ni\u0107mi, natomiast dolna cz\u0119\u015b\u0107 udekorowana 30 centymetrow\u0105 gipiur\u0105. Dzi\u0119ki delikatnej kompozycji nie zabierze \u015bwiat\u0142a s\u0142onecznego i sprawi, \u017ce pok\u00f3j lub kuchnia stan\u0105 si\u0119 przytulne. Ca\u0142o\u015b\u0107 wygl\u0105da bardzo subtelnie i stanowi wspania\u0142\u0105 aran\u017cacj\u0119 okna. Firanka posiada wszyt\u0105 od wewn\u0105trz ta\u015bm\u0119 marszcz\u0105c\u0105, kt\u00f3ra zapewnia pi\u0119kne, naturalne fa\u0142dy. Mo\u017cna j\u0105 bezpo\u015brednio zawiesi\u0107 na karniszu rurkowym lub na \u017cabkach. Pasuje na karnisz o szeroko\u015bci 200 &#8211; 250 cm. Specyfikacja: Szeroko\u015b\u0107: 400 cm Wysoko\u015b\u0107: 180 cm Tkanina: markizeta Kolor: bia\u0142y Sk\u0142ad: 100% poliester D\u0142ugo\u015b\u0107 gipiury: 30 cm Spos\u00f3b monta\u017cu: ta\u015bma marszcz\u0105ca &#8211; \u017cabki, karnisz rurkowy<\/p>\n","protected":false},"featured_media":34138,"comment_status":"closed","ping_status":"closed","template":"","meta":[],"product_brand":[],"product_cat":[137,552],"product_tag":[],"class_list":{"0":"post-26296","1":"product","2":"type-product","3":"status-publish","4":"has-post-thumbnail","6":"product_cat-firany","7":"product_cat-firany-na-tasmie","8":"product_shipping_class-pl","10":"first","11":"onbackorder","12":"taxable","13":"shipping-taxable","14":"purchasable","15":"product-type-simple"},"jetpack_sharing_enabled":true,"_links":{"self":[{"href":"https:\/\/nakarnisze.pl\/index.php\/wp-json\/wp\/v2\/product\/26296","targetHints":{"allow":["GET"]}}],"collection":[{"href":"https:\/\/nakarnisze.pl\/index.php\/wp-json\/wp\/v2\/product"}],"about":[{"href":"https:\/\/nakarnisze.pl\/index.php\/wp-json\/wp\/v2\/types\/product"}],"replies":[{"embeddable":true,"href":"https:\/\/nakarnisze.pl\/index.php\/wp-json\/wp\/v2\/comments?post=26296"}],"version-history":[{"count":5,"href":"https:\/\/nakarnisze.pl\/index.php\/wp-json\/wp\/v2\/product\/26296\/revisions"}],"predecessor-version":[{"id":34143,"href":"https:\/\/nakarnisze.pl\/index.php\/wp-json\/wp\/v2\/product\/26296\/revisions\/34143"}],"wp:featuredmedia":[{"embeddable":true,"href":"https:\/\/nakarnisze.pl\/index.php\/wp-json\/wp\/v2\/media\/34138"}],"wp:attachment":[{"href":"https:\/\/nakarnisze.pl\/index.php\/wp-json\/wp\/v2\/media?parent=26296"}],"wp:term":[{"taxonomy":"product_brand","embeddable":true,"href":"https:\/\/nakarnisze.pl\/index.php\/wp-json\/wp\/v2\/product_brand?post=26296"},{"taxonomy":"product_cat","embeddable":true,"href":"https:\/\/nakarnisze.pl\/index.php\/wp-json\/wp\/v2\/product_cat?post=26296"},{"taxonomy":"product_tag","embeddable":true,"href":"https:\/\/nakarnisze.pl\/index.php\/wp-json\/wp\/v2\/product_tag?post=26296"}],"curies":[{"name":"wp","href":"https:\/\/api.w.org\/{rel}","templated":true}]}}