{"id":26360,"date":"2024-07-15T19:15:26","date_gmt":"2024-07-15T17:15:26","guid":{"rendered":"https:\/\/nakarnisze.pl\/?post_type=product&#038;p=26360"},"modified":"2025-12-12T00:25:08","modified_gmt":"2025-12-11T22:25:08","slug":"komplet-zaslon-z-firana-woalowa-i-gipiura-z-markizety-300x155-cm","status":"publish","type":"product","link":"https:\/\/nakarnisze.pl\/index.php\/komplet-zaslon-z-firana-woalowa-i-gipiura-z-markizety-300x155-cm\/","title":{"rendered":"KOMPLET ZAS\u0141ON Z FIRAN\u0104 WOALOW\u0104 I GIPIUR\u0104 Z MARKIZETY  300X155 CM"},"content":{"rendered":"<h1 class=\"mgmw_wo mli8_k4 mp0t_ji munh_0 m3h2_0 mp4t_0 mqu1_1j m9qz_yq mgn2_16 mgn2_17_s mryx_8 _7030e_LKD2N\">KOMPLET ZAS\u0141ON Z FIRAN\u0104 WOALOW\u0104 I GIPIUR\u0104 Z MARKIZETY 300X155 CM<\/h1>\n<p>Oto efektowny zestaw sk\u0142adaj\u0105cy si\u0119 z 3 cz\u0119\u015bci: <strong>dw\u00f3ch zas\u0142on i firany<\/strong>. Firana wykonana jest <strong>z g\u0142adkiego woalu 300&#215;120 cm<\/strong>, a dwie zas\u0142ony<strong> z bawe\u0142nianej satyny 145&#215;155 cm<\/strong>. Zas\u0142ony mo\u017cna upi\u0105\u0107 w kokony do\u0142\u0105czonymi do zestawu <strong>tasiemkami z kokardkami<\/strong>. Dolna cz\u0119\u015b\u0107 firanowa ozdobiona jest <strong>koronkow\u0105 gipiur\u0105 wykonan\u0105 z markizety<\/strong>. Ca\u0142o\u015b\u0107 kompletu tworzy eleganck\u0105 aran\u017cacj\u0119 okna, kt\u00f3ry z powodzeniem odnajdzie si\u0119 we wn\u0119trzach w stylu klasycznym.<\/p>\n<p>Produkt przeznaczony jest do zawieszenia na <strong>podw\u00f3jnym karniszu rurkowym b\u0105d\u017a na \u017cabkach<\/strong>. Wszyta ta\u015bma u\u0142atwia pi\u0119kne marszczenie tkaniny i pozwala dopasowa\u0107 j\u0105 do szeroko\u015bci karnisza.<\/p>\n<p><strong>Specyfikacja:<\/strong><\/p>\n<ul>\n<li>Wymiary firany (1szt.): <strong>szeroko\u015b\u0107: 300 cm, wysoko\u015b\u0107: 120 cm<\/strong><\/li>\n<li>Materia\u0142 firany: <strong>woal + markizeta\u00a0<\/strong><\/li>\n<li>Wymiary zas\u0142on (2szt.): <strong>szeroko\u015b\u0107: 145 cm, wysoko\u015b\u0107: 155 cm<\/strong><\/li>\n<li>Materia\u0142 zas\u0142ony: <strong>bawe\u0142na satynowa<\/strong><\/li>\n<li>Sk\u0142ad: 100% poliester<\/li>\n<li>W zestawie: <strong>dwie tasiemki z kokardkami do upi\u0119cia zas\u0142on<\/strong><\/li>\n<\/ul>\n","protected":false},"excerpt":{"rendered":"<p>KOMPLET ZAS\u0141ON Z FIRAN\u0104 WOALOW\u0104 I GIPIUR\u0104 Z MARKIZETY 300X155 CM Oto efektowny zestaw sk\u0142adaj\u0105cy si\u0119 z 3 cz\u0119\u015bci: dw\u00f3ch zas\u0142on i firany. Firana wykonana jest z g\u0142adkiego woalu 300&#215;120 cm, a dwie zas\u0142ony z bawe\u0142nianej satyny 145&#215;155 cm. Zas\u0142ony mo\u017cna upi\u0105\u0107 w kokony do\u0142\u0105czonymi do zestawu tasiemkami z kokardkami. Dolna cz\u0119\u015b\u0107 firanowa ozdobiona jest koronkow\u0105 gipiur\u0105 wykonan\u0105 z markizety. Ca\u0142o\u015b\u0107 kompletu tworzy eleganck\u0105 aran\u017cacj\u0119 okna, kt\u00f3ry z powodzeniem odnajdzie si\u0119 we wn\u0119trzach w stylu klasycznym. Produkt przeznaczony jest do zawieszenia na podw\u00f3jnym karniszu rurkowym b\u0105d\u017a na \u017cabkach. Wszyta ta\u015bma u\u0142atwia pi\u0119kne marszczenie tkaniny i pozwala dopasowa\u0107 j\u0105 do szeroko\u015bci karnisza. Specyfikacja: Wymiary firany (1szt.): szeroko\u015b\u0107: 300 cm, wysoko\u015b\u0107: 120 cm Materia\u0142 firany: woal + markizeta\u00a0 Wymiary zas\u0142on (2szt.): szeroko\u015b\u0107: 145 cm, wysoko\u015b\u0107: 155 cm Materia\u0142 zas\u0142ony: bawe\u0142na satynowa Sk\u0142ad: 100% poliester W zestawie: dwie tasiemki z kokardkami do upi\u0119cia zas\u0142on<\/p>\n","protected":false},"featured_media":33926,"comment_status":"closed","ping_status":"closed","template":"","meta":[],"product_brand":[],"product_cat":[472],"product_tag":[],"class_list":{"0":"post-26360","1":"product","2":"type-product","3":"status-publish","4":"has-post-thumbnail","6":"product_cat-zestaw-dekoracyjny","7":"product_shipping_class-pl","9":"first","10":"outofstock","11":"taxable","12":"shipping-taxable","13":"product-type-variable","14":"has-default-attributes"},"jetpack_sharing_enabled":true,"_links":{"self":[{"href":"https:\/\/nakarnisze.pl\/index.php\/wp-json\/wp\/v2\/product\/26360","targetHints":{"allow":["GET"]}}],"collection":[{"href":"https:\/\/nakarnisze.pl\/index.php\/wp-json\/wp\/v2\/product"}],"about":[{"href":"https:\/\/nakarnisze.pl\/index.php\/wp-json\/wp\/v2\/types\/product"}],"replies":[{"embeddable":true,"href":"https:\/\/nakarnisze.pl\/index.php\/wp-json\/wp\/v2\/comments?post=26360"}],"version-history":[{"count":7,"href":"https:\/\/nakarnisze.pl\/index.php\/wp-json\/wp\/v2\/product\/26360\/revisions"}],"predecessor-version":[{"id":33927,"href":"https:\/\/nakarnisze.pl\/index.php\/wp-json\/wp\/v2\/product\/26360\/revisions\/33927"}],"wp:featuredmedia":[{"embeddable":true,"href":"https:\/\/nakarnisze.pl\/index.php\/wp-json\/wp\/v2\/media\/33926"}],"wp:attachment":[{"href":"https:\/\/nakarnisze.pl\/index.php\/wp-json\/wp\/v2\/media?parent=26360"}],"wp:term":[{"taxonomy":"product_brand","embeddable":true,"href":"https:\/\/nakarnisze.pl\/index.php\/wp-json\/wp\/v2\/product_brand?post=26360"},{"taxonomy":"product_cat","embeddable":true,"href":"https:\/\/nakarnisze.pl\/index.php\/wp-json\/wp\/v2\/product_cat?post=26360"},{"taxonomy":"product_tag","embeddable":true,"href":"https:\/\/nakarnisze.pl\/index.php\/wp-json\/wp\/v2\/product_tag?post=26360"}],"curies":[{"name":"wp","href":"https:\/\/api.w.org\/{rel}","templated":true}]}}