{"id":26784,"date":"2024-07-16T21:03:24","date_gmt":"2024-07-16T19:03:24","guid":{"rendered":"https:\/\/nakarnisze.pl\/?post_type=product&#038;p=26784"},"modified":"2025-12-12T00:27:26","modified_gmt":"2025-12-11T22:27:26","slug":"firana-woalowa-na-tasmie-marszczacej","status":"publish","type":"product","link":"https:\/\/nakarnisze.pl\/index.php\/firana-woalowa-na-tasmie-marszczacej\/","title":{"rendered":"FIRANA WOALOWA NA TA\u015aMIE MARSZCZ\u0104CEJ"},"content":{"rendered":"<h1>FIRANA WOALOWA NA TA\u015aMIE MARSZCZ\u0104CEJ<\/h1>\n<p><strong>Firana woalowa na ta\u015bmie marszcz\u0105cej<\/strong> to elegancki dodatek do ka\u017cdego wn\u0119trza. Zosta\u0142a wykonana z <strong>p\u00f3\u0142przezroczystego woalu<\/strong>, kt\u00f3ry pi\u0119knie rozprasza \u015bwiat\u0142o, tworz\u0105c przyjemn\u0105 atmosfer\u0119 w pomieszczeniu. D\u00f3\u0142 firany wyko\u0144czony jest <strong>pi\u0119kn\u0105 i delikatn\u0105 lam\u00f3wk\u0105<\/strong>. Posiada opcj\u0119 <strong>eleganckiego upi\u0119cia po bokach<\/strong>, co pozwala na dowolne aran\u017cacje i dostosowanie wygl\u0105du do w\u0142asnych potrzeb. Wymiary <strong>400 cm szeroko\u015bci i 155 cm lub 250 cm d\u0142ugo\u015bci<\/strong> sprawiaj\u0105, \u017ce firana doskonale pasuje do wi\u0119kszo\u015bci okien, zapewniaj\u0105c harmonijny i proporcjonalny wygl\u0105d.<\/p>\n<p><strong>Specyfikacja:<\/strong><\/p>\n<ul>\n<li>Szeroko\u015b\u0107: <strong>400 cm<\/strong><\/li>\n<li>D\u0142ugo\u015b\u0107: <strong>155 cm, 250 cm<\/strong><\/li>\n<li>Materia\u0142: <strong>woal<\/strong><\/li>\n<li>Kolor: <strong>biel<\/strong><\/li>\n<li>Sk\u0142ad: 100% poliester<\/li>\n<li>Spos\u00f3b monta\u017cu: <strong>ta\u015bma marszcz\u0105ca &#8211; \u017cabki, haczyki, karnisz rurkowy<\/strong><\/li>\n<li>W zestawie: <strong>dwie tasiemki<\/strong> do upi\u0119cia firany po bokach<\/li>\n<\/ul>\n<p>&nbsp;<\/p>\n<p>&nbsp;<\/p>\n","protected":false},"excerpt":{"rendered":"<p>FIRANA WOALOWA NA TA\u015aMIE MARSZCZ\u0104CEJ Firana woalowa na ta\u015bmie marszcz\u0105cej to elegancki dodatek do ka\u017cdego wn\u0119trza. Zosta\u0142a wykonana z p\u00f3\u0142przezroczystego woalu, kt\u00f3ry pi\u0119knie rozprasza \u015bwiat\u0142o, tworz\u0105c przyjemn\u0105 atmosfer\u0119 w pomieszczeniu. D\u00f3\u0142 firany wyko\u0144czony jest pi\u0119kn\u0105 i delikatn\u0105 lam\u00f3wk\u0105. Posiada opcj\u0119 eleganckiego upi\u0119cia po bokach, co pozwala na dowolne aran\u017cacje i dostosowanie wygl\u0105du do w\u0142asnych potrzeb. Wymiary 400 cm szeroko\u015bci i 155 cm lub 250 cm d\u0142ugo\u015bci sprawiaj\u0105, \u017ce firana doskonale pasuje do wi\u0119kszo\u015bci okien, zapewniaj\u0105c harmonijny i proporcjonalny wygl\u0105d. Specyfikacja: Szeroko\u015b\u0107: 400 cm D\u0142ugo\u015b\u0107: 155 cm, 250 cm Materia\u0142: woal Kolor: biel Sk\u0142ad: 100% poliester Spos\u00f3b monta\u017cu: ta\u015bma marszcz\u0105ca &#8211; \u017cabki, haczyki, karnisz rurkowy W zestawie: dwie tasiemki do upi\u0119cia firany po bokach &nbsp; &nbsp;<\/p>\n","protected":false},"featured_media":34116,"comment_status":"closed","ping_status":"closed","template":"","meta":[],"product_brand":[],"product_cat":[137,552],"product_tag":[],"class_list":{"0":"post-26784","1":"product","2":"type-product","3":"status-publish","4":"has-post-thumbnail","6":"product_cat-firany","7":"product_cat-firany-na-tasmie","8":"product_shipping_class-pl","10":"first","11":"outofstock","12":"taxable","13":"shipping-taxable","14":"purchasable","15":"product-type-variable","16":"has-default-attributes"},"jetpack_sharing_enabled":true,"_links":{"self":[{"href":"https:\/\/nakarnisze.pl\/index.php\/wp-json\/wp\/v2\/product\/26784","targetHints":{"allow":["GET"]}}],"collection":[{"href":"https:\/\/nakarnisze.pl\/index.php\/wp-json\/wp\/v2\/product"}],"about":[{"href":"https:\/\/nakarnisze.pl\/index.php\/wp-json\/wp\/v2\/types\/product"}],"replies":[{"embeddable":true,"href":"https:\/\/nakarnisze.pl\/index.php\/wp-json\/wp\/v2\/comments?post=26784"}],"version-history":[{"count":3,"href":"https:\/\/nakarnisze.pl\/index.php\/wp-json\/wp\/v2\/product\/26784\/revisions"}],"predecessor-version":[{"id":34114,"href":"https:\/\/nakarnisze.pl\/index.php\/wp-json\/wp\/v2\/product\/26784\/revisions\/34114"}],"wp:featuredmedia":[{"embeddable":true,"href":"https:\/\/nakarnisze.pl\/index.php\/wp-json\/wp\/v2\/media\/34116"}],"wp:attachment":[{"href":"https:\/\/nakarnisze.pl\/index.php\/wp-json\/wp\/v2\/media?parent=26784"}],"wp:term":[{"taxonomy":"product_brand","embeddable":true,"href":"https:\/\/nakarnisze.pl\/index.php\/wp-json\/wp\/v2\/product_brand?post=26784"},{"taxonomy":"product_cat","embeddable":true,"href":"https:\/\/nakarnisze.pl\/index.php\/wp-json\/wp\/v2\/product_cat?post=26784"},{"taxonomy":"product_tag","embeddable":true,"href":"https:\/\/nakarnisze.pl\/index.php\/wp-json\/wp\/v2\/product_tag?post=26784"}],"curies":[{"name":"wp","href":"https:\/\/api.w.org\/{rel}","templated":true}]}}