{"id":27023,"date":"2024-07-18T10:34:06","date_gmt":"2024-07-18T08:34:06","guid":{"rendered":"https:\/\/nakarnisze.pl\/?post_type=product&#038;p=27023"},"modified":"2025-12-12T00:27:16","modified_gmt":"2025-12-11T22:27:16","slug":"firana-gotowa-z-cyrkoniami-i-azurowym-serduszkiem","status":"publish","type":"product","link":"https:\/\/nakarnisze.pl\/index.php\/firana-gotowa-z-cyrkoniami-i-azurowym-serduszkiem\/","title":{"rendered":"FIRANA GOTOWA Z CYRKONIAMI I A\u017bUROWYM SERDUSZKIEM"},"content":{"rendered":"<h1>FIRANA GOTOWA Z CYRKONIAMI I A\u017bUROWYM SERDUSZKIEM<\/h1>\n<p>Firana gotowa z <strong>cyrkoniami i a\u017curowym serduszkiem<\/strong> to wyj\u0105tkowy element dekoracyjny, kt\u00f3ry doda elegancji i uroku ka\u017cdemu wn\u0119trzu. Wykonana z <strong>lekkiego<\/strong>, \u015bnie\u017cnobia\u0142ego <strong>woalu<\/strong>, firana ta jest nie tylko estetyczna, ale r\u00f3wnie\u017c funkcjonalna. Jej wymiary to <strong>400 cm<\/strong> szeroko\u015bci i <strong>145 cm wysoko\u015bci<\/strong>, co sprawia, \u017ce doskonale nadaje si\u0119 do wi\u0119kszych okien.<\/p>\n<p>G\u0142\u00f3wn\u0105 ozdob\u0105 tej firany s\u0105 <strong>cyrkonie<\/strong>, kt\u00f3re <strong>subtelnie<\/strong> po\u0142yskuj\u0105 w \u015bwietle, nadaj\u0105c ca\u0142o\u015bci luksusowego charakteru. Dodatkowo, firana posiada dekoracyjne serduszko wyci\u0119te za pomoc\u0105 nowoczesnej metody laserowej z <strong>grubego filcu<\/strong>, kt\u00f3ry nie ulega odkszta\u0142ceniom oraz dwie tasiemki do upi\u0119cia firany.<\/p>\n<p>Firana jest wyposa\u017cona w <strong>ta\u015bm\u0119 marszcz\u0105c\u0105<\/strong>, co umo\u017cliwia \u0142atwe i estetyczne zawieszenie na karniszu. Dzi\u0119ki temu mo\u017cna j\u0105 idealnie dopasowa\u0107 do szeroko\u015bci okna, tworz\u0105c efektowne fa\u0142dy.<\/p>\n<p>Ta firana gotowa z cyrkoniami i a\u017curowym serduszkiem to doskona\u0142y wyb\u00f3r dla os\u00f3b ceni\u0105cych eleganckie i oryginalne rozwi\u0105zania w dekoracji wn\u0119trz.<\/p>\n<p><strong>Specyfikacja:<\/strong><\/p>\n<ul>\n<li>Szeroko\u015b\u0107:\u00a0<strong>400 cm<\/strong><\/li>\n<li>Wysoko\u015b\u0107:\u00a0<strong>145 cm<\/strong><\/li>\n<li>Materia\u0142:\u00a0<strong>woal + filc + panama stretch<\/strong><\/li>\n<li>Spos\u00f3b monta\u017cu: <strong>ta\u015bma marszcz\u0105ca &#8211; \u017cabki, haczyki, karnisz rurkowy<\/strong><\/li>\n<li>W zestawie:\u00a0<strong>dwie tasiemki\u00a0<\/strong>do upi\u0119cia firany oraz <strong>ozdobne serduszko<\/strong><\/li>\n<\/ul>\n","protected":false},"excerpt":{"rendered":"<p>FIRANA GOTOWA Z CYRKONIAMI I A\u017bUROWYM SERDUSZKIEM Firana gotowa z cyrkoniami i a\u017curowym serduszkiem to wyj\u0105tkowy element dekoracyjny, kt\u00f3ry doda elegancji i uroku ka\u017cdemu wn\u0119trzu. Wykonana z lekkiego, \u015bnie\u017cnobia\u0142ego woalu, firana ta jest nie tylko estetyczna, ale r\u00f3wnie\u017c funkcjonalna. Jej wymiary to 400 cm szeroko\u015bci i 145 cm wysoko\u015bci, co sprawia, \u017ce doskonale nadaje si\u0119 do wi\u0119kszych okien. G\u0142\u00f3wn\u0105 ozdob\u0105 tej firany s\u0105 cyrkonie, kt\u00f3re subtelnie po\u0142yskuj\u0105 w \u015bwietle, nadaj\u0105c ca\u0142o\u015bci luksusowego charakteru. Dodatkowo, firana posiada dekoracyjne serduszko wyci\u0119te za pomoc\u0105 nowoczesnej metody laserowej z grubego filcu, kt\u00f3ry nie ulega odkszta\u0142ceniom oraz dwie tasiemki do upi\u0119cia firany. Firana jest wyposa\u017cona w ta\u015bm\u0119 marszcz\u0105c\u0105, co umo\u017cliwia \u0142atwe i estetyczne zawieszenie na karniszu. Dzi\u0119ki temu mo\u017cna j\u0105 idealnie dopasowa\u0107 do szeroko\u015bci okna, tworz\u0105c efektowne fa\u0142dy. Ta firana gotowa z cyrkoniami i a\u017curowym serduszkiem to doskona\u0142y wyb\u00f3r dla os\u00f3b ceni\u0105cych eleganckie i oryginalne rozwi\u0105zania w dekoracji wn\u0119trz. Specyfikacja: Szeroko\u015b\u0107:\u00a0400 cm Wysoko\u015b\u0107:\u00a0145 cm Materia\u0142:\u00a0woal + filc + panama stretch Spos\u00f3b monta\u017cu: ta\u015bma marszcz\u0105ca &#8211; \u017cabki, haczyki, karnisz rurkowy W zestawie:\u00a0dwie tasiemki\u00a0do upi\u0119cia firany oraz ozdobne serduszko<\/p>\n","protected":false},"featured_media":34097,"comment_status":"closed","ping_status":"closed","template":"","meta":[],"product_brand":[],"product_cat":[552,137],"product_tag":[],"class_list":{"0":"post-27023","1":"product","2":"type-product","3":"status-publish","4":"has-post-thumbnail","6":"product_cat-firany-na-tasmie","7":"product_cat-firany","8":"product_shipping_class-pl","10":"first","11":"outofstock","12":"taxable","13":"shipping-taxable","14":"purchasable","15":"product-type-variable","16":"has-default-attributes"},"jetpack_sharing_enabled":true,"_links":{"self":[{"href":"https:\/\/nakarnisze.pl\/index.php\/wp-json\/wp\/v2\/product\/27023","targetHints":{"allow":["GET"]}}],"collection":[{"href":"https:\/\/nakarnisze.pl\/index.php\/wp-json\/wp\/v2\/product"}],"about":[{"href":"https:\/\/nakarnisze.pl\/index.php\/wp-json\/wp\/v2\/types\/product"}],"replies":[{"embeddable":true,"href":"https:\/\/nakarnisze.pl\/index.php\/wp-json\/wp\/v2\/comments?post=27023"}],"version-history":[{"count":2,"href":"https:\/\/nakarnisze.pl\/index.php\/wp-json\/wp\/v2\/product\/27023\/revisions"}],"predecessor-version":[{"id":34099,"href":"https:\/\/nakarnisze.pl\/index.php\/wp-json\/wp\/v2\/product\/27023\/revisions\/34099"}],"wp:featuredmedia":[{"embeddable":true,"href":"https:\/\/nakarnisze.pl\/index.php\/wp-json\/wp\/v2\/media\/34097"}],"wp:attachment":[{"href":"https:\/\/nakarnisze.pl\/index.php\/wp-json\/wp\/v2\/media?parent=27023"}],"wp:term":[{"taxonomy":"product_brand","embeddable":true,"href":"https:\/\/nakarnisze.pl\/index.php\/wp-json\/wp\/v2\/product_brand?post=27023"},{"taxonomy":"product_cat","embeddable":true,"href":"https:\/\/nakarnisze.pl\/index.php\/wp-json\/wp\/v2\/product_cat?post=27023"},{"taxonomy":"product_tag","embeddable":true,"href":"https:\/\/nakarnisze.pl\/index.php\/wp-json\/wp\/v2\/product_tag?post=27023"}],"curies":[{"name":"wp","href":"https:\/\/api.w.org\/{rel}","templated":true}]}}