{"id":27581,"date":"2024-08-01T20:48:49","date_gmt":"2024-08-01T18:48:49","guid":{"rendered":"https:\/\/nakarnisze.pl\/?post_type=product&#038;p=27581"},"modified":"2025-12-12T00:27:04","modified_gmt":"2025-12-11T22:27:04","slug":"firana-gotowa-z-azurem-400x155-cm","status":"publish","type":"product","link":"https:\/\/nakarnisze.pl\/index.php\/firana-gotowa-z-azurem-400x155-cm\/","title":{"rendered":"FIRANA GOTOWA Z A\u017bUREM 400X155 CM"},"content":{"rendered":"<h1>FIRANA GOTOWA Z A\u017bUREM 400X155 CM<\/h1>\n<div class=\"content user-select-text\" aria-label=\"Wys\u0142ane przez Copilot: Przedstawiamy Pa\u0144stwu nasz\u0105 eleganck\u0105 i pi\u0119kn\u0105 firan\u0119 gotow\u0105, wykonan\u0105 z delikatnego, \u015bnie\u017cnobia\u0142ego woalu. Jej unikalno\u015b\u0107 polega na a\u017curowym panelu, stworzonym z bia\u0142ego filcu za pomoc\u0105 nowoczesnej technologii laserowej, co zapewnia trwa\u0142o\u015b\u0107 i niezmienno\u015b\u0107 wzoru. Ta wyj\u0105tkowa ozdoba przyci\u0105ga wzrok i doskonale dekoruje ka\u017cde okno, nadaj\u0105c pomieszczeniu niepowtarzalny charakter. Nasza gotowa firana to po\u0142\u0105czenie najwy\u017cszej jako\u015bci wykonania, oryginalnego wzornictwa i funkcjonalno\u015bci. Dzi\u0119ki niej Pa\u0144stwa wn\u0119trza zyskaj\u0105 wyj\u0105tkowy urok i elegancj\u0119, a Pa\u0144stwo b\u0119d\u0105 mogli cieszy\u0107 si\u0119 pi\u0119knem i komfortem w swoim domu.\">\n<div class=\"ac-container ac-adaptiveCard has-image\">\n<div class=\"ac-textBlock\">\n<p>Przedstawiamy Pa\u0144stwu nasz\u0105 eleganck\u0105 i pi\u0119kn\u0105 firan\u0119 gotow\u0105 z <strong>a\u017curem 400&#215;155 cm<\/strong>, wykonan\u0105 z delikatnego, <strong>\u015bnie\u017cnobia\u0142ego woalu<\/strong>. Jej unikalno\u015b\u0107 polega na a\u017curowym panelu, stworzonym z bia\u0142ego <strong>filcu<\/strong> za pomoc\u0105 nowoczesnej technologii laserowej, co zapewnia<strong> trwa\u0142o\u015b\u0107 i niezmienno\u015b\u0107<\/strong> wzoru. Ta wyj\u0105tkowa ozdoba przyci\u0105ga wzrok i doskonale dekoruje ka\u017cde okno, nadaj\u0105c pomieszczeniu niepowtarzalny charakter.<\/p>\n<p>Nasza gotowa firana to po\u0142\u0105czenie najwy\u017cszej <strong>jako\u015bci <\/strong>wykonania, oryginalnego wzornictwa i funkcjonalno\u015bci. Dzi\u0119ki niej wn\u0119trza zyskaj\u0105 wyj\u0105tkowy urok i elegancj\u0119, a Pa\u0144stwo b\u0119d\u0105 mogli cieszy\u0107 si\u0119 pi\u0119knem i komfortem w swoim domu.<\/p>\n<p><strong>Specyfikacja:<\/strong><\/p>\n<ul>\n<li><span style=\"letter-spacing: 0px\">Wymiary firany: <\/span><strong style=\"letter-spacing: 0px\">szeroko\u015b\u0107: 400 cm<\/strong><span style=\"letter-spacing: 0px\">, <\/span><strong style=\"letter-spacing: 0px\">wysoko\u015b\u0107: 155cm<\/strong><\/li>\n<li>Wymiary panelu: <strong>szeroko\u015b\u0107: 180 cm<\/strong>, <strong>wysoko\u015b\u0107: 40 cm<\/strong><\/li>\n<li>Kolor: <strong>bia\u0142y<\/strong><\/li>\n<li>Tkanina: <strong>woal, filc<\/strong><\/li>\n<li>Spos\u00f3b monta\u017cu:<strong> tunel+ \u017cabki, karnisz rurkowy<\/strong><\/li>\n<li>W zestawie: <strong>dwie tasiemki<\/strong> do upi\u0119cia firany<\/li>\n<li>Sk\u0142ad: 100% poliester<\/li>\n<\/ul>\n<\/div>\n<\/div>\n<\/div>\n<p>&nbsp;<\/p>\n","protected":false},"excerpt":{"rendered":"<p>FIRANA GOTOWA Z A\u017bUREM 400X155 CM Przedstawiamy Pa\u0144stwu nasz\u0105 eleganck\u0105 i pi\u0119kn\u0105 firan\u0119 gotow\u0105 z a\u017curem 400&#215;155 cm, wykonan\u0105 z delikatnego, \u015bnie\u017cnobia\u0142ego woalu. Jej unikalno\u015b\u0107 polega na a\u017curowym panelu, stworzonym z bia\u0142ego filcu za pomoc\u0105 nowoczesnej technologii laserowej, co zapewnia trwa\u0142o\u015b\u0107 i niezmienno\u015b\u0107 wzoru. Ta wyj\u0105tkowa ozdoba przyci\u0105ga wzrok i doskonale dekoruje ka\u017cde okno, nadaj\u0105c pomieszczeniu niepowtarzalny charakter. Nasza gotowa firana to po\u0142\u0105czenie najwy\u017cszej jako\u015bci wykonania, oryginalnego wzornictwa i funkcjonalno\u015bci. Dzi\u0119ki niej wn\u0119trza zyskaj\u0105 wyj\u0105tkowy urok i elegancj\u0119, a Pa\u0144stwo b\u0119d\u0105 mogli cieszy\u0107 si\u0119 pi\u0119knem i komfortem w swoim domu. Specyfikacja: Wymiary firany: szeroko\u015b\u0107: 400 cm, wysoko\u015b\u0107: 155cm Wymiary panelu: szeroko\u015b\u0107: 180 cm, wysoko\u015b\u0107: 40 cm Kolor: bia\u0142y Tkanina: woal, filc Spos\u00f3b monta\u017cu: tunel+ \u017cabki, karnisz rurkowy W zestawie: dwie tasiemki do upi\u0119cia firany Sk\u0142ad: 100% poliester &nbsp;<\/p>\n","protected":false},"featured_media":34086,"comment_status":"closed","ping_status":"closed","template":"","meta":[],"product_brand":[],"product_cat":[552,137],"product_tag":[],"class_list":{"0":"post-27581","1":"product","2":"type-product","3":"status-publish","4":"has-post-thumbnail","6":"product_cat-firany-na-tasmie","7":"product_cat-firany","8":"product_shipping_class-pl","10":"first","11":"outofstock","12":"taxable","13":"shipping-taxable","14":"purchasable","15":"product-type-simple"},"jetpack_sharing_enabled":true,"_links":{"self":[{"href":"https:\/\/nakarnisze.pl\/index.php\/wp-json\/wp\/v2\/product\/27581","targetHints":{"allow":["GET"]}}],"collection":[{"href":"https:\/\/nakarnisze.pl\/index.php\/wp-json\/wp\/v2\/product"}],"about":[{"href":"https:\/\/nakarnisze.pl\/index.php\/wp-json\/wp\/v2\/types\/product"}],"replies":[{"embeddable":true,"href":"https:\/\/nakarnisze.pl\/index.php\/wp-json\/wp\/v2\/comments?post=27581"}],"version-history":[{"count":3,"href":"https:\/\/nakarnisze.pl\/index.php\/wp-json\/wp\/v2\/product\/27581\/revisions"}],"predecessor-version":[{"id":34094,"href":"https:\/\/nakarnisze.pl\/index.php\/wp-json\/wp\/v2\/product\/27581\/revisions\/34094"}],"wp:featuredmedia":[{"embeddable":true,"href":"https:\/\/nakarnisze.pl\/index.php\/wp-json\/wp\/v2\/media\/34086"}],"wp:attachment":[{"href":"https:\/\/nakarnisze.pl\/index.php\/wp-json\/wp\/v2\/media?parent=27581"}],"wp:term":[{"taxonomy":"product_brand","embeddable":true,"href":"https:\/\/nakarnisze.pl\/index.php\/wp-json\/wp\/v2\/product_brand?post=27581"},{"taxonomy":"product_cat","embeddable":true,"href":"https:\/\/nakarnisze.pl\/index.php\/wp-json\/wp\/v2\/product_cat?post=27581"},{"taxonomy":"product_tag","embeddable":true,"href":"https:\/\/nakarnisze.pl\/index.php\/wp-json\/wp\/v2\/product_tag?post=27581"}],"curies":[{"name":"wp","href":"https:\/\/api.w.org\/{rel}","templated":true}]}}