{"id":27618,"date":"2024-08-02T17:11:16","date_gmt":"2024-08-02T15:11:16","guid":{"rendered":"https:\/\/nakarnisze.pl\/?post_type=product&#038;p=27618"},"modified":"2025-12-12T00:24:26","modified_gmt":"2025-12-11T22:24:26","slug":"zestaw-dekoracyjny-w-kwiaty-z-ozdobna-gipiura-400x160-cm","status":"publish","type":"product","link":"https:\/\/nakarnisze.pl\/index.php\/zestaw-dekoracyjny-w-kwiaty-z-ozdobna-gipiura-400x160-cm\/","title":{"rendered":"ZESTAW DEKORACYJNY W KWIATY Z OZDOBN\u0104 GIPIUR\u0104 400X160 CM"},"content":{"rendered":"<h1>ZESTAW DEKORACYJNY W KWIATY Z OZDOBN\u0104 GIPIUR\u0104 400X160 CM<\/h1>\n<p>Przedstawiamy urokliwy zestaw dekoracyjny o wymiarach <strong>400&#215;160 cm<\/strong>, zdobiony <strong>kwiatowym wzorem. <\/strong>Firanka z zas\u0142onami uszyte s\u0105 na jednej<strong> ta\u015bmie marszcz\u0105cej<\/strong>. Firana zosta\u0142a wykonana z wysokiej jako\u015bci <strong>bia\u0142ego woalu<\/strong>. Boczne elementy zestawu oraz dekoracyjny lambrekin ozdobione s\u0105 pi\u0119knymi kwiatami. Ca\u0142o\u015b\u0107 zestawu zosta\u0142a wyko\u0144czona efektown\u0105<strong> gipiur\u0105<\/strong>. Do kompletu do\u0142\u0105czone s\u0105 <strong>woalowe tasiemki<\/strong> umo\u017cliwiaj\u0105ce upi\u0119cie zas\u0142on w kokony.<\/p>\n<div class=\"mpof_ki myre_zn myre_8v_l m389_6m_l\">\n<div class=\"mp4t_16_s mryx_16_s mr3m_1 mli2_1 mh85_56 mh85_0_l\">\n<div class=\"mgn2_16 _0d3bd_am0a-\">\n<p><strong>Specyfikacja:<\/strong><\/p>\n<ul>\n<li>Szeroko\u015b\u0107:<strong> 400 cm<\/strong><\/li>\n<li>Wysoko\u015b\u0107: <strong>160 cm<\/strong><\/li>\n<li>Tkanina: <b>woal, gipiura<\/b><\/li>\n<li>Spos\u00f3b monta\u017cu:\u00a0<strong> ta\u015bma marszcz\u0105ca &#8211;<\/strong> <b>\u017cabki, haczyki, karnisz rurkowy<\/b><\/li>\n<li>W zestawie: <strong>dwie tasiemki<\/strong> do upi\u0119cia zas\u0142on w kokony<\/li>\n<li>Sk\u0142ad: 100% poliester<\/li>\n<\/ul>\n<\/div>\n<\/div>\n<\/div>\n<div class=\"mpof_ki myre_zn myre_8v_l m389_6m_l\">\n<div class=\"mp4t_16_s mryx_16_s mr3m_1 mli2_1 mh85_56 mh85_0_l\"><\/div>\n<\/div>\n","protected":false},"excerpt":{"rendered":"<p>ZESTAW DEKORACYJNY W KWIATY Z OZDOBN\u0104 GIPIUR\u0104 400X160 CM Przedstawiamy urokliwy zestaw dekoracyjny o wymiarach 400&#215;160 cm, zdobiony kwiatowym wzorem. Firanka z zas\u0142onami uszyte s\u0105 na jednej ta\u015bmie marszcz\u0105cej. Firana zosta\u0142a wykonana z wysokiej jako\u015bci bia\u0142ego woalu. Boczne elementy zestawu oraz dekoracyjny lambrekin ozdobione s\u0105 pi\u0119knymi kwiatami. Ca\u0142o\u015b\u0107 zestawu zosta\u0142a wyko\u0144czona efektown\u0105 gipiur\u0105. Do kompletu do\u0142\u0105czone s\u0105 woalowe tasiemki umo\u017cliwiaj\u0105ce upi\u0119cie zas\u0142on w kokony. Specyfikacja: Szeroko\u015b\u0107: 400 cm Wysoko\u015b\u0107: 160 cm Tkanina: woal, gipiura Spos\u00f3b monta\u017cu:\u00a0 ta\u015bma marszcz\u0105ca &#8211; \u017cabki, haczyki, karnisz rurkowy W zestawie: dwie tasiemki do upi\u0119cia zas\u0142on w kokony Sk\u0142ad: 100% poliester<\/p>\n","protected":false},"featured_media":33839,"comment_status":"closed","ping_status":"closed","template":"","meta":[],"product_brand":[],"product_cat":[137],"product_tag":[],"class_list":{"0":"post-27618","1":"product","2":"type-product","3":"status-publish","4":"has-post-thumbnail","6":"product_cat-firany","7":"product_shipping_class-pl","9":"first","10":"outofstock","11":"taxable","12":"shipping-taxable","13":"purchasable","14":"product-type-variable","15":"has-default-attributes"},"jetpack_sharing_enabled":true,"_links":{"self":[{"href":"https:\/\/nakarnisze.pl\/index.php\/wp-json\/wp\/v2\/product\/27618","targetHints":{"allow":["GET"]}}],"collection":[{"href":"https:\/\/nakarnisze.pl\/index.php\/wp-json\/wp\/v2\/product"}],"about":[{"href":"https:\/\/nakarnisze.pl\/index.php\/wp-json\/wp\/v2\/types\/product"}],"replies":[{"embeddable":true,"href":"https:\/\/nakarnisze.pl\/index.php\/wp-json\/wp\/v2\/comments?post=27618"}],"version-history":[{"count":4,"href":"https:\/\/nakarnisze.pl\/index.php\/wp-json\/wp\/v2\/product\/27618\/revisions"}],"predecessor-version":[{"id":33840,"href":"https:\/\/nakarnisze.pl\/index.php\/wp-json\/wp\/v2\/product\/27618\/revisions\/33840"}],"wp:featuredmedia":[{"embeddable":true,"href":"https:\/\/nakarnisze.pl\/index.php\/wp-json\/wp\/v2\/media\/33839"}],"wp:attachment":[{"href":"https:\/\/nakarnisze.pl\/index.php\/wp-json\/wp\/v2\/media?parent=27618"}],"wp:term":[{"taxonomy":"product_brand","embeddable":true,"href":"https:\/\/nakarnisze.pl\/index.php\/wp-json\/wp\/v2\/product_brand?post=27618"},{"taxonomy":"product_cat","embeddable":true,"href":"https:\/\/nakarnisze.pl\/index.php\/wp-json\/wp\/v2\/product_cat?post=27618"},{"taxonomy":"product_tag","embeddable":true,"href":"https:\/\/nakarnisze.pl\/index.php\/wp-json\/wp\/v2\/product_tag?post=27618"}],"curies":[{"name":"wp","href":"https:\/\/api.w.org\/{rel}","templated":true}]}}