{"id":27662,"date":"2024-08-07T22:29:52","date_gmt":"2024-08-07T20:29:52","guid":{"rendered":"https:\/\/nakarnisze.pl\/?post_type=product&#038;p=27662"},"modified":"2025-07-16T16:09:53","modified_gmt":"2025-07-16T14:09:53","slug":"zestaw-dekoracyjny-na-tasmie-z-azurowa-zawieszka-400x150-cm","status":"publish","type":"product","link":"https:\/\/nakarnisze.pl\/index.php\/zestaw-dekoracyjny-na-tasmie-z-azurowa-zawieszka-400x150-cm\/","title":{"rendered":"ZESTAW DEKORACYJNY NA TA\u015aMIE Z A\u017bUROW\u0104 ZAWIESZK\u0104 400X150 CM"},"content":{"rendered":"<h1>ZESTAW DEKORACYJNY NA TA\u015aMIE Z A\u017bUROW\u0104 ZAWIESZK\u0104 400X150 CM<\/h1>\n<p>Zestaw dekoracyjny na <strong>ta\u015bmie<\/strong> z <strong>a\u017curow\u0105<\/strong> zawieszk\u0105 <strong>400&#215;150 cm<\/strong> doda stylu i klasy ka\u017cdemu wn\u0119trzu. Zosta\u0142 wykonany z <strong>g\u0142adkiego woalu<\/strong> oraz tkaniny <strong>panama stretch<\/strong>. G\u00f3ra zestawu ozdobiona jest atrakcyjnym <strong>lambrekinem<\/strong>, udekorowanym <strong>fr\u0119dzlami<\/strong>. Zas\u0142ony mo\u017cna upi\u0105\u0107 w kokony do\u0142\u0105czonymi do zestawu tasiemkami. W zestawie znajduje si\u0119 r\u00f3wnie\u017c <strong>a\u017curowe serce<\/strong> wykonane z <strong>grubego filcu<\/strong>\u00a0na kryszta\u0142owej zawieszce. Komplet z powodzeniem odnajdzie si\u0119 we wn\u0119trzach w stylu klasycznym i nowoczesnym.<\/p>\n<p><strong>Specyfikacja:<\/strong><\/p>\n<ul>\n<li>Szeroko\u015b\u0107:<strong> 400 cm<\/strong><\/li>\n<li>Wysoko\u015b\u0107: <strong>150 cm<\/strong><\/li>\n<li>Materia\u0142:<strong> woal+ panama stretch, filc<\/strong><\/li>\n<li>Kolor: <strong>bia\u0142y, szary<\/strong><\/li>\n<li>W zestawie: kryszta\u0142owa zawieszka, a\u017curowe serce z filcu, dwie tasiemki do upi\u0119cia zas\u0142on<\/li>\n<li>Sk\u0142ad: 100% poliester<\/li>\n<\/ul>\n","protected":false},"excerpt":{"rendered":"<p>ZESTAW DEKORACYJNY NA TA\u015aMIE Z A\u017bUROW\u0104 ZAWIESZK\u0104 400X150 CM Zestaw dekoracyjny na ta\u015bmie z a\u017curow\u0105 zawieszk\u0105 400&#215;150 cm doda stylu i klasy ka\u017cdemu wn\u0119trzu. Zosta\u0142 wykonany z g\u0142adkiego woalu oraz tkaniny panama stretch. G\u00f3ra zestawu ozdobiona jest atrakcyjnym lambrekinem, udekorowanym fr\u0119dzlami. Zas\u0142ony mo\u017cna upi\u0105\u0107 w kokony do\u0142\u0105czonymi do zestawu tasiemkami. W zestawie znajduje si\u0119 r\u00f3wnie\u017c a\u017curowe serce wykonane z grubego filcu\u00a0na kryszta\u0142owej zawieszce. Komplet z powodzeniem odnajdzie si\u0119 we wn\u0119trzach w stylu klasycznym i nowoczesnym. Specyfikacja: Szeroko\u015b\u0107: 400 cm Wysoko\u015b\u0107: 150 cm Materia\u0142: woal+ panama stretch, filc Kolor: bia\u0142y, szary W zestawie: kryszta\u0142owa zawieszka, a\u017curowe serce z filcu, dwie tasiemki do upi\u0119cia zas\u0142on Sk\u0142ad: 100% poliester<\/p>\n","protected":false},"featured_media":27663,"comment_status":"closed","ping_status":"closed","template":"","meta":[],"product_brand":[],"product_cat":[472,137],"product_tag":[],"class_list":{"0":"post-27662","1":"product","2":"type-product","3":"status-publish","4":"has-post-thumbnail","6":"product_cat-zestaw-dekoracyjny","7":"product_cat-firany","8":"product_shipping_class-pl","10":"first","11":"outofstock","12":"taxable","13":"shipping-taxable","14":"purchasable","15":"product-type-simple"},"jetpack_sharing_enabled":true,"_links":{"self":[{"href":"https:\/\/nakarnisze.pl\/index.php\/wp-json\/wp\/v2\/product\/27662","targetHints":{"allow":["GET"]}}],"collection":[{"href":"https:\/\/nakarnisze.pl\/index.php\/wp-json\/wp\/v2\/product"}],"about":[{"href":"https:\/\/nakarnisze.pl\/index.php\/wp-json\/wp\/v2\/types\/product"}],"replies":[{"embeddable":true,"href":"https:\/\/nakarnisze.pl\/index.php\/wp-json\/wp\/v2\/comments?post=27662"}],"version-history":[{"count":3,"href":"https:\/\/nakarnisze.pl\/index.php\/wp-json\/wp\/v2\/product\/27662\/revisions"}],"predecessor-version":[{"id":27671,"href":"https:\/\/nakarnisze.pl\/index.php\/wp-json\/wp\/v2\/product\/27662\/revisions\/27671"}],"wp:featuredmedia":[{"embeddable":true,"href":"https:\/\/nakarnisze.pl\/index.php\/wp-json\/wp\/v2\/media\/27663"}],"wp:attachment":[{"href":"https:\/\/nakarnisze.pl\/index.php\/wp-json\/wp\/v2\/media?parent=27662"}],"wp:term":[{"taxonomy":"product_brand","embeddable":true,"href":"https:\/\/nakarnisze.pl\/index.php\/wp-json\/wp\/v2\/product_brand?post=27662"},{"taxonomy":"product_cat","embeddable":true,"href":"https:\/\/nakarnisze.pl\/index.php\/wp-json\/wp\/v2\/product_cat?post=27662"},{"taxonomy":"product_tag","embeddable":true,"href":"https:\/\/nakarnisze.pl\/index.php\/wp-json\/wp\/v2\/product_tag?post=27662"}],"curies":[{"name":"wp","href":"https:\/\/api.w.org\/{rel}","templated":true}]}}