{"id":27674,"date":"2024-08-08T11:45:29","date_gmt":"2024-08-08T09:45:29","guid":{"rendered":"https:\/\/nakarnisze.pl\/?post_type=product&#038;p=27674"},"modified":"2026-04-13T09:09:12","modified_gmt":"2026-04-13T07:09:12","slug":"zestaw-dekoracyjny-z-ozdobna-wstawka-i-zaslonami-400x160-cm","status":"publish","type":"product","link":"https:\/\/nakarnisze.pl\/index.php\/zestaw-dekoracyjny-z-ozdobna-wstawka-i-zaslonami-400x160-cm\/","title":{"rendered":"ZESTAW DEKORACYJNY Z OZDOBN\u0104 WSTAWK\u0104 I ZAS\u0141ONAMI 400X160 CM"},"content":{"rendered":"<h1>ZESTAW DEKORACYJNY Z OZDOBN\u0104 WSTAWK\u0104 I ZAS\u0141ONAMI 400X160 CM<\/h1>\n<p>Efektowny zestaw dekoracyjny z ozdobn\u0105 wstawk\u0105 i zas\u0142onami <strong>400&#215;160 cm<\/strong> odnajdzie si\u0119 idealnie we wn\u0119trzach w stylu klasycznym. Boczne zas\u0142ony wykonane s\u0105 z materia\u0142u <strong>mikrofibra<\/strong>. Mo\u017cna je podpi\u0105\u0107 w<strong> kokony<\/strong> dzi\u0119ki tasiemkom z <strong>kokardkami<\/strong> do\u0142\u0105czonymi do kompletu. \u015arodkowa firana uszyta jest z<strong> g\u0142adkiego woalu<\/strong>, u do\u0142u ozdobiona <strong>koronk\u0105 z markizety<\/strong>. G\u00f3r\u0119 firany zdobi <strong>delikatny<\/strong> <strong>lambrekin<\/strong>. Ca\u0142y komplet uszyty jest na<strong> jednej ta\u015bmie marszcz\u0105cej<\/strong>, co umo\u017cliwia zawieszenie go na karniszu rurkowym lub na \u017cabkach.<\/p>\n<p><strong>Specyfikacja:<\/strong><\/p>\n<ul>\n<li>Szeroko\u015b\u0107: <strong>400 cm<\/strong><\/li>\n<li>Wysoko\u015b\u0107:<strong> 160 cm<\/strong><\/li>\n<li>Materia\u0142: <strong>woal + mikrofibra + markizeta<\/strong><\/li>\n<li>Kolor: <strong>bia\u0142y, czarny<\/strong><\/li>\n<li>W zestawie: dwie tasiemki z kokardkami do upi\u0119cia zas\u0142on<\/li>\n<li>Spos\u00f3b monta\u017cu: <strong>ta\u015bma marszcz\u0105ca \u2013<\/strong>\u00a0<b>\u017cabki, haczyki, karnisz rurkowy<\/b><\/li>\n<li>Sk\u0142ad: 100% poliester<\/li>\n<\/ul>\n<p>&nbsp;<\/p>\n<p>&nbsp;<\/p>\n","protected":false},"excerpt":{"rendered":"<p>ZESTAW DEKORACYJNY Z OZDOBN\u0104 WSTAWK\u0104 I ZAS\u0141ONAMI 400X160 CM Efektowny zestaw dekoracyjny z ozdobn\u0105 wstawk\u0105 i zas\u0142onami 400&#215;160 cm odnajdzie si\u0119 idealnie we wn\u0119trzach w stylu klasycznym. Boczne zas\u0142ony wykonane s\u0105 z materia\u0142u mikrofibra. Mo\u017cna je podpi\u0105\u0107 w kokony dzi\u0119ki tasiemkom z kokardkami do\u0142\u0105czonymi do kompletu. \u015arodkowa firana uszyta jest z g\u0142adkiego woalu, u do\u0142u ozdobiona koronk\u0105 z markizety. G\u00f3r\u0119 firany zdobi delikatny lambrekin. Ca\u0142y komplet uszyty jest na jednej ta\u015bmie marszcz\u0105cej, co umo\u017cliwia zawieszenie go na karniszu rurkowym lub na \u017cabkach. Specyfikacja: Szeroko\u015b\u0107: 400 cm Wysoko\u015b\u0107: 160 cm Materia\u0142: woal + mikrofibra + markizeta Kolor: bia\u0142y, czarny W zestawie: dwie tasiemki z kokardkami do upi\u0119cia zas\u0142on Spos\u00f3b monta\u017cu: ta\u015bma marszcz\u0105ca \u2013\u00a0\u017cabki, haczyki, karnisz rurkowy Sk\u0142ad: 100% poliester &nbsp; &nbsp;<\/p>\n","protected":false},"featured_media":33920,"comment_status":"closed","ping_status":"closed","template":"","meta":[],"product_brand":[],"product_cat":[472],"product_tag":[],"class_list":{"0":"post-27674","1":"product","2":"type-product","3":"status-publish","4":"has-post-thumbnail","6":"product_cat-zestaw-dekoracyjny","7":"product_shipping_class-pl","9":"first","10":"onbackorder","11":"taxable","12":"shipping-taxable","13":"purchasable","14":"product-type-simple"},"jetpack_sharing_enabled":true,"_links":{"self":[{"href":"https:\/\/nakarnisze.pl\/index.php\/wp-json\/wp\/v2\/product\/27674","targetHints":{"allow":["GET"]}}],"collection":[{"href":"https:\/\/nakarnisze.pl\/index.php\/wp-json\/wp\/v2\/product"}],"about":[{"href":"https:\/\/nakarnisze.pl\/index.php\/wp-json\/wp\/v2\/types\/product"}],"replies":[{"embeddable":true,"href":"https:\/\/nakarnisze.pl\/index.php\/wp-json\/wp\/v2\/comments?post=27674"}],"version-history":[{"count":2,"href":"https:\/\/nakarnisze.pl\/index.php\/wp-json\/wp\/v2\/product\/27674\/revisions"}],"predecessor-version":[{"id":33924,"href":"https:\/\/nakarnisze.pl\/index.php\/wp-json\/wp\/v2\/product\/27674\/revisions\/33924"}],"wp:featuredmedia":[{"embeddable":true,"href":"https:\/\/nakarnisze.pl\/index.php\/wp-json\/wp\/v2\/media\/33920"}],"wp:attachment":[{"href":"https:\/\/nakarnisze.pl\/index.php\/wp-json\/wp\/v2\/media?parent=27674"}],"wp:term":[{"taxonomy":"product_brand","embeddable":true,"href":"https:\/\/nakarnisze.pl\/index.php\/wp-json\/wp\/v2\/product_brand?post=27674"},{"taxonomy":"product_cat","embeddable":true,"href":"https:\/\/nakarnisze.pl\/index.php\/wp-json\/wp\/v2\/product_cat?post=27674"},{"taxonomy":"product_tag","embeddable":true,"href":"https:\/\/nakarnisze.pl\/index.php\/wp-json\/wp\/v2\/product_tag?post=27674"}],"curies":[{"name":"wp","href":"https:\/\/api.w.org\/{rel}","templated":true}]}}