{"id":27683,"date":"2024-08-08T12:35:25","date_gmt":"2024-08-08T10:35:25","guid":{"rendered":"https:\/\/nakarnisze.pl\/?post_type=product&#038;p=27683"},"modified":"2025-12-12T00:26:57","modified_gmt":"2025-12-11T22:26:57","slug":"dluga-firana-woalowa-z-gipiura-oraz-haftem-w-kolorze-ecru-400x250-cm","status":"publish","type":"product","link":"https:\/\/nakarnisze.pl\/index.php\/dluga-firana-woalowa-z-gipiura-oraz-haftem-w-kolorze-ecru-400x250-cm\/","title":{"rendered":"D\u0141UGA FIRANA WOALOWA Z GIPIUR\u0104 ORAZ HAFTEM W KOLORZE ECRU 400X250 CM"},"content":{"rendered":"<h1>D\u0141UGA FIRANA WOALOWA Z GIPIUR\u0104 ORAZ HAFTEM W KOLORZE ECRU 400X250 CM<\/h1>\n<p>D\u0142uga firana woalowa z gipiur\u0105 oraz haftem w kolorze ecru 400&#215;250 cm to elegancki dodatek, kt\u00f3ry wprowadzi do Twojego wn\u0119trza subtelny urok i klasyczny styl. Zosta\u0142a wykonana z <strong>g\u0142adkiego woalu<\/strong>. G\u0142\u00f3wn\u0105 ozdob\u0105 tej firany jest misternie wykonana <strong>gipiura<\/strong> o szeroko\u015bci <strong>20 cm<\/strong>, kt\u00f3ra znajduje si\u0119 na dolnej kraw\u0119dzi firany. Gipiura dodaje ca\u0142o\u015bci <strong>elegancji i finezji<\/strong>, tworz\u0105c efektowne wyko\u0144czenie. Dodatkowo, firana jest zdobiona subtelnym <strong>haftem<\/strong>, kt\u00f3ry nadaje jej wyj\u0105tkowego charakteru i sprawia, \u017ce staje si\u0119 ona nie tylko praktycznym elementem wyposa\u017cenia, ale r\u00f3wnie\u017c <strong>pi\u0119kn\u0105 dekoracj\u0105<\/strong>. P\u00f3\u0142prze\u017aroczysta tkanina zapewni mieszka\u0144com prywatno\u015b\u0107, a w s\u0142oneczny dzie\u0144 przepu\u015bci promienie s\u0142oneczne i <strong>rozja\u015bni<\/strong> pomieszczenie.<\/p>\n<p><strong>Specyfikacja:<\/strong><\/p>\n<ul>\n<li>Szeroko\u015b\u0107: <strong>400 cm<\/strong><\/li>\n<li>Wysoko\u015b\u0107: <strong>250 cm<\/strong><\/li>\n<li>Materia\u0142:<strong> woal, gipiura<\/strong><\/li>\n<li>Gipiura:<strong> 20 cm<\/strong><\/li>\n<li>Kolor:<strong> ecru<\/strong><\/li>\n<li>Spos\u00f3b monta\u017cu: <strong>ta\u015bma marszcz\u0105ca &#8211; \u017cabki, haczyki, karnisz rurkowy<\/strong><\/li>\n<li>Sk\u0142ad: 100% poliester<\/li>\n<\/ul>\n","protected":false},"excerpt":{"rendered":"<p>D\u0141UGA FIRANA WOALOWA Z GIPIUR\u0104 ORAZ HAFTEM W KOLORZE ECRU 400X250 CM D\u0142uga firana woalowa z gipiur\u0105 oraz haftem w kolorze ecru 400&#215;250 cm to elegancki dodatek, kt\u00f3ry wprowadzi do Twojego wn\u0119trza subtelny urok i klasyczny styl. Zosta\u0142a wykonana z g\u0142adkiego woalu. G\u0142\u00f3wn\u0105 ozdob\u0105 tej firany jest misternie wykonana gipiura o szeroko\u015bci 20 cm, kt\u00f3ra znajduje si\u0119 na dolnej kraw\u0119dzi firany. Gipiura dodaje ca\u0142o\u015bci elegancji i finezji, tworz\u0105c efektowne wyko\u0144czenie. Dodatkowo, firana jest zdobiona subtelnym haftem, kt\u00f3ry nadaje jej wyj\u0105tkowego charakteru i sprawia, \u017ce staje si\u0119 ona nie tylko praktycznym elementem wyposa\u017cenia, ale r\u00f3wnie\u017c pi\u0119kn\u0105 dekoracj\u0105. P\u00f3\u0142prze\u017aroczysta tkanina zapewni mieszka\u0144com prywatno\u015b\u0107, a w s\u0142oneczny dzie\u0144 przepu\u015bci promienie s\u0142oneczne i rozja\u015bni pomieszczenie. Specyfikacja: Szeroko\u015b\u0107: 400 cm Wysoko\u015b\u0107: 250 cm Materia\u0142: woal, gipiura Gipiura: 20 cm Kolor: ecru Spos\u00f3b monta\u017cu: ta\u015bma marszcz\u0105ca &#8211; \u017cabki, haczyki, karnisz rurkowy Sk\u0142ad: 100% poliester<\/p>\n","protected":false},"featured_media":34076,"comment_status":"closed","ping_status":"closed","template":"","meta":[],"product_brand":[],"product_cat":[552,137],"product_tag":[],"class_list":{"0":"post-27683","1":"product","2":"type-product","3":"status-publish","4":"has-post-thumbnail","6":"product_cat-firany-na-tasmie","7":"product_cat-firany","8":"product_shipping_class-pl","10":"first","11":"onbackorder","12":"taxable","13":"shipping-taxable","14":"purchasable","15":"product-type-simple"},"jetpack_sharing_enabled":true,"_links":{"self":[{"href":"https:\/\/nakarnisze.pl\/index.php\/wp-json\/wp\/v2\/product\/27683","targetHints":{"allow":["GET"]}}],"collection":[{"href":"https:\/\/nakarnisze.pl\/index.php\/wp-json\/wp\/v2\/product"}],"about":[{"href":"https:\/\/nakarnisze.pl\/index.php\/wp-json\/wp\/v2\/types\/product"}],"replies":[{"embeddable":true,"href":"https:\/\/nakarnisze.pl\/index.php\/wp-json\/wp\/v2\/comments?post=27683"}],"version-history":[{"count":2,"href":"https:\/\/nakarnisze.pl\/index.php\/wp-json\/wp\/v2\/product\/27683\/revisions"}],"predecessor-version":[{"id":34081,"href":"https:\/\/nakarnisze.pl\/index.php\/wp-json\/wp\/v2\/product\/27683\/revisions\/34081"}],"wp:featuredmedia":[{"embeddable":true,"href":"https:\/\/nakarnisze.pl\/index.php\/wp-json\/wp\/v2\/media\/34076"}],"wp:attachment":[{"href":"https:\/\/nakarnisze.pl\/index.php\/wp-json\/wp\/v2\/media?parent=27683"}],"wp:term":[{"taxonomy":"product_brand","embeddable":true,"href":"https:\/\/nakarnisze.pl\/index.php\/wp-json\/wp\/v2\/product_brand?post=27683"},{"taxonomy":"product_cat","embeddable":true,"href":"https:\/\/nakarnisze.pl\/index.php\/wp-json\/wp\/v2\/product_cat?post=27683"},{"taxonomy":"product_tag","embeddable":true,"href":"https:\/\/nakarnisze.pl\/index.php\/wp-json\/wp\/v2\/product_tag?post=27683"}],"curies":[{"name":"wp","href":"https:\/\/api.w.org\/{rel}","templated":true}]}}