{"id":27699,"date":"2024-08-08T20:40:07","date_gmt":"2024-08-08T18:40:07","guid":{"rendered":"https:\/\/nakarnisze.pl\/?post_type=product&#038;p=27699"},"modified":"2026-03-31T13:43:18","modified_gmt":"2026-03-31T11:43:18","slug":"krotka-firana-z-woalu-uszyta-w-luk-z-gipiura-200x100-cm","status":"publish","type":"product","link":"https:\/\/nakarnisze.pl\/index.php\/krotka-firana-z-woalu-uszyta-w-luk-z-gipiura-200x100-cm\/","title":{"rendered":"KR\u00d3TKA FIRANA Z WOALU USZYTA W \u0141UK Z GIPIUR\u0104 200X100 CM"},"content":{"rendered":"<h1>KR\u00d3TKA FIRANA Z WOALU USZYTA W \u0141UK Z GIPIUR\u0104 200X100 CM<\/h1>\n<p>Kr\u00f3tka firana z woalu uszyta w \u0142uk z gipiur\u0105<strong> 200&#215;100 cm <\/strong>uzupe\u0142ni dekoracj\u0119 okna w stylu klasycznym, romantycznym i glamour. Zosta\u0142a wykonana z<strong> wysokiej jako\u015bci<\/strong> tkaniny &#8211;\u00a0 <strong>g\u0142adkiego, bia\u0142ego<\/strong> <b>woalu, <\/b>wyko\u0144czona w dolnej cz\u0119\u015bci <strong>15 centymetrow\u0105 gipiur\u0105<\/strong>. Elegancka gipiura nada wn\u0119trzu stylowego charakteru.\u00a0Idealna na pojedyncze ma\u0142e okno. Pasuje do kuchni, \u0142azienki lub pokoju dzieci\u0119cego.\u00a0 W g\u00f3rnej cz\u0119\u015bci firany zosta\u0142a wszyta <strong>ta\u015bma marszcz\u0105ca<\/strong> z tunelem umo\u017cliwiaj\u0105ca monta\u017c na karniszu rurkowym lub na \u017cabki. Wszyta ta\u015bma pozwala na dowolne marszczenie firanki przez co bez trudu mo\u017cna dopasowa\u0107 j\u0105 do karnisza. Firana jest niezwykle <strong>trwa\u0142a<\/strong> i pi\u0119knie si\u0119 uk\u0142ada.<\/p>\n<p><strong>SPECYFIKACJA:<\/strong><\/p>\n<ul>\n<li>Szeroko\u015b\u0107: <strong>200 cm<\/strong><\/li>\n<li>Wysoko\u015b\u0107: <strong>100 cm<\/strong><\/li>\n<li>Materia\u0142: <strong>woal, gipiura<\/strong><\/li>\n<li>Gipiura:<strong>15 cm<\/strong><\/li>\n<li>Kolor:\u00a0<strong>bia\u0142y<\/strong><\/li>\n<li>Spos\u00f3b monta\u017cu: <strong>ta\u015bma marszcz\u0105ca &#8211; \u017cabki, haczyki, karnisz rurkowy<\/strong><\/li>\n<li>Firana pasuje na karnisz: <strong>50-150 cm<\/strong><\/li>\n<li>Sk\u0142ad: 100% poliester<\/li>\n<\/ul>\n<p><strong>Cena dotyczy 1 sztuki<\/strong><\/p>\n","protected":false},"excerpt":{"rendered":"<p>KR\u00d3TKA FIRANA Z WOALU USZYTA W \u0141UK Z GIPIUR\u0104 200X100 CM Kr\u00f3tka firana z woalu uszyta w \u0142uk z gipiur\u0105 200&#215;100 cm uzupe\u0142ni dekoracj\u0119 okna w stylu klasycznym, romantycznym i glamour. Zosta\u0142a wykonana z wysokiej jako\u015bci tkaniny &#8211;\u00a0 g\u0142adkiego, bia\u0142ego woalu, wyko\u0144czona w dolnej cz\u0119\u015bci 15 centymetrow\u0105 gipiur\u0105. Elegancka gipiura nada wn\u0119trzu stylowego charakteru.\u00a0Idealna na pojedyncze ma\u0142e okno. Pasuje do kuchni, \u0142azienki lub pokoju dzieci\u0119cego.\u00a0 W g\u00f3rnej cz\u0119\u015bci firany zosta\u0142a wszyta ta\u015bma marszcz\u0105ca z tunelem umo\u017cliwiaj\u0105ca monta\u017c na karniszu rurkowym lub na \u017cabki. Wszyta ta\u015bma pozwala na dowolne marszczenie firanki przez co bez trudu mo\u017cna dopasowa\u0107 j\u0105 do karnisza. Firana jest niezwykle trwa\u0142a i pi\u0119knie si\u0119 uk\u0142ada. SPECYFIKACJA: Szeroko\u015b\u0107: 200 cm Wysoko\u015b\u0107: 100 cm Materia\u0142: woal, gipiura Gipiura:15 cm Kolor:\u00a0bia\u0142y Spos\u00f3b monta\u017cu: ta\u015bma marszcz\u0105ca &#8211; \u017cabki, haczyki, karnisz rurkowy Firana pasuje na karnisz: 50-150 cm Sk\u0142ad: 100% poliester Cena dotyczy 1 sztuki<\/p>\n","protected":false},"featured_media":27700,"comment_status":"closed","ping_status":"closed","template":"","meta":[],"product_brand":[],"product_cat":[552,137],"product_tag":[],"class_list":{"0":"post-27699","1":"product","2":"type-product","3":"status-publish","4":"has-post-thumbnail","6":"product_cat-firany-na-tasmie","7":"product_cat-firany","8":"product_shipping_class-pl","10":"first","11":"onbackorder","12":"taxable","13":"shipping-taxable","14":"purchasable","15":"product-type-simple"},"jetpack_sharing_enabled":true,"_links":{"self":[{"href":"https:\/\/nakarnisze.pl\/index.php\/wp-json\/wp\/v2\/product\/27699","targetHints":{"allow":["GET"]}}],"collection":[{"href":"https:\/\/nakarnisze.pl\/index.php\/wp-json\/wp\/v2\/product"}],"about":[{"href":"https:\/\/nakarnisze.pl\/index.php\/wp-json\/wp\/v2\/types\/product"}],"replies":[{"embeddable":true,"href":"https:\/\/nakarnisze.pl\/index.php\/wp-json\/wp\/v2\/comments?post=27699"}],"version-history":[{"count":2,"href":"https:\/\/nakarnisze.pl\/index.php\/wp-json\/wp\/v2\/product\/27699\/revisions"}],"predecessor-version":[{"id":27707,"href":"https:\/\/nakarnisze.pl\/index.php\/wp-json\/wp\/v2\/product\/27699\/revisions\/27707"}],"wp:featuredmedia":[{"embeddable":true,"href":"https:\/\/nakarnisze.pl\/index.php\/wp-json\/wp\/v2\/media\/27700"}],"wp:attachment":[{"href":"https:\/\/nakarnisze.pl\/index.php\/wp-json\/wp\/v2\/media?parent=27699"}],"wp:term":[{"taxonomy":"product_brand","embeddable":true,"href":"https:\/\/nakarnisze.pl\/index.php\/wp-json\/wp\/v2\/product_brand?post=27699"},{"taxonomy":"product_cat","embeddable":true,"href":"https:\/\/nakarnisze.pl\/index.php\/wp-json\/wp\/v2\/product_cat?post=27699"},{"taxonomy":"product_tag","embeddable":true,"href":"https:\/\/nakarnisze.pl\/index.php\/wp-json\/wp\/v2\/product_tag?post=27699"}],"curies":[{"name":"wp","href":"https:\/\/api.w.org\/{rel}","templated":true}]}}