{"id":27709,"date":"2024-08-08T21:44:22","date_gmt":"2024-08-08T19:44:22","guid":{"rendered":"https:\/\/nakarnisze.pl\/?post_type=product&#038;p=27709"},"modified":"2025-12-12T00:26:50","modified_gmt":"2025-12-11T22:26:50","slug":"biala-woalowa-firana-na-tasmie-marszczacej-zdobiona-koralikami","status":"publish","type":"product","link":"https:\/\/nakarnisze.pl\/index.php\/biala-woalowa-firana-na-tasmie-marszczacej-zdobiona-koralikami\/","title":{"rendered":"BIA\u0141A WOALOWA FIRANA NA TA\u015aMIE MARSZCZ\u0104CEJ ZDOBIONA KORALIKAMI"},"content":{"rendered":"<h1>BIA\u0141A WOALOWA FIRANA NA TA\u015aMIE MARSZCZ\u0104CEJ ZDOBIONA KORALIKAMI<\/h1>\n<p>Bia\u0142a woalowa firana na ta\u015bmie marszcz\u0105cej zdobiona koralikami to znakomita propozycja dla os\u00f3b, kt\u00f3re szukaj\u0105 modnej i eleganckiej ozdoby na okno tarasowe lub balkonowe. Zosta\u0142a wykonana z<strong> woalu w bia\u0142ym kolorze<\/strong>. Brzegi firany wyko\u0144czone s\u0105 <strong>ta\u015bm\u0105 z koralikami<\/strong>. Dekoracja pasuje do klasycznych wn\u0119trz, kt\u00f3rym dodaje wdzi\u0119ku i prezencji. Do kompletu do\u0142\u0105czono dwie, <strong>a\u017curowe<\/strong> podwi\u0105zki do podpi\u0119cia firany po bokach. Firana wygl\u0105da zjawiskowo, zar\u00f3wno gdy jest swobodnie zawieszona na karniszu, jak r\u00f3wnie\u017c, gdy jest efektownie upi\u0119ta w dwa kokony dzi\u0119ki podwi\u0105zkom. Komplet zosta\u0142 uszyty na uniwersalnej ta\u015bmie marszcz\u0105cej.<\/p>\n<p><strong>Specyfikacja:<\/strong><\/p>\n<ul>\n<li>Szeroko\u015b\u0107: <strong>400 cm &#8211; szeroko\u015b\u0107 ca\u0142kowita firany<\/strong><\/li>\n<li>D\u0142ugo\u015b\u0107:<strong> 155 cm,<\/strong> <strong>250 cm &#8211; d\u0142ugo\u015b\u0107 ca\u0142kowita firany<\/strong><\/li>\n<li>Materia\u0142:<strong> woal<\/strong><\/li>\n<li>Kolor:<strong> bia\u0142y<\/strong><\/li>\n<li>Spos\u00f3b monta\u017cu: <strong>ta\u015bma marszcz\u0105ca &#8211; \u017cabki, haczyki, karnisz rurkowy<\/strong><\/li>\n<li>W zestawie: <strong>dwie podwi\u0105zki<\/strong> do upi\u0119cia firany w kokony<\/li>\n<li>Sk\u0142ad: 100% poliester<\/li>\n<\/ul>\n","protected":false},"excerpt":{"rendered":"<p>BIA\u0141A WOALOWA FIRANA NA TA\u015aMIE MARSZCZ\u0104CEJ ZDOBIONA KORALIKAMI Bia\u0142a woalowa firana na ta\u015bmie marszcz\u0105cej zdobiona koralikami to znakomita propozycja dla os\u00f3b, kt\u00f3re szukaj\u0105 modnej i eleganckiej ozdoby na okno tarasowe lub balkonowe. Zosta\u0142a wykonana z woalu w bia\u0142ym kolorze. Brzegi firany wyko\u0144czone s\u0105 ta\u015bm\u0105 z koralikami. Dekoracja pasuje do klasycznych wn\u0119trz, kt\u00f3rym dodaje wdzi\u0119ku i prezencji. Do kompletu do\u0142\u0105czono dwie, a\u017curowe podwi\u0105zki do podpi\u0119cia firany po bokach. Firana wygl\u0105da zjawiskowo, zar\u00f3wno gdy jest swobodnie zawieszona na karniszu, jak r\u00f3wnie\u017c, gdy jest efektownie upi\u0119ta w dwa kokony dzi\u0119ki podwi\u0105zkom. Komplet zosta\u0142 uszyty na uniwersalnej ta\u015bmie marszcz\u0105cej. Specyfikacja: Szeroko\u015b\u0107: 400 cm &#8211; szeroko\u015b\u0107 ca\u0142kowita firany D\u0142ugo\u015b\u0107: 155 cm, 250 cm &#8211; d\u0142ugo\u015b\u0107 ca\u0142kowita firany Materia\u0142: woal Kolor: bia\u0142y Spos\u00f3b monta\u017cu: ta\u015bma marszcz\u0105ca &#8211; \u017cabki, haczyki, karnisz rurkowy W zestawie: dwie podwi\u0105zki do upi\u0119cia firany w kokony Sk\u0142ad: 100% poliester<\/p>\n","protected":false},"featured_media":34069,"comment_status":"closed","ping_status":"closed","template":"","meta":[],"product_brand":[],"product_cat":[552,137],"product_tag":[],"class_list":{"0":"post-27709","1":"product","2":"type-product","3":"status-publish","4":"has-post-thumbnail","6":"product_cat-firany-na-tasmie","7":"product_cat-firany","8":"product_shipping_class-pl","10":"first","11":"outofstock","12":"taxable","13":"shipping-taxable","14":"product-type-variable","15":"has-default-attributes"},"jetpack_sharing_enabled":true,"_links":{"self":[{"href":"https:\/\/nakarnisze.pl\/index.php\/wp-json\/wp\/v2\/product\/27709","targetHints":{"allow":["GET"]}}],"collection":[{"href":"https:\/\/nakarnisze.pl\/index.php\/wp-json\/wp\/v2\/product"}],"about":[{"href":"https:\/\/nakarnisze.pl\/index.php\/wp-json\/wp\/v2\/types\/product"}],"replies":[{"embeddable":true,"href":"https:\/\/nakarnisze.pl\/index.php\/wp-json\/wp\/v2\/comments?post=27709"}],"version-history":[{"count":5,"href":"https:\/\/nakarnisze.pl\/index.php\/wp-json\/wp\/v2\/product\/27709\/revisions"}],"predecessor-version":[{"id":34070,"href":"https:\/\/nakarnisze.pl\/index.php\/wp-json\/wp\/v2\/product\/27709\/revisions\/34070"}],"wp:featuredmedia":[{"embeddable":true,"href":"https:\/\/nakarnisze.pl\/index.php\/wp-json\/wp\/v2\/media\/34069"}],"wp:attachment":[{"href":"https:\/\/nakarnisze.pl\/index.php\/wp-json\/wp\/v2\/media?parent=27709"}],"wp:term":[{"taxonomy":"product_brand","embeddable":true,"href":"https:\/\/nakarnisze.pl\/index.php\/wp-json\/wp\/v2\/product_brand?post=27709"},{"taxonomy":"product_cat","embeddable":true,"href":"https:\/\/nakarnisze.pl\/index.php\/wp-json\/wp\/v2\/product_cat?post=27709"},{"taxonomy":"product_tag","embeddable":true,"href":"https:\/\/nakarnisze.pl\/index.php\/wp-json\/wp\/v2\/product_tag?post=27709"}],"curies":[{"name":"wp","href":"https:\/\/api.w.org\/{rel}","templated":true}]}}