{"id":27845,"date":"2024-08-20T21:58:18","date_gmt":"2024-08-20T19:58:18","guid":{"rendered":"https:\/\/nakarnisze.pl\/?post_type=product&#038;p=27845"},"modified":"2025-12-12T00:26:41","modified_gmt":"2025-12-11T22:26:41","slug":"firana-woalowa-zazdrostka-haftowana-markizeta-z-gipiura-na-tasmie-300x150-cm","status":"publish","type":"product","link":"https:\/\/nakarnisze.pl\/index.php\/firana-woalowa-zazdrostka-haftowana-markizeta-z-gipiura-na-tasmie-300x150-cm\/","title":{"rendered":"FIRANA WOALOWA ZAZDROSTKA HAFTOWANA MARKIZETA Z GIPIUR\u0104 NA TA\u015aMIE 300&#215;150 CM"},"content":{"rendered":"<h1 class=\"mp4t_0 mryx_0 mj7a_4 mvrt_8 mp0t_ji m9qz_yo munh_0 mqu1_1j mgmw_wo mgn2_21 mgn2_25_s\">FIRANA WOALOWA ZAZDROSTKA HAFTOWANA MARKIZETA Z GIPIUR\u0104 NA TA\u015aMIE 300&#215;150 CM<\/h1>\n<p>Firana woalowa <strong>zazdrostka<\/strong> haftowana markizeta z gipiur\u0105 na ta\u015bmie <strong>300&#215;150 cm<\/strong> to doskona\u0142y wyb\u00f3r dla os\u00f3b ceni\u0105cych eleganckie i oryginalne rozwi\u0105zania w dekoracji wn\u0119trz. Zosta\u0142a wykonana z <strong>delikatnego, p\u00f3\u0142przezroczystego woalu<\/strong>, kt\u00f3ry pi\u0119knie rozprasza \u015bwiat\u0142o, tworz\u0105c przyjemn\u0105 atmosfer\u0119 w pomieszczeniu. Na dole znajduje si\u0119 elegancka <strong>wstawka z markizety ozdobiona haftem<\/strong>, kt\u00f3ra dodaje firanie wyrafinowanego wygl\u0105du, podkre\u015blaj\u0105c jej subtelny urok i elegancj\u0119. Luksusowa <strong>gipiura<\/strong> stanowi wyko\u0144czenie firany, nadaj\u0105c jej wyj\u0105tkowy charakter i styl. Firana wyposa\u017cona jest w <strong>ta\u015bm\u0119 marszcz\u0105c\u0105<\/strong>, co umo\u017cliwia \u0142atwy monta\u017c na ka\u017cdym karniszu oraz r\u00f3wnomierne marszczenie. W komplecie znajduj\u0105 si\u0119 2 niepo\u0142\u0105czone zazdrostki.<\/p>\n<p><strong>Specyfikacja:<\/strong><\/p>\n<ul>\n<li>Wymiary firany:<strong> szeroko\u015b\u0107: 300 cm, wysoko\u015b\u0107: 100 cm<\/strong><\/li>\n<li>Wymiary zazdrostek (2 szt. w komplecie):<strong> szeroko\u015b\u0107: 145 cm, wysoko\u015b\u0107: 50 cm<\/strong><\/li>\n<li>Materia\u0142:<strong> woal, markizeta, gipiura<\/strong><\/li>\n<li>Wysoko\u015b\u0107 wstawki z haftem: <strong>25 cm<\/strong><\/li>\n<li>Spos\u00f3b monta\u017cu: <strong>ta\u015bma marszcz\u0105ca &#8211; \u017cabki, haczyki, karnisz rurkowy<\/strong><\/li>\n<\/ul>\n<p>&nbsp;<\/p>\n<p>&nbsp;<\/p>\n<p>&nbsp;<\/p>\n","protected":false},"excerpt":{"rendered":"<p>FIRANA WOALOWA ZAZDROSTKA HAFTOWANA MARKIZETA Z GIPIUR\u0104 NA TA\u015aMIE 300&#215;150 CM Firana woalowa zazdrostka haftowana markizeta z gipiur\u0105 na ta\u015bmie 300&#215;150 cm to doskona\u0142y wyb\u00f3r dla os\u00f3b ceni\u0105cych eleganckie i oryginalne rozwi\u0105zania w dekoracji wn\u0119trz. Zosta\u0142a wykonana z delikatnego, p\u00f3\u0142przezroczystego woalu, kt\u00f3ry pi\u0119knie rozprasza \u015bwiat\u0142o, tworz\u0105c przyjemn\u0105 atmosfer\u0119 w pomieszczeniu. Na dole znajduje si\u0119 elegancka wstawka z markizety ozdobiona haftem, kt\u00f3ra dodaje firanie wyrafinowanego wygl\u0105du, podkre\u015blaj\u0105c jej subtelny urok i elegancj\u0119. Luksusowa gipiura stanowi wyko\u0144czenie firany, nadaj\u0105c jej wyj\u0105tkowy charakter i styl. Firana wyposa\u017cona jest w ta\u015bm\u0119 marszcz\u0105c\u0105, co umo\u017cliwia \u0142atwy monta\u017c na ka\u017cdym karniszu oraz r\u00f3wnomierne marszczenie. W komplecie znajduj\u0105 si\u0119 2 niepo\u0142\u0105czone zazdrostki. Specyfikacja: Wymiary firany: szeroko\u015b\u0107: 300 cm, wysoko\u015b\u0107: 100 cm Wymiary zazdrostek (2 szt. w komplecie): szeroko\u015b\u0107: 145 cm, wysoko\u015b\u0107: 50 cm Materia\u0142: woal, markizeta, gipiura Wysoko\u015b\u0107 wstawki z haftem: 25 cm Spos\u00f3b monta\u017cu: ta\u015bma marszcz\u0105ca &#8211; \u017cabki, haczyki, karnisz rurkowy &nbsp; &nbsp; &nbsp;<\/p>\n","protected":false},"featured_media":34062,"comment_status":"closed","ping_status":"closed","template":"","meta":[],"product_brand":[],"product_cat":[552,137],"product_tag":[],"class_list":{"0":"post-27845","1":"product","2":"type-product","3":"status-publish","4":"has-post-thumbnail","6":"product_cat-firany-na-tasmie","7":"product_cat-firany","8":"product_shipping_class-pl","10":"first","11":"outofstock","12":"taxable","13":"shipping-taxable","14":"product-type-variable","15":"has-default-attributes"},"jetpack_sharing_enabled":true,"_links":{"self":[{"href":"https:\/\/nakarnisze.pl\/index.php\/wp-json\/wp\/v2\/product\/27845","targetHints":{"allow":["GET"]}}],"collection":[{"href":"https:\/\/nakarnisze.pl\/index.php\/wp-json\/wp\/v2\/product"}],"about":[{"href":"https:\/\/nakarnisze.pl\/index.php\/wp-json\/wp\/v2\/types\/product"}],"replies":[{"embeddable":true,"href":"https:\/\/nakarnisze.pl\/index.php\/wp-json\/wp\/v2\/comments?post=27845"}],"version-history":[{"count":4,"href":"https:\/\/nakarnisze.pl\/index.php\/wp-json\/wp\/v2\/product\/27845\/revisions"}],"predecessor-version":[{"id":34063,"href":"https:\/\/nakarnisze.pl\/index.php\/wp-json\/wp\/v2\/product\/27845\/revisions\/34063"}],"wp:featuredmedia":[{"embeddable":true,"href":"https:\/\/nakarnisze.pl\/index.php\/wp-json\/wp\/v2\/media\/34062"}],"wp:attachment":[{"href":"https:\/\/nakarnisze.pl\/index.php\/wp-json\/wp\/v2\/media?parent=27845"}],"wp:term":[{"taxonomy":"product_brand","embeddable":true,"href":"https:\/\/nakarnisze.pl\/index.php\/wp-json\/wp\/v2\/product_brand?post=27845"},{"taxonomy":"product_cat","embeddable":true,"href":"https:\/\/nakarnisze.pl\/index.php\/wp-json\/wp\/v2\/product_cat?post=27845"},{"taxonomy":"product_tag","embeddable":true,"href":"https:\/\/nakarnisze.pl\/index.php\/wp-json\/wp\/v2\/product_tag?post=27845"}],"curies":[{"name":"wp","href":"https:\/\/api.w.org\/{rel}","templated":true}]}}