{"id":27959,"date":"2024-08-28T11:47:19","date_gmt":"2024-08-28T09:47:19","guid":{"rendered":"https:\/\/nakarnisze.pl\/?post_type=product&#038;p=27959"},"modified":"2026-03-10T11:38:42","modified_gmt":"2026-03-10T09:38:42","slug":"firana-gotowa-woalowa-z-ozdobnym-lambrekinem-400x160-cm","status":"publish","type":"product","link":"https:\/\/nakarnisze.pl\/index.php\/firana-gotowa-woalowa-z-ozdobnym-lambrekinem-400x160-cm\/","title":{"rendered":"FIRANA GOTOWA, WOALOWA Z OZDOBNYM LAMBREKINEM 400X160 CM"},"content":{"rendered":"<h1>FIRANA GOTOWA, WOALOWA Z OZDOBNYM LAMBREKINEM 400X160 CM<\/h1>\n<p>Firana gotowa, woalowa z ozdobnym lambrekinem<strong> 400&#215;160 cm<\/strong> to doskona\u0142y wyb\u00f3r dla os\u00f3b ceni\u0105cych eleganckie i oryginalne rozwi\u0105zania w dekoracji wn\u0119trz. Ta elegancka firana zosta\u0142a wykonana z <strong>cienkiego, mlecznego woalu<\/strong>, kt\u00f3ry jest niezwykle <strong>trwa\u0142y<\/strong> i pi\u0119knie si\u0119 uk\u0142ada.\u00a0G\u00f3ra zestawu ozdobiona jest atrakcyjnym<strong> lambrekinem<\/strong>, udekorowanym w modny <strong>wz\u00f3r kwiatowy<\/strong>. Dwie firany z motywem ro\u015blinnym mo\u017cna upi\u0105\u0107 w <strong>dwa\u00a0 kokony<\/strong>, za pomoc\u0105 do\u0142\u0105czonych do zestawu tasiemek, co pozwoli na jeszcze wi\u0119ksz\u0105 kreatywno\u015b\u0107 w aran\u017cacji. Firana jest uszyta na jednej <strong>ta\u015bmie marszcz\u0105cej<\/strong>, co umo\u017cliwia<strong> \u0142atwe i estetyczne<\/strong> zawieszenie na karniszu. Ta\u015bma marszcz\u0105ca pozwala na idealne dopasowanie firany do szeroko\u015bci okna, <strong>tworz\u0105c efektowne fa\u0142dy<\/strong>, kt\u00f3re dodaj\u0105 wn\u0119trzu przytulno\u015bci.<\/p>\n<p><strong>Specyfikacja:<\/strong><\/p>\n<ul>\n<li>Szeroko\u015b\u0107:\u00a0<b>400 cm<\/b><\/li>\n<li>Wysoko\u015b\u0107:\u00a0<b>160 cm<\/b><\/li>\n<li>Materia\u0142:<strong> woal\u00a0<\/strong><\/li>\n<li>Kolor: <strong>mleczny, be\u017cowy<\/strong><\/li>\n<li>Spos\u00f3b monta\u017cu: <strong>ta\u015bma marszcz\u0105ca &#8211; \u017cabki, haczyki, karnisz rurkowy<\/strong><\/li>\n<li>W zestawie:<strong> dwie tasiemki<\/strong> do upi\u0119cia firany w kokony<\/li>\n<li>Sk\u0142ad: 100% poliester<\/li>\n<\/ul>\n","protected":false},"excerpt":{"rendered":"<p>FIRANA GOTOWA, WOALOWA Z OZDOBNYM LAMBREKINEM 400X160 CM Firana gotowa, woalowa z ozdobnym lambrekinem 400&#215;160 cm to doskona\u0142y wyb\u00f3r dla os\u00f3b ceni\u0105cych eleganckie i oryginalne rozwi\u0105zania w dekoracji wn\u0119trz. Ta elegancka firana zosta\u0142a wykonana z cienkiego, mlecznego woalu, kt\u00f3ry jest niezwykle trwa\u0142y i pi\u0119knie si\u0119 uk\u0142ada.\u00a0G\u00f3ra zestawu ozdobiona jest atrakcyjnym lambrekinem, udekorowanym w modny wz\u00f3r kwiatowy. Dwie firany z motywem ro\u015blinnym mo\u017cna upi\u0105\u0107 w dwa\u00a0 kokony, za pomoc\u0105 do\u0142\u0105czonych do zestawu tasiemek, co pozwoli na jeszcze wi\u0119ksz\u0105 kreatywno\u015b\u0107 w aran\u017cacji. Firana jest uszyta na jednej ta\u015bmie marszcz\u0105cej, co umo\u017cliwia \u0142atwe i estetyczne zawieszenie na karniszu. Ta\u015bma marszcz\u0105ca pozwala na idealne dopasowanie firany do szeroko\u015bci okna, tworz\u0105c efektowne fa\u0142dy, kt\u00f3re dodaj\u0105 wn\u0119trzu przytulno\u015bci. Specyfikacja: Szeroko\u015b\u0107:\u00a0400 cm Wysoko\u015b\u0107:\u00a0160 cm Materia\u0142: woal\u00a0 Kolor: mleczny, be\u017cowy Spos\u00f3b monta\u017cu: ta\u015bma marszcz\u0105ca &#8211; \u017cabki, haczyki, karnisz rurkowy W zestawie: dwie tasiemki do upi\u0119cia firany w kokony Sk\u0142ad: 100% poliester<\/p>\n","protected":false},"featured_media":27961,"comment_status":"closed","ping_status":"closed","template":"","meta":[],"product_brand":[],"product_cat":[137,552,472],"product_tag":[],"class_list":{"0":"post-27959","1":"product","2":"type-product","3":"status-publish","4":"has-post-thumbnail","6":"product_cat-firany","7":"product_cat-firany-na-tasmie","8":"product_cat-zestaw-dekoracyjny","9":"product_shipping_class-pl","11":"first","12":"onbackorder","13":"taxable","14":"shipping-taxable","15":"purchasable","16":"product-type-simple"},"jetpack_sharing_enabled":true,"_links":{"self":[{"href":"https:\/\/nakarnisze.pl\/index.php\/wp-json\/wp\/v2\/product\/27959","targetHints":{"allow":["GET"]}}],"collection":[{"href":"https:\/\/nakarnisze.pl\/index.php\/wp-json\/wp\/v2\/product"}],"about":[{"href":"https:\/\/nakarnisze.pl\/index.php\/wp-json\/wp\/v2\/types\/product"}],"replies":[{"embeddable":true,"href":"https:\/\/nakarnisze.pl\/index.php\/wp-json\/wp\/v2\/comments?post=27959"}],"version-history":[{"count":1,"href":"https:\/\/nakarnisze.pl\/index.php\/wp-json\/wp\/v2\/product\/27959\/revisions"}],"predecessor-version":[{"id":27966,"href":"https:\/\/nakarnisze.pl\/index.php\/wp-json\/wp\/v2\/product\/27959\/revisions\/27966"}],"wp:featuredmedia":[{"embeddable":true,"href":"https:\/\/nakarnisze.pl\/index.php\/wp-json\/wp\/v2\/media\/27961"}],"wp:attachment":[{"href":"https:\/\/nakarnisze.pl\/index.php\/wp-json\/wp\/v2\/media?parent=27959"}],"wp:term":[{"taxonomy":"product_brand","embeddable":true,"href":"https:\/\/nakarnisze.pl\/index.php\/wp-json\/wp\/v2\/product_brand?post=27959"},{"taxonomy":"product_cat","embeddable":true,"href":"https:\/\/nakarnisze.pl\/index.php\/wp-json\/wp\/v2\/product_cat?post=27959"},{"taxonomy":"product_tag","embeddable":true,"href":"https:\/\/nakarnisze.pl\/index.php\/wp-json\/wp\/v2\/product_tag?post=27959"}],"curies":[{"name":"wp","href":"https:\/\/api.w.org\/{rel}","templated":true}]}}