{"id":27970,"date":"2024-08-28T14:37:21","date_gmt":"2024-08-28T12:37:21","guid":{"rendered":"https:\/\/nakarnisze.pl\/?post_type=product&#038;p=27970"},"modified":"2025-12-12T00:25:03","modified_gmt":"2025-12-11T22:25:03","slug":"zestaw-dekoracyjny-z-lambrekinem-i-zaslonami-ozdobiony-gipiura-400x160-cm","status":"publish","type":"product","link":"https:\/\/nakarnisze.pl\/index.php\/zestaw-dekoracyjny-z-lambrekinem-i-zaslonami-ozdobiony-gipiura-400x160-cm\/","title":{"rendered":"ZESTAW DEKORACYJNY Z LAMBREKINEM I ZAS\u0141ONAMI OZDOBIONY GIPIUR\u0104 400X160 CM"},"content":{"rendered":"<h1>ZESTAW DEKORACYJNY Z LAMBREKINEM I ZAS\u0141ONAMI OZDOBIONY GIPIUR\u0104 400X160 CM<\/h1>\n<p>Zestaw dekoracyjny z lambrekinem i zas\u0142onami ozdobiony gipiur\u0105 <strong>400&#215;160 cm<\/strong> doda elegancji i wyrafinowania do Twojego wn\u0119trza. Ten elegancki zestaw sk\u0142ada si\u0119 z <strong>dw\u00f3ch cz\u0119\u015bci: firany oraz zas\u0142on po\u0142\u0105czonych z lambrekinem<\/strong>. Firana zosta\u0142a wykonana z wysokiej jako\u015bci materia\u0142u <strong>woal<\/strong>, w kolorze<strong> bia\u0142ym<\/strong>. D\u00f3\u0142 firany wyko\u0144czony jest <strong>lam\u00f3wk\u0105<\/strong>, a boki pi\u0119kn\u0105 <strong>gipiur\u0105 z kwiatowym motywem<\/strong>, kt\u00f3ry dodaje ca\u0142o\u015bci wyj\u0105tkowego uroku.\u00a0 Firan\u0119 mo\u017cna upi\u0105\u0107, za pomoc\u0105 <strong>woalowych tasiemek<\/strong>, kt\u00f3re s\u0105 do\u0142\u0105czone do zestawu. Lambrekin i zas\u0142ony wykonane s\u0105 z wysokiej jako\u015bci tkaniny &#8211; <strong>mikrofibra<\/strong>, kt\u00f3ra zapewnia <strong>trwa\u0142o\u015b\u0107<\/strong> i elegancki wygl\u0105d. Do zestawu do\u0142\u0105czone s\u0105 <strong>eleganckie tasiemki<\/strong> do upi\u0119cia zas\u0142on. Gipiura na brzegach lambrekinu dodaje subtelnego, dekoracyjnego akcentu, kt\u00f3ry podkre\u015bla klasyczny styl wn\u0119trza.<\/p>\n<p>Zestaw przeznaczony jest do zawieszenia na podw\u00f3jnym karniszu z mo\u017cliwo\u015bci\u0105 powieszenia na \u017cabkach lub bezpo\u015brednio na karniszu rurkowym. Pasuje na podw\u00f3jny karnisz o szeroko\u015bci 200 &#8211; 250 cm.<\/p>\n<p><strong>Specyfikacja:<\/strong><\/p>\n<ul>\n<li>Wymiary firany:<strong> szeroko\u015b\u0107: 400 cm<\/strong>, <strong>wysoko\u015b\u0107: 155 cm<\/strong><\/li>\n<li>Wysoko\u015b\u0107 zas\u0142on z lambrekinem (uszyte na jednej ta\u015bmie): <strong>szeroko\u015b\u0107: 400 cm<\/strong>, <strong>wysoko\u015b\u0107: 160 cm<\/strong><\/li>\n<li>Materia\u0142: <strong>woal, mikrofibra<\/strong><\/li>\n<li>W zestawie: dwie tasiemki woalowe do upi\u0119cia firan, dwie tasiemki do upi\u0119cia zas\u0142on<\/li>\n<li>Sk\u0142ad: 100% poliester<\/li>\n<\/ul>\n","protected":false},"excerpt":{"rendered":"<p>ZESTAW DEKORACYJNY Z LAMBREKINEM I ZAS\u0141ONAMI OZDOBIONY GIPIUR\u0104 400X160 CM Zestaw dekoracyjny z lambrekinem i zas\u0142onami ozdobiony gipiur\u0105 400&#215;160 cm doda elegancji i wyrafinowania do Twojego wn\u0119trza. Ten elegancki zestaw sk\u0142ada si\u0119 z dw\u00f3ch cz\u0119\u015bci: firany oraz zas\u0142on po\u0142\u0105czonych z lambrekinem. Firana zosta\u0142a wykonana z wysokiej jako\u015bci materia\u0142u woal, w kolorze bia\u0142ym. D\u00f3\u0142 firany wyko\u0144czony jest lam\u00f3wk\u0105, a boki pi\u0119kn\u0105 gipiur\u0105 z kwiatowym motywem, kt\u00f3ry dodaje ca\u0142o\u015bci wyj\u0105tkowego uroku.\u00a0 Firan\u0119 mo\u017cna upi\u0105\u0107, za pomoc\u0105 woalowych tasiemek, kt\u00f3re s\u0105 do\u0142\u0105czone do zestawu. Lambrekin i zas\u0142ony wykonane s\u0105 z wysokiej jako\u015bci tkaniny &#8211; mikrofibra, kt\u00f3ra zapewnia trwa\u0142o\u015b\u0107 i elegancki wygl\u0105d. Do zestawu do\u0142\u0105czone s\u0105 eleganckie tasiemki do upi\u0119cia zas\u0142on. Gipiura na brzegach lambrekinu dodaje subtelnego, dekoracyjnego akcentu, kt\u00f3ry podkre\u015bla klasyczny styl wn\u0119trza. Zestaw przeznaczony jest do zawieszenia na podw\u00f3jnym karniszu z mo\u017cliwo\u015bci\u0105 powieszenia na \u017cabkach lub bezpo\u015brednio na karniszu rurkowym. Pasuje na podw\u00f3jny karnisz o szeroko\u015bci 200 &#8211; 250 cm. Specyfikacja: Wymiary firany: szeroko\u015b\u0107: 400 cm, wysoko\u015b\u0107: 155 cm Wysoko\u015b\u0107 zas\u0142on z lambrekinem (uszyte na jednej ta\u015bmie): szeroko\u015b\u0107: 400 cm, wysoko\u015b\u0107: 160 cm Materia\u0142: woal, mikrofibra W zestawie: dwie tasiemki woalowe do upi\u0119cia firan, dwie tasiemki do upi\u0119cia zas\u0142on Sk\u0142ad: 100% poliester<\/p>\n","protected":false},"featured_media":33904,"comment_status":"closed","ping_status":"closed","template":"","meta":[],"product_brand":[],"product_cat":[472],"product_tag":[],"class_list":{"0":"post-27970","1":"product","2":"type-product","3":"status-publish","4":"has-post-thumbnail","6":"product_cat-zestaw-dekoracyjny","7":"product_shipping_class-pl","9":"first","10":"outofstock","11":"taxable","12":"shipping-taxable","13":"purchasable","14":"product-type-variable","15":"has-default-attributes"},"jetpack_sharing_enabled":true,"_links":{"self":[{"href":"https:\/\/nakarnisze.pl\/index.php\/wp-json\/wp\/v2\/product\/27970","targetHints":{"allow":["GET"]}}],"collection":[{"href":"https:\/\/nakarnisze.pl\/index.php\/wp-json\/wp\/v2\/product"}],"about":[{"href":"https:\/\/nakarnisze.pl\/index.php\/wp-json\/wp\/v2\/types\/product"}],"replies":[{"embeddable":true,"href":"https:\/\/nakarnisze.pl\/index.php\/wp-json\/wp\/v2\/comments?post=27970"}],"version-history":[{"count":2,"href":"https:\/\/nakarnisze.pl\/index.php\/wp-json\/wp\/v2\/product\/27970\/revisions"}],"predecessor-version":[{"id":33905,"href":"https:\/\/nakarnisze.pl\/index.php\/wp-json\/wp\/v2\/product\/27970\/revisions\/33905"}],"wp:featuredmedia":[{"embeddable":true,"href":"https:\/\/nakarnisze.pl\/index.php\/wp-json\/wp\/v2\/media\/33904"}],"wp:attachment":[{"href":"https:\/\/nakarnisze.pl\/index.php\/wp-json\/wp\/v2\/media?parent=27970"}],"wp:term":[{"taxonomy":"product_brand","embeddable":true,"href":"https:\/\/nakarnisze.pl\/index.php\/wp-json\/wp\/v2\/product_brand?post=27970"},{"taxonomy":"product_cat","embeddable":true,"href":"https:\/\/nakarnisze.pl\/index.php\/wp-json\/wp\/v2\/product_cat?post=27970"},{"taxonomy":"product_tag","embeddable":true,"href":"https:\/\/nakarnisze.pl\/index.php\/wp-json\/wp\/v2\/product_tag?post=27970"}],"curies":[{"name":"wp","href":"https:\/\/api.w.org\/{rel}","templated":true}]}}