{"id":28098,"date":"2024-09-03T21:58:11","date_gmt":"2024-09-03T19:58:11","guid":{"rendered":"https:\/\/nakarnisze.pl\/?post_type=product&#038;p=28098"},"modified":"2026-04-04T12:24:44","modified_gmt":"2026-04-04T10:24:44","slug":"dekoracyjna-narzuta-pikowana-z-krysztalkami-na-lozko-200x220-cm","status":"publish","type":"product","link":"https:\/\/nakarnisze.pl\/index.php\/dekoracyjna-narzuta-pikowana-z-krysztalkami-na-lozko-200x220-cm\/","title":{"rendered":"DEKORACYJNA NARZUTA PIKOWANA Z KRYSZTA\u0141KAMI NA \u0141\u00d3\u017bKO 200X220 CM"},"content":{"rendered":"<h1>DEKORACYJNA NARZUTA PIKOWANA Z KRYSZTA\u0141KAMI NA \u0141\u00d3\u017bKO 200X220 CM<\/h1>\n<div class=\"content user-select-text\" aria-label=\"Wys\u0142ane przez Copilot: Oczywi\u015bcie! Oto nieco bardziej rozwini\u0119ty opis: --- Ta elegancka narzuta na \u0142\u00f3\u017cko o wymiarach 200x220 cm to idealny wyb\u00f3r dla os\u00f3b ceni\u0105cych luksus i komfort. Pikowana narzuta z kryszta\u0142kami dodaje sypialni stylowego wygl\u0105du, a jej welurowa struktura jest mi\u0119kka i aksamitna w dotyku. Okr\u0105g\u0142e kamienie, rozmieszczone wzd\u0142u\u017c przeszy\u0107, migocz\u0105 jak diamenty, nadaj\u0105c narzucie wyj\u0105tkowego blasku i presti\u017cowego charakteru. Narzuta jest wype\u0142niona \u015bredniej grubo\u015bci watowaniem, co zapewnia jej mi\u0119kko\u015b\u0107 i przytulno\u015b\u0107. Spodnia strona wykonana z mi\u0119kkiej mikrofibry gwarantuje dodatkowy komfort oraz \u0142atwo\u015b\u0107 piel\u0119gnacji. To nie tylko funkcjonalny element wyposa\u017cenia, ale tak\u017ce wyraz osobistego stylu i dba\u0142o\u015bci o detale, kt\u00f3ry z pewno\u015bci\u0105 doda charakteru i elegancji ka\u017cdemu pomieszczeniu. --- Czy teraz jest lepiej? ?\">\n<div class=\"ac-container ac-adaptiveCard has-image\">\n<div class=\"ac-textBlock\">\n<p>Ta <strong>dekoracyjna narzuta pikowana z kryszta\u0142kami<\/strong> na \u0142\u00f3\u017cko <strong>200&#215;220 cm<\/strong> to idealny wyb\u00f3r dla os\u00f3b ceni\u0105cych luksus i komfort. Pikowana narzuta dodaje sypialni stylowego wygl\u0105du, a jej <strong>welurowa<\/strong> struktura jest <strong>mi\u0119kka i aksamitna<\/strong> w dotyku. <strong>Okr\u0105g\u0142e kamienie<\/strong>, rozmieszczone wzd\u0142u\u017c przeszy\u0107,<strong> migocz\u0105 jak diamenty<\/strong>, nadaj\u0105c narzucie wyj\u0105tkowego blasku i presti\u017cowego charakteru.<\/p>\n<p>Narzuta jest wype\u0142niona <strong>\u015bredniej grubo\u015bci watowaniem<\/strong>, co zapewnia jej mi\u0119kko\u015b\u0107 i przytulno\u015b\u0107. Spodnia strona wykonana jest\u00a0 z<strong> mi\u0119kkiej<\/strong> <strong>mikrofibry<\/strong>, kt\u00f3ra gwarantuje dodatkowy komfort oraz <strong>\u0142atwo\u015b\u0107 w piel\u0119gnacji<\/strong>. To nie tylko funkcjonalny element wyposa\u017cenia, ale tak\u017ce wyraz osobistego stylu i dba\u0142o\u015bci o detale, kt\u00f3ry z pewno\u015bci\u0105 doda charakteru i elegancji ka\u017cdemu pomieszczeniu.<\/p>\n<p><strong>Specyfikacja:<\/strong><\/p>\n<ul>\n<li>Szeroko\u015b\u0107: <strong>200 cm<\/strong><\/li>\n<li>D\u0142ugo\u015b\u0107:<strong> 220 cm<\/strong><\/li>\n<li>Tkanina:\u00a0<strong>przyjemna welurowa struktura, z delikatnym meszkiem<\/strong><\/li>\n<li>Spodnia strona: wykonana z <strong>mi\u0119kkiej mikrofibry<\/strong><\/li>\n<li>Pra\u0107 w temperaturze do<strong> 40 \u00b0<\/strong><\/li>\n<li>Suszy\u0107 w stanie rozwieszonym<\/li>\n<li>Zalecane prasowanie na<strong> lewej stronie<\/strong> ,,z w\u0142osem&#8221;<\/li>\n<li><strong>Przy delikatnym praniu nie wymaga prasowania<\/strong><\/li>\n<li>Sk\u0142ad: 100% poliester<\/li>\n<\/ul>\n<\/div>\n<\/div>\n<\/div>\n","protected":false},"excerpt":{"rendered":"<p>DEKORACYJNA NARZUTA PIKOWANA Z KRYSZTA\u0141KAMI NA \u0141\u00d3\u017bKO 200X220 CM Ta dekoracyjna narzuta pikowana z kryszta\u0142kami na \u0142\u00f3\u017cko 200&#215;220 cm to idealny wyb\u00f3r dla os\u00f3b ceni\u0105cych luksus i komfort. Pikowana narzuta dodaje sypialni stylowego wygl\u0105du, a jej welurowa struktura jest mi\u0119kka i aksamitna w dotyku. Okr\u0105g\u0142e kamienie, rozmieszczone wzd\u0142u\u017c przeszy\u0107, migocz\u0105 jak diamenty, nadaj\u0105c narzucie wyj\u0105tkowego blasku i presti\u017cowego charakteru. Narzuta jest wype\u0142niona \u015bredniej grubo\u015bci watowaniem, co zapewnia jej mi\u0119kko\u015b\u0107 i przytulno\u015b\u0107. Spodnia strona wykonana jest\u00a0 z mi\u0119kkiej mikrofibry, kt\u00f3ra gwarantuje dodatkowy komfort oraz \u0142atwo\u015b\u0107 w piel\u0119gnacji. To nie tylko funkcjonalny element wyposa\u017cenia, ale tak\u017ce wyraz osobistego stylu i dba\u0142o\u015bci o detale, kt\u00f3ry z pewno\u015bci\u0105 doda charakteru i elegancji ka\u017cdemu pomieszczeniu. Specyfikacja: Szeroko\u015b\u0107: 200 cm D\u0142ugo\u015b\u0107: 220 cm Tkanina:\u00a0przyjemna welurowa struktura, z delikatnym meszkiem Spodnia strona: wykonana z mi\u0119kkiej mikrofibry Pra\u0107 w temperaturze do 40 \u00b0 Suszy\u0107 w stanie rozwieszonym Zalecane prasowanie na lewej stronie ,,z w\u0142osem&#8221; Przy delikatnym praniu nie wymaga prasowania Sk\u0142ad: 100% poliester<\/p>\n","protected":false},"featured_media":33853,"comment_status":"closed","ping_status":"closed","template":"","meta":[],"product_brand":[],"product_cat":[144],"product_tag":[],"class_list":{"0":"post-28098","1":"product","2":"type-product","3":"status-publish","4":"has-post-thumbnail","6":"product_cat-sypialnia","7":"product_shipping_class-pl","9":"first","10":"instock","11":"taxable","12":"shipping-taxable","13":"purchasable","14":"product-type-variable","15":"has-default-attributes"},"jetpack_sharing_enabled":true,"_links":{"self":[{"href":"https:\/\/nakarnisze.pl\/index.php\/wp-json\/wp\/v2\/product\/28098","targetHints":{"allow":["GET"]}}],"collection":[{"href":"https:\/\/nakarnisze.pl\/index.php\/wp-json\/wp\/v2\/product"}],"about":[{"href":"https:\/\/nakarnisze.pl\/index.php\/wp-json\/wp\/v2\/types\/product"}],"replies":[{"embeddable":true,"href":"https:\/\/nakarnisze.pl\/index.php\/wp-json\/wp\/v2\/comments?post=28098"}],"version-history":[{"count":2,"href":"https:\/\/nakarnisze.pl\/index.php\/wp-json\/wp\/v2\/product\/28098\/revisions"}],"predecessor-version":[{"id":33854,"href":"https:\/\/nakarnisze.pl\/index.php\/wp-json\/wp\/v2\/product\/28098\/revisions\/33854"}],"wp:featuredmedia":[{"embeddable":true,"href":"https:\/\/nakarnisze.pl\/index.php\/wp-json\/wp\/v2\/media\/33853"}],"wp:attachment":[{"href":"https:\/\/nakarnisze.pl\/index.php\/wp-json\/wp\/v2\/media?parent=28098"}],"wp:term":[{"taxonomy":"product_brand","embeddable":true,"href":"https:\/\/nakarnisze.pl\/index.php\/wp-json\/wp\/v2\/product_brand?post=28098"},{"taxonomy":"product_cat","embeddable":true,"href":"https:\/\/nakarnisze.pl\/index.php\/wp-json\/wp\/v2\/product_cat?post=28098"},{"taxonomy":"product_tag","embeddable":true,"href":"https:\/\/nakarnisze.pl\/index.php\/wp-json\/wp\/v2\/product_tag?post=28098"}],"curies":[{"name":"wp","href":"https:\/\/api.w.org\/{rel}","templated":true}]}}