{"id":28150,"date":"2024-09-05T21:58:30","date_gmt":"2024-09-05T19:58:30","guid":{"rendered":"https:\/\/nakarnisze.pl\/?post_type=product&#038;p=28150"},"modified":"2026-03-28T18:47:30","modified_gmt":"2026-03-28T16:47:30","slug":"zestaw-dekoracyjny-z-lambrekinem-400x150-cm","status":"publish","type":"product","link":"https:\/\/nakarnisze.pl\/index.php\/zestaw-dekoracyjny-z-lambrekinem-400x150-cm\/","title":{"rendered":"ZESTAW DEKORACYJNY Z LAMBREKINEM 400X150 CM"},"content":{"rendered":"<h1>ZESTAW DEKORACYJNY Z LAMBREKINEM 400X150 CM<\/h1>\n<p><strong>Zestaw dekoracyjny z lambrekinem<\/strong> <strong>400&#215;150 cm<\/strong> to doskona\u0142e po\u0142\u0105czenie funkcjonalno\u015bci i dekoracyjnego charakteru, kt\u00f3re natychmiast odmieni ka\u017cde wn\u0119trze. Zas\u0142ony wykonane s\u0105 z wysokiej jako\u015bci tkaniny <strong>mikrofibra<\/strong>, kt\u00f3ra pi\u0119knie uk\u0142ada si\u0119 na oknie, tworz\u0105c subtelne, harmonijne fa\u0142dy. G\u00f3ra zestawu ozdobiona jest <strong>delikatnym lambrekinem<\/strong>, kt\u00f3ry dodaje ca\u0142o\u015bci klasycznego uroku, stanowi\u0105c eleganckie wyko\u0144czenie g\u00f3rnej cz\u0119\u015bci okna, a tak\u017ce subtelnie podkre\u015blaj\u0105c aran\u017cacj\u0119. <strong>Woalowa firana<\/strong> uszyta <strong>na skos<\/strong> w \u015brodkowej cz\u0119\u015bci kompletu dodaje lekko\u015bci i delikatno\u015bci. Jej przezroczysta struktura pozwala na swobodny przep\u0142yw \u015bwiat\u0142a, tworz\u0105c we wn\u0119trzu atmosfer\u0119 pe\u0142n\u0105 ciep\u0142a i przytulno\u015bci. Firana doskonale komponuje si\u0119 z zas\u0142onami, tworz\u0105c sp\u00f3jn\u0105 i harmonijn\u0105 ca\u0142o\u015b\u0107. Do kompletu do\u0142\u0105czone s\u0105 tasiemki umo\u017cliwiaj\u0105ce upi\u0119cie zas\u0142on w kokony.<\/p>\n<p>Firana z zas\u0142onami posiada wszyt\u0105 od wewn\u0105trz<strong> ta\u015bm\u0119 marszcz\u0105c\u0105<\/strong>, kt\u00f3ra zapewnia pi\u0119kne, naturalne fa\u0142dy oraz<strong> tunel<\/strong> na karnisz rurkowy. Mo\u017cna j\u0105 bezpo\u015brednio zawiesi\u0107 na <strong>karniszu rurkowym <\/strong>lub <strong>na \u017cabkach<\/strong>.<\/p>\n<p><strong>Specyfikacja:<\/strong><\/p>\n<ul>\n<li dir=\"auto\">Szeroko\u015b\u0107: <strong>400 cm<\/strong><\/li>\n<li dir=\"auto\">Wysoko\u015b\u0107: <strong>150 cm<\/strong><\/li>\n<li dir=\"auto\">Materia\u0142:<strong> woal, mikrofibra<\/strong><\/li>\n<li dir=\"auto\">W zestawie: <strong>dwie tasiemki<\/strong> do upi\u0119cia zas\u0142on w kokony<\/li>\n<li dir=\"auto\">Spos\u00f3b monta\u017cu:<strong> ta\u015bma marszcz\u0105ca &#8211; \u017cabki, haczyki, karnisz rurkowy<\/strong><\/li>\n<li dir=\"auto\">Sk\u0142ad: 100% poliester<\/li>\n<\/ul>\n","protected":false},"excerpt":{"rendered":"<p>ZESTAW DEKORACYJNY Z LAMBREKINEM 400X150 CM Zestaw dekoracyjny z lambrekinem 400&#215;150 cm to doskona\u0142e po\u0142\u0105czenie funkcjonalno\u015bci i dekoracyjnego charakteru, kt\u00f3re natychmiast odmieni ka\u017cde wn\u0119trze. Zas\u0142ony wykonane s\u0105 z wysokiej jako\u015bci tkaniny mikrofibra, kt\u00f3ra pi\u0119knie uk\u0142ada si\u0119 na oknie, tworz\u0105c subtelne, harmonijne fa\u0142dy. G\u00f3ra zestawu ozdobiona jest delikatnym lambrekinem, kt\u00f3ry dodaje ca\u0142o\u015bci klasycznego uroku, stanowi\u0105c eleganckie wyko\u0144czenie g\u00f3rnej cz\u0119\u015bci okna, a tak\u017ce subtelnie podkre\u015blaj\u0105c aran\u017cacj\u0119. Woalowa firana uszyta na skos w \u015brodkowej cz\u0119\u015bci kompletu dodaje lekko\u015bci i delikatno\u015bci. Jej przezroczysta struktura pozwala na swobodny przep\u0142yw \u015bwiat\u0142a, tworz\u0105c we wn\u0119trzu atmosfer\u0119 pe\u0142n\u0105 ciep\u0142a i przytulno\u015bci. Firana doskonale komponuje si\u0119 z zas\u0142onami, tworz\u0105c sp\u00f3jn\u0105 i harmonijn\u0105 ca\u0142o\u015b\u0107. Do kompletu do\u0142\u0105czone s\u0105 tasiemki umo\u017cliwiaj\u0105ce upi\u0119cie zas\u0142on w kokony. Firana z zas\u0142onami posiada wszyt\u0105 od wewn\u0105trz ta\u015bm\u0119 marszcz\u0105c\u0105, kt\u00f3ra zapewnia pi\u0119kne, naturalne fa\u0142dy oraz tunel na karnisz rurkowy. Mo\u017cna j\u0105 bezpo\u015brednio zawiesi\u0107 na karniszu rurkowym lub na \u017cabkach. Specyfikacja: Szeroko\u015b\u0107: 400 cm Wysoko\u015b\u0107: 150 cm Materia\u0142: woal, mikrofibra W zestawie: dwie tasiemki do upi\u0119cia zas\u0142on w kokony Spos\u00f3b monta\u017cu: ta\u015bma marszcz\u0105ca &#8211; \u017cabki, haczyki, karnisz rurkowy Sk\u0142ad: 100% poliester<\/p>\n","protected":false},"featured_media":33888,"comment_status":"closed","ping_status":"closed","template":"","meta":[],"product_brand":[],"product_cat":[472],"product_tag":[],"class_list":{"0":"post-28150","1":"product","2":"type-product","3":"status-publish","4":"has-post-thumbnail","6":"product_cat-zestaw-dekoracyjny","7":"product_shipping_class-pl","9":"first","10":"outofstock","11":"taxable","12":"shipping-taxable","13":"purchasable","14":"product-type-variable","15":"has-default-attributes"},"jetpack_sharing_enabled":true,"_links":{"self":[{"href":"https:\/\/nakarnisze.pl\/index.php\/wp-json\/wp\/v2\/product\/28150","targetHints":{"allow":["GET"]}}],"collection":[{"href":"https:\/\/nakarnisze.pl\/index.php\/wp-json\/wp\/v2\/product"}],"about":[{"href":"https:\/\/nakarnisze.pl\/index.php\/wp-json\/wp\/v2\/types\/product"}],"replies":[{"embeddable":true,"href":"https:\/\/nakarnisze.pl\/index.php\/wp-json\/wp\/v2\/comments?post=28150"}],"version-history":[{"count":2,"href":"https:\/\/nakarnisze.pl\/index.php\/wp-json\/wp\/v2\/product\/28150\/revisions"}],"predecessor-version":[{"id":33889,"href":"https:\/\/nakarnisze.pl\/index.php\/wp-json\/wp\/v2\/product\/28150\/revisions\/33889"}],"wp:featuredmedia":[{"embeddable":true,"href":"https:\/\/nakarnisze.pl\/index.php\/wp-json\/wp\/v2\/media\/33888"}],"wp:attachment":[{"href":"https:\/\/nakarnisze.pl\/index.php\/wp-json\/wp\/v2\/media?parent=28150"}],"wp:term":[{"taxonomy":"product_brand","embeddable":true,"href":"https:\/\/nakarnisze.pl\/index.php\/wp-json\/wp\/v2\/product_brand?post=28150"},{"taxonomy":"product_cat","embeddable":true,"href":"https:\/\/nakarnisze.pl\/index.php\/wp-json\/wp\/v2\/product_cat?post=28150"},{"taxonomy":"product_tag","embeddable":true,"href":"https:\/\/nakarnisze.pl\/index.php\/wp-json\/wp\/v2\/product_tag?post=28150"}],"curies":[{"name":"wp","href":"https:\/\/api.w.org\/{rel}","templated":true}]}}