{"id":28207,"date":"2024-09-09T22:02:49","date_gmt":"2024-09-09T20:02:49","guid":{"rendered":"https:\/\/nakarnisze.pl\/?post_type=product&#038;p=28207"},"modified":"2024-09-09T22:04:15","modified_gmt":"2024-09-09T20:04:15","slug":"zestaw-dekoracyjny-z-zaslonami-i-panelem-z-koralikami-300x160-cm","status":"publish","type":"product","link":"https:\/\/nakarnisze.pl\/index.php\/zestaw-dekoracyjny-z-zaslonami-i-panelem-z-koralikami-300x160-cm\/","title":{"rendered":"ZESTAW DEKORACYJNY Z ZAS\u0141ONAMI I PANELEM Z KORALIKAMI 300X160 CM"},"content":{"rendered":"<h1>ZESTAW DEKORACYJNY Z ZAS\u0141ONAMI I PANELEM Z KORALIKAMI 300X160 CM<\/h1>\n<p>Ten zestaw dekoracyjny z zas\u0142onami i panelem z koralikami<strong> 300&#215;160 cm<\/strong> jest doskona\u0142ym wyborem do ka\u017cdego pomieszczenia, kt\u00f3re potrzebuje od\u015bwie\u017cenia i nadania mu przytulnego, a zarazem stylowego charakteru. Zestaw zosta\u0142 wykonany z wysokiej jako\u015bci <strong>woalu i materia\u0142u mikrofibra<\/strong>. Zas\u0142ony pi\u0119knie uk\u0142adaj\u0105 si\u0119 na oknie. Ich klasyczna biel dodaje wn\u0119trzu lekko\u015bci, optycznie powi\u0119kszaj\u0105c przestrze\u0144 i wpuszczaj\u0105c do niej wi\u0119cej naturalnego \u015bwiat\u0142a. Zas\u0142ony mo\u017cna <strong>upi\u0105\u0107 w kokony<\/strong> za pomoc\u0105 tasiemek do\u0142\u0105czonych do zestawu. Wyj\u0105tkow\u0105 cech\u0105 tego kompletu s\u0105 <strong>dekoracyjne falbany<\/strong>, kt\u00f3re nadaj\u0105 zas\u0142onom romantycznego charakteru. <strong>Panel zdobiony koralikami<\/strong> stanowi idealne uzupe\u0142nienie zas\u0142on, wprowadzaj\u0105c do wn\u0119trza odrobin\u0119 blasku. Koraliki dyskretnie odbijaj\u0105 \u015bwiat\u0142o, tworz\u0105c efekt mieni\u0105cych si\u0119 refleks\u00f3w, kt\u00f3re przyci\u0105gaj\u0105 wzrok i dodaj\u0105 przestrzeni eleganckiego wyrazu.<\/p>\n<p>Zestaw przeznaczony jest do zawieszenia na<strong> podw\u00f3jnym<\/strong>\u00a0lub <strong>pojedynczym<\/strong>\u00a0karniszu z mo\u017cliwo\u015bci\u0105 powieszenia na \u017cabkach lub bezpo\u015brednio na karniszu rurkowym. Zas\u0142ony posiadaj\u0105 <strong>ta\u015bm\u0119 marszcz\u0105c\u0105<\/strong>, mo\u017cna je zawiesi\u0107 za pomoc\u0105 \u017cabek lub tunelu. Panel firanowy ma wszyty tunel na karnisz oraz ta\u015bm\u0119 marszcz\u0105c\u0105, mo\u017cna go zawiesi\u0107 r\u00f3wnie\u017c za pomoc\u0105 \u017cabek. Pasuje na karnisz o <strong>szeroko\u015bci 200 \u2013 250 cm.<\/strong><\/p>\n<p><strong>Specyfikacja:<\/strong><\/p>\n<ul>\n<li style=\"text-align: left;\">Wymiary panelu: <strong>szeroko\u015b\u0107: 100 cm<\/strong>,<strong> wysoko\u015b\u0107: 115 cm<\/strong><\/li>\n<li>Wymiary zas\u0142on (2 szt.):<strong> szeroko\u015b\u0107: 150<\/strong> <strong>cm<\/strong>, <strong>wysoko\u015b\u0107: 160 cm<\/strong><\/li>\n<li>Materia\u0142: <strong>woal, mikrofibra<\/strong><\/li>\n<li>Kolor: <strong>bia\u0142y<\/strong><\/li>\n<li>W zestawie: <strong>2 tasiemki<\/strong> do upi\u0119cia zas\u0142on w kokony<\/li>\n<li>Sk\u0142ad: 100% poliester<\/li>\n<\/ul>\n","protected":false},"excerpt":{"rendered":"<p>ZESTAW DEKORACYJNY Z ZAS\u0141ONAMI I PANELEM Z KORALIKAMI 300X160 CM Ten zestaw dekoracyjny z zas\u0142onami i panelem z koralikami 300&#215;160 cm jest doskona\u0142ym wyborem do ka\u017cdego pomieszczenia, kt\u00f3re potrzebuje od\u015bwie\u017cenia i nadania mu przytulnego, a zarazem stylowego charakteru. Zestaw zosta\u0142 wykonany z wysokiej jako\u015bci woalu i materia\u0142u mikrofibra. Zas\u0142ony pi\u0119knie uk\u0142adaj\u0105 si\u0119 na oknie. Ich klasyczna biel dodaje wn\u0119trzu lekko\u015bci, optycznie powi\u0119kszaj\u0105c przestrze\u0144 i wpuszczaj\u0105c do niej wi\u0119cej naturalnego \u015bwiat\u0142a. Zas\u0142ony mo\u017cna upi\u0105\u0107 w kokony za pomoc\u0105 tasiemek do\u0142\u0105czonych do zestawu. Wyj\u0105tkow\u0105 cech\u0105 tego kompletu s\u0105 dekoracyjne falbany, kt\u00f3re nadaj\u0105 zas\u0142onom romantycznego charakteru. Panel zdobiony koralikami stanowi idealne uzupe\u0142nienie zas\u0142on, wprowadzaj\u0105c do wn\u0119trza odrobin\u0119 blasku. Koraliki dyskretnie odbijaj\u0105 \u015bwiat\u0142o, tworz\u0105c efekt mieni\u0105cych si\u0119 refleks\u00f3w, kt\u00f3re przyci\u0105gaj\u0105 wzrok i dodaj\u0105 przestrzeni eleganckiego wyrazu. Zestaw przeznaczony jest do zawieszenia na podw\u00f3jnym\u00a0lub pojedynczym\u00a0karniszu z mo\u017cliwo\u015bci\u0105 powieszenia na \u017cabkach lub bezpo\u015brednio na karniszu rurkowym. Zas\u0142ony posiadaj\u0105 ta\u015bm\u0119 marszcz\u0105c\u0105, mo\u017cna je zawiesi\u0107 za pomoc\u0105 \u017cabek lub tunelu. Panel firanowy ma wszyty tunel na karnisz oraz ta\u015bm\u0119 marszcz\u0105c\u0105, mo\u017cna go zawiesi\u0107 r\u00f3wnie\u017c za pomoc\u0105 \u017cabek. Pasuje na karnisz o szeroko\u015bci 200 \u2013 250 cm. Specyfikacja: Wymiary panelu: szeroko\u015b\u0107: 100 cm, wysoko\u015b\u0107: 115 cm Wymiary zas\u0142on (2 szt.): szeroko\u015b\u0107: 150 cm, wysoko\u015b\u0107: 160 cm Materia\u0142: woal, mikrofibra Kolor: bia\u0142y W zestawie: 2 tasiemki do upi\u0119cia zas\u0142on w kokony Sk\u0142ad: 100% poliester<\/p>\n","protected":false},"featured_media":28208,"comment_status":"closed","ping_status":"closed","template":"","meta":[],"product_brand":[],"product_cat":[472,137],"product_tag":[],"class_list":{"0":"post-28207","1":"product","2":"type-product","3":"status-publish","4":"has-post-thumbnail","6":"product_cat-zestaw-dekoracyjny","7":"product_cat-firany","8":"product_shipping_class-pl","10":"first","11":"instock","12":"taxable","13":"shipping-taxable","14":"purchasable","15":"product-type-simple"},"jetpack_sharing_enabled":true,"_links":{"self":[{"href":"https:\/\/nakarnisze.pl\/index.php\/wp-json\/wp\/v2\/product\/28207","targetHints":{"allow":["GET"]}}],"collection":[{"href":"https:\/\/nakarnisze.pl\/index.php\/wp-json\/wp\/v2\/product"}],"about":[{"href":"https:\/\/nakarnisze.pl\/index.php\/wp-json\/wp\/v2\/types\/product"}],"replies":[{"embeddable":true,"href":"https:\/\/nakarnisze.pl\/index.php\/wp-json\/wp\/v2\/comments?post=28207"}],"version-history":[{"count":2,"href":"https:\/\/nakarnisze.pl\/index.php\/wp-json\/wp\/v2\/product\/28207\/revisions"}],"predecessor-version":[{"id":28217,"href":"https:\/\/nakarnisze.pl\/index.php\/wp-json\/wp\/v2\/product\/28207\/revisions\/28217"}],"wp:featuredmedia":[{"embeddable":true,"href":"https:\/\/nakarnisze.pl\/index.php\/wp-json\/wp\/v2\/media\/28208"}],"wp:attachment":[{"href":"https:\/\/nakarnisze.pl\/index.php\/wp-json\/wp\/v2\/media?parent=28207"}],"wp:term":[{"taxonomy":"product_brand","embeddable":true,"href":"https:\/\/nakarnisze.pl\/index.php\/wp-json\/wp\/v2\/product_brand?post=28207"},{"taxonomy":"product_cat","embeddable":true,"href":"https:\/\/nakarnisze.pl\/index.php\/wp-json\/wp\/v2\/product_cat?post=28207"},{"taxonomy":"product_tag","embeddable":true,"href":"https:\/\/nakarnisze.pl\/index.php\/wp-json\/wp\/v2\/product_tag?post=28207"}],"curies":[{"name":"wp","href":"https:\/\/api.w.org\/{rel}","templated":true}]}}