{"id":28219,"date":"2024-09-10T12:25:03","date_gmt":"2024-09-10T10:25:03","guid":{"rendered":"https:\/\/nakarnisze.pl\/?post_type=product&#038;p=28219"},"modified":"2026-03-27T08:34:52","modified_gmt":"2026-03-27T06:34:52","slug":"zestaw-dekoracyjny-z-zaslonami-welurowymi-ozdobiony-pomponikami-300x155-cm","status":"publish","type":"product","link":"https:\/\/nakarnisze.pl\/index.php\/zestaw-dekoracyjny-z-zaslonami-welurowymi-ozdobiony-pomponikami-300x155-cm\/","title":{"rendered":"ZESTAW DEKORACYJNY Z ZAS\u0141ONAMI WELUROWYMI OZDOBIONY POMPONIKAMI 300X155 CM"},"content":{"rendered":"<h1>ZESTAW DEKORACYJNY Z ZAS\u0141ONAMI WELUROWYMI OZDOBIONY POMPONIKAMI 300X155 CM<\/h1>\n<p>Ten zestaw dekoracyjny z zas\u0142onami i welurowymi ozdobiony pomponikami<strong> 300&#215;155 cm <\/strong>jest doskona\u0142ym wyborem do ka\u017cdego pomieszczenia, kt\u00f3re potrzebuje od\u015bwie\u017cenia i nadania mu przytulnego, a zarazem stylowego charakteru.\u00a0Elegancki zestaw sk\u0142ada si\u0119 z: <strong>firany oraz 2 zas\u0142on dekoracyjnych<\/strong>. Firana zosta\u0142a wykonana z wysokiej jako\u015bci <strong>materia\u0142u woal<\/strong> w kolorze <strong>bia\u0142ym<\/strong>. Zosta\u0142a uszyta <strong>w \u0142uk<\/strong>. Zas\u0142ony wykonane s\u0105 z <strong>weluru<\/strong> po\u0142\u0105czonego z materia\u0142em <strong>panama stretch<\/strong> (u g\u00f3ry). Komplet zosta\u0142\u00a0udekorowany<strong> czarnymi pomponikami<\/strong>. Zas\u0142ony mo\u017cna\u00a0upi\u0105\u0107 w <strong>kokony\u00a0<\/strong>za pomoc\u0105 tasiemek do\u0142\u0105czonych do zestawu.<\/p>\n<p>Zestaw przeznaczony jest do zawieszenia na<strong>\u00a0podw\u00f3jnym<\/strong> karniszu z mo\u017cliwo\u015bci\u0105 powieszenia na<strong> \u017cabkach<\/strong> lub bezpo\u015brednio na <strong>karniszu rurkowym<\/strong>. Pasuje na karnisz o\u00a0<strong>szeroko\u015bci 200 \u2013 250 cm.<\/strong><\/p>\n<p><strong>Specyfikacja:<\/strong><\/p>\n<ul>\n<li>Wymiary firany: <strong>szeroko\u015b\u0107: 300 cm<\/strong>, <strong>wysoko\u015b\u0107: 155 cm<\/strong><\/li>\n<li>Wymiary zas\u0142on (2szt.): <strong>szeroko\u015b\u0107: 140 cm<\/strong>, <strong>wysoko\u015b\u0107: 160 cm<\/strong><\/li>\n<li>Materia\u0142:<strong> woal, welur + panama stretch<\/strong><\/li>\n<li>Kolor: <strong>bia\u0142y, czarny<\/strong><\/li>\n<li>W zestawie:<strong> 2 tasiemki<\/strong> do upi\u0119cia zas\u0142on w kokony<\/li>\n<li>Sk\u0142ad: 100% poliester<\/li>\n<\/ul>\n","protected":false},"excerpt":{"rendered":"<p>ZESTAW DEKORACYJNY Z ZAS\u0141ONAMI WELUROWYMI OZDOBIONY POMPONIKAMI 300X155 CM Ten zestaw dekoracyjny z zas\u0142onami i welurowymi ozdobiony pomponikami 300&#215;155 cm jest doskona\u0142ym wyborem do ka\u017cdego pomieszczenia, kt\u00f3re potrzebuje od\u015bwie\u017cenia i nadania mu przytulnego, a zarazem stylowego charakteru.\u00a0Elegancki zestaw sk\u0142ada si\u0119 z: firany oraz 2 zas\u0142on dekoracyjnych. Firana zosta\u0142a wykonana z wysokiej jako\u015bci materia\u0142u woal w kolorze bia\u0142ym. Zosta\u0142a uszyta w \u0142uk. Zas\u0142ony wykonane s\u0105 z weluru po\u0142\u0105czonego z materia\u0142em panama stretch (u g\u00f3ry). Komplet zosta\u0142\u00a0udekorowany czarnymi pomponikami. Zas\u0142ony mo\u017cna\u00a0upi\u0105\u0107 w kokony\u00a0za pomoc\u0105 tasiemek do\u0142\u0105czonych do zestawu. Zestaw przeznaczony jest do zawieszenia na\u00a0podw\u00f3jnym karniszu z mo\u017cliwo\u015bci\u0105 powieszenia na \u017cabkach lub bezpo\u015brednio na karniszu rurkowym. Pasuje na karnisz o\u00a0szeroko\u015bci 200 \u2013 250 cm. Specyfikacja: Wymiary firany: szeroko\u015b\u0107: 300 cm, wysoko\u015b\u0107: 155 cm Wymiary zas\u0142on (2szt.): szeroko\u015b\u0107: 140 cm, wysoko\u015b\u0107: 160 cm Materia\u0142: woal, welur + panama stretch Kolor: bia\u0142y, czarny W zestawie: 2 tasiemki do upi\u0119cia zas\u0142on w kokony Sk\u0142ad: 100% poliester<\/p>\n","protected":false},"featured_media":33881,"comment_status":"closed","ping_status":"closed","template":"","meta":[],"product_brand":[],"product_cat":[472],"product_tag":[],"class_list":{"0":"post-28219","1":"product","2":"type-product","3":"status-publish","4":"has-post-thumbnail","6":"product_cat-zestaw-dekoracyjny","7":"product_shipping_class-pl","9":"first","10":"outofstock","11":"taxable","12":"shipping-taxable","13":"purchasable","14":"product-type-simple"},"jetpack_sharing_enabled":true,"_links":{"self":[{"href":"https:\/\/nakarnisze.pl\/index.php\/wp-json\/wp\/v2\/product\/28219","targetHints":{"allow":["GET"]}}],"collection":[{"href":"https:\/\/nakarnisze.pl\/index.php\/wp-json\/wp\/v2\/product"}],"about":[{"href":"https:\/\/nakarnisze.pl\/index.php\/wp-json\/wp\/v2\/types\/product"}],"replies":[{"embeddable":true,"href":"https:\/\/nakarnisze.pl\/index.php\/wp-json\/wp\/v2\/comments?post=28219"}],"version-history":[{"count":2,"href":"https:\/\/nakarnisze.pl\/index.php\/wp-json\/wp\/v2\/product\/28219\/revisions"}],"predecessor-version":[{"id":33882,"href":"https:\/\/nakarnisze.pl\/index.php\/wp-json\/wp\/v2\/product\/28219\/revisions\/33882"}],"wp:featuredmedia":[{"embeddable":true,"href":"https:\/\/nakarnisze.pl\/index.php\/wp-json\/wp\/v2\/media\/33881"}],"wp:attachment":[{"href":"https:\/\/nakarnisze.pl\/index.php\/wp-json\/wp\/v2\/media?parent=28219"}],"wp:term":[{"taxonomy":"product_brand","embeddable":true,"href":"https:\/\/nakarnisze.pl\/index.php\/wp-json\/wp\/v2\/product_brand?post=28219"},{"taxonomy":"product_cat","embeddable":true,"href":"https:\/\/nakarnisze.pl\/index.php\/wp-json\/wp\/v2\/product_cat?post=28219"},{"taxonomy":"product_tag","embeddable":true,"href":"https:\/\/nakarnisze.pl\/index.php\/wp-json\/wp\/v2\/product_tag?post=28219"}],"curies":[{"name":"wp","href":"https:\/\/api.w.org\/{rel}","templated":true}]}}