{"id":28283,"date":"2024-09-15T20:12:46","date_gmt":"2024-09-15T18:12:46","guid":{"rendered":"https:\/\/nakarnisze.pl\/?post_type=product&#038;p=28283"},"modified":"2025-12-12T00:26:32","modified_gmt":"2025-12-11T22:26:32","slug":"firana-gotowa-z-falbanka-i-czarna-lamowka-na-tasmie-marszczacej","status":"publish","type":"product","link":"https:\/\/nakarnisze.pl\/index.php\/firana-gotowa-z-falbanka-i-czarna-lamowka-na-tasmie-marszczacej\/","title":{"rendered":"FIRANA GOTOWA Z FALBANK\u0104 I CZARN\u0104 LAM\u00d3WK\u0104 NA TA\u015aMIE MARSZCZ\u0104CEJ"},"content":{"rendered":"<h1>FIRANA GOTOWA Z FALBANK\u0104 I CZARN\u0104 LAM\u00d3WK\u0104 NA TA\u015aMIE MARSZCZ\u0104CEJ<\/h1>\n<p>Firana gotowa z falbank\u0105 i czarn\u0105 lam\u00f3wk\u0105 na ta\u015bmie marszcz\u0105cej to <strong>subtelny i elegancki<\/strong> element dekoracyjny, kt\u00f3ry wniesie do Twojej przestrzeni <strong>jasno\u015b\u0107 i wyj\u0105tkow\u0105<\/strong> finezj\u0119. <strong>Delikatna, bia\u0142a<\/strong> firana zosta\u0142a uszyta z <strong>g\u0142adkiego woalu<\/strong>. <strong>Mi\u0142a w dotyku<\/strong> struktura materia\u0142u <strong>przepuszcza \u015bwiat\u0142o<\/strong> i chroni prywatno\u015b\u0107 mieszka\u0144c\u00f3w. Brzegi firanki wyko\u0144czone s\u0105 <strong>pi\u0119kn\u0105 i delikatn\u0105 falbank\u0105, czarn\u0105 lam\u00f3wk\u0105 i ta\u015bm\u0105 cyrkoniow\u0105.<\/strong> Firan\u0119 mo\u017cna zawiesi\u0107 samodzielnie lub w towarzystwie zas\u0142on. Do kompletu do\u0142\u0105czono <strong>2 woalowe tasiemki<\/strong> do podpi\u0119cia bok\u00f3w firany w kokony. Ca\u0142o\u015b\u0107 tworzy oryginaln\u0105 kompozycj\u0119 i uzupe\u0142ni aran\u017cacj\u0119 wn\u0119trz w stylu klasycznym oraz nowoczesnym.<\/p>\n<p>Firanka posiada wszyt\u0105 od wewn\u0105trz <strong>ta\u015bm\u0119 marszcz\u0105c\u0105<\/strong>, kt\u00f3ra zapewnia pi\u0119kne, naturalne<strong> fa\u0142dy<\/strong> oraz <strong>tunel<\/strong> na karnisz rurkowy. Mo\u017cna j\u0105 bezpo\u015brednio zawiesi\u0107 na<strong> karniszu rurkowym<\/strong> lub<strong> na \u017cabkach<\/strong>. Pasuje na karnisz o szeroko\u015bci<strong> 200 &#8211; 250 cm<\/strong>.<\/p>\n<p><strong>Specyfikacja:<\/strong><\/p>\n<ul>\n<li>Szeroko\u015b\u0107: <strong>400 cm<\/strong><\/li>\n<li>Wysoko\u015b\u0107:<strong>\u00a0 160 cm, 250 cm<\/strong><\/li>\n<li>Materia\u0142: <strong>woal<\/strong><\/li>\n<li>Kolor: <strong>bia\u0142y, czarny<\/strong><\/li>\n<li>Spos\u00f3b monta\u017cu:<strong> ta\u015bma marszcz\u0105ca &#8211; \u017cabki, haczyki, karnisz rurkowy<\/strong><\/li>\n<li>W zestawie:<strong> 2 tasiemki<\/strong> do podpi\u0119cia firany<\/li>\n<li>Sk\u0142ad: 100% poliester<\/li>\n<\/ul>\n","protected":false},"excerpt":{"rendered":"<p>FIRANA GOTOWA Z FALBANK\u0104 I CZARN\u0104 LAM\u00d3WK\u0104 NA TA\u015aMIE MARSZCZ\u0104CEJ Firana gotowa z falbank\u0105 i czarn\u0105 lam\u00f3wk\u0105 na ta\u015bmie marszcz\u0105cej to subtelny i elegancki element dekoracyjny, kt\u00f3ry wniesie do Twojej przestrzeni jasno\u015b\u0107 i wyj\u0105tkow\u0105 finezj\u0119. Delikatna, bia\u0142a firana zosta\u0142a uszyta z g\u0142adkiego woalu. Mi\u0142a w dotyku struktura materia\u0142u przepuszcza \u015bwiat\u0142o i chroni prywatno\u015b\u0107 mieszka\u0144c\u00f3w. Brzegi firanki wyko\u0144czone s\u0105 pi\u0119kn\u0105 i delikatn\u0105 falbank\u0105, czarn\u0105 lam\u00f3wk\u0105 i ta\u015bm\u0105 cyrkoniow\u0105. Firan\u0119 mo\u017cna zawiesi\u0107 samodzielnie lub w towarzystwie zas\u0142on. Do kompletu do\u0142\u0105czono 2 woalowe tasiemki do podpi\u0119cia bok\u00f3w firany w kokony. Ca\u0142o\u015b\u0107 tworzy oryginaln\u0105 kompozycj\u0119 i uzupe\u0142ni aran\u017cacj\u0119 wn\u0119trz w stylu klasycznym oraz nowoczesnym. Firanka posiada wszyt\u0105 od wewn\u0105trz ta\u015bm\u0119 marszcz\u0105c\u0105, kt\u00f3ra zapewnia pi\u0119kne, naturalne fa\u0142dy oraz tunel na karnisz rurkowy. Mo\u017cna j\u0105 bezpo\u015brednio zawiesi\u0107 na karniszu rurkowym lub na \u017cabkach. Pasuje na karnisz o szeroko\u015bci 200 &#8211; 250 cm. Specyfikacja: Szeroko\u015b\u0107: 400 cm Wysoko\u015b\u0107:\u00a0 160 cm, 250 cm Materia\u0142: woal Kolor: bia\u0142y, czarny Spos\u00f3b monta\u017cu: ta\u015bma marszcz\u0105ca &#8211; \u017cabki, haczyki, karnisz rurkowy W zestawie: 2 tasiemki do podpi\u0119cia firany Sk\u0142ad: 100% poliester<\/p>\n","protected":false},"featured_media":34047,"comment_status":"closed","ping_status":"closed","template":"","meta":[],"product_brand":[],"product_cat":[137,552],"product_tag":[],"class_list":{"0":"post-28283","1":"product","2":"type-product","3":"status-publish","4":"has-post-thumbnail","6":"product_cat-firany","7":"product_cat-firany-na-tasmie","8":"product_shipping_class-pl","10":"first","11":"instock","12":"taxable","13":"shipping-taxable","14":"purchasable","15":"product-type-variable","16":"has-default-attributes"},"jetpack_sharing_enabled":true,"_links":{"self":[{"href":"https:\/\/nakarnisze.pl\/index.php\/wp-json\/wp\/v2\/product\/28283","targetHints":{"allow":["GET"]}}],"collection":[{"href":"https:\/\/nakarnisze.pl\/index.php\/wp-json\/wp\/v2\/product"}],"about":[{"href":"https:\/\/nakarnisze.pl\/index.php\/wp-json\/wp\/v2\/types\/product"}],"replies":[{"embeddable":true,"href":"https:\/\/nakarnisze.pl\/index.php\/wp-json\/wp\/v2\/comments?post=28283"}],"version-history":[{"count":8,"href":"https:\/\/nakarnisze.pl\/index.php\/wp-json\/wp\/v2\/product\/28283\/revisions"}],"predecessor-version":[{"id":34048,"href":"https:\/\/nakarnisze.pl\/index.php\/wp-json\/wp\/v2\/product\/28283\/revisions\/34048"}],"wp:featuredmedia":[{"embeddable":true,"href":"https:\/\/nakarnisze.pl\/index.php\/wp-json\/wp\/v2\/media\/34047"}],"wp:attachment":[{"href":"https:\/\/nakarnisze.pl\/index.php\/wp-json\/wp\/v2\/media?parent=28283"}],"wp:term":[{"taxonomy":"product_brand","embeddable":true,"href":"https:\/\/nakarnisze.pl\/index.php\/wp-json\/wp\/v2\/product_brand?post=28283"},{"taxonomy":"product_cat","embeddable":true,"href":"https:\/\/nakarnisze.pl\/index.php\/wp-json\/wp\/v2\/product_cat?post=28283"},{"taxonomy":"product_tag","embeddable":true,"href":"https:\/\/nakarnisze.pl\/index.php\/wp-json\/wp\/v2\/product_tag?post=28283"}],"curies":[{"name":"wp","href":"https:\/\/api.w.org\/{rel}","templated":true}]}}