{"id":28332,"date":"2024-09-18T09:41:18","date_gmt":"2024-09-18T07:41:18","guid":{"rendered":"https:\/\/nakarnisze.pl\/?post_type=product&#038;p=28332"},"modified":"2026-03-18T13:10:53","modified_gmt":"2026-03-18T11:10:53","slug":"zaslona-dekoracyjna-ozdobiona-pomponikami-na-tasmie-marszczacej","status":"publish","type":"product","link":"https:\/\/nakarnisze.pl\/index.php\/zaslona-dekoracyjna-ozdobiona-pomponikami-na-tasmie-marszczacej\/","title":{"rendered":"ZAS\u0141ONA DEKORACYJNA OZDOBIONA POMPONIKAMI NA TA\u015aMIE MARSZCZ\u0104CEJ"},"content":{"rendered":"<h1>ZAS\u0141ONA DEKORACYJNA OZDOBIONA POMPONIKAMI NA TA\u015aMIE MARSZCZ\u0104CEJ<\/h1>\n<p>Zas\u0142ona dekoracyjna ozdobiona pomponikami na ta\u015bmie marszcz\u0105cej to elegancki i funkcjonalny dodatek, kt\u00f3ry doskonale sprawdzi si\u0119 w wielu rodzajach wn\u0119trz. Zas\u0142ona zosta\u0142a starannie wykonana z wysokiej jako\u015bci, uniwersalnego materia\u0142u<strong> stretch panama<\/strong>, kt\u00f3ry wyr\u00f3\u017cnia si\u0119 <strong>g\u0119stym splotem<\/strong>. Ozdobiona jest\u00a0<strong>uroczymi pomponikami<\/strong>, kt\u00f3re nadaj\u0105 jej lekko\u015bci oraz niepowtarzalnego, dekoracyjnego charakteru. Pompony starannie rozmieszczone wzd\u0142u\u017c <strong>bocznych kraw\u0119dzi<\/strong> dodaj\u0105 element nowoczesno\u015bci, sprawiaj\u0105c, \u017ce zas\u0142ona staje si\u0119 oryginalnym akcentem w aran\u017cacji wn\u0119trza. To doskona\u0142y spos\u00f3b na o\u017cywienie pomieszczenia bez konieczno\u015bci wprowadzania radykalnych zmian.<\/p>\n<p>Dekoracyjna zas\u0142ona jest <strong>wyj\u0105tkowo praktyczna<\/strong>, dzi\u0119ki\u00a0<strong>wszytej ta\u015bmie<\/strong>, kt\u00f3ra umo\u017cliwia jej\u00a0<strong>\u0142atwe zawieszenie<\/strong>\u00a0na <strong>karniszu rurkowym<\/strong>.\u00a0Mo\u017cna j\u0105 r\u00f3wnie\u017c upi\u0105\u0107 za pomoc\u0105 <strong>\u017cabek lub haczyk\u00f3w<\/strong>, co sprawia, \u017ce monta\u017c jest <strong>szybki<\/strong>, a zas\u0142ona dobrze si\u0119 uk\u0142ada, tworz\u0105c <strong>mi\u0119kkie, eleganckie fa\u0142dy<\/strong>, kt\u00f3re nadaj\u0105 wn\u0119trzu harmonijny, stylowy wygl\u0105d.<\/p>\n<p><strong>Specyfikacja:<\/strong><\/p>\n<ul>\n<li>Szeroko\u015b\u0107: <strong>145 cm<\/strong><\/li>\n<li>Wysoko\u015b\u0107: <strong>200, 210, 220, 230, 240, 250 cm<\/strong><\/li>\n<li>Materia\u0142: <strong>stretch panama<\/strong><\/li>\n<li>Spos\u00f3b monta\u017cu: <strong>ta\u015bma marszcz\u0105ca &#8211; karnisz rurkowy, \u017cabki, haczyki<\/strong><\/li>\n<li>Sk\u0142ad: 100% poliester<\/li>\n<li><strong>Upi\u0119cie zas\u0142ony w zestawie<\/strong><\/li>\n<\/ul>\n<p><strong>Cena dotyczy 1 sztuki.<\/strong><\/p>\n<p>&nbsp;<\/p>\n","protected":false},"excerpt":{"rendered":"<p>ZAS\u0141ONA DEKORACYJNA OZDOBIONA POMPONIKAMI NA TA\u015aMIE MARSZCZ\u0104CEJ Zas\u0142ona dekoracyjna ozdobiona pomponikami na ta\u015bmie marszcz\u0105cej to elegancki i funkcjonalny dodatek, kt\u00f3ry doskonale sprawdzi si\u0119 w wielu rodzajach wn\u0119trz. Zas\u0142ona zosta\u0142a starannie wykonana z wysokiej jako\u015bci, uniwersalnego materia\u0142u stretch panama, kt\u00f3ry wyr\u00f3\u017cnia si\u0119 g\u0119stym splotem. Ozdobiona jest\u00a0uroczymi pomponikami, kt\u00f3re nadaj\u0105 jej lekko\u015bci oraz niepowtarzalnego, dekoracyjnego charakteru. Pompony starannie rozmieszczone wzd\u0142u\u017c bocznych kraw\u0119dzi dodaj\u0105 element nowoczesno\u015bci, sprawiaj\u0105c, \u017ce zas\u0142ona staje si\u0119 oryginalnym akcentem w aran\u017cacji wn\u0119trza. To doskona\u0142y spos\u00f3b na o\u017cywienie pomieszczenia bez konieczno\u015bci wprowadzania radykalnych zmian. Dekoracyjna zas\u0142ona jest wyj\u0105tkowo praktyczna, dzi\u0119ki\u00a0wszytej ta\u015bmie, kt\u00f3ra umo\u017cliwia jej\u00a0\u0142atwe zawieszenie\u00a0na karniszu rurkowym.\u00a0Mo\u017cna j\u0105 r\u00f3wnie\u017c upi\u0105\u0107 za pomoc\u0105 \u017cabek lub haczyk\u00f3w, co sprawia, \u017ce monta\u017c jest szybki, a zas\u0142ona dobrze si\u0119 uk\u0142ada, tworz\u0105c mi\u0119kkie, eleganckie fa\u0142dy, kt\u00f3re nadaj\u0105 wn\u0119trzu harmonijny, stylowy wygl\u0105d. Specyfikacja: Szeroko\u015b\u0107: 145 cm Wysoko\u015b\u0107: 200, 210, 220, 230, 240, 250 cm Materia\u0142: stretch panama Spos\u00f3b monta\u017cu: ta\u015bma marszcz\u0105ca &#8211; karnisz rurkowy, \u017cabki, haczyki Sk\u0142ad: 100% poliester Upi\u0119cie zas\u0142ony w zestawie Cena dotyczy 1 sztuki. &nbsp;<\/p>\n","protected":false},"featured_media":28344,"comment_status":"closed","ping_status":"closed","template":"","meta":[],"product_brand":[],"product_cat":[510,136,509,508,423,426,427],"product_tag":[],"class_list":{"0":"post-28332","1":"product","2":"type-product","3":"status-publish","4":"has-post-thumbnail","6":"product_cat-zaslony-na-tasmie-140x200","7":"product_cat-zaslony-gotowe","8":"product_cat-zaslony-na-tasmie-140x210","9":"product_cat-zaslony-na-tasmie-140x220","10":"product_cat-zaslony-na-tasmie-140x230","11":"product_cat-zaslony-na-tasmie-140x240","12":"product_cat-zaslony-na-tasmie-140x250","13":"product_shipping_class-pl","15":"first","16":"outofstock","17":"taxable","18":"shipping-taxable","19":"purchasable","20":"product-type-variable","21":"has-default-attributes"},"jetpack_sharing_enabled":true,"_links":{"self":[{"href":"https:\/\/nakarnisze.pl\/index.php\/wp-json\/wp\/v2\/product\/28332","targetHints":{"allow":["GET"]}}],"collection":[{"href":"https:\/\/nakarnisze.pl\/index.php\/wp-json\/wp\/v2\/product"}],"about":[{"href":"https:\/\/nakarnisze.pl\/index.php\/wp-json\/wp\/v2\/types\/product"}],"replies":[{"embeddable":true,"href":"https:\/\/nakarnisze.pl\/index.php\/wp-json\/wp\/v2\/comments?post=28332"}],"version-history":[{"count":3,"href":"https:\/\/nakarnisze.pl\/index.php\/wp-json\/wp\/v2\/product\/28332\/revisions"}],"predecessor-version":[{"id":29931,"href":"https:\/\/nakarnisze.pl\/index.php\/wp-json\/wp\/v2\/product\/28332\/revisions\/29931"}],"wp:featuredmedia":[{"embeddable":true,"href":"https:\/\/nakarnisze.pl\/index.php\/wp-json\/wp\/v2\/media\/28344"}],"wp:attachment":[{"href":"https:\/\/nakarnisze.pl\/index.php\/wp-json\/wp\/v2\/media?parent=28332"}],"wp:term":[{"taxonomy":"product_brand","embeddable":true,"href":"https:\/\/nakarnisze.pl\/index.php\/wp-json\/wp\/v2\/product_brand?post=28332"},{"taxonomy":"product_cat","embeddable":true,"href":"https:\/\/nakarnisze.pl\/index.php\/wp-json\/wp\/v2\/product_cat?post=28332"},{"taxonomy":"product_tag","embeddable":true,"href":"https:\/\/nakarnisze.pl\/index.php\/wp-json\/wp\/v2\/product_tag?post=28332"}],"curies":[{"name":"wp","href":"https:\/\/api.w.org\/{rel}","templated":true}]}}