{"id":28370,"date":"2024-09-18T22:12:25","date_gmt":"2024-09-18T20:12:25","guid":{"rendered":"https:\/\/nakarnisze.pl\/?post_type=product&#038;p=28370"},"modified":"2026-02-19T19:44:42","modified_gmt":"2026-02-19T17:44:42","slug":"zaslona-dekoracyjna-ozdobiona-fredzlami-na-tasmie-marszczacej","status":"publish","type":"product","link":"https:\/\/nakarnisze.pl\/index.php\/zaslona-dekoracyjna-ozdobiona-fredzlami-na-tasmie-marszczacej\/","title":{"rendered":"ZAS\u0141ONA DEKORACYJNA OZDOBIONA FR\u0118DZLAMI NA TA\u015aMIE MARSZCZ\u0104CEJ"},"content":{"rendered":"<h1>ZAS\u0141ONA DEKORACYJNA OZDOBIONA FR\u0118DZLAMI NA TA\u015aMIE MARSZCZ\u0104CEJ<\/h1>\n<p>Zas\u0142ona dekoracyjna ozdobiona fr\u0119dzlami na ta\u015bmie marszcz\u0105cej to doskona\u0142y wyb\u00f3r dla os\u00f3b ceni\u0105cych\u00a0<strong>styl boho.<\/strong>\u00a0Zas\u0142ona zosta\u0142a starannie wykonana z wysokiej jako\u015bci, uniwersalnego materia\u0142u<strong>\u00a0stretch panama<\/strong>, kt\u00f3ry wyr\u00f3\u017cnia si\u0119\u00a0<strong>g\u0119stym splotem<\/strong>. Materia\u0142 ten nie tylko pi\u0119knie si\u0119 uk\u0142ada, ale tak\u017ce chroni przed nadmiernym \u015bwiat\u0142em, zapewniaj\u0105c prywatno\u015b\u0107 w ka\u017cdym pomieszczeniu. Nale\u017cy r\u00f3wnie\u017c zaznaczy\u0107, \u017ce\u00a0<strong>subtelna ta\u015bma z fr\u0119dzlami<\/strong> znajduj\u0105ca si\u0119 w g\u00f3rnej cz\u0119\u015bci zas\u0142ony nadaje jej unikalnego wygl\u0105du, stanowi\u0105c <strong>modny akcent<\/strong>, kt\u00f3ry przyci\u0105ga uwag\u0119.<\/p>\n<p>Dekoracyjna zas\u0142ona jest\u00a0<strong>wyj\u0105tkowo praktyczna<\/strong>, dzi\u0119ki\u00a0<strong>wszytej ta\u015bmie<\/strong>, kt\u00f3ra umo\u017cliwia jej\u00a0<strong>\u0142atwe zawieszenie<\/strong>\u00a0na\u00a0<strong>karniszu rurkowym<\/strong>.\u00a0Mo\u017cna j\u0105 r\u00f3wnie\u017c upi\u0105\u0107 za pomoc\u0105\u00a0<strong>\u017cabek lub haczyk\u00f3w<\/strong>, co sprawia, \u017ce monta\u017c jest\u00a0<strong>szybki<\/strong>, a zas\u0142ona dobrze si\u0119 uk\u0142ada, tworz\u0105c\u00a0<strong>mi\u0119kkie, eleganckie fa\u0142dy<\/strong>, kt\u00f3re nadaj\u0105 wn\u0119trzu harmonijny, stylowy wygl\u0105d.<\/p>\n<p><strong>Specyfikacja:<\/strong><\/p>\n<ul>\n<li>Szeroko\u015b\u0107:\u00a0<strong>145 cm<\/strong><\/li>\n<li>Wysoko\u015b\u0107:\u00a0<strong>200, 210, 220, 230, 240, 250 cm<\/strong><\/li>\n<li>Materia\u0142:\u00a0<strong>stretch panama<\/strong><\/li>\n<li>Spos\u00f3b monta\u017cu:\u00a0<strong>ta\u015bma marszcz\u0105ca \u2013 karnisz rurkowy, \u017cabki, haczyki<\/strong><\/li>\n<li>Sk\u0142ad: 100% poliester<\/li>\n<\/ul>\n<p><strong>Cena dotyczy 1 sztuki.<\/strong><\/p>\n","protected":false},"excerpt":{"rendered":"<p>ZAS\u0141ONA DEKORACYJNA OZDOBIONA FR\u0118DZLAMI NA TA\u015aMIE MARSZCZ\u0104CEJ Zas\u0142ona dekoracyjna ozdobiona fr\u0119dzlami na ta\u015bmie marszcz\u0105cej to doskona\u0142y wyb\u00f3r dla os\u00f3b ceni\u0105cych\u00a0styl boho.\u00a0Zas\u0142ona zosta\u0142a starannie wykonana z wysokiej jako\u015bci, uniwersalnego materia\u0142u\u00a0stretch panama, kt\u00f3ry wyr\u00f3\u017cnia si\u0119\u00a0g\u0119stym splotem. Materia\u0142 ten nie tylko pi\u0119knie si\u0119 uk\u0142ada, ale tak\u017ce chroni przed nadmiernym \u015bwiat\u0142em, zapewniaj\u0105c prywatno\u015b\u0107 w ka\u017cdym pomieszczeniu. Nale\u017cy r\u00f3wnie\u017c zaznaczy\u0107, \u017ce\u00a0subtelna ta\u015bma z fr\u0119dzlami znajduj\u0105ca si\u0119 w g\u00f3rnej cz\u0119\u015bci zas\u0142ony nadaje jej unikalnego wygl\u0105du, stanowi\u0105c modny akcent, kt\u00f3ry przyci\u0105ga uwag\u0119. Dekoracyjna zas\u0142ona jest\u00a0wyj\u0105tkowo praktyczna, dzi\u0119ki\u00a0wszytej ta\u015bmie, kt\u00f3ra umo\u017cliwia jej\u00a0\u0142atwe zawieszenie\u00a0na\u00a0karniszu rurkowym.\u00a0Mo\u017cna j\u0105 r\u00f3wnie\u017c upi\u0105\u0107 za pomoc\u0105\u00a0\u017cabek lub haczyk\u00f3w, co sprawia, \u017ce monta\u017c jest\u00a0szybki, a zas\u0142ona dobrze si\u0119 uk\u0142ada, tworz\u0105c\u00a0mi\u0119kkie, eleganckie fa\u0142dy, kt\u00f3re nadaj\u0105 wn\u0119trzu harmonijny, stylowy wygl\u0105d. Specyfikacja: Szeroko\u015b\u0107:\u00a0145 cm Wysoko\u015b\u0107:\u00a0200, 210, 220, 230, 240, 250 cm Materia\u0142:\u00a0stretch panama Spos\u00f3b monta\u017cu:\u00a0ta\u015bma marszcz\u0105ca \u2013 karnisz rurkowy, \u017cabki, haczyki Sk\u0142ad: 100% poliester Cena dotyczy 1 sztuki.<\/p>\n","protected":false},"featured_media":33865,"comment_status":"closed","ping_status":"closed","template":"","meta":[],"product_brand":[],"product_cat":[136],"product_tag":[],"class_list":{"0":"post-28370","1":"product","2":"type-product","3":"status-publish","4":"has-post-thumbnail","6":"product_cat-zaslony-gotowe","7":"product_shipping_class-pl","9":"first","10":"instock","11":"taxable","12":"shipping-taxable","13":"purchasable","14":"product-type-variable","15":"has-default-attributes"},"jetpack_sharing_enabled":true,"_links":{"self":[{"href":"https:\/\/nakarnisze.pl\/index.php\/wp-json\/wp\/v2\/product\/28370","targetHints":{"allow":["GET"]}}],"collection":[{"href":"https:\/\/nakarnisze.pl\/index.php\/wp-json\/wp\/v2\/product"}],"about":[{"href":"https:\/\/nakarnisze.pl\/index.php\/wp-json\/wp\/v2\/types\/product"}],"replies":[{"embeddable":true,"href":"https:\/\/nakarnisze.pl\/index.php\/wp-json\/wp\/v2\/comments?post=28370"}],"version-history":[{"count":4,"href":"https:\/\/nakarnisze.pl\/index.php\/wp-json\/wp\/v2\/product\/28370\/revisions"}],"predecessor-version":[{"id":35082,"href":"https:\/\/nakarnisze.pl\/index.php\/wp-json\/wp\/v2\/product\/28370\/revisions\/35082"}],"wp:featuredmedia":[{"embeddable":true,"href":"https:\/\/nakarnisze.pl\/index.php\/wp-json\/wp\/v2\/media\/33865"}],"wp:attachment":[{"href":"https:\/\/nakarnisze.pl\/index.php\/wp-json\/wp\/v2\/media?parent=28370"}],"wp:term":[{"taxonomy":"product_brand","embeddable":true,"href":"https:\/\/nakarnisze.pl\/index.php\/wp-json\/wp\/v2\/product_brand?post=28370"},{"taxonomy":"product_cat","embeddable":true,"href":"https:\/\/nakarnisze.pl\/index.php\/wp-json\/wp\/v2\/product_cat?post=28370"},{"taxonomy":"product_tag","embeddable":true,"href":"https:\/\/nakarnisze.pl\/index.php\/wp-json\/wp\/v2\/product_tag?post=28370"}],"curies":[{"name":"wp","href":"https:\/\/api.w.org\/{rel}","templated":true}]}}