{"id":28688,"date":"2024-09-30T19:35:22","date_gmt":"2024-09-30T17:35:22","guid":{"rendered":"https:\/\/nakarnisze.pl\/?post_type=product&#038;p=28688"},"modified":"2025-12-12T00:28:50","modified_gmt":"2025-12-11T22:28:50","slug":"firana-gotowa-z-batystu-na-przelotkach","status":"publish","type":"product","link":"https:\/\/nakarnisze.pl\/index.php\/firana-gotowa-z-batystu-na-przelotkach\/","title":{"rendered":"FIRANA GOTOWA Z BATYSTU NA PRZELOTKACH"},"content":{"rendered":"<h1>FIRANA GOTOWA Z BATYSTU NA PRZELOTKACH<\/h1>\n<p>Dodaj odrobin\u0119 elegancji i lekko\u015bci do swojego wn\u0119trza dzi\u0119ki naszej firanie z batystu<strong> na przelotkach<\/strong>. Zosta\u0142a wykonana z\u00a0<strong>delikatnego, g\u0142adkiego materia\u0142u batyst<\/strong>\u00a0w kolorze bia\u0142ym. Jest lu\u017ano tkana przypominaj\u0105ca LEN \u2013 P\u0141OTNO. Ta\u00a0<strong>elegancka i stylowa\u00a0<\/strong>firana\u00a0doskonale uzupe\u0142ni wystr\u00f3j Twojego wn\u0119trza, nadaj\u0105c mu\u00a0<strong>luksusowego charakteru<\/strong>. Dzi\u0119ki swojej\u00a0<strong>uniwersalnej<\/strong>\u00a0kolorystyce, idealnie pasuje zar\u00f3wno do<strong>\u00a0nowoczesnych<\/strong>, jak i\u00a0<strong>klasycznych<\/strong>\u00a0aran\u017cacji.\u00a0<strong>Wysoka jako\u015b\u0107 materia\u0142u<\/strong>\u00a0gwarantuje trwa\u0142o\u015b\u0107 i odporno\u015b\u0107 na uszkodzenia, co sprawia, \u017ce firana b\u0119dzie pi\u0119knie prezentowa\u0107 si\u0119 przez wiele lat.<\/p>\n<p><b>SPECYFIKACJA:<\/b><\/p>\n<ul>\n<li>Szeroko\u015b\u0107:\u00a0<strong>140,<\/strong>\u00a0<strong>300<\/strong><b>\u00a0cm \u2013 szeroko\u015b\u0107 ca\u0142kowita firany<\/b><\/li>\n<li>D\u0142ugo\u015b\u0107:\u00a0\u00a0<strong>150, 160, 170, 180, 190, 200, 210, 220, 230, 240, 250, 260, 270<\/strong><strong>cm<\/strong><b>\u00a0\u2013 d\u0142ugo\u015b\u0107 ca\u0142kowita zas\u0142ony<\/b><\/li>\n<li>Kolor:<strong>\u00a0biel<\/strong><\/li>\n<li>Materia\u0142:\u00a0<strong>batyst<\/strong>, lu\u017ano tkana przypominaj\u0105ca LEN \u2013 P\u0141\u00d3TNO<\/li>\n<li>Tkanina: poliester 100%<\/li>\n<li>Spos\u00f3b zawieszenia: <strong>metalowe przelotki<\/strong> w kolorze srebrnym (18 szt.)<\/li>\n<li>Pranie: temp. max 30\u00b0C<\/li>\n<li>Prasowanie: temp. max 200\u00b0C<\/li>\n<li><b>Po powieszeniu na mokro nie wymaga prasowania<\/b><\/li>\n<\/ul>\n","protected":false},"excerpt":{"rendered":"<p>FIRANA GOTOWA Z BATYSTU NA PRZELOTKACH Dodaj odrobin\u0119 elegancji i lekko\u015bci do swojego wn\u0119trza dzi\u0119ki naszej firanie z batystu na przelotkach. Zosta\u0142a wykonana z\u00a0delikatnego, g\u0142adkiego materia\u0142u batyst\u00a0w kolorze bia\u0142ym. Jest lu\u017ano tkana przypominaj\u0105ca LEN \u2013 P\u0141OTNO. Ta\u00a0elegancka i stylowa\u00a0firana\u00a0doskonale uzupe\u0142ni wystr\u00f3j Twojego wn\u0119trza, nadaj\u0105c mu\u00a0luksusowego charakteru. Dzi\u0119ki swojej\u00a0uniwersalnej\u00a0kolorystyce, idealnie pasuje zar\u00f3wno do\u00a0nowoczesnych, jak i\u00a0klasycznych\u00a0aran\u017cacji.\u00a0Wysoka jako\u015b\u0107 materia\u0142u\u00a0gwarantuje trwa\u0142o\u015b\u0107 i odporno\u015b\u0107 na uszkodzenia, co sprawia, \u017ce firana b\u0119dzie pi\u0119knie prezentowa\u0107 si\u0119 przez wiele lat. SPECYFIKACJA: Szeroko\u015b\u0107:\u00a0140,\u00a0300\u00a0cm \u2013 szeroko\u015b\u0107 ca\u0142kowita firany D\u0142ugo\u015b\u0107:\u00a0\u00a0150, 160, 170, 180, 190, 200, 210, 220, 230, 240, 250, 260, 270cm\u00a0\u2013 d\u0142ugo\u015b\u0107 ca\u0142kowita zas\u0142ony Kolor:\u00a0biel Materia\u0142:\u00a0batyst, lu\u017ano tkana przypominaj\u0105ca LEN \u2013 P\u0141\u00d3TNO Tkanina: poliester 100% Spos\u00f3b zawieszenia: metalowe przelotki w kolorze srebrnym (18 szt.) Pranie: temp. max 30\u00b0C Prasowanie: temp. max 200\u00b0C Po powieszeniu na mokro nie wymaga prasowania<\/p>\n","protected":false},"featured_media":34166,"comment_status":"closed","ping_status":"closed","template":"","meta":[],"product_brand":[],"product_cat":[551,137],"product_tag":[],"class_list":{"0":"post-28688","1":"product","2":"type-product","3":"status-publish","4":"has-post-thumbnail","6":"product_cat-firany-na-przelotkach","7":"product_cat-firany","8":"product_shipping_class-pl","10":"first","11":"outofstock","12":"taxable","13":"shipping-taxable","14":"product-type-variable","15":"has-default-attributes"},"jetpack_sharing_enabled":true,"_links":{"self":[{"href":"https:\/\/nakarnisze.pl\/index.php\/wp-json\/wp\/v2\/product\/28688","targetHints":{"allow":["GET"]}}],"collection":[{"href":"https:\/\/nakarnisze.pl\/index.php\/wp-json\/wp\/v2\/product"}],"about":[{"href":"https:\/\/nakarnisze.pl\/index.php\/wp-json\/wp\/v2\/types\/product"}],"replies":[{"embeddable":true,"href":"https:\/\/nakarnisze.pl\/index.php\/wp-json\/wp\/v2\/comments?post=28688"}],"version-history":[{"count":3,"href":"https:\/\/nakarnisze.pl\/index.php\/wp-json\/wp\/v2\/product\/28688\/revisions"}],"predecessor-version":[{"id":34176,"href":"https:\/\/nakarnisze.pl\/index.php\/wp-json\/wp\/v2\/product\/28688\/revisions\/34176"}],"wp:featuredmedia":[{"embeddable":true,"href":"https:\/\/nakarnisze.pl\/index.php\/wp-json\/wp\/v2\/media\/34166"}],"wp:attachment":[{"href":"https:\/\/nakarnisze.pl\/index.php\/wp-json\/wp\/v2\/media?parent=28688"}],"wp:term":[{"taxonomy":"product_brand","embeddable":true,"href":"https:\/\/nakarnisze.pl\/index.php\/wp-json\/wp\/v2\/product_brand?post=28688"},{"taxonomy":"product_cat","embeddable":true,"href":"https:\/\/nakarnisze.pl\/index.php\/wp-json\/wp\/v2\/product_cat?post=28688"},{"taxonomy":"product_tag","embeddable":true,"href":"https:\/\/nakarnisze.pl\/index.php\/wp-json\/wp\/v2\/product_tag?post=28688"}],"curies":[{"name":"wp","href":"https:\/\/api.w.org\/{rel}","templated":true}]}}