{"id":28839,"date":"2024-10-07T20:43:19","date_gmt":"2024-10-07T18:43:19","guid":{"rendered":"https:\/\/nakarnisze.pl\/?post_type=product&#038;p=28839"},"modified":"2024-10-14T18:41:27","modified_gmt":"2024-10-14T16:41:27","slug":"firana-gotowa-z-markizety-zdobiona-haftem-na-tasmie-marszczacej-mira","status":"publish","type":"product","link":"https:\/\/nakarnisze.pl\/index.php\/firana-gotowa-z-markizety-zdobiona-haftem-na-tasmie-marszczacej-mira\/","title":{"rendered":"FIRANA GOTOWA Z MARKIZETY ZDOBIONA HAFTEM NA TA\u015aMIE MARSZCZ\u0104CEJ MIRA"},"content":{"rendered":"<h1>FIRANA GOTOWA Z MARKIZETY ZDOBIONA HAFTEM NA TA\u015aMIE MARSZCZ\u0104CEJ MIRA<\/h1>\n<p>Firana gotowa z markizety zdobiona haftem na ta\u015bmie marszcz\u0105cej Mira to wyj\u0105tkowy dodatek do ka\u017cdego wn\u0119trza, kt\u00f3ry przyci\u0105ga uwag\u0119 swoj\u0105 <strong>subtelno\u015bci\u0105 i delikatno\u015bci\u0105<\/strong>. Wykonana z lekkiej\u00a0<strong>markizety<\/strong>\u00a0zdobionej<strong>\u00a0haftem<\/strong>, kt\u00f3ry dodaje jej niepowtarzalnego uroku. Markizeta zosta\u0142a wykonana z najwy\u017cszej jako\u015bci\u00a0<strong>prz\u0119dzy poliestrowej<\/strong>\u00a0w kolorze<strong>\u00a0ch\u0142odnym bia\u0142ym<\/strong>, z dodatkiem delikatnie\u00a0<strong>po\u0142yskuj\u0105cej nici<\/strong>. W g\u00f3rnej cz\u0119\u015bci firany zosta\u0142a wszyta<strong>\u00a0ta\u015bma marszcz\u0105ca<\/strong>\u00a0oraz\u00a0<strong>tunel<\/strong>\u00a0na karnisz rurkowy. Ta\u015bma u\u0142atwia efektowne drapowanie tkaniny. Firana przepuszcza promienie s\u0142oneczne i chroni prywatno\u015b\u0107 mieszka\u0144c\u00f3w. Efektowny wz\u00f3r markizety idealnie<strong>\u00a0o\u017cywi<\/strong>\u00a0ka\u017cd\u0105 przestrze\u0144 i nada jej niezwyk\u0142y urok.<\/p>\n<div class=\"woocommerce-tabs woocommerce-main-tabs\">\n<div class=\"container\">\n<div class=\"minimog-tabs minimog-tabs--horizontal minimog-tabs--title-graphic-align-center initialized\">\n<div class=\"minimog-tabs__content\">\n<div id=\"tab-content-description\" class=\"tab-content tab-content-description active\" tabindex=\"0\" role=\"tabpanel\" data-tab=\"1\" aria-labelledby=\"tab-title-description\" aria-expanded=\"true\">\n<div class=\"tab-content-wrapper\">\n<p><strong>Specyfikacja:<\/strong><\/p>\n<ul>\n<li>Szeroko\u015b\u0107:\u00a0<strong>400 cm<\/strong><\/li>\n<li>D\u0142ugo\u015b\u0107:\u00a0<strong>150 cm<\/strong><\/li>\n<li>Materia\u0142:<strong>\u00a0markizeta<\/strong><\/li>\n<li>Kolor:\u00a0<strong>ch\u0142odny bia\u0142y<\/strong><\/li>\n<li>Spos\u00f3b zawieszenia:\u00a0<strong>ta\u015bma marszcz\u0105ca \u2013 \u017cabki, haczyki, karnisz rurkowy<\/strong><\/li>\n<li>Sk\u0142ad: 100% poliester<\/li>\n<\/ul>\n<\/div>\n<\/div>\n<\/div>\n<\/div>\n<\/div>\n<\/div>\n","protected":false},"excerpt":{"rendered":"<p>FIRANA GOTOWA Z MARKIZETY ZDOBIONA HAFTEM NA TA\u015aMIE MARSZCZ\u0104CEJ MIRA Firana gotowa z markizety zdobiona haftem na ta\u015bmie marszcz\u0105cej Mira to wyj\u0105tkowy dodatek do ka\u017cdego wn\u0119trza, kt\u00f3ry przyci\u0105ga uwag\u0119 swoj\u0105 subtelno\u015bci\u0105 i delikatno\u015bci\u0105. Wykonana z lekkiej\u00a0markizety\u00a0zdobionej\u00a0haftem, kt\u00f3ry dodaje jej niepowtarzalnego uroku. Markizeta zosta\u0142a wykonana z najwy\u017cszej jako\u015bci\u00a0prz\u0119dzy poliestrowej\u00a0w kolorze\u00a0ch\u0142odnym bia\u0142ym, z dodatkiem delikatnie\u00a0po\u0142yskuj\u0105cej nici. W g\u00f3rnej cz\u0119\u015bci firany zosta\u0142a wszyta\u00a0ta\u015bma marszcz\u0105ca\u00a0oraz\u00a0tunel\u00a0na karnisz rurkowy. Ta\u015bma u\u0142atwia efektowne drapowanie tkaniny. Firana przepuszcza promienie s\u0142oneczne i chroni prywatno\u015b\u0107 mieszka\u0144c\u00f3w. Efektowny wz\u00f3r markizety idealnie\u00a0o\u017cywi\u00a0ka\u017cd\u0105 przestrze\u0144 i nada jej niezwyk\u0142y urok. Specyfikacja: Szeroko\u015b\u0107:\u00a0400 cm D\u0142ugo\u015b\u0107:\u00a0150 cm Materia\u0142:\u00a0markizeta Kolor:\u00a0ch\u0142odny bia\u0142y Spos\u00f3b zawieszenia:\u00a0ta\u015bma marszcz\u0105ca \u2013 \u017cabki, haczyki, karnisz rurkowy Sk\u0142ad: 100% poliester<\/p>\n","protected":false},"featured_media":28840,"comment_status":"closed","ping_status":"closed","template":"","meta":[],"product_brand":[],"product_cat":[552,137],"product_tag":[],"class_list":{"0":"post-28839","1":"product","2":"type-product","3":"status-publish","4":"has-post-thumbnail","6":"product_cat-firany-na-tasmie","7":"product_cat-firany","8":"product_shipping_class-pl","10":"first","11":"instock","12":"sale","13":"taxable","14":"shipping-taxable","15":"purchasable","16":"product-type-simple"},"jetpack_sharing_enabled":true,"_links":{"self":[{"href":"https:\/\/nakarnisze.pl\/index.php\/wp-json\/wp\/v2\/product\/28839","targetHints":{"allow":["GET"]}}],"collection":[{"href":"https:\/\/nakarnisze.pl\/index.php\/wp-json\/wp\/v2\/product"}],"about":[{"href":"https:\/\/nakarnisze.pl\/index.php\/wp-json\/wp\/v2\/types\/product"}],"replies":[{"embeddable":true,"href":"https:\/\/nakarnisze.pl\/index.php\/wp-json\/wp\/v2\/comments?post=28839"}],"version-history":[{"count":1,"href":"https:\/\/nakarnisze.pl\/index.php\/wp-json\/wp\/v2\/product\/28839\/revisions"}],"predecessor-version":[{"id":28845,"href":"https:\/\/nakarnisze.pl\/index.php\/wp-json\/wp\/v2\/product\/28839\/revisions\/28845"}],"wp:featuredmedia":[{"embeddable":true,"href":"https:\/\/nakarnisze.pl\/index.php\/wp-json\/wp\/v2\/media\/28840"}],"wp:attachment":[{"href":"https:\/\/nakarnisze.pl\/index.php\/wp-json\/wp\/v2\/media?parent=28839"}],"wp:term":[{"taxonomy":"product_brand","embeddable":true,"href":"https:\/\/nakarnisze.pl\/index.php\/wp-json\/wp\/v2\/product_brand?post=28839"},{"taxonomy":"product_cat","embeddable":true,"href":"https:\/\/nakarnisze.pl\/index.php\/wp-json\/wp\/v2\/product_cat?post=28839"},{"taxonomy":"product_tag","embeddable":true,"href":"https:\/\/nakarnisze.pl\/index.php\/wp-json\/wp\/v2\/product_tag?post=28839"}],"curies":[{"name":"wp","href":"https:\/\/api.w.org\/{rel}","templated":true}]}}