{"id":28998,"date":"2024-10-17T21:29:28","date_gmt":"2024-10-17T19:29:28","guid":{"rendered":"https:\/\/nakarnisze.pl\/?post_type=product&#038;p=28998"},"modified":"2024-10-18T20:56:05","modified_gmt":"2024-10-18T18:56:05","slug":"firana-z-panelem-azurowym-lapacz-snow-400x150-cm-symfonia","status":"publish","type":"product","link":"https:\/\/nakarnisze.pl\/index.php\/firana-z-panelem-azurowym-lapacz-snow-400x150-cm-symfonia\/","title":{"rendered":"FIRANA Z PANELEM A\u017bUROWYM \u0141APACZ SN\u00d3W 400X150 CM SYMFONIA"},"content":{"rendered":"<h1>FIRANA Z PANELEM A\u017bUROWYM \u0141APACZ SN\u00d3W 400X150 CM SYMFONIA<\/h1>\n<p>Firana z panelem a\u017curowym \u0142apacz sn\u00f3w <strong>400&#215;150 cm\u00a0<\/strong>Symfonia to wyj\u0105tkowy element dekoracyjny, kt\u00f3ry doda <strong>elegancji i uroku<\/strong> ka\u017cdemu wn\u0119trzu. Elegancka firana wykonana z precyzj\u0105 z doskona\u0142ego, <strong>bia\u0142ego<\/strong> materia\u0142u typu <strong>woal<\/strong>. P\u00f3\u0142prze\u017aroczysta tkanina zapewni mieszka\u0144com prywatno\u015b\u0107, a w s\u0142oneczny dzie\u0144 przepu\u015bci promienie s\u0142oneczne, przez co pomieszczenie zostanie delikatnie roz\u015bwietlone. W komplecie znajduj\u0119 si\u0119 elegancki <strong>panel a\u017curowy<\/strong> tzw. <strong>\u0142apacz sn\u00f3w<\/strong>, kt\u00f3ry prezentuje si\u0119 niezwykle <strong>stylowo i modnie<\/strong>. Panel zosta\u0142 wykonany z\u00a0<strong>grubego, sztywnego, bia\u0142ego filcu<\/strong> &#8211; kt\u00f3ry nie ulega odkszta\u0142ceniom. Do zestawu do\u0142\u0105czone s\u0105 r\u00f3wnie\u017c <strong>dwie tasiemki<\/strong> do upi\u0119cia firany po bokach.<\/p>\n<p>Firana uszyta jest na\u00a0<b>ta\u015bmie marszcz\u0105cej<\/b>, kt\u00f3ra posiada\u00a0<b>tunel<\/b>,\u00a0dzi\u0119ki czemu zestaw mo\u017cna zawiesi\u0107 bezpo\u015brednio na karniszu rurkowym, haczykach lub za pomoc\u0105 \u017cabek. Panel posiada wszyty tunel.<\/p>\n<h1>SPECYFIKACJA:<\/h1>\n<ul>\n<li>Wymiary firany:<b> s<\/b><b>zeroko\u015b\u0107:<\/b> <strong>400 cm<\/strong>, <strong>wysoko\u015b\u0107: 150 cm<\/strong><\/li>\n<li>Wymiary panelu a\u017curowego: <strong>szeroko\u015b\u0107: 40 cm<\/strong>, <strong>wysoko\u015b\u0107: 130 cm<\/strong><\/li>\n<li>Materia\u0142:<strong>\u00a0woal + filc<\/strong><\/li>\n<li>Kolor: <strong>bia\u0142y<\/strong><\/li>\n<li>Spos\u00f3b monta\u017cu<b>:<\/b>\u00a0<b>tunel + ta\u015bma marszcz\u0105ca &#8211; \u017cabki, haczyki, karnisz rurkowy<\/b><\/li>\n<li>W zestawie:\u00a0<b>dwie tasiemki<\/b> do upi\u0119cia firany<\/li>\n<li>Sk\u0142ad: 100% poliester<\/li>\n<\/ul>\n","protected":false},"excerpt":{"rendered":"<p>FIRANA Z PANELEM A\u017bUROWYM \u0141APACZ SN\u00d3W 400X150 CM SYMFONIA Firana z panelem a\u017curowym \u0142apacz sn\u00f3w 400&#215;150 cm\u00a0Symfonia to wyj\u0105tkowy element dekoracyjny, kt\u00f3ry doda elegancji i uroku ka\u017cdemu wn\u0119trzu. Elegancka firana wykonana z precyzj\u0105 z doskona\u0142ego, bia\u0142ego materia\u0142u typu woal. P\u00f3\u0142prze\u017aroczysta tkanina zapewni mieszka\u0144com prywatno\u015b\u0107, a w s\u0142oneczny dzie\u0144 przepu\u015bci promienie s\u0142oneczne, przez co pomieszczenie zostanie delikatnie roz\u015bwietlone. W komplecie znajduj\u0119 si\u0119 elegancki panel a\u017curowy tzw. \u0142apacz sn\u00f3w, kt\u00f3ry prezentuje si\u0119 niezwykle stylowo i modnie. Panel zosta\u0142 wykonany z\u00a0grubego, sztywnego, bia\u0142ego filcu &#8211; kt\u00f3ry nie ulega odkszta\u0142ceniom. Do zestawu do\u0142\u0105czone s\u0105 r\u00f3wnie\u017c dwie tasiemki do upi\u0119cia firany po bokach. Firana uszyta jest na\u00a0ta\u015bmie marszcz\u0105cej, kt\u00f3ra posiada\u00a0tunel,\u00a0dzi\u0119ki czemu zestaw mo\u017cna zawiesi\u0107 bezpo\u015brednio na karniszu rurkowym, haczykach lub za pomoc\u0105 \u017cabek. Panel posiada wszyty tunel. SPECYFIKACJA: Wymiary firany: szeroko\u015b\u0107: 400 cm, wysoko\u015b\u0107: 150 cm Wymiary panelu a\u017curowego: szeroko\u015b\u0107: 40 cm, wysoko\u015b\u0107: 130 cm Materia\u0142:\u00a0woal + filc Kolor: bia\u0142y Spos\u00f3b monta\u017cu:\u00a0tunel + ta\u015bma marszcz\u0105ca &#8211; \u017cabki, haczyki, karnisz rurkowy W zestawie:\u00a0dwie tasiemki do upi\u0119cia firany Sk\u0142ad: 100% poliester<\/p>\n","protected":false},"featured_media":28999,"comment_status":"open","ping_status":"closed","template":"","meta":[],"product_brand":[],"product_cat":[554],"product_tag":[],"class_list":{"0":"post-28998","1":"product","2":"type-product","3":"status-publish","4":"has-post-thumbnail","6":"product_cat-firana-z-panelem-azurowym","7":"product_shipping_class-pl","9":"first","10":"instock","11":"taxable","12":"shipping-taxable","13":"purchasable","14":"product-type-simple"},"jetpack_sharing_enabled":true,"_links":{"self":[{"href":"https:\/\/nakarnisze.pl\/index.php\/wp-json\/wp\/v2\/product\/28998","targetHints":{"allow":["GET"]}}],"collection":[{"href":"https:\/\/nakarnisze.pl\/index.php\/wp-json\/wp\/v2\/product"}],"about":[{"href":"https:\/\/nakarnisze.pl\/index.php\/wp-json\/wp\/v2\/types\/product"}],"replies":[{"embeddable":true,"href":"https:\/\/nakarnisze.pl\/index.php\/wp-json\/wp\/v2\/comments?post=28998"}],"version-history":[{"count":4,"href":"https:\/\/nakarnisze.pl\/index.php\/wp-json\/wp\/v2\/product\/28998\/revisions"}],"predecessor-version":[{"id":29051,"href":"https:\/\/nakarnisze.pl\/index.php\/wp-json\/wp\/v2\/product\/28998\/revisions\/29051"}],"wp:featuredmedia":[{"embeddable":true,"href":"https:\/\/nakarnisze.pl\/index.php\/wp-json\/wp\/v2\/media\/28999"}],"wp:attachment":[{"href":"https:\/\/nakarnisze.pl\/index.php\/wp-json\/wp\/v2\/media?parent=28998"}],"wp:term":[{"taxonomy":"product_brand","embeddable":true,"href":"https:\/\/nakarnisze.pl\/index.php\/wp-json\/wp\/v2\/product_brand?post=28998"},{"taxonomy":"product_cat","embeddable":true,"href":"https:\/\/nakarnisze.pl\/index.php\/wp-json\/wp\/v2\/product_cat?post=28998"},{"taxonomy":"product_tag","embeddable":true,"href":"https:\/\/nakarnisze.pl\/index.php\/wp-json\/wp\/v2\/product_tag?post=28998"}],"curies":[{"name":"wp","href":"https:\/\/api.w.org\/{rel}","templated":true}]}}