{"id":29042,"date":"2024-10-18T20:15:00","date_gmt":"2024-10-18T18:15:00","guid":{"rendered":"https:\/\/nakarnisze.pl\/?post_type=product&#038;p=29042"},"modified":"2025-12-12T00:25:20","modified_gmt":"2025-12-11T22:25:20","slug":"panel-azurowy-z-krysztalkami-100x80-cm","status":"publish","type":"product","link":"https:\/\/nakarnisze.pl\/index.php\/panel-azurowy-z-krysztalkami-100x80-cm\/","title":{"rendered":"PANEL A\u017bUROWY Z KRYSZTA\u0141KAMI 100X80 CM"},"content":{"rendered":"<h1>PANEL A\u017bUROWY Z KRYSZTA\u0141KAMI 100X80 CM<\/h1>\n<p>Panel a\u017curowy z kryszta\u0142kami <strong>100&#215;80 cm<\/strong> to idealne rozwi\u0105zanie dla os\u00f3b ceni\u0105cych <strong>pi\u0119kno, funkcjonalno\u015b\u0107 i wysok\u0105 jako\u015b\u0107 wykonania<\/strong>. Zosta\u0142 wykonany z\u00a0<strong>grubego<\/strong> i<strong> sztywnego filcu<\/strong> \u2013 kt\u00f3ry nie ulega odkszta\u0142ceniom. Prezentuje si\u0119 niezwykle\u00a0<strong>stylowo i modnie<\/strong>, ozdobi okno sam lub w towarzystwie firan lub zas\u0142on.\u00a0Ozdobiony jest <strong>kryszta\u0142kami<\/strong>, kt\u00f3re subtelnie<strong> mieni\u0105 si\u0119<\/strong> w \u015bwietle, wprowadzaj\u0105c do wn\u0119trza nut\u0119 luksusu i elegancji. Kryszta\u0142ki mo\u017cna<strong> \u0142atwo odpi\u0105\u0107<\/strong> (nale\u017cy je zdejmowa\u0107 w celu czyszczenia panelu). Panel a\u017curowy z kryszta\u0142kami odnajdzie si\u0119 idealnie w aran\u017cacji okien w stylu klasycznym i glamour.<\/p>\n<p>Panel posiada wszyty <strong>tunel<\/strong> na karnisz rurkowy (nie ma wszytej ta\u015bmy marszcz\u0105cej). Mo\u017cna go zawiesi\u0107 bezpo\u015brednio na <strong>karniszu rurkowym<\/strong> lub na<strong> \u017cabkach<\/strong>.<\/p>\n<p><strong>Specyfikacja:<\/strong><\/p>\n<ul>\n<li>Szeroko\u015b\u0107: <strong>100 cm<\/strong><\/li>\n<li>Wysoko\u015b\u0107: <strong>80 cm<\/strong><\/li>\n<li>Materia\u0142: <strong>filc<\/strong><\/li>\n<li>Kolor:<strong> bia\u0142y, czarny<\/strong><\/li>\n<li>Spos\u00f3b zawieszenia: <strong>tunel, \u017cabki<\/strong> (brak wszytej ta\u015bmy marszcz\u0105cej)<\/li>\n<li>Sk\u0142ad: 100% poliester<\/li>\n<\/ul>\n","protected":false},"excerpt":{"rendered":"<p>PANEL A\u017bUROWY Z KRYSZTA\u0141KAMI 100X80 CM Panel a\u017curowy z kryszta\u0142kami 100&#215;80 cm to idealne rozwi\u0105zanie dla os\u00f3b ceni\u0105cych pi\u0119kno, funkcjonalno\u015b\u0107 i wysok\u0105 jako\u015b\u0107 wykonania. Zosta\u0142 wykonany z\u00a0grubego i sztywnego filcu \u2013 kt\u00f3ry nie ulega odkszta\u0142ceniom. Prezentuje si\u0119 niezwykle\u00a0stylowo i modnie, ozdobi okno sam lub w towarzystwie firan lub zas\u0142on.\u00a0Ozdobiony jest kryszta\u0142kami, kt\u00f3re subtelnie mieni\u0105 si\u0119 w \u015bwietle, wprowadzaj\u0105c do wn\u0119trza nut\u0119 luksusu i elegancji. Kryszta\u0142ki mo\u017cna \u0142atwo odpi\u0105\u0107 (nale\u017cy je zdejmowa\u0107 w celu czyszczenia panelu). Panel a\u017curowy z kryszta\u0142kami odnajdzie si\u0119 idealnie w aran\u017cacji okien w stylu klasycznym i glamour. Panel posiada wszyty tunel na karnisz rurkowy (nie ma wszytej ta\u015bmy marszcz\u0105cej). Mo\u017cna go zawiesi\u0107 bezpo\u015brednio na karniszu rurkowym lub na \u017cabkach. Specyfikacja: Szeroko\u015b\u0107: 100 cm Wysoko\u015b\u0107: 80 cm Materia\u0142: filc Kolor: bia\u0142y, czarny Spos\u00f3b zawieszenia: tunel, \u017cabki (brak wszytej ta\u015bmy marszcz\u0105cej) Sk\u0142ad: 100% poliester<\/p>\n","protected":false},"featured_media":33942,"comment_status":"open","ping_status":"closed","template":"","meta":[],"product_brand":[],"product_cat":[553],"product_tag":[],"class_list":{"0":"post-29042","1":"product","2":"type-product","3":"status-publish","4":"has-post-thumbnail","6":"product_cat-panele-azurowe","7":"product_shipping_class-pl","9":"first","10":"outofstock","11":"taxable","12":"shipping-taxable","13":"product-type-variable","14":"has-default-attributes"},"jetpack_sharing_enabled":true,"_links":{"self":[{"href":"https:\/\/nakarnisze.pl\/index.php\/wp-json\/wp\/v2\/product\/29042","targetHints":{"allow":["GET"]}}],"collection":[{"href":"https:\/\/nakarnisze.pl\/index.php\/wp-json\/wp\/v2\/product"}],"about":[{"href":"https:\/\/nakarnisze.pl\/index.php\/wp-json\/wp\/v2\/types\/product"}],"replies":[{"embeddable":true,"href":"https:\/\/nakarnisze.pl\/index.php\/wp-json\/wp\/v2\/comments?post=29042"}],"version-history":[{"count":8,"href":"https:\/\/nakarnisze.pl\/index.php\/wp-json\/wp\/v2\/product\/29042\/revisions"}],"predecessor-version":[{"id":33943,"href":"https:\/\/nakarnisze.pl\/index.php\/wp-json\/wp\/v2\/product\/29042\/revisions\/33943"}],"wp:featuredmedia":[{"embeddable":true,"href":"https:\/\/nakarnisze.pl\/index.php\/wp-json\/wp\/v2\/media\/33942"}],"wp:attachment":[{"href":"https:\/\/nakarnisze.pl\/index.php\/wp-json\/wp\/v2\/media?parent=29042"}],"wp:term":[{"taxonomy":"product_brand","embeddable":true,"href":"https:\/\/nakarnisze.pl\/index.php\/wp-json\/wp\/v2\/product_brand?post=29042"},{"taxonomy":"product_cat","embeddable":true,"href":"https:\/\/nakarnisze.pl\/index.php\/wp-json\/wp\/v2\/product_cat?post=29042"},{"taxonomy":"product_tag","embeddable":true,"href":"https:\/\/nakarnisze.pl\/index.php\/wp-json\/wp\/v2\/product_tag?post=29042"}],"curies":[{"name":"wp","href":"https:\/\/api.w.org\/{rel}","templated":true}]}}