{"id":29077,"date":"2024-10-21T20:06:57","date_gmt":"2024-10-21T18:06:57","guid":{"rendered":"https:\/\/nakarnisze.pl\/?post_type=product&#038;p=29077"},"modified":"2024-12-16T19:46:30","modified_gmt":"2024-12-16T17:46:30","slug":"panel-azurowy-czarny-z-krysztalkami-110x150-cm","status":"publish","type":"product","link":"https:\/\/nakarnisze.pl\/index.php\/panel-azurowy-czarny-z-krysztalkami-110x150-cm\/","title":{"rendered":"PANEL A\u017bUROWY CZARNY Z KRYSZTA\u0141KAMI 110X150 CM"},"content":{"rendered":"<h1>PANEL A\u017bUROWY CZARNY Z KRYSZTA\u0141KAMI 110X150 CM<\/h1>\n<p>Panel a\u017curowy czarny z kryszta\u0142kami 110&#215;150 cm to doskona\u0142y wyb\u00f3r dla os\u00f3b ceni\u0105cych <strong>eleganckie i oryginalne<\/strong> rozwi\u0105zania w dekoracji wn\u0119trz. Zosta\u0142 wykonany z\u00a0<strong>grubego<\/strong>\u00a0i<strong>\u00a0sztywnego filcu<\/strong> \u2013 kt\u00f3ry nie ulega odkszta\u0142ceniom. Prezentuje si\u0119 niezwykle\u00a0<strong>stylowo i modnie<\/strong>, ozdobi okno sam lub w towarzystwie firan lub zas\u0142on.\u00a0Ozdobiony jest\u00a0<strong>kryszta\u0142kami<\/strong>, kt\u00f3re subtelnie<strong>\u00a0mieni\u0105 si\u0119<\/strong>\u00a0w \u015bwietle, wprowadzaj\u0105c do wn\u0119trza nut\u0119 luksusu i elegancji. Kryszta\u0142ki mo\u017cna<strong>\u00a0\u0142atwo odpi\u0105\u0107<\/strong> (nale\u017cy je zdejmowa\u0107 w celu czyszczenia panelu). Ten dekoracyjny element nie tylko wzbogaci estetyk\u0119 Twojego domu, ale tak\u017ce doda mu przytulnego i nowoczesnego charakteru<\/p>\n<p>Panel posiada wszyty\u00a0<strong>tunel<\/strong>\u00a0na karnisz rurkowy (nie ma wszytej ta\u015bmy marszcz\u0105cej). Mo\u017cna go zawiesi\u0107 bezpo\u015brednio na\u00a0<strong>karniszu rurkowym<\/strong>\u00a0lub na<strong>\u00a0\u017cabkach<\/strong>.<\/p>\n<p><strong>Specyfikacja:<\/strong><\/p>\n<ul>\n<li>Szeroko\u015b\u0107: <strong>110 cm<\/strong><\/li>\n<li>Wysoko\u015b\u0107: <strong>150 cm<\/strong><\/li>\n<li>Materia\u0142: <strong>filc<\/strong><\/li>\n<li>Kolor:<strong> czarny<\/strong><\/li>\n<li>Spos\u00f3b zawieszenia:\u00a0<strong>tunel, \u017cabki<\/strong>\u00a0(brak wszytej ta\u015bmy marszcz\u0105cej)<\/li>\n<li>Sk\u0142ad: 100% poliester<\/li>\n<\/ul>\n","protected":false},"excerpt":{"rendered":"<p>PANEL A\u017bUROWY CZARNY Z KRYSZTA\u0141KAMI 110X150 CM Panel a\u017curowy czarny z kryszta\u0142kami 110&#215;150 cm to doskona\u0142y wyb\u00f3r dla os\u00f3b ceni\u0105cych eleganckie i oryginalne rozwi\u0105zania w dekoracji wn\u0119trz. Zosta\u0142 wykonany z\u00a0grubego\u00a0i\u00a0sztywnego filcu \u2013 kt\u00f3ry nie ulega odkszta\u0142ceniom. Prezentuje si\u0119 niezwykle\u00a0stylowo i modnie, ozdobi okno sam lub w towarzystwie firan lub zas\u0142on.\u00a0Ozdobiony jest\u00a0kryszta\u0142kami, kt\u00f3re subtelnie\u00a0mieni\u0105 si\u0119\u00a0w \u015bwietle, wprowadzaj\u0105c do wn\u0119trza nut\u0119 luksusu i elegancji. Kryszta\u0142ki mo\u017cna\u00a0\u0142atwo odpi\u0105\u0107 (nale\u017cy je zdejmowa\u0107 w celu czyszczenia panelu). Ten dekoracyjny element nie tylko wzbogaci estetyk\u0119 Twojego domu, ale tak\u017ce doda mu przytulnego i nowoczesnego charakteru Panel posiada wszyty\u00a0tunel\u00a0na karnisz rurkowy (nie ma wszytej ta\u015bmy marszcz\u0105cej). Mo\u017cna go zawiesi\u0107 bezpo\u015brednio na\u00a0karniszu rurkowym\u00a0lub na\u00a0\u017cabkach. Specyfikacja: Szeroko\u015b\u0107: 110 cm Wysoko\u015b\u0107: 150 cm Materia\u0142: filc Kolor: czarny Spos\u00f3b zawieszenia:\u00a0tunel, \u017cabki\u00a0(brak wszytej ta\u015bmy marszcz\u0105cej) Sk\u0142ad: 100% poliester<\/p>\n","protected":false},"featured_media":29084,"comment_status":"open","ping_status":"closed","template":"","meta":[],"product_brand":[],"product_cat":[553],"product_tag":[],"class_list":{"0":"post-29077","1":"product","2":"type-product","3":"status-publish","4":"has-post-thumbnail","6":"product_cat-panele-azurowe","7":"product_shipping_class-pl","9":"first","10":"outofstock","11":"taxable","12":"shipping-taxable","13":"purchasable","14":"product-type-simple"},"jetpack_sharing_enabled":true,"_links":{"self":[{"href":"https:\/\/nakarnisze.pl\/index.php\/wp-json\/wp\/v2\/product\/29077","targetHints":{"allow":["GET"]}}],"collection":[{"href":"https:\/\/nakarnisze.pl\/index.php\/wp-json\/wp\/v2\/product"}],"about":[{"href":"https:\/\/nakarnisze.pl\/index.php\/wp-json\/wp\/v2\/types\/product"}],"replies":[{"embeddable":true,"href":"https:\/\/nakarnisze.pl\/index.php\/wp-json\/wp\/v2\/comments?post=29077"}],"version-history":[{"count":1,"href":"https:\/\/nakarnisze.pl\/index.php\/wp-json\/wp\/v2\/product\/29077\/revisions"}],"predecessor-version":[{"id":29087,"href":"https:\/\/nakarnisze.pl\/index.php\/wp-json\/wp\/v2\/product\/29077\/revisions\/29087"}],"wp:featuredmedia":[{"embeddable":true,"href":"https:\/\/nakarnisze.pl\/index.php\/wp-json\/wp\/v2\/media\/29084"}],"wp:attachment":[{"href":"https:\/\/nakarnisze.pl\/index.php\/wp-json\/wp\/v2\/media?parent=29077"}],"wp:term":[{"taxonomy":"product_brand","embeddable":true,"href":"https:\/\/nakarnisze.pl\/index.php\/wp-json\/wp\/v2\/product_brand?post=29077"},{"taxonomy":"product_cat","embeddable":true,"href":"https:\/\/nakarnisze.pl\/index.php\/wp-json\/wp\/v2\/product_cat?post=29077"},{"taxonomy":"product_tag","embeddable":true,"href":"https:\/\/nakarnisze.pl\/index.php\/wp-json\/wp\/v2\/product_tag?post=29077"}],"curies":[{"name":"wp","href":"https:\/\/api.w.org\/{rel}","templated":true}]}}