{"id":32010,"date":"2025-05-30T22:17:00","date_gmt":"2025-05-30T20:17:00","guid":{"rendered":"https:\/\/nakarnisze.pl\/?post_type=product&#038;p=32010"},"modified":"2025-05-30T23:43:48","modified_gmt":"2025-05-30T21:43:48","slug":"zaslona-zaciemniajaca-bezowa-140-x-210-przelotka","status":"publish","type":"product","link":"https:\/\/nakarnisze.pl\/index.php\/zaslona-zaciemniajaca-bezowa-140-x-210-przelotka\/","title":{"rendered":"ZAS\u0141ONA BE\u017bOWA 140X210 ZACIEMNIAJ\u0104CA PRZELOTKA"},"content":{"rendered":"<h1>ZAS\u0141ONA ZACIEMNIAJ\u0104CA BE\u017bOWA 140 X 210 PRZELOTKA<\/h1>\n<p>Odkryj elegancj\u0119 naszych <strong>be\u017cowych zas\u0142on<\/strong> wykonanych z wysokiej jako\u015bci welwetowego materia\u0142u, kt\u00f3ry zachwyca swoj\u0105 delikatno\u015bci\u0105, puszysto\u015bci\u0105 i niezwyk\u0142\u0105 g\u0142adko\u015bci\u0105. Te <strong>zas\u0142ony bezowe<\/strong> w klasycznym, a jednocze\u015bnie nowoczesnym designie, idealnie wpasuj\u0105 si\u0119 w ka\u017cde wn\u0119trze, dodaj\u0105c mu wyj\u0105tkowego charakteru i przytulnego klimatu.<\/p>\n<h3>Wyj\u0105tkowe w\u0142a\u015bciwo\u015bci produktu<\/h3>\n<ul>\n<li><strong>Wymiary:<\/strong> Zas\u0142ony maj\u0105 wymiary 140&#215;210 cm, co czyni je idealnym wyborem do standardowych okien.<\/li>\n<li><strong>Zaciemnienie:<\/strong> Dzi\u0119ki 70-80% w\u0142a\u015bciwo\u015bciom zaciemniaj\u0105cym, nasze <strong>zas\u0142ony zaciemniaj\u0105ce be\u017cowe<\/strong> skutecznie redukuj\u0105 nadmierne \u015bwiat\u0142o, gwarantuj\u0105c komfortowy wypoczynek w ci\u0105gu dnia.<\/li>\n<li><strong>Izolacja termiczna i d\u017awi\u0119kowa:<\/strong> Welwetowy materia\u0142 nie tylko zapewnia przyjemny dotyk, ale r\u00f3wnie\u017c doskonale izoluje termicznie oraz ogranicza ha\u0142as dochodz\u0105cy z ruchliwych dr\u00f3g i innych ha\u0142a\u015bliwych obszar\u00f3w.<\/li>\n<li><strong>Monta\u017c:<\/strong> Produkt dost\u0119pny jest zar\u00f3wno na przelotkach, jak i na ta\u015bmie, co umo\u017cliwia \u0142atwy i szybki monta\u017c oraz dopasowanie do indywidualnych potrzeb aran\u017cacyjnych. Dzi\u0119ki temu wyb\u00f3r idealnych <strong>zas\u0142on be\u017cowych na przelotkach<\/strong> jest jeszcze prostszy.<\/li>\n<li><strong>Piel\u0119gnacja:<\/strong> Zas\u0142ony s\u0105 \u0142atwe w utrzymaniu czysto\u015bci, co sprawia, \u017ce ich codzienna konserwacja nie stanowi \u017cadnego problemu.<\/li>\n<\/ul>\n<h3>Dlaczego warto wybra\u0107 nasze zas\u0142ony?<\/h3>\n<p>Nasze <strong>be\u017cowe zas\u0142ony<\/strong> \u0142\u0105cz\u0105 w sobie estetyk\u0119 oraz funkcjonalno\u015b\u0107. Idealnie sprawdz\u0105 si\u0119 w pomieszczeniach, w kt\u00f3rych liczy si\u0119 nie tylko elegancja, ale i praktyczne rozwi\u0105zania. Niezale\u017cnie od tego, czy zale\u017cy Ci na stworzeniu ciep\u0142ej, przytulnej atmosfery, czy chcesz cieszy\u0107 si\u0119 spokojem dzi\u0119ki redukcji ha\u0142asu i optymalnemu zaciemnieniu, te <strong>zas\u0142ony bezowe<\/strong> s\u0105 odpowiedzi\u0105 na Twoje potrzeby.<\/p>\n<p>Wybierz klasyk\u0119 w nowoczesnym wydaniu i pozw\u00f3l sobie na odrobin\u0119 luksusu z naszymi <strong>zas\u0142onami zaciemniaj\u0105cymi be\u017cowymi<\/strong>, kt\u00f3re idealnie \u0142\u0105cz\u0105 styl z funkcjonalno\u015bci\u0105. Zapewnij sobie komfort i elegancj\u0119 dzi\u0119ki produktowi, kt\u00f3ry spe\u0142ni oczekiwania nawet najbardziej wymagaj\u0105cych klient\u00f3w, staj\u0105c si\u0119 nieod\u0142\u0105cznym elementem Twojego wn\u0119trza.<\/p>\n<p>SPECYFIKACJA<\/p>\n<ul>\n<li>Szeroko\u015b\u0107:\u00a0<b>140cm &#8211; szeroko\u015b\u0107 przed zmarszczeniem<\/b><\/li>\n<li>Wysoko\u015b\u0107:\u00a0\u00a0<b>210cm &#8211; d\u0142ugo\u015b\u0107 ca\u0142kowita zas\u0142ony<\/b><\/li>\n<li>Gramatura: <strong>210 g\/m2<\/strong><\/li>\n<li>Materia\u0142: poliester 100%<\/li>\n<li>Spos\u00f3b zawieszenia: metalowe przelotki w kolorze srebrnym ze stali nierdzewnej &#8211; <b>8 przelotek (\u015brednica wewn\u0119trzna 4 cm)<\/b><\/li>\n<li>Pranie: temp.\u00a030\u00b0C<\/li>\n<li>Prasowanie: temp. 110\u00b0C<\/li>\n<li>Kolor: <b>BE\u017bOWY<\/b><\/li>\n<li>Przepuszczalno\u015b\u0107 promieni s\u0142onecznych: niska-zerowa<\/li>\n<li>Margines b\u0142\u0119du: Produkty wykonywane z tkanin posiadaj\u0105 margines b\u0142\u0119du o tolerancji w granicach +\/- 3 cm na d\u0142ugo\u015bci i szeroko\u015bci co jest wynikiem w\u0142a\u015bciwo\u015bci materia\u0142u.<\/li>\n<li><b>Zas\u0142ona panelowa idealnie \u0142\u0105czy si\u0119 w kilka sztuk i \u015bwietnie prezentuj\u0119 si\u0119 w ka\u017cdym wn\u0119trzu.<\/b><\/li>\n<\/ul>\n<p>&nbsp;<\/p>\n","protected":false},"excerpt":{"rendered":"<p>ZAS\u0141ONA ZACIEMNIAJ\u0104CA BE\u017bOWA 140 X 210 PRZELOTKA Odkryj elegancj\u0119 naszych be\u017cowych zas\u0142on wykonanych z wysokiej jako\u015bci welwetowego materia\u0142u, kt\u00f3ry zachwyca swoj\u0105 delikatno\u015bci\u0105, puszysto\u015bci\u0105 i niezwyk\u0142\u0105 g\u0142adko\u015bci\u0105. Te zas\u0142ony bezowe w klasycznym, a jednocze\u015bnie nowoczesnym designie, idealnie wpasuj\u0105 si\u0119 w ka\u017cde wn\u0119trze, dodaj\u0105c mu wyj\u0105tkowego charakteru i przytulnego klimatu. Wyj\u0105tkowe w\u0142a\u015bciwo\u015bci produktu Wymiary: Zas\u0142ony maj\u0105 wymiary 140&#215;210 cm, co czyni je idealnym wyborem do standardowych okien. Zaciemnienie: Dzi\u0119ki 70-80% w\u0142a\u015bciwo\u015bciom zaciemniaj\u0105cym, nasze zas\u0142ony zaciemniaj\u0105ce be\u017cowe skutecznie redukuj\u0105 nadmierne \u015bwiat\u0142o, gwarantuj\u0105c komfortowy wypoczynek w ci\u0105gu dnia. Izolacja termiczna i d\u017awi\u0119kowa: Welwetowy materia\u0142 nie tylko zapewnia przyjemny dotyk, ale r\u00f3wnie\u017c doskonale izoluje termicznie oraz ogranicza ha\u0142as dochodz\u0105cy z ruchliwych dr\u00f3g i innych ha\u0142a\u015bliwych obszar\u00f3w. Monta\u017c: Produkt dost\u0119pny jest zar\u00f3wno na przelotkach, jak i na ta\u015bmie, co umo\u017cliwia \u0142atwy i szybki monta\u017c oraz dopasowanie do indywidualnych potrzeb aran\u017cacyjnych. Dzi\u0119ki temu wyb\u00f3r idealnych zas\u0142on be\u017cowych na przelotkach jest jeszcze prostszy. Piel\u0119gnacja: Zas\u0142ony s\u0105 \u0142atwe w utrzymaniu czysto\u015bci, co sprawia, \u017ce ich codzienna konserwacja nie stanowi \u017cadnego problemu. Dlaczego warto wybra\u0107 nasze zas\u0142ony? Nasze be\u017cowe zas\u0142ony \u0142\u0105cz\u0105 w sobie estetyk\u0119 oraz funkcjonalno\u015b\u0107. Idealnie sprawdz\u0105 si\u0119 w pomieszczeniach, w kt\u00f3rych liczy si\u0119 nie tylko elegancja, ale i praktyczne rozwi\u0105zania. Niezale\u017cnie od tego, czy zale\u017cy Ci na stworzeniu ciep\u0142ej, przytulnej atmosfery, czy chcesz cieszy\u0107 si\u0119 spokojem dzi\u0119ki redukcji ha\u0142asu i optymalnemu zaciemnieniu, te zas\u0142ony bezowe s\u0105 odpowiedzi\u0105 na Twoje potrzeby. Wybierz klasyk\u0119 w nowoczesnym wydaniu i pozw\u00f3l sobie na odrobin\u0119 luksusu z naszymi zas\u0142onami zaciemniaj\u0105cymi be\u017cowymi, kt\u00f3re idealnie \u0142\u0105cz\u0105 styl z funkcjonalno\u015bci\u0105. Zapewnij sobie komfort i elegancj\u0119 dzi\u0119ki produktowi, kt\u00f3ry spe\u0142ni oczekiwania nawet najbardziej wymagaj\u0105cych klient\u00f3w, staj\u0105c si\u0119 nieod\u0142\u0105cznym elementem Twojego wn\u0119trza. SPECYFIKACJA Szeroko\u015b\u0107:\u00a0140cm &#8211; szeroko\u015b\u0107 przed zmarszczeniem Wysoko\u015b\u0107:\u00a0\u00a0210cm &#8211; d\u0142ugo\u015b\u0107 ca\u0142kowita zas\u0142ony Gramatura: 210 g\/m2 Materia\u0142: poliester 100% Spos\u00f3b zawieszenia: metalowe przelotki w kolorze srebrnym ze stali nierdzewnej &#8211; 8 przelotek (\u015brednica wewn\u0119trzna 4 cm) Pranie: temp.\u00a030\u00b0C Prasowanie: temp. 110\u00b0C Kolor: BE\u017bOWY Przepuszczalno\u015b\u0107 promieni s\u0142onecznych: niska-zerowa Margines b\u0142\u0119du: Produkty wykonywane z tkanin posiadaj\u0105 margines b\u0142\u0119du o tolerancji w granicach +\/- 3 cm na d\u0142ugo\u015bci i szeroko\u015bci co jest wynikiem w\u0142a\u015bciwo\u015bci materia\u0142u. Zas\u0142ona panelowa idealnie \u0142\u0105czy si\u0119 w kilka sztuk i \u015bwietnie prezentuj\u0119 si\u0119 w ka\u017cdym wn\u0119trzu. &nbsp;<\/p>\n","protected":false},"featured_media":29092,"comment_status":"open","ping_status":"closed","template":"","meta":[],"product_brand":[],"product_cat":[136,568],"product_tag":[],"class_list":{"0":"post-32010","1":"product","2":"type-product","3":"status-publish","4":"has-post-thumbnail","6":"product_cat-zaslony-gotowe","7":"product_cat-zaslony-na-przelotkach-140x210","8":"product_shipping_class-pl","10":"first","11":"instock","12":"taxable","13":"shipping-taxable","14":"purchasable","15":"product-type-simple"},"jetpack_sharing_enabled":true,"_links":{"self":[{"href":"https:\/\/nakarnisze.pl\/index.php\/wp-json\/wp\/v2\/product\/32010","targetHints":{"allow":["GET"]}}],"collection":[{"href":"https:\/\/nakarnisze.pl\/index.php\/wp-json\/wp\/v2\/product"}],"about":[{"href":"https:\/\/nakarnisze.pl\/index.php\/wp-json\/wp\/v2\/types\/product"}],"replies":[{"embeddable":true,"href":"https:\/\/nakarnisze.pl\/index.php\/wp-json\/wp\/v2\/comments?post=32010"}],"version-history":[{"count":3,"href":"https:\/\/nakarnisze.pl\/index.php\/wp-json\/wp\/v2\/product\/32010\/revisions"}],"predecessor-version":[{"id":32030,"href":"https:\/\/nakarnisze.pl\/index.php\/wp-json\/wp\/v2\/product\/32010\/revisions\/32030"}],"wp:featuredmedia":[{"embeddable":true,"href":"https:\/\/nakarnisze.pl\/index.php\/wp-json\/wp\/v2\/media\/29092"}],"wp:attachment":[{"href":"https:\/\/nakarnisze.pl\/index.php\/wp-json\/wp\/v2\/media?parent=32010"}],"wp:term":[{"taxonomy":"product_brand","embeddable":true,"href":"https:\/\/nakarnisze.pl\/index.php\/wp-json\/wp\/v2\/product_brand?post=32010"},{"taxonomy":"product_cat","embeddable":true,"href":"https:\/\/nakarnisze.pl\/index.php\/wp-json\/wp\/v2\/product_cat?post=32010"},{"taxonomy":"product_tag","embeddable":true,"href":"https:\/\/nakarnisze.pl\/index.php\/wp-json\/wp\/v2\/product_tag?post=32010"}],"curies":[{"name":"wp","href":"https:\/\/api.w.org\/{rel}","templated":true}]}}