{"id":34891,"date":"2026-02-09T16:54:24","date_gmt":"2026-02-09T14:54:24","guid":{"rendered":"https:\/\/nakarnisze.pl\/?post_type=product&#038;p=34891"},"modified":"2026-02-09T16:55:26","modified_gmt":"2026-02-09T14:55:26","slug":"posciel-z-falbanka-200x220-cm-jasnoszara-zestaw-z-2-poszewkami-lula","status":"publish","type":"product","link":"https:\/\/nakarnisze.pl\/index.php\/posciel-z-falbanka-200x220-cm-jasnoszara-zestaw-z-2-poszewkami-lula\/","title":{"rendered":"Po\u015bciel z falbank\u0105 200&#215;220 cm jasnoszara zestaw z 2 poszewkami LULA"},"content":{"rendered":"<h1>Po\u015bciel z falbank\u0105 200&#215;220 cm jasnoszara zestaw z 2 poszewkami LULA<\/h1>\n<p>Marzysz o sypialni, kt\u00f3ra wygl\u0105da jak z presti\u017cowego magazynu wn\u0119trzarskiego, a jednocze\u015bnie otula Ci\u0119 koj\u0105cym komfortem? nasza luksusowa po\u015bciel z falbank\u0105 200&#215;220 cm to propozycja dla os\u00f3b, kt\u00f3re nie uznaj\u0105 kompromis\u00f3w mi\u0119dzy estetyk\u0105 a jako\u015bci\u0105 snu. Subtelne detale i nowoczesna technologia wykonania sprawi\u0105, \u017ce Twoja regeneracja wejdzie na zupe\u0142nie nowy poziom.<\/p>\n<p>Wyb\u00f3r po\u015bcieli to jedna z najwa\u017cniejszych decyzji przy aran\u017cacji sypialni. Model z falbank\u0105 to nie tylko trend, ale przede wszystkim spos\u00f3b na wprowadzenie do wn\u0119trza tr\u00f3jwymiarowo\u015bci i tekstury.<\/p>\n<ul>\n<li><b>Wyj\u0105tkowy Design:<\/b>\u00a0Starannie wykonane, g\u0119ste falbanki nadaj\u0105 \u0142\u00f3\u017cku lekko\u015bci i romantycznego charakteru.<\/li>\n<li><b>Trwa\u0142o\u015b\u0107 na lata:<\/b>\u00a0Dzi\u0119ki innowacyjnej metodzie splotu, materia\u0142 jest odporny na mechacenie (pilling), co jest najcz\u0119stsz\u0105 bol\u0105czk\u0105 tanich komplet\u00f3w.<\/li>\n<li><b>G\u0142\u0119bia koloru:<\/b>\u00a0Zastosowanie barwnik\u00f3w nowej generacji sprawia, \u017ce po\u015bciel jest w 100% niefarbuj\u0105ca i zachowuje sw\u00f3j pierwotny odcie\u0144 nawet po wielu cyklach prania.<\/li>\n<li><b>Kompletny zestaw:<\/b> Wybieraj\u0105c ten produkt, otrzymujesz pe\u0142ny zestaw 200&#215;220 cm wraz z dwiema dopasowanymi poszewkami, co pozwala na natychmiastow\u0105 metamorfoz\u0119 wn\u0119trza.<\/li>\n<\/ul>\n","protected":false},"excerpt":{"rendered":"<p>Po\u015bciel z falbank\u0105 200&#215;220 cm jasnoszara zestaw z 2 poszewkami LULA Marzysz o sypialni, kt\u00f3ra wygl\u0105da jak z presti\u017cowego magazynu wn\u0119trzarskiego, a jednocze\u015bnie otula Ci\u0119 koj\u0105cym komfortem? nasza luksusowa po\u015bciel z falbank\u0105 200&#215;220 cm to propozycja dla os\u00f3b, kt\u00f3re nie uznaj\u0105 kompromis\u00f3w mi\u0119dzy estetyk\u0105 a jako\u015bci\u0105 snu. Subtelne detale i nowoczesna technologia wykonania sprawi\u0105, \u017ce Twoja regeneracja wejdzie na zupe\u0142nie nowy poziom. Wyb\u00f3r po\u015bcieli to jedna z najwa\u017cniejszych decyzji przy aran\u017cacji sypialni. Model z falbank\u0105 to nie tylko trend, ale przede wszystkim spos\u00f3b na wprowadzenie do wn\u0119trza tr\u00f3jwymiarowo\u015bci i tekstury. Wyj\u0105tkowy Design:\u00a0Starannie wykonane, g\u0119ste falbanki nadaj\u0105 \u0142\u00f3\u017cku lekko\u015bci i romantycznego charakteru. Trwa\u0142o\u015b\u0107 na lata:\u00a0Dzi\u0119ki innowacyjnej metodzie splotu, materia\u0142 jest odporny na mechacenie (pilling), co jest najcz\u0119stsz\u0105 bol\u0105czk\u0105 tanich komplet\u00f3w. G\u0142\u0119bia koloru:\u00a0Zastosowanie barwnik\u00f3w nowej generacji sprawia, \u017ce po\u015bciel jest w 100% niefarbuj\u0105ca i zachowuje sw\u00f3j pierwotny odcie\u0144 nawet po wielu cyklach prania. Kompletny zestaw: Wybieraj\u0105c ten produkt, otrzymujesz pe\u0142ny zestaw 200&#215;220 cm wraz z dwiema dopasowanymi poszewkami, co pozwala na natychmiastow\u0105 metamorfoz\u0119 wn\u0119trza.<\/p>\n","protected":false},"featured_media":34950,"comment_status":"open","ping_status":"closed","template":"","meta":[],"product_brand":[],"product_cat":[606],"product_tag":[],"class_list":{"0":"post-34891","1":"product","2":"type-product","3":"status-publish","4":"has-post-thumbnail","6":"product_cat-posciel","8":"first","9":"instock","10":"taxable","11":"shipping-taxable","12":"purchasable","13":"product-type-simple"},"jetpack_sharing_enabled":true,"_links":{"self":[{"href":"https:\/\/nakarnisze.pl\/index.php\/wp-json\/wp\/v2\/product\/34891","targetHints":{"allow":["GET"]}}],"collection":[{"href":"https:\/\/nakarnisze.pl\/index.php\/wp-json\/wp\/v2\/product"}],"about":[{"href":"https:\/\/nakarnisze.pl\/index.php\/wp-json\/wp\/v2\/types\/product"}],"replies":[{"embeddable":true,"href":"https:\/\/nakarnisze.pl\/index.php\/wp-json\/wp\/v2\/comments?post=34891"}],"version-history":[{"count":1,"href":"https:\/\/nakarnisze.pl\/index.php\/wp-json\/wp\/v2\/product\/34891\/revisions"}],"predecessor-version":[{"id":34963,"href":"https:\/\/nakarnisze.pl\/index.php\/wp-json\/wp\/v2\/product\/34891\/revisions\/34963"}],"wp:featuredmedia":[{"embeddable":true,"href":"https:\/\/nakarnisze.pl\/index.php\/wp-json\/wp\/v2\/media\/34950"}],"wp:attachment":[{"href":"https:\/\/nakarnisze.pl\/index.php\/wp-json\/wp\/v2\/media?parent=34891"}],"wp:term":[{"taxonomy":"product_brand","embeddable":true,"href":"https:\/\/nakarnisze.pl\/index.php\/wp-json\/wp\/v2\/product_brand?post=34891"},{"taxonomy":"product_cat","embeddable":true,"href":"https:\/\/nakarnisze.pl\/index.php\/wp-json\/wp\/v2\/product_cat?post=34891"},{"taxonomy":"product_tag","embeddable":true,"href":"https:\/\/nakarnisze.pl\/index.php\/wp-json\/wp\/v2\/product_tag?post=34891"}],"curies":[{"name":"wp","href":"https:\/\/api.w.org\/{rel}","templated":true}]}}