{"id":34917,"date":"2026-02-09T16:54:59","date_gmt":"2026-02-09T14:54:59","guid":{"rendered":"https:\/\/nakarnisze.pl\/?post_type=product&#038;p=34917"},"modified":"2026-02-09T16:55:51","modified_gmt":"2026-02-09T14:55:51","slug":"posciel-adamaszek-200x220-cm-jasnoszara-zestaw-z-2-poszewkami-adam","status":"publish","type":"product","link":"https:\/\/nakarnisze.pl\/index.php\/posciel-adamaszek-200x220-cm-jasnoszara-zestaw-z-2-poszewkami-adam\/","title":{"rendered":"Po\u015bciel adamaszek 200&#215;220 cm jasnoszara zestaw z 2 poszewkami ADAM"},"content":{"rendered":"<h1>Po\u015bciel adamaszek 200&#215;220 cm jasnoszara zestaw z 2 poszewkami ADAM<\/h1>\n<p>Dodaj swojej sypialni odrobin\u0119 klasy i luksusu dzi\u0119ki eleganckiej po\u015bcieli adamaszkowej w kolorze jasnoszarym. Subtelny, pasowy wz\u00f3r oraz dekoracyjna lam\u00f3wka tworz\u0105 ponadczasow\u0105 ca\u0142o\u015b\u0107, kt\u00f3ra doskonale wpisuje si\u0119 zar\u00f3wno w nowoczesne, jak i klasyczne wn\u0119trza.<\/p>\n<p data-start=\"535\" data-end=\"558\"><strong data-start=\"539\" data-end=\"558\">Zalety produktu<\/strong><\/p>\n<ul data-start=\"559\" data-end=\"1294\">\n<li data-start=\"559\" data-end=\"649\">\n<p data-start=\"561\" data-end=\"649\"><strong data-start=\"561\" data-end=\"593\">Wysokiej jako\u015bci mikrow\u0142\u00f3kno<\/strong> \u2013 lekkie, oddychaj\u0105ce i wyj\u0105tkowo przyjemne w dotyku.<\/p>\n<\/li>\n<li data-start=\"650\" data-end=\"737\">\n<p data-start=\"652\" data-end=\"737\"><strong data-start=\"652\" data-end=\"682\">Satynowy splot adamaszkowy<\/strong> \u2013 delikatny po\u0142ysk i elegancki, pionowy wz\u00f3r w pasy.<\/p>\n<\/li>\n<li data-start=\"830\" data-end=\"924\">\n<p data-start=\"832\" data-end=\"924\"><strong data-start=\"832\" data-end=\"855\">Dekoracyjna lam\u00f3wka<\/strong> \u2013 staranne wyko\u0144czenie podkre\u015blaj\u0105ce luksusowy charakter po\u015bcieli.<\/p>\n<\/li>\n<li data-start=\"925\" data-end=\"999\">\n<p data-start=\"927\" data-end=\"999\"><strong data-start=\"927\" data-end=\"961\">Zapi\u0119cie na zamek b\u0142yskawiczny<\/strong> \u2013 szybka i wygodna zmiana po\u015bcieli.<\/p>\n<\/li>\n<li data-start=\"1000\" data-end=\"1102\">\n<p data-start=\"1002\" data-end=\"1102\"><strong data-start=\"1002\" data-end=\"1030\">Odporno\u015b\u0107 na zagniecenia<\/strong> \u2013 nie wymaga prasowania, szybko schnie i zachowuje estetyczny wygl\u0105d.<\/p>\n<\/li>\n<li data-start=\"1103\" data-end=\"1206\">\n<p data-start=\"1105\" data-end=\"1206\"><strong data-start=\"1105\" data-end=\"1152\">W\u0142a\u015bciwo\u015bci antyalergiczne i antybakteryjne<\/strong> \u2013 ogranicza rozw\u00f3j roztoczy i sprzyja zdrowemu snu.<\/p>\n<\/li>\n<li data-start=\"1207\" data-end=\"1294\">\n<p data-start=\"1209\" data-end=\"1294\"><strong data-start=\"1209\" data-end=\"1246\">Certyfikat OEKO-TEX\u00ae Standard 100<\/strong> \u2013 bezpiecze\u0144stwo i brak szkodliwych substancji.<\/p>\n<\/li>\n<\/ul>\n","protected":false},"excerpt":{"rendered":"<p>Po\u015bciel adamaszek 200&#215;220 cm jasnoszara zestaw z 2 poszewkami ADAM Dodaj swojej sypialni odrobin\u0119 klasy i luksusu dzi\u0119ki eleganckiej po\u015bcieli adamaszkowej w kolorze jasnoszarym. Subtelny, pasowy wz\u00f3r oraz dekoracyjna lam\u00f3wka tworz\u0105 ponadczasow\u0105 ca\u0142o\u015b\u0107, kt\u00f3ra doskonale wpisuje si\u0119 zar\u00f3wno w nowoczesne, jak i klasyczne wn\u0119trza. Zalety produktu Wysokiej jako\u015bci mikrow\u0142\u00f3kno \u2013 lekkie, oddychaj\u0105ce i wyj\u0105tkowo przyjemne w dotyku. Satynowy splot adamaszkowy \u2013 delikatny po\u0142ysk i elegancki, pionowy wz\u00f3r w pasy. Dekoracyjna lam\u00f3wka \u2013 staranne wyko\u0144czenie podkre\u015blaj\u0105ce luksusowy charakter po\u015bcieli. Zapi\u0119cie na zamek b\u0142yskawiczny \u2013 szybka i wygodna zmiana po\u015bcieli. Odporno\u015b\u0107 na zagniecenia \u2013 nie wymaga prasowania, szybko schnie i zachowuje estetyczny wygl\u0105d. W\u0142a\u015bciwo\u015bci antyalergiczne i antybakteryjne \u2013 ogranicza rozw\u00f3j roztoczy i sprzyja zdrowemu snu. Certyfikat OEKO-TEX\u00ae Standard 100 \u2013 bezpiecze\u0144stwo i brak szkodliwych substancji.<\/p>\n","protected":false},"featured_media":34985,"comment_status":"open","ping_status":"closed","template":"","meta":[],"product_brand":[],"product_cat":[606],"product_tag":[],"class_list":{"0":"post-34917","1":"product","2":"type-product","3":"status-publish","4":"has-post-thumbnail","6":"product_cat-posciel","8":"first","9":"instock","10":"taxable","11":"shipping-taxable","12":"purchasable","13":"product-type-simple"},"jetpack_sharing_enabled":true,"_links":{"self":[{"href":"https:\/\/nakarnisze.pl\/index.php\/wp-json\/wp\/v2\/product\/34917","targetHints":{"allow":["GET"]}}],"collection":[{"href":"https:\/\/nakarnisze.pl\/index.php\/wp-json\/wp\/v2\/product"}],"about":[{"href":"https:\/\/nakarnisze.pl\/index.php\/wp-json\/wp\/v2\/types\/product"}],"replies":[{"embeddable":true,"href":"https:\/\/nakarnisze.pl\/index.php\/wp-json\/wp\/v2\/comments?post=34917"}],"version-history":[{"count":1,"href":"https:\/\/nakarnisze.pl\/index.php\/wp-json\/wp\/v2\/product\/34917\/revisions"}],"predecessor-version":[{"id":34986,"href":"https:\/\/nakarnisze.pl\/index.php\/wp-json\/wp\/v2\/product\/34917\/revisions\/34986"}],"wp:featuredmedia":[{"embeddable":true,"href":"https:\/\/nakarnisze.pl\/index.php\/wp-json\/wp\/v2\/media\/34985"}],"wp:attachment":[{"href":"https:\/\/nakarnisze.pl\/index.php\/wp-json\/wp\/v2\/media?parent=34917"}],"wp:term":[{"taxonomy":"product_brand","embeddable":true,"href":"https:\/\/nakarnisze.pl\/index.php\/wp-json\/wp\/v2\/product_brand?post=34917"},{"taxonomy":"product_cat","embeddable":true,"href":"https:\/\/nakarnisze.pl\/index.php\/wp-json\/wp\/v2\/product_cat?post=34917"},{"taxonomy":"product_tag","embeddable":true,"href":"https:\/\/nakarnisze.pl\/index.php\/wp-json\/wp\/v2\/product_tag?post=34917"}],"curies":[{"name":"wp","href":"https:\/\/api.w.org\/{rel}","templated":true}]}}