{"id":34920,"date":"2026-02-09T16:54:59","date_gmt":"2026-02-09T14:54:59","guid":{"rendered":"https:\/\/nakarnisze.pl\/?post_type=product&#038;p=34920"},"modified":"2026-02-09T16:56:41","modified_gmt":"2026-02-09T14:56:41","slug":"narzuta-na-lozko-200x220-cm-jasnoszara-pikowana-dwustronna-mila","status":"publish","type":"product","link":"https:\/\/nakarnisze.pl\/index.php\/narzuta-na-lozko-200x220-cm-jasnoszara-pikowana-dwustronna-mila\/","title":{"rendered":"Narzuta na \u0142\u00f3\u017cko 200&#215;220 cm jasnoszara pikowana dwustronna MILA"},"content":{"rendered":"<h1>Narzuta na \u0142\u00f3\u017cko 200&#215;220 cm jasnoszara pikowana dwustronna MILA<\/h1>\n<p>Stw\u00f3rz w sypialni harmonijn\u0105 i przytuln\u0105 przestrze\u0144 dzi\u0119ki pikowanej, dwustronnej narzucie z mikrofibry. G\u0142adka, matowa tkanina w po\u0142\u0105czeniu z delikatnym pikowaniem i estetyczn\u0105 lam\u00f3wk\u0105 nadaje wn\u0119trzu spokojny, uporz\u0105dkowany charakter sprzyjaj\u0105cy wypoczynkowi.<\/p>\n<p data-start=\"532\" data-end=\"555\"><strong data-start=\"536\" data-end=\"555\">Zalety produktu<\/strong><\/p>\n<ul data-start=\"556\" data-end=\"1199\">\n<li data-start=\"556\" data-end=\"654\">\n<p data-start=\"558\" data-end=\"654\"><strong data-start=\"558\" data-end=\"580\">Pikowana struktura<\/strong> \u2013 wzmacnia trwa\u0142o\u015b\u0107 narzuty i nadaje jej elegancki, dekoracyjny wygl\u0105d.<\/p>\n<\/li>\n<li data-start=\"655\" data-end=\"744\">\n<p data-start=\"657\" data-end=\"744\"><strong data-start=\"657\" data-end=\"683\">Dwustronne wyko\u0144czenie<\/strong> \u2013 mo\u017cliwo\u015b\u0107 szybkiej zmiany aran\u017cacji bez wymiany narzuty.<\/p>\n<\/li>\n<li data-start=\"745\" data-end=\"855\">\n<p data-start=\"747\" data-end=\"855\"><strong data-start=\"747\" data-end=\"766\">100% mikrofibra<\/strong> \u2013 mi\u0119kka, lekka i przyjemna w dotyku, a jednocze\u015bnie odporna na codzienne u\u017cytkowanie.<\/p>\n<\/li>\n<li data-start=\"856\" data-end=\"949\">\n<p data-start=\"858\" data-end=\"949\"><strong data-start=\"858\" data-end=\"889\">Matowa, g\u0142adka powierzchnia<\/strong> \u2013 doskonale wpisuje si\u0119 w nowoczesne i klasyczne wn\u0119trza.<\/p>\n<\/li>\n<li data-start=\"950\" data-end=\"1037\">\n<p data-start=\"952\" data-end=\"1037\"><strong data-start=\"952\" data-end=\"974\">Estetyczna lam\u00f3wka<\/strong> \u2013 podkre\u015bla staranne wyko\u0144czenie i dodaje ca\u0142o\u015bci elegancji.<\/p>\n<\/li>\n<li data-start=\"1038\" data-end=\"1130\">\n<p data-start=\"1040\" data-end=\"1130\"><strong data-start=\"1040\" data-end=\"1063\">\u0141atwa w piel\u0119gnacji<\/strong> \u2013 wygodna w utrzymaniu czysto\u015bci, idealna do codziennego u\u017cytku.<\/p>\n<\/li>\n<li data-start=\"1131\" data-end=\"1199\">\n<p data-start=\"1133\" data-end=\"1199\"><strong data-start=\"1133\" data-end=\"1155\">Idealna na prezent<\/strong> \u2013 praktyczny i uniwersalny dodatek do domu.<\/p>\n<\/li>\n<\/ul>\n<p data-start=\"1236\" data-end=\"1372\">Narzuta \u015bwietnie sprawdzi si\u0119 w sypialniach urz\u0105dzonych w stylu <strong data-start=\"1300\" data-end=\"1314\">klasycznym<\/strong>, <strong data-start=\"1316\" data-end=\"1331\">nowoczesnym<\/strong>, <strong data-start=\"1333\" data-end=\"1350\">skandynawskim<\/strong> oraz <strong data-start=\"1356\" data-end=\"1369\">hotelowym<\/strong>.<\/p>\n<ul data-start=\"1373\" data-end=\"1605\">\n<li data-start=\"1373\" data-end=\"1428\">\n<p data-start=\"1375\" data-end=\"1428\">U\u0142o\u017cona na \u0142\u00f3\u017cku wprowadza \u0142ad i wizualn\u0105 harmoni\u0119.<\/p>\n<\/li>\n<li data-start=\"1429\" data-end=\"1525\">\n<p data-start=\"1431\" data-end=\"1525\">Doskonale komponuje si\u0119 z g\u0142adk\u0105 po\u015bciel\u0105, dekoracyjnymi poduszkami i naturalnymi tkaninami.<\/p>\n<\/li>\n<li data-start=\"1526\" data-end=\"1605\">\n<p data-start=\"1528\" data-end=\"1605\">Dzi\u0119ki neutralnej formie stanowi doskona\u0142\u0105 baz\u0119 do sezonowych zmian dodatk\u00f3w.<\/p>\n<\/li>\n<\/ul>\n","protected":false},"excerpt":{"rendered":"<p>Narzuta na \u0142\u00f3\u017cko 200&#215;220 cm jasnoszara pikowana dwustronna MILA Stw\u00f3rz w sypialni harmonijn\u0105 i przytuln\u0105 przestrze\u0144 dzi\u0119ki pikowanej, dwustronnej narzucie z mikrofibry. G\u0142adka, matowa tkanina w po\u0142\u0105czeniu z delikatnym pikowaniem i estetyczn\u0105 lam\u00f3wk\u0105 nadaje wn\u0119trzu spokojny, uporz\u0105dkowany charakter sprzyjaj\u0105cy wypoczynkowi. Zalety produktu Pikowana struktura \u2013 wzmacnia trwa\u0142o\u015b\u0107 narzuty i nadaje jej elegancki, dekoracyjny wygl\u0105d. Dwustronne wyko\u0144czenie \u2013 mo\u017cliwo\u015b\u0107 szybkiej zmiany aran\u017cacji bez wymiany narzuty. 100% mikrofibra \u2013 mi\u0119kka, lekka i przyjemna w dotyku, a jednocze\u015bnie odporna na codzienne u\u017cytkowanie. Matowa, g\u0142adka powierzchnia \u2013 doskonale wpisuje si\u0119 w nowoczesne i klasyczne wn\u0119trza. Estetyczna lam\u00f3wka \u2013 podkre\u015bla staranne wyko\u0144czenie i dodaje ca\u0142o\u015bci elegancji. \u0141atwa w piel\u0119gnacji \u2013 wygodna w utrzymaniu czysto\u015bci, idealna do codziennego u\u017cytku. Idealna na prezent \u2013 praktyczny i uniwersalny dodatek do domu. Narzuta \u015bwietnie sprawdzi si\u0119 w sypialniach urz\u0105dzonych w stylu klasycznym, nowoczesnym, skandynawskim oraz hotelowym. U\u0142o\u017cona na \u0142\u00f3\u017cku wprowadza \u0142ad i wizualn\u0105 harmoni\u0119. Doskonale komponuje si\u0119 z g\u0142adk\u0105 po\u015bciel\u0105, dekoracyjnymi poduszkami i naturalnymi tkaninami. Dzi\u0119ki neutralnej formie stanowi doskona\u0142\u0105 baz\u0119 do sezonowych zmian dodatk\u00f3w.<\/p>\n","protected":false},"featured_media":35006,"comment_status":"open","ping_status":"closed","template":"","meta":[],"product_brand":[],"product_cat":[611],"product_tag":[],"class_list":{"0":"post-34920","1":"product","2":"type-product","3":"status-publish","4":"has-post-thumbnail","6":"product_cat-narzuty","8":"first","9":"instock","10":"taxable","11":"shipping-taxable","12":"purchasable","13":"product-type-simple"},"jetpack_sharing_enabled":true,"_links":{"self":[{"href":"https:\/\/nakarnisze.pl\/index.php\/wp-json\/wp\/v2\/product\/34920","targetHints":{"allow":["GET"]}}],"collection":[{"href":"https:\/\/nakarnisze.pl\/index.php\/wp-json\/wp\/v2\/product"}],"about":[{"href":"https:\/\/nakarnisze.pl\/index.php\/wp-json\/wp\/v2\/types\/product"}],"replies":[{"embeddable":true,"href":"https:\/\/nakarnisze.pl\/index.php\/wp-json\/wp\/v2\/comments?post=34920"}],"version-history":[{"count":1,"href":"https:\/\/nakarnisze.pl\/index.php\/wp-json\/wp\/v2\/product\/34920\/revisions"}],"predecessor-version":[{"id":35007,"href":"https:\/\/nakarnisze.pl\/index.php\/wp-json\/wp\/v2\/product\/34920\/revisions\/35007"}],"wp:featuredmedia":[{"embeddable":true,"href":"https:\/\/nakarnisze.pl\/index.php\/wp-json\/wp\/v2\/media\/35006"}],"wp:attachment":[{"href":"https:\/\/nakarnisze.pl\/index.php\/wp-json\/wp\/v2\/media?parent=34920"}],"wp:term":[{"taxonomy":"product_brand","embeddable":true,"href":"https:\/\/nakarnisze.pl\/index.php\/wp-json\/wp\/v2\/product_brand?post=34920"},{"taxonomy":"product_cat","embeddable":true,"href":"https:\/\/nakarnisze.pl\/index.php\/wp-json\/wp\/v2\/product_cat?post=34920"},{"taxonomy":"product_tag","embeddable":true,"href":"https:\/\/nakarnisze.pl\/index.php\/wp-json\/wp\/v2\/product_tag?post=34920"}],"curies":[{"name":"wp","href":"https:\/\/api.w.org\/{rel}","templated":true}]}}